{"id":11961,"date":"2018-01-12T13:51:08","date_gmt":"2018-01-12T12:51:08","guid":{"rendered":"http:\/\/itw.aktivcomm-server.de\/?page_id=11961"},"modified":"2023-08-16T14:47:06","modified_gmt":"2023-08-16T12:47:06","slug":"unsere_werte","status":"publish","type":"page","link":"https:\/\/www.itw-fasteners.com\/de\/unsere_werte\/","title":{"rendered":"Unsere Werte"},"content":{"rendered":"<p><div class=\"fusion-fullwidth fullwidth-box fusion-builder-row-1 nonhundred-percent-fullwidth non-hundred-percent-height-scrolling\" style=\"--awb-border-radius-top-left:0px;--awb-border-radius-top-right:0px;--awb-border-radius-bottom-right:0px;--awb-border-radius-bottom-left:0px;--awb-flex-wrap:wrap;\" ><div class=\"fusion-builder-row fusion-row\"><div class=\"fusion-layout-column fusion_builder_column fusion-builder-column-0 fusion_builder_column_1_1 1_1 fusion-one-full fusion-column-first fusion-column-last\" style=\"--awb-bg-size:cover;\"><div class=\"fusion-column-wrapper fusion-flex-column-wrapper-legacy\"><div class=\"fusion-text fusion-text-1\"><h1>Unsere Werte<\/h1>\n<\/div><div class=\"fusion-clearfix\"><\/div><\/div><\/div><\/div><\/div><div class=\"fusion-fullwidth fullwidth-box fusion-builder-row-2 nonhundred-percent-fullwidth non-hundred-percent-height-scrolling\" style=\"--awb-border-radius-top-left:0px;--awb-border-radius-top-right:0px;--awb-border-radius-bottom-right:0px;--awb-border-radius-bottom-left:0px;--awb-flex-wrap:wrap;\" ><div class=\"fusion-builder-row fusion-row\"><div class=\"fusion-layout-column fusion_builder_column fusion-builder-column-1 fusion_builder_column_1_1 1_1 fusion-one-full fusion-column-first fusion-column-last\" style=\"--awb-bg-size:cover;\"><div class=\"fusion-column-wrapper fusion-flex-column-wrapper-legacy\"><div class=\"fusion-title title fusion-title-1 fusion-sep-none fusion-title-text fusion-title-size-three\" style=\"--awb-margin-bottom:10px;--awb-margin-top-small:0px;--awb-margin-right-small:0px;--awb-margin-bottom-small:20px;--awb-margin-left-small:0px;\"><h3 class=\"fusion-title-heading title-heading-left fusion-responsive-typography-calculated\" style=\"margin:0;--fontSize:18;--minFontSize:18;line-height:1.75;\"><h2 style=\"text-align: left;\"><b>&#8211; EINFACHHEIT &#8211;<\/b><\/h2><\/h3><\/div><div class=\"fusion-text fusion-text-2\"><h3>Wir konzentrieren uns stets auf den Kern jeder gesch\u00e4ftlichen Chance: Mit \u201e80\/20\u201c als zentraler Philosophie bringen wir Einfachheit in unser Denken, unsere Prozesse, Systeme und Strukturen \u2013 klein, fokussiert, flexibel.<\/h3>\n<\/div><div class=\"fusion-image-element in-legacy-container\" style=\"--awb-caption-title-font-family:var(--h2_typography-font-family);--awb-caption-title-font-weight:var(--h2_typography-font-weight);--awb-caption-title-font-style:var(--h2_typography-font-style);--awb-caption-title-size:var(--h2_typography-font-size);--awb-caption-title-transform:var(--h2_typography-text-transform);--awb-caption-title-line-height:var(--h2_typography-line-height);--awb-caption-title-letter-spacing:var(--h2_typography-letter-spacing);\"><span class=\" fusion-imageframe imageframe-none imageframe-1 hover-type-none\"><img decoding=\"async\" width=\"1024\" height=\"682\" title=\"Einfachheit\" src=\"https:\/\/www.itw-fasteners.com\/wp-content\/uploads\/2023\/08\/Einfachheit-1-1024x682.jpg\" alt class=\"img-responsive wp-image-24467\" srcset=\"https:\/\/www.itw-fasteners.com\/wp-content\/uploads\/2023\/08\/Einfachheit-1-200x133.jpg 200w, https:\/\/www.itw-fasteners.com\/wp-content\/uploads\/2023\/08\/Einfachheit-1-400x266.jpg 400w, https:\/\/www.itw-fasteners.com\/wp-content\/uploads\/2023\/08\/Einfachheit-1-600x400.jpg 600w, https:\/\/www.itw-fasteners.com\/wp-content\/uploads\/2023\/08\/Einfachheit-1-800x533.jpg 800w, https:\/\/www.itw-fasteners.com\/wp-content\/uploads\/2023\/08\/Einfachheit-1-1200x799.jpg 1200w\" sizes=\"(max-width: 800px) 100vw, 1200px\" \/><\/span><\/div><div class=\"fusion-sep-clear\"><\/div><div class=\"fusion-separator fusion-full-width-sep\" style=\"margin-left: auto;margin-right: auto;margin-top:30px;margin-bottom:30px;width:100%;\"><\/div><div class=\"fusion-sep-clear\"><\/div><div class=\"fusion-title title fusion-title-2 fusion-sep-none fusion-title-text fusion-title-size-three\" style=\"--awb-margin-bottom:10px;--awb-margin-top-small:0px;--awb-margin-right-small:0px;--awb-margin-bottom-small:20px;--awb-margin-left-small:0px;\"><h3 class=\"fusion-title-heading title-heading-left fusion-responsive-typography-calculated\" style=\"margin:0;--fontSize:18;--minFontSize:18;line-height:1.75;\"><h2 style=\"text-align: left;\"><b>&#8211; GETEILTES RISIKO &#8211;<\/b><\/h2><\/h3><\/div><div class=\"fusion-text fusion-text-3\"><h3>Als innovationsgetriebenes Unternehmen wissen wir, dass man durch \u201etrial and error\u201c st\u00e4rker werden kann \u2013 vielleicht sogar auf die n\u00e4chste gro\u00dfe Idee st\u00f6\u00dft. Daher arbeiten wir im Team und tragen Risiken gemeinsam.<\/h3>\n<\/div><div class=\"fusion-image-element in-legacy-container\" style=\"--awb-caption-title-font-family:var(--h2_typography-font-family);--awb-caption-title-font-weight:var(--h2_typography-font-weight);--awb-caption-title-font-style:var(--h2_typography-font-style);--awb-caption-title-size:var(--h2_typography-font-size);--awb-caption-title-transform:var(--h2_typography-text-transform);--awb-caption-title-line-height:var(--h2_typography-line-height);--awb-caption-title-letter-spacing:var(--h2_typography-letter-spacing);\"><span class=\" fusion-imageframe imageframe-none imageframe-2 hover-type-none\"><img decoding=\"async\" width=\"1024\" height=\"682\" title=\"Shared Risk\" src=\"https:\/\/www.itw-fasteners.com\/wp-content\/uploads\/2023\/08\/Shared-Risk-1024x682.jpg\" alt class=\"img-responsive wp-image-24462\" srcset=\"https:\/\/www.itw-fasteners.com\/wp-content\/uploads\/2023\/08\/Shared-Risk-200x133.jpg 200w, https:\/\/www.itw-fasteners.com\/wp-content\/uploads\/2023\/08\/Shared-Risk-400x266.jpg 400w, https:\/\/www.itw-fasteners.com\/wp-content\/uploads\/2023\/08\/Shared-Risk-600x400.jpg 600w, https:\/\/www.itw-fasteners.com\/wp-content\/uploads\/2023\/08\/Shared-Risk-800x533.jpg 800w, https:\/\/www.itw-fasteners.com\/wp-content\/uploads\/2023\/08\/Shared-Risk-1200x799.jpg 1200w\" sizes=\"(max-width: 800px) 100vw, 1200px\" \/><\/span><\/div><div class=\"fusion-sep-clear\"><\/div><div class=\"fusion-separator fusion-full-width-sep\" style=\"margin-left: auto;margin-right: auto;margin-top:30px;margin-bottom:30px;width:100%;\"><\/div><div class=\"fusion-sep-clear\"><\/div><div class=\"fusion-title title fusion-title-3 fusion-sep-none fusion-title-text fusion-title-size-three\" style=\"--awb-margin-bottom:10px;--awb-margin-top-small:0px;--awb-margin-right-small:0px;--awb-margin-bottom-small:20px;--awb-margin-left-small:0px;\"><h3 class=\"fusion-title-heading title-heading-left fusion-responsive-typography-calculated\" style=\"margin:0;--fontSize:18;--minFontSize:18;line-height:1.75;\"><h2 style=\"text-align: left;\"><b>&#8211; INTEGRIT\u00c4T &#8211;<\/b><\/h2><\/h3><\/div><div class=\"fusion-text fusion-text-4\"><h3 style=\"text-align: left;\">Trotz vieler Marken und Standorte: Unsere Zulieferer und Kunden werden bei ITW immer gleich bedient \u2013 ehrlich und transparent; von einem Unternehmen, das stets bestrebt ist, das Richtige zu tun.<\/h3>\n<\/div><div class=\"fusion-image-element in-legacy-container\" style=\"--awb-caption-title-font-family:var(--h2_typography-font-family);--awb-caption-title-font-weight:var(--h2_typography-font-weight);--awb-caption-title-font-style:var(--h2_typography-font-style);--awb-caption-title-size:var(--h2_typography-font-size);--awb-caption-title-transform:var(--h2_typography-text-transform);--awb-caption-title-line-height:var(--h2_typography-line-height);--awb-caption-title-letter-spacing:var(--h2_typography-letter-spacing);\"><span class=\" fusion-imageframe imageframe-none imageframe-3 hover-type-none\"><img decoding=\"async\" width=\"1024\" height=\"682\" title=\"Integrity\" src=\"https:\/\/www.itw-fasteners.com\/wp-content\/uploads\/2023\/08\/Integrity-1024x682.jpg\" alt class=\"img-responsive wp-image-24447\" srcset=\"https:\/\/www.itw-fasteners.com\/wp-content\/uploads\/2023\/08\/Integrity-200x133.jpg 200w, https:\/\/www.itw-fasteners.com\/wp-content\/uploads\/2023\/08\/Integrity-400x266.jpg 400w, https:\/\/www.itw-fasteners.com\/wp-content\/uploads\/2023\/08\/Integrity-600x400.jpg 600w, https:\/\/www.itw-fasteners.com\/wp-content\/uploads\/2023\/08\/Integrity-800x533.jpg 800w, https:\/\/www.itw-fasteners.com\/wp-content\/uploads\/2023\/08\/Integrity-1200x799.jpg 1200w\" sizes=\"(max-width: 800px) 100vw, 1200px\" \/><\/span><\/div><div class=\"fusion-sep-clear\"><\/div><div class=\"fusion-separator fusion-full-width-sep\" style=\"margin-left: auto;margin-right: auto;margin-top:30px;margin-bottom:30px;width:100%;\"><\/div><div class=\"fusion-sep-clear\"><\/div><div class=\"fusion-title title fusion-title-4 fusion-sep-none fusion-title-text fusion-title-size-three\" style=\"--awb-margin-bottom:10px;--awb-margin-top-small:0px;--awb-margin-right-small:0px;--awb-margin-bottom-small:20px;--awb-margin-left-small:0px;\"><h3 class=\"fusion-title-heading title-heading-left fusion-responsive-typography-calculated\" style=\"margin:0;--fontSize:18;--minFontSize:18;line-height:1.75;\"><h2 style=\"text-align: left;\"><b>&#8211; RESPEKT &#8211;<\/b><\/h2><\/h3><\/div><div class=\"fusion-text fusion-text-5\"><h3>Unsere qualifizierten Mitarbeiter kommen aus den verschiedensten Kulturen \u2013 diese Vielfalt respektiert ITW auf allen Ebenen des Unternehmens und f\u00f6rdert damit ein offenes Klima, in dem Innovationen entstehen.<\/h3>\n<\/div><div class=\"fusion-image-element in-legacy-container\" style=\"--awb-caption-title-font-family:var(--h2_typography-font-family);--awb-caption-title-font-weight:var(--h2_typography-font-weight);--awb-caption-title-font-style:var(--h2_typography-font-style);--awb-caption-title-size:var(--h2_typography-font-size);--awb-caption-title-transform:var(--h2_typography-text-transform);--awb-caption-title-line-height:var(--h2_typography-line-height);--awb-caption-title-letter-spacing:var(--h2_typography-letter-spacing);\"><span class=\" fusion-imageframe imageframe-none imageframe-4 hover-type-none\"><img decoding=\"async\" width=\"1024\" height=\"682\" title=\"Respect\" src=\"https:\/\/www.itw-fasteners.com\/wp-content\/uploads\/2023\/08\/Respect-1024x682.jpg\" alt class=\"img-responsive wp-image-24452\" srcset=\"https:\/\/www.itw-fasteners.com\/wp-content\/uploads\/2023\/08\/Respect-200x133.jpg 200w, https:\/\/www.itw-fasteners.com\/wp-content\/uploads\/2023\/08\/Respect-400x266.jpg 400w, https:\/\/www.itw-fasteners.com\/wp-content\/uploads\/2023\/08\/Respect-600x400.jpg 600w, https:\/\/www.itw-fasteners.com\/wp-content\/uploads\/2023\/08\/Respect-800x533.jpg 800w, https:\/\/www.itw-fasteners.com\/wp-content\/uploads\/2023\/08\/Respect-1200x799.jpg 1200w\" sizes=\"(max-width: 800px) 100vw, 1200px\" \/><\/span><\/div><div class=\"fusion-sep-clear\"><\/div><div class=\"fusion-separator fusion-full-width-sep\" style=\"margin-left: auto;margin-right: auto;margin-top:30px;margin-bottom:30px;width:100%;\"><\/div><div class=\"fusion-sep-clear\"><\/div><div class=\"fusion-title title fusion-title-5 fusion-sep-none fusion-title-text fusion-title-size-three\" style=\"--awb-margin-bottom:10px;--awb-margin-top-small:0px;--awb-margin-right-small:0px;--awb-margin-bottom-small:20px;--awb-margin-left-small:0px;\"><h3 class=\"fusion-title-heading title-heading-left fusion-responsive-typography-calculated\" style=\"margin:0;--fontSize:18;--minFontSize:18;line-height:1.75;\"><h2 style=\"text-align: left;\"><b>&#8211; VERTRAUEN &#8211;<\/b><\/h2><\/h3><\/div><div class=\"fusion-text fusion-text-6\"><h3 style=\"text-align: left;\">Wir vertrauen darauf, dass s\u00e4mtliche ITW-Kolleginnen und -Kollegen zu jeder Zeit und mit h\u00f6chsten professionellen Standards sowie stets im besten Sinne f\u00fcr das Unternehmen aktiv sind.<\/h3>\n<\/div><div class=\"fusion-image-element in-legacy-container\" style=\"--awb-caption-title-font-family:var(--h2_typography-font-family);--awb-caption-title-font-weight:var(--h2_typography-font-weight);--awb-caption-title-font-style:var(--h2_typography-font-style);--awb-caption-title-size:var(--h2_typography-font-size);--awb-caption-title-transform:var(--h2_typography-text-transform);--awb-caption-title-line-height:var(--h2_typography-line-height);--awb-caption-title-letter-spacing:var(--h2_typography-letter-spacing);\"><span class=\" fusion-imageframe imageframe-none imageframe-5 hover-type-none\"><img decoding=\"async\" width=\"1024\" height=\"682\" title=\"Trust\" src=\"https:\/\/www.itw-fasteners.com\/wp-content\/uploads\/2023\/08\/Trust-1024x682.jpg\" alt class=\"img-responsive wp-image-24457\" srcset=\"https:\/\/www.itw-fasteners.com\/wp-content\/uploads\/2023\/08\/Trust-200x133.jpg 200w, https:\/\/www.itw-fasteners.com\/wp-content\/uploads\/2023\/08\/Trust-400x266.jpg 400w, https:\/\/www.itw-fasteners.com\/wp-content\/uploads\/2023\/08\/Trust-600x400.jpg 600w, https:\/\/www.itw-fasteners.com\/wp-content\/uploads\/2023\/08\/Trust-800x533.jpg 800w, https:\/\/www.itw-fasteners.com\/wp-content\/uploads\/2023\/08\/Trust-1200x799.jpg 1200w\" sizes=\"(max-width: 800px) 100vw, 1200px\" \/><\/span><\/div><div class=\"fusion-sep-clear\"><\/div><div class=\"fusion-separator fusion-full-width-sep\" style=\"margin-left: auto;margin-right: auto;margin-top:30px;margin-bottom:30px;width:100%;\"><\/div><div class=\"fusion-sep-clear\"><\/div><div class=\"fusion-clearfix\"><\/div><\/div><\/div><\/div><\/div><\/p>\n","protected":false},"excerpt":{"rendered":"","protected":false},"author":1,"featured_media":0,"parent":0,"menu_order":0,"comment_status":"closed","ping_status":"closed","template":"100-width.php","meta":{"footnotes":""},"class_list":["post-11961","page","type-page","status-publish","hentry"],"yoast_head":"<!-- This site is optimized with the Yoast SEO plugin v27.3 - https:\/\/yoast.com\/product\/yoast-seo-wordpress\/ -->\n<title>Unsere Werte - ITW<\/title>\n<meta name=\"robots\" content=\"index, follow, max-snippet:-1, max-image-preview:large, max-video-preview:-1\" \/>\n<link rel=\"canonical\" href=\"https:\/\/www.itw-fasteners.com\/de\/unsere_werte\/\" \/>\n<meta property=\"og:locale\" content=\"de_DE\" \/>\n<meta property=\"og:type\" content=\"article\" \/>\n<meta property=\"og:title\" content=\"Unsere Werte - ITW\" \/>\n<meta property=\"og:url\" content=\"https:\/\/www.itw-fasteners.com\/de\/unsere_werte\/\" \/>\n<meta property=\"og:site_name\" content=\"ITW\" \/>\n<meta property=\"article:modified_time\" content=\"2023-08-16T12:47:06+00:00\" \/>\n<meta name=\"twitter:card\" content=\"summary_large_image\" \/>\n<meta name=\"twitter:label1\" content=\"Gesch\u00e4tzte Lesezeit\" \/>\n\t<meta name=\"twitter:data1\" content=\"11\u00a0Minuten\" \/>\n<script type=\"application\/ld+json\" class=\"yoast-schema-graph\">{\"@context\":\"https:\\\/\\\/schema.org\",\"@graph\":[{\"@type\":\"WebPage\",\"@id\":\"https:\\\/\\\/www.itw-fasteners.com\\\/de\\\/unsere_werte\\\/\",\"url\":\"https:\\\/\\\/www.itw-fasteners.com\\\/de\\\/unsere_werte\\\/\",\"name\":\"Unsere Werte - ITW\",\"isPartOf\":{\"@id\":\"https:\\\/\\\/www.itw-fasteners.com\\\/de\\\/#website\"},\"datePublished\":\"2018-01-12T12:51:08+00:00\",\"dateModified\":\"2023-08-16T12:47:06+00:00\",\"breadcrumb\":{\"@id\":\"https:\\\/\\\/www.itw-fasteners.com\\\/de\\\/unsere_werte\\\/#breadcrumb\"},\"inLanguage\":\"de\",\"potentialAction\":[{\"@type\":\"ReadAction\",\"target\":[\"https:\\\/\\\/www.itw-fasteners.com\\\/de\\\/unsere_werte\\\/\"]}]},{\"@type\":\"BreadcrumbList\",\"@id\":\"https:\\\/\\\/www.itw-fasteners.com\\\/de\\\/unsere_werte\\\/#breadcrumb\",\"itemListElement\":[{\"@type\":\"ListItem\",\"position\":1,\"name\":\"Home\",\"item\":\"https:\\\/\\\/www.itw-fasteners.com\\\/de\\\/\"},{\"@type\":\"ListItem\",\"position\":2,\"name\":\"Unsere Werte\"}]},{\"@type\":\"WebSite\",\"@id\":\"https:\\\/\\\/www.itw-fasteners.com\\\/de\\\/#website\",\"url\":\"https:\\\/\\\/www.itw-fasteners.com\\\/de\\\/\",\"name\":\"ITW Fasteners\",\"description\":\"\",\"publisher\":{\"@id\":\"https:\\\/\\\/www.itw-fasteners.com\\\/de\\\/#organization\"},\"potentialAction\":[{\"@type\":\"SearchAction\",\"target\":{\"@type\":\"EntryPoint\",\"urlTemplate\":\"https:\\\/\\\/www.itw-fasteners.com\\\/de\\\/?s={search_term_string}\"},\"query-input\":{\"@type\":\"PropertyValueSpecification\",\"valueRequired\":true,\"valueName\":\"search_term_string\"}}],\"inLanguage\":\"de\"},{\"@type\":\"Organization\",\"@id\":\"https:\\\/\\\/www.itw-fasteners.com\\\/de\\\/#organization\",\"name\":\"ITW Fasteners\",\"url\":\"https:\\\/\\\/www.itw-fasteners.com\\\/de\\\/\",\"logo\":{\"@type\":\"ImageObject\",\"inLanguage\":\"de\",\"@id\":\"https:\\\/\\\/www.itw-fasteners.com\\\/de\\\/#\\\/schema\\\/logo\\\/image\\\/\",\"url\":\"https:\\\/\\\/www.itw-fasteners.com\\\/wp-content\\\/uploads\\\/2022\\\/06\\\/ITW_Logo_GF_Maroon_CMYK.png\",\"contentUrl\":\"https:\\\/\\\/www.itw-fasteners.com\\\/wp-content\\\/uploads\\\/2022\\\/06\\\/ITW_Logo_GF_Maroon_CMYK.png\",\"width\":2132,\"height\":1057,\"caption\":\"ITW Fasteners\"},\"image\":{\"@id\":\"https:\\\/\\\/www.itw-fasteners.com\\\/de\\\/#\\\/schema\\\/logo\\\/image\\\/\"}}]}<\/script>\n<!-- \/ Yoast SEO plugin. -->","yoast_head_json":{"title":"Unsere Werte - ITW","robots":{"index":"index","follow":"follow","max-snippet":"max-snippet:-1","max-image-preview":"max-image-preview:large","max-video-preview":"max-video-preview:-1"},"canonical":"https:\/\/www.itw-fasteners.com\/de\/unsere_werte\/","og_locale":"de_DE","og_type":"article","og_title":"Unsere Werte - ITW","og_url":"https:\/\/www.itw-fasteners.com\/de\/unsere_werte\/","og_site_name":"ITW","article_modified_time":"2023-08-16T12:47:06+00:00","twitter_card":"summary_large_image","twitter_misc":{"Gesch\u00e4tzte Lesezeit":"11\u00a0Minuten"},"schema":{"@context":"https:\/\/schema.org","@graph":[{"@type":"WebPage","@id":"https:\/\/www.itw-fasteners.com\/de\/unsere_werte\/","url":"https:\/\/www.itw-fasteners.com\/de\/unsere_werte\/","name":"Unsere Werte - ITW","isPartOf":{"@id":"https:\/\/www.itw-fasteners.com\/de\/#website"},"datePublished":"2018-01-12T12:51:08+00:00","dateModified":"2023-08-16T12:47:06+00:00","breadcrumb":{"@id":"https:\/\/www.itw-fasteners.com\/de\/unsere_werte\/#breadcrumb"},"inLanguage":"de","potentialAction":[{"@type":"ReadAction","target":["https:\/\/www.itw-fasteners.com\/de\/unsere_werte\/"]}]},{"@type":"BreadcrumbList","@id":"https:\/\/www.itw-fasteners.com\/de\/unsere_werte\/#breadcrumb","itemListElement":[{"@type":"ListItem","position":1,"name":"Home","item":"https:\/\/www.itw-fasteners.com\/de\/"},{"@type":"ListItem","position":2,"name":"Unsere Werte"}]},{"@type":"WebSite","@id":"https:\/\/www.itw-fasteners.com\/de\/#website","url":"https:\/\/www.itw-fasteners.com\/de\/","name":"ITW Fasteners","description":"","publisher":{"@id":"https:\/\/www.itw-fasteners.com\/de\/#organization"},"potentialAction":[{"@type":"SearchAction","target":{"@type":"EntryPoint","urlTemplate":"https:\/\/www.itw-fasteners.com\/de\/?s={search_term_string}"},"query-input":{"@type":"PropertyValueSpecification","valueRequired":true,"valueName":"search_term_string"}}],"inLanguage":"de"},{"@type":"Organization","@id":"https:\/\/www.itw-fasteners.com\/de\/#organization","name":"ITW Fasteners","url":"https:\/\/www.itw-fasteners.com\/de\/","logo":{"@type":"ImageObject","inLanguage":"de","@id":"https:\/\/www.itw-fasteners.com\/de\/#\/schema\/logo\/image\/","url":"https:\/\/www.itw-fasteners.com\/wp-content\/uploads\/2022\/06\/ITW_Logo_GF_Maroon_CMYK.png","contentUrl":"https:\/\/www.itw-fasteners.com\/wp-content\/uploads\/2022\/06\/ITW_Logo_GF_Maroon_CMYK.png","width":2132,"height":1057,"caption":"ITW Fasteners"},"image":{"@id":"https:\/\/www.itw-fasteners.com\/de\/#\/schema\/logo\/image\/"}}]}},"_links":{"self":[{"href":"https:\/\/www.itw-fasteners.com\/de\/wp-json\/wp\/v2\/pages\/11961","targetHints":{"allow":["GET"]}}],"collection":[{"href":"https:\/\/www.itw-fasteners.com\/de\/wp-json\/wp\/v2\/pages"}],"about":[{"href":"https:\/\/www.itw-fasteners.com\/de\/wp-json\/wp\/v2\/types\/page"}],"author":[{"embeddable":true,"href":"https:\/\/www.itw-fasteners.com\/de\/wp-json\/wp\/v2\/users\/1"}],"replies":[{"embeddable":true,"href":"https:\/\/www.itw-fasteners.com\/de\/wp-json\/wp\/v2\/comments?post=11961"}],"version-history":[{"count":28,"href":"https:\/\/www.itw-fasteners.com\/de\/wp-json\/wp\/v2\/pages\/11961\/revisions"}],"predecessor-version":[{"id":24708,"href":"https:\/\/www.itw-fasteners.com\/de\/wp-json\/wp\/v2\/pages\/11961\/revisions\/24708"}],"wp:attachment":[{"href":"https:\/\/www.itw-fasteners.com\/de\/wp-json\/wp\/v2\/media?parent=11961"}],"curies":[{"name":"wp","href":"https:\/\/api.w.org\/{rel}","templated":true}]}}