{"id":13891,"date":"2018-07-10T18:00:19","date_gmt":"2018-07-10T16:00:19","guid":{"rendered":"http:\/\/itw.aktivcomm-server.de\/?page_id=13891"},"modified":"2024-02-13T11:51:46","modified_gmt":"2024-02-13T10:51:46","slug":"jobangebote","status":"publish","type":"page","link":"https:\/\/www.itw-fasteners.com\/de\/jobangebote\/","title":{"rendered":"Job Suche"},"content":{"rendered":"<div class=\"fusion-fullwidth fullwidth-box fusion-builder-row-1 nonhundred-percent-fullwidth non-hundred-percent-height-scrolling\" style=\"--awb-border-radius-top-left:0px;--awb-border-radius-top-right:0px;--awb-border-radius-bottom-right:0px;--awb-border-radius-bottom-left:0px;--awb-flex-wrap:wrap;\" ><div class=\"fusion-builder-row fusion-row\"><div class=\"fusion-layout-column fusion_builder_column fusion-builder-column-0 fusion_builder_column_1_1 1_1 fusion-one-full fusion-column-first fusion-column-last\" style=\"--awb-bg-size:cover;\"><div class=\"fusion-column-wrapper fusion-flex-column-wrapper-legacy\"><div class=\"fusion-text fusion-text-1\"><h1 style=\"color: #790f38;\"><strong>Aktuelle Stellenangebote bei ITW Global Fasteners<\/strong><\/h1>\n<h3>Ausgezeichnet! Wir freuen uns, dass Sie Teil unseres Teams werden m\u00f6chten. Denn wir sind fest davon \u00fcberzeugt, dass wir dann am besten sind, wenn wir die vielf\u00e4ltigen Perspektiven, Erfahrungen und Ideen der gr\u00f6\u00dften Talente weltweit zusammenbringen. Im Gegenzug bietet ITW Global Fasteners seinen Mitarbeiter:innen ein spannendes und herausforderndes Arbeitsumfeld. Mit interessanten Entwicklungschancen und attraktiven Leistungen. Finden Sie auf dieser Seite eine aktuelle \u00dcbersicht unserer Stellenangebote, passend zu Ihrem Profil.<\/h3>\n<\/div><div class=\"fusion-text fusion-text-2\"><h3><\/h3>\n<h3><\/h3>\n\n<table id=\"tablepress-3\" class=\"tablepress tablepress-id-3 tablepress-responsive tablepress-responsive-phone\">\n<thead>\n<tr class=\"row-1\">\n\t<th class=\"column-1\">Job<\/th><th class=\"column-2\">T\u00e4tigkeitsbereich<\/th><th class=\"column-3\">Standort<\/th><th class=\"column-4\">Land<\/th><th class=\"column-5\">Stellenbeschreibung<\/th>\n<\/tr>\n<\/thead>\n<tbody class=\"row-striping row-hover\">\n<tr class=\"row-2\">\n\t<td class=\"column-1\">Elektroniker:in \/ Mechatroniker:in (m\/w\/d)<\/td><td class=\"column-2\">Produktion<\/td><td class=\"column-3\">Creglingen<\/td><td class=\"column-4\">Deutschland<\/td><td class=\"column-5\"><a href=\"\/wp-content\/uploads\/2024\/10\/09_24_Elektroniker-Mechatroniker.pdf\" rel=\"noopener noreferrer\" target=\"_blank\">Download PDF<\/a><\/td>\n<\/tr>\n<tr class=\"row-3\">\n\t<td class=\"column-1\">Kunststoff- u. Kautschuktechnolog:in (m\/w\/d)<\/td><td class=\"column-2\">Produktion<\/td><td class=\"column-3\">Creglingen<\/td><td class=\"column-4\">Deutschland<\/td><td class=\"column-5\"><a href=\"\/wp-content\/uploads\/2025\/09\/ITW-Automotive-Job-Ad-2025-Einrichter.pdf\" rel=\"noopener noreferrer\" target=\"_blank\">Download PDF<\/a><\/td>\n<\/tr>\n<tr class=\"row-4\">\n\t<td class=\"column-1\">Produktionshelfer:in (m\/w\/d)<\/td><td class=\"column-2\">Produktion<\/td><td class=\"column-3\">Creglingen<\/td><td class=\"column-4\">Deutschland<\/td><td class=\"column-5\"><a href=\"\/wp-content\/uploads\/2025\/09\/ITW-Automotive-Job-Ad-2025-Produktionshelfer.pdf\" rel=\"noopener noreferrer\" target=\"_blank\">Download PDF<\/a><\/td>\n<\/tr>\n<tr class=\"row-5\">\n\t<td class=\"column-1\">Einrichter Spritzguss (m\/w\/d)<\/td><td class=\"column-2\">Produktion<\/td><td class=\"column-3\">Enkenbach-Alsenborn<\/td><td class=\"column-4\">Deutschland<\/td><td class=\"column-5\"><a href=\"\/wp-content\/uploads\/2026\/02\/ITW_Einrichter-Spritzguss\" rel=\"noopener noreferrer\" target=\"_blank\">Download PDF<\/a><\/td>\n<\/tr>\n<tr class=\"row-6\">\n\t<td class=\"column-1\">Project Administration Officer (m\/w\/d) - Teilzeit<\/td><td class=\"column-2\">Administration<\/td><td class=\"column-3\">Enkenbach-Alsenborn<\/td><td class=\"column-4\">Deutschland<\/td><td class=\"column-5\"><a href=\"\/wp-content\/uploads\/2026\/03\/ITW_Project-Administration-Officer-Teilzeit_202603.pdf\" rel=\"noopener noreferrer\" target=\"_blank\">Download PDF<\/a><\/td>\n<\/tr>\n<tr class=\"row-7\">\n\t<td class=\"column-1\">Project Administration Officer (m\/w\/d)<\/td><td class=\"column-2\">Administration<\/td><td class=\"column-3\">Enkenbach-Alsenborn<\/td><td class=\"column-4\">Deutschland<\/td><td class=\"column-5\"><a href=\"\/wp-content\/uploads\/2026\/04\/Project-Administration-Officer-BMW-extern.pdf\" rel=\"noopener noreferrer\" target=\"_blank\">Download PDF<\/a><\/td>\n<\/tr>\n<\/tbody>\n<\/table>\n<!-- #tablepress-3 from cache -->\n<h3><\/h3>\n<\/div><div class=\"fusion-sep-clear\"><\/div><div class=\"fusion-separator fusion-full-width-sep\" style=\"margin-left: auto;margin-right: auto;margin-bottom:70px;width:100%;\"><\/div><div class=\"fusion-sep-clear\"><\/div><div class=\"fusion-text fusion-text-3\"><h1>Ausbildung \/ Duales Studium<\/h1>\n<h3>Durchstarten in eine erfolgreiche Zukunft &#8211; mit einer Ausbildung bei ITW!<\/h3>\n<\/div><div class=\"fusion-text fusion-text-4\"><h3><\/h3>\n<h3><\/h3>\n\n<table id=\"tablepress-8\" class=\"tablepress tablepress-id-8 tablepress-responsive tablepress-responsive-phone\">\n<thead>\n<tr class=\"row-1\">\n\t<th class=\"column-1\">Ausbildungsberuf<\/th><th class=\"column-2\">T\u00e4tigkeitsbereich<\/th><th class=\"column-3\">Standort<\/th><th class=\"column-4\">Land<\/th><th class=\"column-5\">Stellenbeschreibung<\/th>\n<\/tr>\n<\/thead>\n<tbody class=\"row-striping row-hover\">\n<tr class=\"row-2\">\n\t<td class=\"column-1\">Fachkraft Lagerlogistik (m\/w\/d)<\/td><td class=\"column-2\">Logistik<\/td><td class=\"column-3\">Creglingen<\/td><td class=\"column-4\">Deutschland<\/td><td class=\"column-5\"><a href=\"\/wp-content\/uploads\/2023\/09\/Ausbildung-Fachkraft-fur-Lagerlogistik-2024-Creglingen.pdf\" rel=\"noopener noreferrer\" target=\"_blank\">Download PDF<\/a><\/td>\n<\/tr>\n<tr class=\"row-3\">\n\t<td class=\"column-1\">Kunststoff- und Kautschuktechnolog:in (m\/w\/d)<\/td><td class=\"column-2\">Technik\/Produktion<\/td><td class=\"column-3\">Creglingen<\/td><td class=\"column-4\">Deutschland<\/td><td class=\"column-5\"><a href=\"\/wp-content\/uploads\/2023\/09\/Ausbildung-Kunststoff-und-Kautschuktechnolog_in-2024-Creglingen.pdf\" rel=\"noopener noreferrer\" target=\"_blank\">Download PDF<\/a><\/td>\n<\/tr>\n<tr class=\"row-4\">\n\t<td class=\"column-1\">Mechatroniker:in (m\/w\/d)<\/td><td class=\"column-2\">Technik\/Produktion<\/td><td class=\"column-3\">Creglingen<\/td><td class=\"column-4\">Deutschland<br \/>\n<\/td><td class=\"column-5\"><a href=\"\/wp-content\/uploads\/2023\/09\/Ausbildung-Mechatroniker_in-2024-Creglingen.pdf\" rel=\"noopener noreferrer\" target=\"_blank\">Download PDF<\/a><\/td>\n<\/tr>\n<tr class=\"row-5\">\n\t<td class=\"column-1\">Werkzeugmechaniker:in (m\/w\/d)<\/td><td class=\"column-2\">Technik\/Produktion<\/td><td class=\"column-3\">Creglingen<\/td><td class=\"column-4\">Deutschland<\/td><td class=\"column-5\"><a href=\"\/wp-content\/uploads\/2023\/09\/Ausbildung-Werkzeugmechaniker_in-2024-Creglingen.pdf\" rel=\"noopener noreferrer\" target=\"_blank\">Download PDF<\/a><\/td>\n<\/tr>\n<tr class=\"row-6\">\n\t<td class=\"column-1\">Masterarbeit f\u00fcr Studierende (m\/w\/d), Entwicklung<\/td><td class=\"column-2\">Entwicklung<\/td><td class=\"column-3\">Creglingen<\/td><td class=\"column-4\">Deutschland<\/td><td class=\"column-5\"><a href=\"\/wp-content\/uploads\/2024\/02\/ITW-Global-Fasteners_Masterthesis-Entwicklung.pdf\" rel=\"noopener noreferrer\" target=\"_blank\">Download PDF<\/a><\/td>\n<\/tr>\n<\/tbody>\n<\/table>\n<!-- #tablepress-8 from cache -->\n<h3><\/h3>\n<\/div><div class=\"fusion-sep-clear\"><\/div><div class=\"fusion-separator fusion-full-width-sep\" style=\"margin-left: auto;margin-right: auto;margin-bottom:40px;width:100%;\"><\/div><div class=\"fusion-sep-clear\"><\/div><div class=\"fusion-text fusion-text-5\" style=\"--awb-content-alignment:center;\"><h3>Gerade nicht das Richtige dabei? Kein Problem, schicken Sie uns einfach eine Initiativbewerbung mit Ihrem Wunsch-Standort. Wir freuen uns jederzeit, von Ihnen zu h\u00f6ren.<\/h3>\n<\/div><div class=\"fusion-aligncenter\"><a class=\"fusion-button button-flat button-xlarge button-default fusion-button-default button-1 fusion-button-default-span fusion-button-default-type\" target=\"_self\" href=\"https:\/\/www.itw-fasteners.com\/de\/bewerbungsprozess\/\"><span class=\"fusion-button-text awb-button__text awb-button__text--default\">Initiativbewerbung<\/span><\/a><\/div><div class=\"fusion-sep-clear\"><\/div><div class=\"fusion-separator fusion-full-width-sep\" style=\"margin-left: auto;margin-right: auto;margin-bottom:40px;width:100%;\"><\/div><div class=\"fusion-sep-clear\"><\/div><div class=\"fusion-clearfix\"><\/div><\/div><\/div><\/div><\/div>\n","protected":false},"excerpt":{"rendered":"","protected":false},"author":3,"featured_media":0,"parent":0,"menu_order":0,"comment_status":"closed","ping_status":"closed","template":"100-width.php","meta":{"footnotes":""},"class_list":["post-13891","page","type-page","status-publish","hentry"],"yoast_head":"<!-- This site is optimized with the Yoast SEO plugin v27.3 - https:\/\/yoast.com\/product\/yoast-seo-wordpress\/ -->\n<title>Job Suche - ITW<\/title>\n<meta name=\"robots\" content=\"index, follow, max-snippet:-1, max-image-preview:large, max-video-preview:-1\" \/>\n<link rel=\"canonical\" href=\"https:\/\/www.itw-fasteners.com\/de\/jobangebote\/\" \/>\n<meta property=\"og:locale\" content=\"de_DE\" \/>\n<meta property=\"og:type\" content=\"article\" \/>\n<meta property=\"og:title\" content=\"Job Suche - ITW\" \/>\n<meta property=\"og:url\" content=\"https:\/\/www.itw-fasteners.com\/de\/jobangebote\/\" \/>\n<meta property=\"og:site_name\" content=\"ITW\" \/>\n<meta property=\"article:modified_time\" content=\"2024-02-13T10:51:46+00:00\" \/>\n<meta name=\"twitter:card\" content=\"summary_large_image\" \/>\n<meta name=\"twitter:label1\" content=\"Gesch\u00e4tzte Lesezeit\" \/>\n\t<meta name=\"twitter:data1\" content=\"2\u00a0Minuten\" \/>\n<script type=\"application\/ld+json\" class=\"yoast-schema-graph\">{\"@context\":\"https:\\\/\\\/schema.org\",\"@graph\":[{\"@type\":\"WebPage\",\"@id\":\"https:\\\/\\\/www.itw-fasteners.com\\\/de\\\/jobangebote\\\/\",\"url\":\"https:\\\/\\\/www.itw-fasteners.com\\\/de\\\/jobangebote\\\/\",\"name\":\"Job Suche - ITW\",\"isPartOf\":{\"@id\":\"https:\\\/\\\/www.itw-fasteners.com\\\/de\\\/#website\"},\"datePublished\":\"2018-07-10T16:00:19+00:00\",\"dateModified\":\"2024-02-13T10:51:46+00:00\",\"breadcrumb\":{\"@id\":\"https:\\\/\\\/www.itw-fasteners.com\\\/de\\\/jobangebote\\\/#breadcrumb\"},\"inLanguage\":\"de\",\"potentialAction\":[{\"@type\":\"ReadAction\",\"target\":[\"https:\\\/\\\/www.itw-fasteners.com\\\/de\\\/jobangebote\\\/\"]}]},{\"@type\":\"BreadcrumbList\",\"@id\":\"https:\\\/\\\/www.itw-fasteners.com\\\/de\\\/jobangebote\\\/#breadcrumb\",\"itemListElement\":[{\"@type\":\"ListItem\",\"position\":1,\"name\":\"Home\",\"item\":\"https:\\\/\\\/www.itw-fasteners.com\\\/de\\\/\"},{\"@type\":\"ListItem\",\"position\":2,\"name\":\"Job Suche\"}]},{\"@type\":\"WebSite\",\"@id\":\"https:\\\/\\\/www.itw-fasteners.com\\\/de\\\/#website\",\"url\":\"https:\\\/\\\/www.itw-fasteners.com\\\/de\\\/\",\"name\":\"ITW Fasteners\",\"description\":\"\",\"publisher\":{\"@id\":\"https:\\\/\\\/www.itw-fasteners.com\\\/de\\\/#organization\"},\"potentialAction\":[{\"@type\":\"SearchAction\",\"target\":{\"@type\":\"EntryPoint\",\"urlTemplate\":\"https:\\\/\\\/www.itw-fasteners.com\\\/de\\\/?s={search_term_string}\"},\"query-input\":{\"@type\":\"PropertyValueSpecification\",\"valueRequired\":true,\"valueName\":\"search_term_string\"}}],\"inLanguage\":\"de\"},{\"@type\":\"Organization\",\"@id\":\"https:\\\/\\\/www.itw-fasteners.com\\\/de\\\/#organization\",\"name\":\"ITW Fasteners\",\"url\":\"https:\\\/\\\/www.itw-fasteners.com\\\/de\\\/\",\"logo\":{\"@type\":\"ImageObject\",\"inLanguage\":\"de\",\"@id\":\"https:\\\/\\\/www.itw-fasteners.com\\\/de\\\/#\\\/schema\\\/logo\\\/image\\\/\",\"url\":\"https:\\\/\\\/www.itw-fasteners.com\\\/wp-content\\\/uploads\\\/2022\\\/06\\\/ITW_Logo_GF_Maroon_CMYK.png\",\"contentUrl\":\"https:\\\/\\\/www.itw-fasteners.com\\\/wp-content\\\/uploads\\\/2022\\\/06\\\/ITW_Logo_GF_Maroon_CMYK.png\",\"width\":2132,\"height\":1057,\"caption\":\"ITW Fasteners\"},\"image\":{\"@id\":\"https:\\\/\\\/www.itw-fasteners.com\\\/de\\\/#\\\/schema\\\/logo\\\/image\\\/\"}}]}<\/script>\n<!-- \/ Yoast SEO plugin. -->","yoast_head_json":{"title":"Job Suche - ITW","robots":{"index":"index","follow":"follow","max-snippet":"max-snippet:-1","max-image-preview":"max-image-preview:large","max-video-preview":"max-video-preview:-1"},"canonical":"https:\/\/www.itw-fasteners.com\/de\/jobangebote\/","og_locale":"de_DE","og_type":"article","og_title":"Job Suche - ITW","og_url":"https:\/\/www.itw-fasteners.com\/de\/jobangebote\/","og_site_name":"ITW","article_modified_time":"2024-02-13T10:51:46+00:00","twitter_card":"summary_large_image","twitter_misc":{"Gesch\u00e4tzte Lesezeit":"2\u00a0Minuten"},"schema":{"@context":"https:\/\/schema.org","@graph":[{"@type":"WebPage","@id":"https:\/\/www.itw-fasteners.com\/de\/jobangebote\/","url":"https:\/\/www.itw-fasteners.com\/de\/jobangebote\/","name":"Job Suche - ITW","isPartOf":{"@id":"https:\/\/www.itw-fasteners.com\/de\/#website"},"datePublished":"2018-07-10T16:00:19+00:00","dateModified":"2024-02-13T10:51:46+00:00","breadcrumb":{"@id":"https:\/\/www.itw-fasteners.com\/de\/jobangebote\/#breadcrumb"},"inLanguage":"de","potentialAction":[{"@type":"ReadAction","target":["https:\/\/www.itw-fasteners.com\/de\/jobangebote\/"]}]},{"@type":"BreadcrumbList","@id":"https:\/\/www.itw-fasteners.com\/de\/jobangebote\/#breadcrumb","itemListElement":[{"@type":"ListItem","position":1,"name":"Home","item":"https:\/\/www.itw-fasteners.com\/de\/"},{"@type":"ListItem","position":2,"name":"Job Suche"}]},{"@type":"WebSite","@id":"https:\/\/www.itw-fasteners.com\/de\/#website","url":"https:\/\/www.itw-fasteners.com\/de\/","name":"ITW Fasteners","description":"","publisher":{"@id":"https:\/\/www.itw-fasteners.com\/de\/#organization"},"potentialAction":[{"@type":"SearchAction","target":{"@type":"EntryPoint","urlTemplate":"https:\/\/www.itw-fasteners.com\/de\/?s={search_term_string}"},"query-input":{"@type":"PropertyValueSpecification","valueRequired":true,"valueName":"search_term_string"}}],"inLanguage":"de"},{"@type":"Organization","@id":"https:\/\/www.itw-fasteners.com\/de\/#organization","name":"ITW Fasteners","url":"https:\/\/www.itw-fasteners.com\/de\/","logo":{"@type":"ImageObject","inLanguage":"de","@id":"https:\/\/www.itw-fasteners.com\/de\/#\/schema\/logo\/image\/","url":"https:\/\/www.itw-fasteners.com\/wp-content\/uploads\/2022\/06\/ITW_Logo_GF_Maroon_CMYK.png","contentUrl":"https:\/\/www.itw-fasteners.com\/wp-content\/uploads\/2022\/06\/ITW_Logo_GF_Maroon_CMYK.png","width":2132,"height":1057,"caption":"ITW Fasteners"},"image":{"@id":"https:\/\/www.itw-fasteners.com\/de\/#\/schema\/logo\/image\/"}}]}},"_links":{"self":[{"href":"https:\/\/www.itw-fasteners.com\/de\/wp-json\/wp\/v2\/pages\/13891","targetHints":{"allow":["GET"]}}],"collection":[{"href":"https:\/\/www.itw-fasteners.com\/de\/wp-json\/wp\/v2\/pages"}],"about":[{"href":"https:\/\/www.itw-fasteners.com\/de\/wp-json\/wp\/v2\/types\/page"}],"author":[{"embeddable":true,"href":"https:\/\/www.itw-fasteners.com\/de\/wp-json\/wp\/v2\/users\/3"}],"replies":[{"embeddable":true,"href":"https:\/\/www.itw-fasteners.com\/de\/wp-json\/wp\/v2\/comments?post=13891"}],"version-history":[{"count":44,"href":"https:\/\/www.itw-fasteners.com\/de\/wp-json\/wp\/v2\/pages\/13891\/revisions"}],"predecessor-version":[{"id":25556,"href":"https:\/\/www.itw-fasteners.com\/de\/wp-json\/wp\/v2\/pages\/13891\/revisions\/25556"}],"wp:attachment":[{"href":"https:\/\/www.itw-fasteners.com\/de\/wp-json\/wp\/v2\/media?parent=13891"}],"curies":[{"name":"wp","href":"https:\/\/api.w.org\/{rel}","templated":true}]}}