{"id":13919,"date":"2018-07-11T17:57:09","date_gmt":"2018-07-11T15:57:09","guid":{"rendered":"http:\/\/itw.aktivcomm-server.de\/?page_id=13919"},"modified":"2018-08-29T07:59:45","modified_gmt":"2018-08-29T05:59:45","slug":"lampenfassungen","status":"publish","type":"page","link":"https:\/\/www.itw-fasteners.com\/de\/lampenfassungen\/","title":{"rendered":"Lampenfassungen"},"content":{"rendered":"<p><div class=\"fusion-fullwidth fullwidth-box fusion-builder-row-1 nonhundred-percent-fullwidth non-hundred-percent-height-scrolling\" style=\"--awb-border-radius-top-left:0px;--awb-border-radius-top-right:0px;--awb-border-radius-bottom-right:0px;--awb-border-radius-bottom-left:0px;--awb-flex-wrap:wrap;\" ><div class=\"fusion-builder-row fusion-row\"><div class=\"fusion-layout-column fusion_builder_column fusion-builder-column-0 fusion_builder_column_1_1 1_1 fusion-one-full fusion-column-first fusion-column-last\" style=\"--awb-bg-size:cover;--awb-margin-bottom:0px;\"><div class=\"fusion-column-wrapper fusion-flex-column-wrapper-legacy\"><div class=\"fusion-text fusion-text-1\"><h1>Lampenfassungen<\/h1>\n<\/div><div class=\"fusion-clearfix\"><\/div><\/div><\/div><\/div><\/div><div class=\"fusion-fullwidth fullwidth-box fusion-builder-row-2 nonhundred-percent-fullwidth non-hundred-percent-height-scrolling\" style=\"--awb-border-radius-top-left:0px;--awb-border-radius-top-right:0px;--awb-border-radius-bottom-right:0px;--awb-border-radius-bottom-left:0px;--awb-flex-wrap:wrap;\" ><div class=\"fusion-builder-row fusion-row\"><div class=\"fusion-layout-column fusion_builder_column fusion-builder-column-1 fusion_builder_column_1_1 1_1 fusion-one-full fusion-column-first fusion-column-last\" style=\"--awb-bg-size:cover;--awb-margin-bottom:0px;\"><div class=\"fusion-column-wrapper fusion-flex-column-wrapper-legacy\"><div class=\"fusion-text fusion-text-2\"><h2>Es werde Licht&#8230;.<\/h2>\n<h3>Dank modularer Bauweise werden schnell und kosteng\u00fcnstig L\u00f6sungen f\u00fcr Ihre spezielle Anwendung erstellt, ohne in teure Werkzeuge investieren zu m\u00fcssen. ITW offeriert das gesamte Produktspektrum von der kleinsten Fassung bis hin zur kompletten Blinkleuchte. Vollautomatische Montage mit integrierter hundertprozentiger Qualit\u00e4tskontrolle machen dar\u00fcber hinaus die Lampenfassungen zu einem echten Highlight hinsichtlich Preis und Leistung.<\/h3>\n<h3><\/h3>\n<\/div><div class=\"fusion-sep-clear\"><\/div><div class=\"fusion-separator fusion-full-width-sep\" style=\"margin-left: auto;margin-right: auto;margin-bottom:25px;width:100%;\"><\/div><div class=\"fusion-sep-clear\"><\/div><div class=\"fusion-image-element fusion-no-small-visibility in-legacy-container\" style=\"--awb-caption-title-font-family:var(--h2_typography-font-family);--awb-caption-title-font-weight:var(--h2_typography-font-weight);--awb-caption-title-font-style:var(--h2_typography-font-style);--awb-caption-title-size:var(--h2_typography-font-size);--awb-caption-title-transform:var(--h2_typography-text-transform);--awb-caption-title-line-height:var(--h2_typography-line-height);--awb-caption-title-letter-spacing:var(--h2_typography-letter-spacing);\"><span class=\" fusion-imageframe imageframe-none imageframe-1 hover-type-none\"><img decoding=\"async\" width=\"150\" height=\"300\" title=\"Lampenfassung\" src=\"http:\/\/itw.aktivcomm-server.de\/wp-content\/uploads\/2018\/08\/29535231_Bild4-150x300.jpg\" alt class=\"img-responsive wp-image-14517\" srcset=\"https:\/\/www.itw-fasteners.com\/wp-content\/uploads\/2018\/08\/29535231_Bild4-200x400.jpg 200w, https:\/\/www.itw-fasteners.com\/wp-content\/uploads\/2018\/08\/29535231_Bild4-400x800.jpg 400w, https:\/\/www.itw-fasteners.com\/wp-content\/uploads\/2018\/08\/29535231_Bild4.jpg 439w\" sizes=\"(max-width: 800px) 100vw, 150px\" \/><\/span><\/div><div class=\"fusion-image-element fusion-image-align-center in-legacy-container\" style=\"text-align:center;--awb-caption-title-font-family:var(--h2_typography-font-family);--awb-caption-title-font-weight:var(--h2_typography-font-weight);--awb-caption-title-font-style:var(--h2_typography-font-style);--awb-caption-title-size:var(--h2_typography-font-size);--awb-caption-title-transform:var(--h2_typography-text-transform);--awb-caption-title-line-height:var(--h2_typography-line-height);--awb-caption-title-letter-spacing:var(--h2_typography-letter-spacing);\"><div class=\"imageframe-align-center\"><span class=\" fusion-imageframe imageframe-none imageframe-2 hover-type-none\"><img decoding=\"async\" width=\"165\" height=\"300\" title=\"Lampenfassung_2\" src=\"http:\/\/itw.aktivcomm-server.de\/wp-content\/uploads\/2018\/08\/Y0941531_Bild3-165x300.jpg\" alt class=\"img-responsive wp-image-14518\" srcset=\"https:\/\/www.itw-fasteners.com\/wp-content\/uploads\/2018\/08\/Y0941531_Bild3-200x364.jpg 200w, https:\/\/www.itw-fasteners.com\/wp-content\/uploads\/2018\/08\/Y0941531_Bild3-400x728.jpg 400w, https:\/\/www.itw-fasteners.com\/wp-content\/uploads\/2018\/08\/Y0941531_Bild3.jpg 506w\" sizes=\"(max-width: 800px) 100vw, 165px\" \/><\/span><\/div><\/div><div class=\"fusion-image-element fusion-image-align-right in-legacy-container\" style=\"text-align:right;--awb-caption-title-font-family:var(--h2_typography-font-family);--awb-caption-title-font-weight:var(--h2_typography-font-weight);--awb-caption-title-font-style:var(--h2_typography-font-style);--awb-caption-title-size:var(--h2_typography-font-size);--awb-caption-title-transform:var(--h2_typography-text-transform);--awb-caption-title-line-height:var(--h2_typography-line-height);--awb-caption-title-letter-spacing:var(--h2_typography-letter-spacing);\"><span class=\" fusion-imageframe imageframe-none imageframe-3 hover-type-none\" style=\"margin-left:25px;float:right;\"><img decoding=\"async\" width=\"176\" height=\"300\" title=\"Lampenfassung_3\" src=\"http:\/\/itw.aktivcomm-server.de\/wp-content\/uploads\/2018\/08\/Y1716031_Bild3-176x300.jpg\" alt class=\"img-responsive wp-image-14519\" srcset=\"https:\/\/www.itw-fasteners.com\/wp-content\/uploads\/2018\/08\/Y1716031_Bild3-200x341.jpg 200w, https:\/\/www.itw-fasteners.com\/wp-content\/uploads\/2018\/08\/Y1716031_Bild3-400x681.jpg 400w, https:\/\/www.itw-fasteners.com\/wp-content\/uploads\/2018\/08\/Y1716031_Bild3.jpg 535w\" sizes=\"(max-width: 800px) 100vw, 176px\" \/><\/span><\/div><div class=\"fusion-clearfix\"><\/div><\/div><\/div><\/div><\/div><div class=\"fusion-fullwidth fullwidth-box fusion-builder-row-3 nonhundred-percent-fullwidth non-hundred-percent-height-scrolling\" style=\"--awb-border-radius-top-left:0px;--awb-border-radius-top-right:0px;--awb-border-radius-bottom-right:0px;--awb-border-radius-bottom-left:0px;--awb-flex-wrap:wrap;\" ><div class=\"fusion-builder-row fusion-row\"><div class=\"fusion-layout-column fusion_builder_column fusion-builder-column-2 fusion_builder_column_1_1 1_1 fusion-one-full fusion-column-first fusion-column-last\" style=\"--awb-bg-size:cover;\"><div class=\"fusion-column-wrapper fusion-flex-column-wrapper-legacy\"><div class=\"fusion-clearfix\"><\/div><\/div><\/div><\/div><\/div><\/p>\n","protected":false},"excerpt":{"rendered":"","protected":false},"author":3,"featured_media":12262,"parent":0,"menu_order":0,"comment_status":"closed","ping_status":"closed","template":"","meta":{"footnotes":""},"class_list":["post-13919","page","type-page","status-publish","has-post-thumbnail","hentry"],"yoast_head":"<!-- This site is optimized with the Yoast SEO plugin v27.3 - https:\/\/yoast.com\/product\/yoast-seo-wordpress\/ -->\n<title>Lampenfassungen - ITW<\/title>\n<meta name=\"robots\" content=\"index, follow, max-snippet:-1, max-image-preview:large, max-video-preview:-1\" \/>\n<link rel=\"canonical\" href=\"https:\/\/www.itw-fasteners.com\/de\/lampenfassungen\/\" \/>\n<meta property=\"og:locale\" content=\"de_DE\" \/>\n<meta property=\"og:type\" content=\"article\" \/>\n<meta property=\"og:title\" content=\"Lampenfassungen - ITW\" \/>\n<meta property=\"og:url\" content=\"https:\/\/www.itw-fasteners.com\/de\/lampenfassungen\/\" \/>\n<meta property=\"og:site_name\" content=\"ITW\" \/>\n<meta property=\"article:modified_time\" content=\"2018-08-29T05:59:45+00:00\" \/>\n<meta property=\"og:image\" content=\"https:\/\/www.itw-fasteners.com\/wp-content\/uploads\/2018\/02\/csm_Routing_Wiring_Uebersicht_01_bf51bfd4b0.jpg\" \/>\n\t<meta property=\"og:image:width\" content=\"200\" \/>\n\t<meta property=\"og:image:height\" content=\"126\" \/>\n\t<meta property=\"og:image:type\" content=\"image\/jpeg\" \/>\n<meta name=\"twitter:card\" content=\"summary_large_image\" \/>\n<meta name=\"twitter:label1\" content=\"Gesch\u00e4tzte Lesezeit\" \/>\n\t<meta name=\"twitter:data1\" content=\"4\u00a0Minuten\" \/>\n<script type=\"application\/ld+json\" class=\"yoast-schema-graph\">{\"@context\":\"https:\\\/\\\/schema.org\",\"@graph\":[{\"@type\":\"WebPage\",\"@id\":\"https:\\\/\\\/www.itw-fasteners.com\\\/de\\\/lampenfassungen\\\/\",\"url\":\"https:\\\/\\\/www.itw-fasteners.com\\\/de\\\/lampenfassungen\\\/\",\"name\":\"Lampenfassungen - ITW\",\"isPartOf\":{\"@id\":\"https:\\\/\\\/www.itw-fasteners.com\\\/de\\\/#website\"},\"primaryImageOfPage\":{\"@id\":\"https:\\\/\\\/www.itw-fasteners.com\\\/de\\\/lampenfassungen\\\/#primaryimage\"},\"image\":{\"@id\":\"https:\\\/\\\/www.itw-fasteners.com\\\/de\\\/lampenfassungen\\\/#primaryimage\"},\"thumbnailUrl\":\"https:\\\/\\\/www.itw-fasteners.com\\\/wp-content\\\/uploads\\\/2018\\\/02\\\/csm_Routing_Wiring_Uebersicht_01_bf51bfd4b0.jpg\",\"datePublished\":\"2018-07-11T15:57:09+00:00\",\"dateModified\":\"2018-08-29T05:59:45+00:00\",\"breadcrumb\":{\"@id\":\"https:\\\/\\\/www.itw-fasteners.com\\\/de\\\/lampenfassungen\\\/#breadcrumb\"},\"inLanguage\":\"de\",\"potentialAction\":[{\"@type\":\"ReadAction\",\"target\":[\"https:\\\/\\\/www.itw-fasteners.com\\\/de\\\/lampenfassungen\\\/\"]}]},{\"@type\":\"ImageObject\",\"inLanguage\":\"de\",\"@id\":\"https:\\\/\\\/www.itw-fasteners.com\\\/de\\\/lampenfassungen\\\/#primaryimage\",\"url\":\"https:\\\/\\\/www.itw-fasteners.com\\\/wp-content\\\/uploads\\\/2018\\\/02\\\/csm_Routing_Wiring_Uebersicht_01_bf51bfd4b0.jpg\",\"contentUrl\":\"https:\\\/\\\/www.itw-fasteners.com\\\/wp-content\\\/uploads\\\/2018\\\/02\\\/csm_Routing_Wiring_Uebersicht_01_bf51bfd4b0.jpg\",\"width\":200,\"height\":126,\"caption\":\"KABELMANAGEMENT\"},{\"@type\":\"BreadcrumbList\",\"@id\":\"https:\\\/\\\/www.itw-fasteners.com\\\/de\\\/lampenfassungen\\\/#breadcrumb\",\"itemListElement\":[{\"@type\":\"ListItem\",\"position\":1,\"name\":\"Home\",\"item\":\"https:\\\/\\\/www.itw-fasteners.com\\\/de\\\/\"},{\"@type\":\"ListItem\",\"position\":2,\"name\":\"Lampenfassungen\"}]},{\"@type\":\"WebSite\",\"@id\":\"https:\\\/\\\/www.itw-fasteners.com\\\/de\\\/#website\",\"url\":\"https:\\\/\\\/www.itw-fasteners.com\\\/de\\\/\",\"name\":\"ITW Fasteners\",\"description\":\"\",\"publisher\":{\"@id\":\"https:\\\/\\\/www.itw-fasteners.com\\\/de\\\/#organization\"},\"potentialAction\":[{\"@type\":\"SearchAction\",\"target\":{\"@type\":\"EntryPoint\",\"urlTemplate\":\"https:\\\/\\\/www.itw-fasteners.com\\\/de\\\/?s={search_term_string}\"},\"query-input\":{\"@type\":\"PropertyValueSpecification\",\"valueRequired\":true,\"valueName\":\"search_term_string\"}}],\"inLanguage\":\"de\"},{\"@type\":\"Organization\",\"@id\":\"https:\\\/\\\/www.itw-fasteners.com\\\/de\\\/#organization\",\"name\":\"ITW Fasteners\",\"url\":\"https:\\\/\\\/www.itw-fasteners.com\\\/de\\\/\",\"logo\":{\"@type\":\"ImageObject\",\"inLanguage\":\"de\",\"@id\":\"https:\\\/\\\/www.itw-fasteners.com\\\/de\\\/#\\\/schema\\\/logo\\\/image\\\/\",\"url\":\"https:\\\/\\\/www.itw-fasteners.com\\\/wp-content\\\/uploads\\\/2022\\\/06\\\/ITW_Logo_GF_Maroon_CMYK.png\",\"contentUrl\":\"https:\\\/\\\/www.itw-fasteners.com\\\/wp-content\\\/uploads\\\/2022\\\/06\\\/ITW_Logo_GF_Maroon_CMYK.png\",\"width\":2132,\"height\":1057,\"caption\":\"ITW Fasteners\"},\"image\":{\"@id\":\"https:\\\/\\\/www.itw-fasteners.com\\\/de\\\/#\\\/schema\\\/logo\\\/image\\\/\"}}]}<\/script>\n<!-- \/ Yoast SEO plugin. -->","yoast_head_json":{"title":"Lampenfassungen - ITW","robots":{"index":"index","follow":"follow","max-snippet":"max-snippet:-1","max-image-preview":"max-image-preview:large","max-video-preview":"max-video-preview:-1"},"canonical":"https:\/\/www.itw-fasteners.com\/de\/lampenfassungen\/","og_locale":"de_DE","og_type":"article","og_title":"Lampenfassungen - ITW","og_url":"https:\/\/www.itw-fasteners.com\/de\/lampenfassungen\/","og_site_name":"ITW","article_modified_time":"2018-08-29T05:59:45+00:00","og_image":[{"width":200,"height":126,"url":"https:\/\/www.itw-fasteners.com\/wp-content\/uploads\/2018\/02\/csm_Routing_Wiring_Uebersicht_01_bf51bfd4b0.jpg","type":"image\/jpeg"}],"twitter_card":"summary_large_image","twitter_misc":{"Gesch\u00e4tzte Lesezeit":"4\u00a0Minuten"},"schema":{"@context":"https:\/\/schema.org","@graph":[{"@type":"WebPage","@id":"https:\/\/www.itw-fasteners.com\/de\/lampenfassungen\/","url":"https:\/\/www.itw-fasteners.com\/de\/lampenfassungen\/","name":"Lampenfassungen - ITW","isPartOf":{"@id":"https:\/\/www.itw-fasteners.com\/de\/#website"},"primaryImageOfPage":{"@id":"https:\/\/www.itw-fasteners.com\/de\/lampenfassungen\/#primaryimage"},"image":{"@id":"https:\/\/www.itw-fasteners.com\/de\/lampenfassungen\/#primaryimage"},"thumbnailUrl":"https:\/\/www.itw-fasteners.com\/wp-content\/uploads\/2018\/02\/csm_Routing_Wiring_Uebersicht_01_bf51bfd4b0.jpg","datePublished":"2018-07-11T15:57:09+00:00","dateModified":"2018-08-29T05:59:45+00:00","breadcrumb":{"@id":"https:\/\/www.itw-fasteners.com\/de\/lampenfassungen\/#breadcrumb"},"inLanguage":"de","potentialAction":[{"@type":"ReadAction","target":["https:\/\/www.itw-fasteners.com\/de\/lampenfassungen\/"]}]},{"@type":"ImageObject","inLanguage":"de","@id":"https:\/\/www.itw-fasteners.com\/de\/lampenfassungen\/#primaryimage","url":"https:\/\/www.itw-fasteners.com\/wp-content\/uploads\/2018\/02\/csm_Routing_Wiring_Uebersicht_01_bf51bfd4b0.jpg","contentUrl":"https:\/\/www.itw-fasteners.com\/wp-content\/uploads\/2018\/02\/csm_Routing_Wiring_Uebersicht_01_bf51bfd4b0.jpg","width":200,"height":126,"caption":"KABELMANAGEMENT"},{"@type":"BreadcrumbList","@id":"https:\/\/www.itw-fasteners.com\/de\/lampenfassungen\/#breadcrumb","itemListElement":[{"@type":"ListItem","position":1,"name":"Home","item":"https:\/\/www.itw-fasteners.com\/de\/"},{"@type":"ListItem","position":2,"name":"Lampenfassungen"}]},{"@type":"WebSite","@id":"https:\/\/www.itw-fasteners.com\/de\/#website","url":"https:\/\/www.itw-fasteners.com\/de\/","name":"ITW Fasteners","description":"","publisher":{"@id":"https:\/\/www.itw-fasteners.com\/de\/#organization"},"potentialAction":[{"@type":"SearchAction","target":{"@type":"EntryPoint","urlTemplate":"https:\/\/www.itw-fasteners.com\/de\/?s={search_term_string}"},"query-input":{"@type":"PropertyValueSpecification","valueRequired":true,"valueName":"search_term_string"}}],"inLanguage":"de"},{"@type":"Organization","@id":"https:\/\/www.itw-fasteners.com\/de\/#organization","name":"ITW Fasteners","url":"https:\/\/www.itw-fasteners.com\/de\/","logo":{"@type":"ImageObject","inLanguage":"de","@id":"https:\/\/www.itw-fasteners.com\/de\/#\/schema\/logo\/image\/","url":"https:\/\/www.itw-fasteners.com\/wp-content\/uploads\/2022\/06\/ITW_Logo_GF_Maroon_CMYK.png","contentUrl":"https:\/\/www.itw-fasteners.com\/wp-content\/uploads\/2022\/06\/ITW_Logo_GF_Maroon_CMYK.png","width":2132,"height":1057,"caption":"ITW Fasteners"},"image":{"@id":"https:\/\/www.itw-fasteners.com\/de\/#\/schema\/logo\/image\/"}}]}},"_links":{"self":[{"href":"https:\/\/www.itw-fasteners.com\/de\/wp-json\/wp\/v2\/pages\/13919","targetHints":{"allow":["GET"]}}],"collection":[{"href":"https:\/\/www.itw-fasteners.com\/de\/wp-json\/wp\/v2\/pages"}],"about":[{"href":"https:\/\/www.itw-fasteners.com\/de\/wp-json\/wp\/v2\/types\/page"}],"author":[{"embeddable":true,"href":"https:\/\/www.itw-fasteners.com\/de\/wp-json\/wp\/v2\/users\/3"}],"replies":[{"embeddable":true,"href":"https:\/\/www.itw-fasteners.com\/de\/wp-json\/wp\/v2\/comments?post=13919"}],"version-history":[{"count":8,"href":"https:\/\/www.itw-fasteners.com\/de\/wp-json\/wp\/v2\/pages\/13919\/revisions"}],"predecessor-version":[{"id":14524,"href":"https:\/\/www.itw-fasteners.com\/de\/wp-json\/wp\/v2\/pages\/13919\/revisions\/14524"}],"wp:featuredmedia":[{"embeddable":true,"href":"https:\/\/www.itw-fasteners.com\/de\/wp-json\/wp\/v2\/media\/12262"}],"wp:attachment":[{"href":"https:\/\/www.itw-fasteners.com\/de\/wp-json\/wp\/v2\/media?parent=13919"}],"curies":[{"name":"wp","href":"https:\/\/api.w.org\/{rel}","templated":true}]}}