{"id":14555,"date":"2018-11-16T13:37:18","date_gmt":"2018-11-16T12:37:18","guid":{"rendered":"http:\/\/itw.aktivcomm-server.de\/?page_id=14555"},"modified":"2025-07-09T08:02:58","modified_gmt":"2025-07-09T06:02:58","slug":"datenschutzerklaerung-2","status":"publish","type":"page","link":"https:\/\/www.itw-fasteners.com\/de\/datenschutzerklaerung-2\/","title":{"rendered":"Datenschutzerkl\u00e4rung f. Bewerber, Kunden u. Gesch\u00e4ftspartner"},"content":{"rendered":"<div class=\"fusion-fullwidth fullwidth-box fusion-builder-row-1 nonhundred-percent-fullwidth non-hundred-percent-height-scrolling\" style=\"--awb-border-radius-top-left:0px;--awb-border-radius-top-right:0px;--awb-border-radius-bottom-right:0px;--awb-border-radius-bottom-left:0px;--awb-flex-wrap:wrap;\" ><div class=\"fusion-builder-row fusion-row\"><div class=\"fusion-layout-column fusion_builder_column fusion-builder-column-0 fusion_builder_column_1_1 1_1 fusion-one-full fusion-column-first fusion-column-last\" style=\"--awb-bg-size:cover;\"><div class=\"fusion-column-wrapper fusion-column-has-shadow fusion-flex-column-wrapper-legacy\"><div class=\"fusion-text fusion-text-1\"><h3><strong>Datenschutzerkl\u00e4rung f\u00fcr Bewerber, Kunden und Gesch\u00e4ftspartner<\/strong><\/h3>\n<p><strong>\u00a01. <\/strong><strong>Verantwortlicher<\/strong><\/p>\n<p>ITW Fastener Products GmbH<br \/>\nAm Pulverh\u00e4uschen 7<br \/>\n67677 Enkenbach-Alsenborn<\/p>\n<p><strong>2. Datenschutzbeauftragter<\/strong><\/p>\n<p>Datenschutzbeauftragter<\/p>\n<p>c\/o ITW Fastener Products GmbH<br \/>\nAm Pulverh\u00e4uschen 7<br \/>\n67677 Enkenbach-Alsenborn<\/p>\n<div data-ccp-timestamp=\"1751974187025\">\n<div><a href=\"mailto:EUGA.datenschutz@itwautomotive.com\">EUGA.datenschutz@itwautomotive.com<\/a><\/div>\n<\/div>\n<p><strong>3. Allgemeines zur Datenverarbeitung<\/strong><\/p>\n<p>Wir verarbeiten personenbezogene Daten gem\u00e4\u00df den Bestimmungen der Datenschutz-Grundverordnung (DSGVO), des Bundesdatenschutzgesetzes (BDSG) sowie weiterer einschl\u00e4giger Datenschutzvorschriften. Diese Erkl\u00e4rung informiert Sie \u00fcber Art, Umfang und Zweck der Erhebung und Verwendung personenbezogener Daten im Rahmen von Bewerbungen, Kundenbeziehungen und Gesch\u00e4ftspartnerschaften.<\/p>\n<p><strong>4. Datenverarbeitung von Bewerbern<\/strong><\/p>\n<p><strong>Zweck der Verarbeitung:<\/strong><\/p>\n<ul>\n<li>Durchf\u00fchrung des Bewerbungsverfahrens<\/li>\n<li>Kommunikation mit Bewerbern<\/li>\n<li>Dokumentation der Auswahlprozesse<\/li>\n<li>Verteidigung gegen etwaige Rechtsanspr\u00fcche im Zusammenhang mit dem Bewerbungsverfahren<\/li>\n<\/ul>\n<p><strong>Verarbeitete Daten:<\/strong><\/p>\n<ul>\n<li>Stammdaten (Name, Kontaktdaten)<\/li>\n<li>Bewerbungsunterlagen (Anschreiben, Lebenslauf, Zeugnisse etc.)<\/li>\n<li>Qualifikationen, ggf. Gesundheitsdaten (wenn relevant f\u00fcr die Stelle)<\/li>\n<\/ul>\n<p><strong>Rechtsgrundlage:<\/strong><\/p>\n<ul>\n<li>Art. 6 Abs. 1 lit. b DSGVO (Vertragsanbahnung)<\/li>\n<li>\u00a7 26 BDSG (Datenverarbeitung im Besch\u00e4ftigungskontext)<\/li>\n<li>Art. 6 Abs. 1 lit c DSGVO (rechtliche Verpflichtung), Art. 6 Abs. 1 lit f DSGVO (berechtigte Interessen)<\/li>\n<li>Art. 6 Abs. 1 lit. a DSGVO (Einwilligung)<\/li>\n<\/ul>\n<p><strong>Speicherdauer:<\/strong><\/p>\n<ul>\n<li>Max. 6 Monate nach Abschluss des Bewerbungsverfahrens, sofern keine Einstellung erfolgt. Die Speicherung der Bewerberdaten \u00fcber den Abschluss des Bewerbungsverfahrens hinaus erfolgt zur Wahrung unserer berechtigten Interessen gem\u00e4\u00df Art. 6 Abs. 1 lit. f DSGVO, insbesondere zur Verteidigung gegen etwaige Rechtsanspr\u00fcche im Zusammenhang mit dem Bewerbungsverfahren (z.\u202fB. nach dem AGG).<\/li>\n<\/ul>\n<ul>\n<li>Bei Einwilligung zur Aufnahme in einen Bewerberpool: entsprechend der Einwilligungsdauer<\/li>\n<\/ul>\n<p><strong>5. Datenverarbeitung von Kunden und Gesch\u00e4ftspartnern<\/strong><\/p>\n<p><strong>Zweck der Verarbeitung:<\/strong><\/p>\n<ul>\n<li>Anbahnung, Durchf\u00fchrung und Abwicklung von Vertragsverh\u00e4ltnissen<\/li>\n<li>Kommunikation<\/li>\n<li>Buchhaltung und Abrechnung<\/li>\n<li>Rechtliche Verpflichtungen (z.\u202fB. steuerrechtliche Aufbewahrungspflichten)<\/li>\n<\/ul>\n<p><strong>Verarbeitete Daten:<\/strong><\/p>\n<ul>\n<li>Kontakt- und Adressdaten<\/li>\n<li>Vertragsinhalte, Zahlungsdaten<\/li>\n<li>Kommunikationsverlauf<\/li>\n<li>U.U. Daten von Ansprechpartnern im Unternehmen<\/li>\n<\/ul>\n<p><strong>Rechtsgrundlage:<\/strong><\/p>\n<ul>\n<li>Art. 6 Abs. 1 lit. b DSGVO (Vertragserf\u00fcllung)<\/li>\n<li>Art. 6 Abs. 1 lit. c DSGVO (gesetzliche Verpflichtung)<\/li>\n<li>Art. 6 Abs. 1 lit. f DSGVO (berechtigtes Interesse)<\/li>\n<\/ul>\n<p>Unsere berechtigten Interessen bestehend darin, Ihre Anfrage zu beantworten sowie zur Verteidigung gegen etwaige Rechtsanspr\u00fcche.<\/p>\n<p><strong>Speicherdauer:<\/strong><\/p>\n<p>Die Aufbewahrungsfristen f\u00fcr personenbezogene Daten h\u00e4ngen vom jeweiligen Zweck ab, f\u00fcr den die personenbezogenen Daten verarbeitet werden sowie vom jeweiligen Tool, in dem diese Daten verarbeitet werden. Es ist leider nicht m\u00f6glich, die verschiedenen Aufbewahrungsfristen in einem verst\u00e4ndlichen Format darzustellen. Die Kriterien, die zur Bestimmung der anwendbaren Aufbewahrungsfristen verwendet werden, sind, dass wir Ihre personenbezogenen Daten so lange aufbewahren<\/p>\n<ul>\n<li>wie f\u00fcr den jeweiligen Zweck notwendig,<\/li>\n<li>\u00fcber die Dauer des Vertragsbeziehung hinaus (sofern erforderlich),<\/li>\n<li>gem\u00e4\u00df den geltenden gesetzlichen Aufbewahrungsgesetzen oder<\/li>\n<\/ul>\n<p>zur Wahrung von Rechtsanspr\u00fcchen erforderlich ist.<\/p>\n<p><strong>6. Weitergabe an Dritte:<\/strong><br \/>\nWir geben Ihre personenbezogenen Daten nur an solche Stellen weiter, die Ihre Daten zur Erf\u00fcllung unserer Aufgaben ben\u00f6tigen. Hierzu kann es erforderlich sein, dass Dienstleister uns unterst\u00fctzen. Weiterhin kann es erforderlich sein, dass Ihre Daten auch an andere Einheiten unserer Unternehmensgruppe weitergegeben werden m\u00fcssen. Dabei beachten wir die datenschutzrechtlichen Vorschriften. Ihre personenbezogenen Daten<br \/>\nk\u00f6nnen insbesondere an folgende Empf\u00e4nger weitergegeben werden:<\/p>\n<ul>\n<li>Unseren Mutterkonzern und unsere Schwestergesellschaften,<\/li>\n<li>IT-Dienstleister,<\/li>\n<li>Entsorgungsdienstleister,<\/li>\n<li>Beh\u00f6rden, \u00c4mter, Banken,<\/li>\n<li>Personen, die dem Verantwortlichen Waren oder Dienstleistungen zur Verf\u00fcgung stellen (z.B. Finanz-, Steuer- und Rechtsberater, andere Berater)<\/li>\n<li>sonstige Dienstleister, die uns z.B. bzgl. des Einstellungsprozesses unterst\u00fctzen.<\/li>\n<\/ul>\n<p>Einige Empf\u00e4nger personenbezogener Daten k\u00f6nnen sich in einem Land au\u00dferhalb der EU befinden. In diesem Land existiert ggf. kein angemessenes Datenschutzniveau, verglichen mit dem Datenschutzniveau innerhalb der Europ\u00e4ischen Union. Dies bedeutet, dass die Datenschutzgesetze in diesem Land, in das wir Ihre Daten \u00fcbertragen, ggf. nicht den gleichen Schutz wie in Deutschland bieten. Grunds\u00e4tzlich erfolgt eine Weitergabe Ihrer Daten an Drittl\u00e4nder ohne angemessenes Datenschutzniveau unter Verwendung der sogenannten EU-Standardvertragsklauseln.<\/p>\n<p>Sie k\u00f6nnen eine Kopie dieser Schutzma\u00dfnahmen \u00fcber <a href=\"mailto:EUGA.datenschutz@itwautomotive.com\">EUGA.datenschutz@itwautomotive.com <\/a>erhalten.<\/p>\n<p><strong>7. Ihre Rechte<\/strong><\/p>\n<p>Sie haben jederzeit das Recht auf:<\/p>\n<ul>\n<li>Auskunft (Art. 15 DSGVO)<\/li>\n<li>Berichtigung (Art. 16 DSGVO)<\/li>\n<li>L\u00f6schung (Art. 17 DSGVO)<\/li>\n<li>Einschr\u00e4nkung der Verarbeitung (Art. 18 DSGVO)<\/li>\n<li>Daten\u00fcbertragbarkeit (Art. 20 DSGVO)<\/li>\n<li><strong>Widerspruch (Art. 21 DSGVO)<\/strong><\/li>\n<li>Widerruf erteilter Einwilligungen mit Wirkung f\u00fcr die Zukunft (Art. 7 Abs. 3 DSGVO)<\/li>\n<\/ul>\n<p>Sie haben das Recht eine gegen\u00fcber uns erteilte Einwilligung jederzeit zu widerrufen. Senden Sie dazu einfach eine E-Mail an <a href=\"mailto:EUGA.datenschutz@itwautomotive.com\">EUGA.datenschutz@itwautomotive.com<\/a>.<\/p>\n<p>Zudem haben Sie das Recht, sich bei einer Aufsichtsbeh\u00f6rde Ihrer Wahl zu beschweren (Art. 77 DSGVO).<\/p>\n<p><strong>8. Pflicht zur Bereitstellung von Daten<\/strong><\/p>\n<p>Im Rahmen von Bewerbungen, Vertragsverh\u00e4ltnissen oder Gesch\u00e4ftskontakten ist die Bereitstellung bestimmter personenbezogener Daten erforderlich. Ohne diese Daten k\u00f6nnen wir das Bewerbungsverfahren bzw. die Gesch\u00e4ftsbeziehung nicht durchf\u00fchren.<\/p>\n<p><strong>9.Automatisierte Entscheidungsfindung<\/strong><\/p>\n<p>Eine automatisierte Entscheidungsfindung oder ein Profiling findet nicht statt.<\/p>\n<p>\u2500\u2500\u2500\u2500\u2500\u2500\u2500\u2500\u2500\u2500\u2500\u2500\u2500\u2500\u2500\u2500\u2500\u2500\u2500\u2500\u2500\u2500\u2500\u2500\u2500\u2500\u2500\u2500\u2500\u2500\u2500\u2500\u2500\u2500\u2500\u2500\u2500\u2500\u2500\u2500\u2500\u2500\u2500\u2500\u2500\u2500\u2500\u2500\u2500\u2500\u2500\u2500\u2500\u2500\u2500\u2500\u2500\u2500<\/p>\n<p><strong><u>Widerspruchsrecht gem\u00e4\u00df Art. 21 DSGVO<\/u><\/strong><\/p>\n<p><strong>Sie haben das Recht, aus Gr\u00fcnden, die sich aus Ihrer besonderen Situation ergeben, jederzeit gegen die Verarbeitung Ihrer personenbezogenen Daten, die aufgrund von Art. 6 Abs. 1 S. 1 lit. f DSGVO erfolgt, Widerspruch einzulegen. Wir verarbeiten Ihre personenbezogenen Daten dann nicht mehr, es sei denn es liegen zwingende schutzw\u00fcrdige Gr\u00fcnde vor, die Ihre Schutzinteressen \u00fcberwiegen, oder die Verarbeitung dient der Geltendmachung, Aus\u00fcbung oder Verteidigung von Rechtsanspr\u00fcchen. <\/strong><\/p>\n<p><strong>Einer Verarbeitung Ihrer Daten zu Zwecken der Direktwerbung sowie des damit ggf. verbundenen Profilings k\u00f6nnen Sie ohne Angabe von Gr\u00fcnden widersprechen.<\/strong><\/p>\n<p>Letzte \u00dcberarbeitung dieser Datenschutzerkl\u00e4rung: April 2025<\/p>\n<\/div><div class=\"fusion-clearfix\"><\/div><\/div><\/div><\/div><\/div>\n","protected":false},"excerpt":{"rendered":"","protected":false},"author":3,"featured_media":0,"parent":0,"menu_order":0,"comment_status":"closed","ping_status":"closed","template":"100-width.php","meta":{"footnotes":""},"class_list":["post-14555","page","type-page","status-publish","hentry"],"yoast_head":"<!-- This site is optimized with the Yoast SEO plugin v27.3 - https:\/\/yoast.com\/product\/yoast-seo-wordpress\/ -->\n<title>Datenschutzerkl\u00e4rung f. Bewerber, Kunden u. Gesch\u00e4ftspartner - ITW<\/title>\n<meta name=\"robots\" content=\"index, follow, max-snippet:-1, max-image-preview:large, max-video-preview:-1\" \/>\n<link rel=\"canonical\" href=\"https:\/\/www.itw-fasteners.com\/de\/datenschutzerklaerung-2\/\" \/>\n<meta property=\"og:locale\" content=\"de_DE\" \/>\n<meta property=\"og:type\" content=\"article\" \/>\n<meta property=\"og:title\" content=\"Datenschutzerkl\u00e4rung f. Bewerber, Kunden u. Gesch\u00e4ftspartner - ITW\" \/>\n<meta property=\"og:url\" content=\"https:\/\/www.itw-fasteners.com\/de\/datenschutzerklaerung-2\/\" \/>\n<meta property=\"og:site_name\" content=\"ITW\" \/>\n<meta property=\"article:modified_time\" content=\"2025-07-09T06:02:58+00:00\" \/>\n<meta name=\"twitter:card\" content=\"summary_large_image\" \/>\n<meta name=\"twitter:label1\" content=\"Gesch\u00e4tzte Lesezeit\" \/>\n\t<meta name=\"twitter:data1\" content=\"4\u00a0Minuten\" \/>\n<script type=\"application\/ld+json\" class=\"yoast-schema-graph\">{\"@context\":\"https:\\\/\\\/schema.org\",\"@graph\":[{\"@type\":\"WebPage\",\"@id\":\"https:\\\/\\\/www.itw-fasteners.com\\\/de\\\/datenschutzerklaerung-2\\\/\",\"url\":\"https:\\\/\\\/www.itw-fasteners.com\\\/de\\\/datenschutzerklaerung-2\\\/\",\"name\":\"Datenschutzerkl\u00e4rung f. Bewerber, Kunden u. Gesch\u00e4ftspartner - ITW\",\"isPartOf\":{\"@id\":\"https:\\\/\\\/www.itw-fasteners.com\\\/de\\\/#website\"},\"datePublished\":\"2018-11-16T12:37:18+00:00\",\"dateModified\":\"2025-07-09T06:02:58+00:00\",\"breadcrumb\":{\"@id\":\"https:\\\/\\\/www.itw-fasteners.com\\\/de\\\/datenschutzerklaerung-2\\\/#breadcrumb\"},\"inLanguage\":\"de\",\"potentialAction\":[{\"@type\":\"ReadAction\",\"target\":[\"https:\\\/\\\/www.itw-fasteners.com\\\/de\\\/datenschutzerklaerung-2\\\/\"]}]},{\"@type\":\"BreadcrumbList\",\"@id\":\"https:\\\/\\\/www.itw-fasteners.com\\\/de\\\/datenschutzerklaerung-2\\\/#breadcrumb\",\"itemListElement\":[{\"@type\":\"ListItem\",\"position\":1,\"name\":\"Home\",\"item\":\"https:\\\/\\\/www.itw-fasteners.com\\\/de\\\/\"},{\"@type\":\"ListItem\",\"position\":2,\"name\":\"Datenschutzerkl\u00e4rung f. Bewerber, Kunden u. Gesch\u00e4ftspartner\"}]},{\"@type\":\"WebSite\",\"@id\":\"https:\\\/\\\/www.itw-fasteners.com\\\/de\\\/#website\",\"url\":\"https:\\\/\\\/www.itw-fasteners.com\\\/de\\\/\",\"name\":\"ITW Fasteners\",\"description\":\"\",\"publisher\":{\"@id\":\"https:\\\/\\\/www.itw-fasteners.com\\\/de\\\/#organization\"},\"potentialAction\":[{\"@type\":\"SearchAction\",\"target\":{\"@type\":\"EntryPoint\",\"urlTemplate\":\"https:\\\/\\\/www.itw-fasteners.com\\\/de\\\/?s={search_term_string}\"},\"query-input\":{\"@type\":\"PropertyValueSpecification\",\"valueRequired\":true,\"valueName\":\"search_term_string\"}}],\"inLanguage\":\"de\"},{\"@type\":\"Organization\",\"@id\":\"https:\\\/\\\/www.itw-fasteners.com\\\/de\\\/#organization\",\"name\":\"ITW Fasteners\",\"url\":\"https:\\\/\\\/www.itw-fasteners.com\\\/de\\\/\",\"logo\":{\"@type\":\"ImageObject\",\"inLanguage\":\"de\",\"@id\":\"https:\\\/\\\/www.itw-fasteners.com\\\/de\\\/#\\\/schema\\\/logo\\\/image\\\/\",\"url\":\"https:\\\/\\\/www.itw-fasteners.com\\\/wp-content\\\/uploads\\\/2022\\\/06\\\/ITW_Logo_GF_Maroon_CMYK.png\",\"contentUrl\":\"https:\\\/\\\/www.itw-fasteners.com\\\/wp-content\\\/uploads\\\/2022\\\/06\\\/ITW_Logo_GF_Maroon_CMYK.png\",\"width\":2132,\"height\":1057,\"caption\":\"ITW Fasteners\"},\"image\":{\"@id\":\"https:\\\/\\\/www.itw-fasteners.com\\\/de\\\/#\\\/schema\\\/logo\\\/image\\\/\"}}]}<\/script>\n<!-- \/ Yoast SEO plugin. -->","yoast_head_json":{"title":"Datenschutzerkl\u00e4rung f. Bewerber, Kunden u. Gesch\u00e4ftspartner - ITW","robots":{"index":"index","follow":"follow","max-snippet":"max-snippet:-1","max-image-preview":"max-image-preview:large","max-video-preview":"max-video-preview:-1"},"canonical":"https:\/\/www.itw-fasteners.com\/de\/datenschutzerklaerung-2\/","og_locale":"de_DE","og_type":"article","og_title":"Datenschutzerkl\u00e4rung f. Bewerber, Kunden u. Gesch\u00e4ftspartner - ITW","og_url":"https:\/\/www.itw-fasteners.com\/de\/datenschutzerklaerung-2\/","og_site_name":"ITW","article_modified_time":"2025-07-09T06:02:58+00:00","twitter_card":"summary_large_image","twitter_misc":{"Gesch\u00e4tzte Lesezeit":"4\u00a0Minuten"},"schema":{"@context":"https:\/\/schema.org","@graph":[{"@type":"WebPage","@id":"https:\/\/www.itw-fasteners.com\/de\/datenschutzerklaerung-2\/","url":"https:\/\/www.itw-fasteners.com\/de\/datenschutzerklaerung-2\/","name":"Datenschutzerkl\u00e4rung f. Bewerber, Kunden u. Gesch\u00e4ftspartner - ITW","isPartOf":{"@id":"https:\/\/www.itw-fasteners.com\/de\/#website"},"datePublished":"2018-11-16T12:37:18+00:00","dateModified":"2025-07-09T06:02:58+00:00","breadcrumb":{"@id":"https:\/\/www.itw-fasteners.com\/de\/datenschutzerklaerung-2\/#breadcrumb"},"inLanguage":"de","potentialAction":[{"@type":"ReadAction","target":["https:\/\/www.itw-fasteners.com\/de\/datenschutzerklaerung-2\/"]}]},{"@type":"BreadcrumbList","@id":"https:\/\/www.itw-fasteners.com\/de\/datenschutzerklaerung-2\/#breadcrumb","itemListElement":[{"@type":"ListItem","position":1,"name":"Home","item":"https:\/\/www.itw-fasteners.com\/de\/"},{"@type":"ListItem","position":2,"name":"Datenschutzerkl\u00e4rung f. Bewerber, Kunden u. Gesch\u00e4ftspartner"}]},{"@type":"WebSite","@id":"https:\/\/www.itw-fasteners.com\/de\/#website","url":"https:\/\/www.itw-fasteners.com\/de\/","name":"ITW Fasteners","description":"","publisher":{"@id":"https:\/\/www.itw-fasteners.com\/de\/#organization"},"potentialAction":[{"@type":"SearchAction","target":{"@type":"EntryPoint","urlTemplate":"https:\/\/www.itw-fasteners.com\/de\/?s={search_term_string}"},"query-input":{"@type":"PropertyValueSpecification","valueRequired":true,"valueName":"search_term_string"}}],"inLanguage":"de"},{"@type":"Organization","@id":"https:\/\/www.itw-fasteners.com\/de\/#organization","name":"ITW Fasteners","url":"https:\/\/www.itw-fasteners.com\/de\/","logo":{"@type":"ImageObject","inLanguage":"de","@id":"https:\/\/www.itw-fasteners.com\/de\/#\/schema\/logo\/image\/","url":"https:\/\/www.itw-fasteners.com\/wp-content\/uploads\/2022\/06\/ITW_Logo_GF_Maroon_CMYK.png","contentUrl":"https:\/\/www.itw-fasteners.com\/wp-content\/uploads\/2022\/06\/ITW_Logo_GF_Maroon_CMYK.png","width":2132,"height":1057,"caption":"ITW Fasteners"},"image":{"@id":"https:\/\/www.itw-fasteners.com\/de\/#\/schema\/logo\/image\/"}}]}},"_links":{"self":[{"href":"https:\/\/www.itw-fasteners.com\/de\/wp-json\/wp\/v2\/pages\/14555","targetHints":{"allow":["GET"]}}],"collection":[{"href":"https:\/\/www.itw-fasteners.com\/de\/wp-json\/wp\/v2\/pages"}],"about":[{"href":"https:\/\/www.itw-fasteners.com\/de\/wp-json\/wp\/v2\/types\/page"}],"author":[{"embeddable":true,"href":"https:\/\/www.itw-fasteners.com\/de\/wp-json\/wp\/v2\/users\/3"}],"replies":[{"embeddable":true,"href":"https:\/\/www.itw-fasteners.com\/de\/wp-json\/wp\/v2\/comments?post=14555"}],"version-history":[{"count":15,"href":"https:\/\/www.itw-fasteners.com\/de\/wp-json\/wp\/v2\/pages\/14555\/revisions"}],"predecessor-version":[{"id":27267,"href":"https:\/\/www.itw-fasteners.com\/de\/wp-json\/wp\/v2\/pages\/14555\/revisions\/27267"}],"wp:attachment":[{"href":"https:\/\/www.itw-fasteners.com\/de\/wp-json\/wp\/v2\/media?parent=14555"}],"curies":[{"name":"wp","href":"https:\/\/api.w.org\/{rel}","templated":true}]}}