{"id":14701,"date":"2018-11-29T16:18:57","date_gmt":"2018-11-29T15:18:57","guid":{"rendered":"http:\/\/itw.aktivcomm-server.de\/?page_id=14701"},"modified":"2026-03-04T15:23:29","modified_gmt":"2026-03-04T14:23:29","slug":"bewerbungsprozess","status":"publish","type":"page","link":"https:\/\/www.itw-fasteners.com\/de\/bewerbungsprozess\/","title":{"rendered":"Bewerbungsprozess"},"content":{"rendered":"<div class=\"fusion-fullwidth fullwidth-box fusion-builder-row-1 nonhundred-percent-fullwidth non-hundred-percent-height-scrolling\" style=\"--awb-border-radius-top-left:0px;--awb-border-radius-top-right:0px;--awb-border-radius-bottom-right:0px;--awb-border-radius-bottom-left:0px;--awb-flex-wrap:wrap;\" ><div class=\"fusion-builder-row fusion-row\"><div class=\"fusion-layout-column fusion_builder_column fusion-builder-column-0 fusion_builder_column_1_1 1_1 fusion-one-full fusion-column-first fusion-column-last\" style=\"--awb-bg-size:cover;\"><div class=\"fusion-column-wrapper fusion-flex-column-wrapper-legacy\"><div class=\"fusion-text fusion-text-1\"><h1 style=\"color: #790f38;\"><strong>Nehmen Sie mit uns die n\u00e4chste Stufe Ihrer Karriereleiter<\/strong><\/h1>\n<h3>Als global agierender Arbeitgeber sind wir immer auf der Suche nach leistungsstarken Talenten. Gemeinsam bieten wir unseren Kund:innen innovative Produkte und Dienstleistungen auf h\u00f6chstem Niveau. M\u00f6chten Sie sich mit Ihren einzigartigen Perspektiven, Erfahrungen und Ideen in einem unserer Gesch\u00e4ftsbereiche einbringen? Dann sind Sie hier richtig. Erfahren Sie auf dieser Seite, wie Sie Teil unseres weltweiten Teams werden k\u00f6nnen.<\/h3>\n<\/div><div class=\"fusion-text fusion-text-2\"><h2 style=\"color: #790f38;\"><strong>Der Bewerbungsprozess bei ITW Global Fasteners<\/strong><\/h2>\n<h3>Egal, ob Sie nach dem Studium oder der Ausbildung auf der Suche nach Ihrer ersten beruflichen Herausforderung sind, oder ob Sie schon mehrere Jahre Berufserfahrung mitbringen: Zuk\u00fcnftige Kolleg:innen bei ITW Global Fasteners durchlaufen einen mehrstufigen Bewerbungsprozess. Damit stellen wir sicher, dass wir die bestm\u00f6glichen Chancen f\u00fcr beide Seiten erkennen. F\u00fcr Stellen in der Produktion ist in der Regel ein Bewerbungsgespr\u00e4ch gefolgt von einem Probearbeitstag vorgesehen. Sehen Sie hier, wie ein erfolgreicher Bewerbungsprozess bei ITW Global Fasteners aussieht:<\/h3>\n<ol>\n<li>Ihre vollst\u00e4ndige Bewerbung geht bei uns ein<\/li>\n<li>Wir melden uns innerhalb von 2 Wochen bei Ihnen zur\u00fcck<\/li>\n<li>Ein erstes Bewerbungsgespr\u00e4ch findet pers\u00f6nlich oder per Videokonferenz statt<\/li>\n<li>Ein zweites Bewerbungsgespr\u00e4ch f\u00fchren wir mit Ihnen pers\u00f6nlich vor Ort durch, alternativ gibt es einen Probearbeitstag<\/li>\n<li>Herzlich willkommen im Team von ITW Global Fasteners!<\/li>\n<\/ol>\n<h3>Interesse geweckt? Dann sollten wir uns kennenlernen. Wir freuen uns auf Ihre Initiativbewerbung, die Sie am besten direkt an den Standort Ihrer Wahl senden. Nat\u00fcrlich stehen wir Ihnen auch gerne f\u00fcr R\u00fcckfragen zur Verf\u00fcgung. Oder bewerben Sie sich einfach auf eine unserer offenen Stellen.<\/h3>\n<\/div><div class=\"fusion-clearfix\"><\/div><\/div><\/div><div class=\"fusion-layout-column fusion_builder_column fusion-builder-column-1 fusion_builder_column_1_1 1_1 fusion-one-full fusion-column-first fusion-column-last\" style=\"--awb-bg-size:cover;\"><div class=\"fusion-column-wrapper fusion-flex-column-wrapper-legacy\"><div class=\"fusion-sep-clear\"><\/div><div class=\"fusion-separator fusion-full-width-sep\" style=\"margin-left: auto;margin-right: auto;margin-top:20px;margin-bottom:20px;width:100%;\"><div class=\"fusion-separator-border sep-double\" style=\"--awb-height:20px;--awb-amount:20px;--awb-sep-color:#ffffff;border-color:#ffffff;border-top-width:1px;border-bottom-width:1px;\"><\/div><\/div><div class=\"fusion-sep-clear\"><\/div><div class=\"fusion-text fusion-text-3\"><h2 style=\"color: #790f38;\"><strong>Standorte und Ihre Ansprechpartner<\/strong><\/h2>\n<\/div><div class=\"fusion-clearfix\"><\/div><\/div><\/div><div class=\"fusion-layout-column fusion_builder_column fusion-builder-column-2 fusion_builder_column_1_2 1_2 fusion-one-half fusion-column-first\" style=\"--awb-bg-size:cover;width:50%;width:calc(50% - ( ( 4% ) * 0.5 ) );margin-right: 4%;\"><div class=\"fusion-column-wrapper fusion-flex-column-wrapper-legacy\"><div class=\"fusion-text fusion-text-4\"><h3><strong>Standort Enkenbach-Alsenborn:<\/strong><\/h3>\n<h3>ITW Fastener Products GmbH<br \/>\nThomas Hahn \/ HR<br \/>\nAm Pulverh\u00e4uschen 7<br \/>\n67677 Enkenbach-Alsenborn<\/h3>\n<h3>Tel.: +49 (0) 6303\/805-308<\/h3>\n<h3>Email: <a>ENK.bewerbungen@itwautomotive.com<\/a><\/h3>\n<\/div><div class=\"fusion-sep-clear\"><\/div><div class=\"fusion-separator fusion-full-width-sep\" style=\"margin-left: auto;margin-right: auto;margin-top:30px;margin-bottom:30px;width:100%;\"><div class=\"fusion-separator-border sep-double\" style=\"--awb-height:20px;--awb-amount:20px;border-color:#e0dede;border-top-width:1px;border-bottom-width:1px;\"><\/div><\/div><div class=\"fusion-sep-clear\"><\/div><div class=\"fusion-text fusion-text-5\"><h3><strong>Standort Creglingen:<\/strong><\/h3>\n<h3>ITW Fastener Products GmbH<br \/>\nBettina Schuster \/ HR<br \/>\nH\u00f6rle 5<br \/>\n97993 Creglingen<br \/>\nGermany<\/h3>\n<h3>Tel.: +49 (0) 7933\/977-117<\/h3>\n<h3>Email: <span data-teams=\"true\">EUGA.bewerber@itwautomotive.com<\/span><\/h3>\n<\/div><div class=\"fusion-sep-clear\"><\/div><div class=\"fusion-separator fusion-full-width-sep\" style=\"margin-left: auto;margin-right: auto;margin-top:30px;margin-bottom:30px;width:100%;\"><div class=\"fusion-separator-border sep-double\" style=\"--awb-height:20px;--awb-amount:20px;border-color:#e0dede;border-top-width:1px;border-bottom-width:1px;\"><\/div><\/div><div class=\"fusion-sep-clear\"><\/div><div class=\"fusion-text fusion-text-6\" style=\"--awb-text-transform:none;\"><h3><strong>Standort Les Franqueses:<\/strong><\/h3>\n<h3>ITW Espa\u00f1a S.L.U.<br \/>\nCristina Arango Restrepo \/ HR<br \/>\nCtra. de Ribes Km 31.7<br \/>\n08520 Les Franqueses del Vall\u00e8s (BCN)<br \/>\nSpain<\/h3>\n<h3>Email: <span data-teams=\"true\">cristina.arango@itwautomotive.com<\/span><\/h3>\n<\/div><div class=\"fusion-clearfix\"><\/div><\/div><\/div><div class=\"fusion-layout-column fusion_builder_column fusion-builder-column-3 fusion_builder_column_1_2 1_2 fusion-one-half fusion-column-last\" style=\"--awb-bg-size:cover;width:50%;width:calc(50% - ( ( 4% ) * 0.5 ) );\"><div class=\"fusion-column-wrapper fusion-flex-column-wrapper-legacy\"><div class=\"fusion-sep-clear\"><\/div><div class=\"fusion-separator fusion-full-width-sep\" style=\"margin-left: auto;margin-right: auto;margin-top:10px;margin-bottom:30px;width:100%;\"><\/div><div class=\"fusion-sep-clear\"><\/div><div class=\"fusion-text fusion-text-7\"><p><img decoding=\"async\" class=\"aligncenter size-full wp-image-13615\" src=\"https:\/\/itw-fasteners.com\/wp-content\/uploads\/2018\/06\/ENKENBACH.jpg\" alt=\"\" width=\"900\" height=\"450\" srcset=\"https:\/\/www.itw-fasteners.com\/wp-content\/uploads\/2018\/06\/ENKENBACH-200x100.jpg 200w, https:\/\/www.itw-fasteners.com\/wp-content\/uploads\/2018\/06\/ENKENBACH-300x150.jpg 300w, https:\/\/www.itw-fasteners.com\/wp-content\/uploads\/2018\/06\/ENKENBACH-400x200.jpg 400w, https:\/\/www.itw-fasteners.com\/wp-content\/uploads\/2018\/06\/ENKENBACH-600x300.jpg 600w, https:\/\/www.itw-fasteners.com\/wp-content\/uploads\/2018\/06\/ENKENBACH-768x384.jpg 768w, https:\/\/www.itw-fasteners.com\/wp-content\/uploads\/2018\/06\/ENKENBACH-800x400.jpg 800w, https:\/\/www.itw-fasteners.com\/wp-content\/uploads\/2018\/06\/ENKENBACH.jpg 900w\" sizes=\"(max-width: 900px) 100vw, 900px\" \/><\/p>\n<\/div><div class=\"fusion-sep-clear\"><\/div><div class=\"fusion-separator fusion-full-width-sep\" style=\"margin-left: auto;margin-right: auto;margin-top:40px;margin-bottom:30px;width:100%;\"><\/div><div class=\"fusion-sep-clear\"><\/div><div class=\"fusion-text fusion-text-8\"><p><img decoding=\"async\" class=\"aligncenter size-full wp-image-13591\" src=\"https:\/\/itw-fasteners.com\/wp-content\/uploads\/2018\/06\/Creglingen1.jpg\" alt=\"\" width=\"900\" height=\"450\" srcset=\"https:\/\/www.itw-fasteners.com\/wp-content\/uploads\/2018\/06\/Creglingen1-200x100.jpg 200w, https:\/\/www.itw-fasteners.com\/wp-content\/uploads\/2018\/06\/Creglingen1-300x150.jpg 300w, https:\/\/www.itw-fasteners.com\/wp-content\/uploads\/2018\/06\/Creglingen1-400x200.jpg 400w, https:\/\/www.itw-fasteners.com\/wp-content\/uploads\/2018\/06\/Creglingen1-600x300.jpg 600w, https:\/\/www.itw-fasteners.com\/wp-content\/uploads\/2018\/06\/Creglingen1-768x384.jpg 768w, https:\/\/www.itw-fasteners.com\/wp-content\/uploads\/2018\/06\/Creglingen1-800x400.jpg 800w, https:\/\/www.itw-fasteners.com\/wp-content\/uploads\/2018\/06\/Creglingen1.jpg 900w\" sizes=\"(max-width: 900px) 100vw, 900px\" \/><\/p>\n<\/div><div class=\"fusion-sep-clear\"><\/div><div class=\"fusion-separator fusion-full-width-sep\" style=\"margin-left: auto;margin-right: auto;margin-top:80px;margin-bottom:30px;width:100%;\"><\/div><div class=\"fusion-sep-clear\"><\/div><div class=\"fusion-text fusion-text-9\" style=\"--awb-text-transform:none;\"><p><img decoding=\"async\" class=\"alignnone wp-image-13664 size-full\" src=\"https:\/\/www.itw-fasteners.com\/wp-content\/uploads\/2018\/06\/Les-Franqueses.jpg\" alt=\"\" width=\"900\" height=\"450\" srcset=\"https:\/\/www.itw-fasteners.com\/wp-content\/uploads\/2018\/06\/Les-Franqueses-200x100.jpg 200w, https:\/\/www.itw-fasteners.com\/wp-content\/uploads\/2018\/06\/Les-Franqueses-300x150.jpg 300w, https:\/\/www.itw-fasteners.com\/wp-content\/uploads\/2018\/06\/Les-Franqueses.jpg 381w\" sizes=\"(max-width: 900px) 100vw, 900px\" \/><\/p>\n<\/div><div class=\"fusion-clearfix\"><\/div><\/div><\/div><div class=\"fusion-layout-column fusion_builder_column fusion-builder-column-4 fusion_builder_column_1_1 1_1 fusion-one-full fusion-column-first fusion-column-last\" style=\"--awb-bg-size:cover;\"><div class=\"fusion-column-wrapper fusion-flex-column-wrapper-legacy\"><div class=\"fusion-sep-clear\"><\/div><div class=\"fusion-separator fusion-full-width-sep\" style=\"margin-left: auto;margin-right: auto;margin-top:20px;margin-bottom:20px;width:100%;\"><div class=\"fusion-separator-border sep-double\" style=\"--awb-height:20px;--awb-amount:20px;border-color:#e0dede;border-top-width:1px;border-bottom-width:1px;\"><\/div><\/div><div class=\"fusion-sep-clear\"><\/div><div class=\"fusion-text fusion-text-10\"><h4>Bitte beachten Sie unsere <span style=\"color: #333333;\"><strong><em><a class=\"internal-link\" style=\"color: #333333;\" title=\"Opens internal link in current window\" href=\"\/datenschutzhinweis_bewerber\/\" target=\"_blank\" rel=\"noopener\">&#8211;&gt;Datenschutz-Hinweise f\u00fcr Bewerber<\/a>!<\/em><\/strong><\/span><\/h4>\n<\/div><div class=\"fusion-clearfix\"><\/div><\/div><\/div><\/div><\/div>\n","protected":false},"excerpt":{"rendered":"","protected":false},"author":3,"featured_media":0,"parent":0,"menu_order":0,"comment_status":"closed","ping_status":"closed","template":"100-width.php","meta":{"footnotes":""},"class_list":["post-14701","page","type-page","status-publish","hentry"],"yoast_head":"<!-- This site is optimized with the Yoast SEO plugin v27.3 - https:\/\/yoast.com\/product\/yoast-seo-wordpress\/ -->\n<title>Bewerbungsprozess - ITW<\/title>\n<meta name=\"robots\" content=\"index, follow, max-snippet:-1, max-image-preview:large, max-video-preview:-1\" \/>\n<link rel=\"canonical\" href=\"https:\/\/www.itw-fasteners.com\/de\/bewerbungsprozess\/\" \/>\n<meta property=\"og:locale\" content=\"de_DE\" \/>\n<meta property=\"og:type\" content=\"article\" \/>\n<meta property=\"og:title\" content=\"Bewerbungsprozess - ITW\" \/>\n<meta property=\"og:url\" content=\"https:\/\/www.itw-fasteners.com\/de\/bewerbungsprozess\/\" \/>\n<meta property=\"og:site_name\" content=\"ITW\" \/>\n<meta property=\"article:modified_time\" content=\"2026-03-04T14:23:29+00:00\" \/>\n<meta property=\"og:image\" content=\"https:\/\/www.itw-fasteners.com\/wp-content\/uploads\/2018\/06\/ENKENBACH.jpg\" \/>\n\t<meta property=\"og:image:width\" content=\"900\" \/>\n\t<meta property=\"og:image:height\" content=\"450\" \/>\n\t<meta property=\"og:image:type\" content=\"image\/jpeg\" \/>\n<meta name=\"twitter:card\" content=\"summary_large_image\" \/>\n<meta name=\"twitter:label1\" content=\"Gesch\u00e4tzte Lesezeit\" \/>\n\t<meta name=\"twitter:data1\" content=\"3\u00a0Minuten\" \/>\n<script type=\"application\/ld+json\" class=\"yoast-schema-graph\">{\"@context\":\"https:\\\/\\\/schema.org\",\"@graph\":[{\"@type\":\"WebPage\",\"@id\":\"https:\\\/\\\/www.itw-fasteners.com\\\/de\\\/bewerbungsprozess\\\/\",\"url\":\"https:\\\/\\\/www.itw-fasteners.com\\\/de\\\/bewerbungsprozess\\\/\",\"name\":\"Bewerbungsprozess - ITW\",\"isPartOf\":{\"@id\":\"https:\\\/\\\/www.itw-fasteners.com\\\/de\\\/#website\"},\"primaryImageOfPage\":{\"@id\":\"https:\\\/\\\/www.itw-fasteners.com\\\/de\\\/bewerbungsprozess\\\/#primaryimage\"},\"image\":{\"@id\":\"https:\\\/\\\/www.itw-fasteners.com\\\/de\\\/bewerbungsprozess\\\/#primaryimage\"},\"thumbnailUrl\":\"https:\\\/\\\/itw-fasteners.com\\\/wp-content\\\/uploads\\\/2018\\\/06\\\/ENKENBACH.jpg\",\"datePublished\":\"2018-11-29T15:18:57+00:00\",\"dateModified\":\"2026-03-04T14:23:29+00:00\",\"breadcrumb\":{\"@id\":\"https:\\\/\\\/www.itw-fasteners.com\\\/de\\\/bewerbungsprozess\\\/#breadcrumb\"},\"inLanguage\":\"de\",\"potentialAction\":[{\"@type\":\"ReadAction\",\"target\":[\"https:\\\/\\\/www.itw-fasteners.com\\\/de\\\/bewerbungsprozess\\\/\"]}]},{\"@type\":\"ImageObject\",\"inLanguage\":\"de\",\"@id\":\"https:\\\/\\\/www.itw-fasteners.com\\\/de\\\/bewerbungsprozess\\\/#primaryimage\",\"url\":\"https:\\\/\\\/itw-fasteners.com\\\/wp-content\\\/uploads\\\/2018\\\/06\\\/ENKENBACH.jpg\",\"contentUrl\":\"https:\\\/\\\/itw-fasteners.com\\\/wp-content\\\/uploads\\\/2018\\\/06\\\/ENKENBACH.jpg\"},{\"@type\":\"BreadcrumbList\",\"@id\":\"https:\\\/\\\/www.itw-fasteners.com\\\/de\\\/bewerbungsprozess\\\/#breadcrumb\",\"itemListElement\":[{\"@type\":\"ListItem\",\"position\":1,\"name\":\"Home\",\"item\":\"https:\\\/\\\/www.itw-fasteners.com\\\/de\\\/\"},{\"@type\":\"ListItem\",\"position\":2,\"name\":\"Bewerbungsprozess\"}]},{\"@type\":\"WebSite\",\"@id\":\"https:\\\/\\\/www.itw-fasteners.com\\\/de\\\/#website\",\"url\":\"https:\\\/\\\/www.itw-fasteners.com\\\/de\\\/\",\"name\":\"ITW Fasteners\",\"description\":\"\",\"publisher\":{\"@id\":\"https:\\\/\\\/www.itw-fasteners.com\\\/de\\\/#organization\"},\"potentialAction\":[{\"@type\":\"SearchAction\",\"target\":{\"@type\":\"EntryPoint\",\"urlTemplate\":\"https:\\\/\\\/www.itw-fasteners.com\\\/de\\\/?s={search_term_string}\"},\"query-input\":{\"@type\":\"PropertyValueSpecification\",\"valueRequired\":true,\"valueName\":\"search_term_string\"}}],\"inLanguage\":\"de\"},{\"@type\":\"Organization\",\"@id\":\"https:\\\/\\\/www.itw-fasteners.com\\\/de\\\/#organization\",\"name\":\"ITW Fasteners\",\"url\":\"https:\\\/\\\/www.itw-fasteners.com\\\/de\\\/\",\"logo\":{\"@type\":\"ImageObject\",\"inLanguage\":\"de\",\"@id\":\"https:\\\/\\\/www.itw-fasteners.com\\\/de\\\/#\\\/schema\\\/logo\\\/image\\\/\",\"url\":\"https:\\\/\\\/www.itw-fasteners.com\\\/wp-content\\\/uploads\\\/2022\\\/06\\\/ITW_Logo_GF_Maroon_CMYK.png\",\"contentUrl\":\"https:\\\/\\\/www.itw-fasteners.com\\\/wp-content\\\/uploads\\\/2022\\\/06\\\/ITW_Logo_GF_Maroon_CMYK.png\",\"width\":2132,\"height\":1057,\"caption\":\"ITW Fasteners\"},\"image\":{\"@id\":\"https:\\\/\\\/www.itw-fasteners.com\\\/de\\\/#\\\/schema\\\/logo\\\/image\\\/\"}}]}<\/script>\n<!-- \/ Yoast SEO plugin. -->","yoast_head_json":{"title":"Bewerbungsprozess - ITW","robots":{"index":"index","follow":"follow","max-snippet":"max-snippet:-1","max-image-preview":"max-image-preview:large","max-video-preview":"max-video-preview:-1"},"canonical":"https:\/\/www.itw-fasteners.com\/de\/bewerbungsprozess\/","og_locale":"de_DE","og_type":"article","og_title":"Bewerbungsprozess - ITW","og_url":"https:\/\/www.itw-fasteners.com\/de\/bewerbungsprozess\/","og_site_name":"ITW","article_modified_time":"2026-03-04T14:23:29+00:00","og_image":[{"width":900,"height":450,"url":"https:\/\/www.itw-fasteners.com\/wp-content\/uploads\/2018\/06\/ENKENBACH.jpg","type":"image\/jpeg"}],"twitter_card":"summary_large_image","twitter_misc":{"Gesch\u00e4tzte Lesezeit":"3\u00a0Minuten"},"schema":{"@context":"https:\/\/schema.org","@graph":[{"@type":"WebPage","@id":"https:\/\/www.itw-fasteners.com\/de\/bewerbungsprozess\/","url":"https:\/\/www.itw-fasteners.com\/de\/bewerbungsprozess\/","name":"Bewerbungsprozess - ITW","isPartOf":{"@id":"https:\/\/www.itw-fasteners.com\/de\/#website"},"primaryImageOfPage":{"@id":"https:\/\/www.itw-fasteners.com\/de\/bewerbungsprozess\/#primaryimage"},"image":{"@id":"https:\/\/www.itw-fasteners.com\/de\/bewerbungsprozess\/#primaryimage"},"thumbnailUrl":"https:\/\/itw-fasteners.com\/wp-content\/uploads\/2018\/06\/ENKENBACH.jpg","datePublished":"2018-11-29T15:18:57+00:00","dateModified":"2026-03-04T14:23:29+00:00","breadcrumb":{"@id":"https:\/\/www.itw-fasteners.com\/de\/bewerbungsprozess\/#breadcrumb"},"inLanguage":"de","potentialAction":[{"@type":"ReadAction","target":["https:\/\/www.itw-fasteners.com\/de\/bewerbungsprozess\/"]}]},{"@type":"ImageObject","inLanguage":"de","@id":"https:\/\/www.itw-fasteners.com\/de\/bewerbungsprozess\/#primaryimage","url":"https:\/\/itw-fasteners.com\/wp-content\/uploads\/2018\/06\/ENKENBACH.jpg","contentUrl":"https:\/\/itw-fasteners.com\/wp-content\/uploads\/2018\/06\/ENKENBACH.jpg"},{"@type":"BreadcrumbList","@id":"https:\/\/www.itw-fasteners.com\/de\/bewerbungsprozess\/#breadcrumb","itemListElement":[{"@type":"ListItem","position":1,"name":"Home","item":"https:\/\/www.itw-fasteners.com\/de\/"},{"@type":"ListItem","position":2,"name":"Bewerbungsprozess"}]},{"@type":"WebSite","@id":"https:\/\/www.itw-fasteners.com\/de\/#website","url":"https:\/\/www.itw-fasteners.com\/de\/","name":"ITW Fasteners","description":"","publisher":{"@id":"https:\/\/www.itw-fasteners.com\/de\/#organization"},"potentialAction":[{"@type":"SearchAction","target":{"@type":"EntryPoint","urlTemplate":"https:\/\/www.itw-fasteners.com\/de\/?s={search_term_string}"},"query-input":{"@type":"PropertyValueSpecification","valueRequired":true,"valueName":"search_term_string"}}],"inLanguage":"de"},{"@type":"Organization","@id":"https:\/\/www.itw-fasteners.com\/de\/#organization","name":"ITW Fasteners","url":"https:\/\/www.itw-fasteners.com\/de\/","logo":{"@type":"ImageObject","inLanguage":"de","@id":"https:\/\/www.itw-fasteners.com\/de\/#\/schema\/logo\/image\/","url":"https:\/\/www.itw-fasteners.com\/wp-content\/uploads\/2022\/06\/ITW_Logo_GF_Maroon_CMYK.png","contentUrl":"https:\/\/www.itw-fasteners.com\/wp-content\/uploads\/2022\/06\/ITW_Logo_GF_Maroon_CMYK.png","width":2132,"height":1057,"caption":"ITW Fasteners"},"image":{"@id":"https:\/\/www.itw-fasteners.com\/de\/#\/schema\/logo\/image\/"}}]}},"_links":{"self":[{"href":"https:\/\/www.itw-fasteners.com\/de\/wp-json\/wp\/v2\/pages\/14701","targetHints":{"allow":["GET"]}}],"collection":[{"href":"https:\/\/www.itw-fasteners.com\/de\/wp-json\/wp\/v2\/pages"}],"about":[{"href":"https:\/\/www.itw-fasteners.com\/de\/wp-json\/wp\/v2\/types\/page"}],"author":[{"embeddable":true,"href":"https:\/\/www.itw-fasteners.com\/de\/wp-json\/wp\/v2\/users\/3"}],"replies":[{"embeddable":true,"href":"https:\/\/www.itw-fasteners.com\/de\/wp-json\/wp\/v2\/comments?post=14701"}],"version-history":[{"count":48,"href":"https:\/\/www.itw-fasteners.com\/de\/wp-json\/wp\/v2\/pages\/14701\/revisions"}],"predecessor-version":[{"id":27548,"href":"https:\/\/www.itw-fasteners.com\/de\/wp-json\/wp\/v2\/pages\/14701\/revisions\/27548"}],"wp:attachment":[{"href":"https:\/\/www.itw-fasteners.com\/de\/wp-json\/wp\/v2\/media?parent=14701"}],"curies":[{"name":"wp","href":"https:\/\/api.w.org\/{rel}","templated":true}]}}