{"id":14874,"date":"2018-12-19T10:43:49","date_gmt":"2018-12-19T09:43:49","guid":{"rendered":"http:\/\/itw.aktivcomm-server.de\/?page_id=14874"},"modified":"2022-04-20T15:04:35","modified_gmt":"2022-04-20T13:04:35","slug":"kompetenzen","status":"publish","type":"page","link":"https:\/\/www.itw-fasteners.com\/de\/kompetenzen\/","title":{"rendered":"Kompetenzen"},"content":{"rendered":"<p><div class=\"fusion-fullwidth fullwidth-box fusion-builder-row-1 nonhundred-percent-fullwidth non-hundred-percent-height-scrolling\" style=\"--awb-border-radius-top-left:0px;--awb-border-radius-top-right:0px;--awb-border-radius-bottom-right:0px;--awb-border-radius-bottom-left:0px;--awb-flex-wrap:wrap;\" ><div class=\"fusion-builder-row fusion-row\"><div class=\"fusion-layout-column fusion_builder_column fusion-builder-column-0 fusion_builder_column_1_1 1_1 fusion-one-full fusion-column-first fusion-column-last\" style=\"--awb-bg-size:cover;\"><div class=\"fusion-column-wrapper fusion-flex-column-wrapper-legacy\"><div class=\"fusion-text fusion-text-1\"><h3>Wir bieten ein durchg\u00e4ngiges und termin\u00fcberwachtes Konzept, angefangen bei der Bauteile-Entwicklung, der Bereitstellung von Prototypen, der\u00a0Werkzeugplanung bis hin zur manuellen oder vollautomatischen Montage.<\/h3>\n<h3>Unsere Projektingenieure entwickeln zukunftsweisende L\u00f6sungen\u00a0f\u00fcr verschiedenste Anwendungsgebiete im Automobilbereich.<\/h3>\n<h3>Es gibt heute kaum ein Fahrzeug, in dem nicht ein Teil konsequenter Ingenieurleistung und ausgereifter Produktqualit\u00e4t von ITW\u00a0steckt.<\/h3>\n<\/div><div class=\"fusion-sep-clear\"><\/div><div class=\"fusion-separator fusion-full-width-sep\" style=\"margin-left: auto;margin-right: auto;margin-top:25px;width:100%;\"><\/div><div class=\"fusion-sep-clear\"><\/div><div class=\"fusion-clearfix\"><\/div><\/div><\/div><\/div><\/div><div class=\"fusion-fullwidth fullwidth-box fusion-builder-row-2 nonhundred-percent-fullwidth non-hundred-percent-height-scrolling\" style=\"--awb-border-radius-top-left:0px;--awb-border-radius-top-right:0px;--awb-border-radius-bottom-right:0px;--awb-border-radius-bottom-left:0px;--awb-background-color:#e2e2e2;--awb-flex-wrap:wrap;\" ><div class=\"fusion-builder-row fusion-row\"><div class=\"fusion-layout-column fusion_builder_column fusion-builder-column-1 fusion_builder_column_2_3 2_3 fusion-two-third fusion-column-first\" style=\"--awb-bg-size:cover;width:66.666666666667%;width:calc(66.666666666667% - ( ( 4% ) * 0.66666666666667 ) );margin-right: 4%;\"><div class=\"fusion-column-wrapper fusion-flex-column-wrapper-legacy\"><div class=\"fusion-sep-clear\"><\/div><div class=\"fusion-separator fusion-full-width-sep\" style=\"margin-left: auto;margin-right: auto;margin-top:40px;margin-bottom:18px;width:100%;\"><\/div><div class=\"fusion-sep-clear\"><\/div><div class=\"fusion-text fusion-text-2\"><h1>Entwicklung<\/h1>\n<\/div><div class=\"fusion-image-element in-legacy-container\" style=\"--awb-caption-title-font-family:var(--h2_typography-font-family);--awb-caption-title-font-weight:var(--h2_typography-font-weight);--awb-caption-title-font-style:var(--h2_typography-font-style);--awb-caption-title-size:var(--h2_typography-font-size);--awb-caption-title-transform:var(--h2_typography-text-transform);--awb-caption-title-line-height:var(--h2_typography-line-height);--awb-caption-title-letter-spacing:var(--h2_typography-letter-spacing);\"><span class=\" fusion-imageframe imageframe-none imageframe-1 hover-type-none\" style=\"border:2px solid #f6f6f6;\"><img decoding=\"async\" width=\"800\" height=\"533\" alt=\"Engineering\" title=\"Engineering\" src=\"https:\/\/itw-fasteners.com\/wp-content\/uploads\/2018\/06\/Engineering-800x533.jpg\" class=\"img-responsive wp-image-13523\" srcset=\"https:\/\/www.itw-fasteners.com\/wp-content\/uploads\/2018\/06\/Engineering-200x133.jpg 200w, https:\/\/www.itw-fasteners.com\/wp-content\/uploads\/2018\/06\/Engineering-400x267.jpg 400w, https:\/\/www.itw-fasteners.com\/wp-content\/uploads\/2018\/06\/Engineering-600x400.jpg 600w, https:\/\/www.itw-fasteners.com\/wp-content\/uploads\/2018\/06\/Engineering-800x533.jpg 800w, https:\/\/www.itw-fasteners.com\/wp-content\/uploads\/2018\/06\/Engineering.jpg 1200w\" sizes=\"(max-width: 800px) 100vw, 800px\" \/><\/span><\/div><div class=\"fusion-sep-clear\"><\/div><div class=\"fusion-separator fusion-full-width-sep\" style=\"margin-left: auto;margin-right: auto;margin-top:40px;margin-bottom:40px;width:100%;\"><\/div><div class=\"fusion-sep-clear\"><\/div><div class=\"fusion-clearfix\"><\/div><\/div><\/div><div class=\"fusion-layout-column fusion_builder_column fusion-builder-column-2 fusion_builder_column_1_3 1_3 fusion-one-third fusion-column-last\" style=\"--awb-bg-size:cover;width:33.333333333333%;width:calc(33.333333333333% - ( ( 4% ) * 0.33333333333333 ) );\"><div class=\"fusion-column-wrapper fusion-flex-column-wrapper-legacy\"><div class=\"fusion-sep-clear\"><\/div><div class=\"fusion-separator fusion-full-width-sep\" style=\"margin-left: auto;margin-right: auto;margin-top:125px;width:100%;\"><\/div><div class=\"fusion-sep-clear\"><\/div><div class=\"fusion-text fusion-text-3\" style=\"--awb-text-transform:none;\"><h3>Unser Grundsatz:<br \/>\nWir entwickeln gemeinsam mit dem Kunden.<\/h3>\n<h3>Das bedeutet, dass wir von Anfang an\u00a0einen offenen Austausch pflegen, zuh\u00f6ren, mitdenken\u00a0und\u00a0uns als kreativen Partner und Berater verstehen.<\/h3>\n<h3>Mit unserer gro\u00dfen Erfahrung und unserem Know-how finden wir eine L\u00f6sung, die optimal zu Ihren jeweiligen Anforderungen passt. Versprochen.<\/h3>\n<\/div><div class=\"fusion-clearfix\"><\/div><\/div><\/div><div class=\"fusion-layout-column fusion_builder_column fusion-builder-column-3 fusion_builder_column_2_3 2_3 fusion-two-third fusion-column-first\" style=\"--awb-bg-size:cover;width:66.666666666667%;width:calc(66.666666666667% - ( ( 4% ) * 0.66666666666667 ) );margin-right: 4%;\"><div class=\"fusion-column-wrapper fusion-flex-column-wrapper-legacy\"><div class=\"fusion-text fusion-text-4\"><h1>Werkzeugkonstruktion<\/h1>\n<\/div><div class=\"fusion-image-element in-legacy-container\" style=\"--awb-caption-title-font-family:var(--h2_typography-font-family);--awb-caption-title-font-weight:var(--h2_typography-font-weight);--awb-caption-title-font-style:var(--h2_typography-font-style);--awb-caption-title-size:var(--h2_typography-font-size);--awb-caption-title-transform:var(--h2_typography-text-transform);--awb-caption-title-line-height:var(--h2_typography-line-height);--awb-caption-title-letter-spacing:var(--h2_typography-letter-spacing);\"><span class=\" fusion-imageframe imageframe-none imageframe-2 hover-type-none\" style=\"border:2px solid #f6f6f6;\"><img decoding=\"async\" width=\"800\" height=\"543\" title=\"Werkzeugbau\" src=\"https:\/\/itw-fasteners.com\/wp-content\/uploads\/2018\/07\/Werkzeugbau-800x543.jpg\" alt class=\"img-responsive wp-image-13931\" srcset=\"https:\/\/www.itw-fasteners.com\/wp-content\/uploads\/2018\/07\/Werkzeugbau-200x136.jpg 200w, https:\/\/www.itw-fasteners.com\/wp-content\/uploads\/2018\/07\/Werkzeugbau-400x272.jpg 400w, https:\/\/www.itw-fasteners.com\/wp-content\/uploads\/2018\/07\/Werkzeugbau-600x407.jpg 600w, https:\/\/www.itw-fasteners.com\/wp-content\/uploads\/2018\/07\/Werkzeugbau-800x543.jpg 800w, https:\/\/www.itw-fasteners.com\/wp-content\/uploads\/2018\/07\/Werkzeugbau-1200x815.jpg 1200w, https:\/\/www.itw-fasteners.com\/wp-content\/uploads\/2018\/07\/Werkzeugbau.jpg 1620w\" sizes=\"(max-width: 800px) 100vw, 800px\" \/><\/span><\/div><div class=\"fusion-sep-clear\"><\/div><div class=\"fusion-separator fusion-full-width-sep\" style=\"margin-left: auto;margin-right: auto;margin-top:40px;margin-bottom:40px;width:100%;\"><\/div><div class=\"fusion-sep-clear\"><\/div><div class=\"fusion-clearfix\"><\/div><\/div><\/div><div class=\"fusion-layout-column fusion_builder_column fusion-builder-column-4 fusion_builder_column_1_3 1_3 fusion-one-third fusion-column-last\" style=\"--awb-bg-size:cover;width:33.333333333333%;width:calc(33.333333333333% - ( ( 4% ) * 0.33333333333333 ) );\"><div class=\"fusion-column-wrapper fusion-flex-column-wrapper-legacy\"><div class=\"fusion-sep-clear\"><\/div><div class=\"fusion-separator fusion-full-width-sep\" style=\"margin-left: auto;margin-right: auto;margin-top:65px;width:100%;\"><\/div><div class=\"fusion-sep-clear\"><\/div><div class=\"fusion-text fusion-text-5\"><h3>Nur mit dem richtigen Werkzeug l\u00e4sst sich ein Werkstoff perfekt verarbeiten.<\/h3>\n<h3>Auf Basis der langj\u00e4hrigen Erfahrung unserer qualifizierten Mitarbeiter erstellen wir kunststoffgerechte Konstruktionen in 3D.<\/h3>\n<h3>Der Fokus liegt hierbei stets auf Qualit\u00e4t und Pr\u00e4zision.<\/h3>\n<\/div><div class=\"fusion-clearfix\"><\/div><\/div><\/div><div class=\"fusion-layout-column fusion_builder_column fusion-builder-column-5 fusion_builder_column_2_3 2_3 fusion-two-third fusion-column-first\" style=\"--awb-bg-size:cover;width:66.666666666667%;width:calc(66.666666666667% - ( ( 4% ) * 0.66666666666667 ) );margin-right: 4%;\"><div class=\"fusion-column-wrapper fusion-flex-column-wrapper-legacy\"><div class=\"fusion-text fusion-text-6\"><h1>Produktion<\/h1>\n<\/div><div class=\"fusion-image-element in-legacy-container\" style=\"--awb-caption-title-font-family:var(--h2_typography-font-family);--awb-caption-title-font-weight:var(--h2_typography-font-weight);--awb-caption-title-font-style:var(--h2_typography-font-style);--awb-caption-title-size:var(--h2_typography-font-size);--awb-caption-title-transform:var(--h2_typography-text-transform);--awb-caption-title-line-height:var(--h2_typography-line-height);--awb-caption-title-letter-spacing:var(--h2_typography-letter-spacing);\"><span class=\" fusion-imageframe imageframe-none imageframe-3 hover-type-none\" style=\"border:2px solid #f6f6f6;\"><img decoding=\"async\" width=\"800\" height=\"508\" title=\"Produktion\" src=\"https:\/\/itw-fasteners.com\/wp-content\/uploads\/2018\/12\/Produktion-800x508.jpg\" alt class=\"img-responsive wp-image-14923\" srcset=\"https:\/\/www.itw-fasteners.com\/wp-content\/uploads\/2018\/12\/Produktion-200x127.jpg 200w, https:\/\/www.itw-fasteners.com\/wp-content\/uploads\/2018\/12\/Produktion-400x254.jpg 400w, https:\/\/www.itw-fasteners.com\/wp-content\/uploads\/2018\/12\/Produktion-600x381.jpg 600w, https:\/\/www.itw-fasteners.com\/wp-content\/uploads\/2018\/12\/Produktion-800x508.jpg 800w, https:\/\/www.itw-fasteners.com\/wp-content\/uploads\/2018\/12\/Produktion-1200x763.jpg 1200w, https:\/\/www.itw-fasteners.com\/wp-content\/uploads\/2018\/12\/Produktion.jpg 1567w\" sizes=\"(max-width: 800px) 100vw, 800px\" \/><\/span><\/div><div class=\"fusion-sep-clear\"><\/div><div class=\"fusion-separator fusion-full-width-sep\" style=\"margin-left: auto;margin-right: auto;margin-top:40px;margin-bottom:40px;width:100%;\"><\/div><div class=\"fusion-sep-clear\"><\/div><div class=\"fusion-clearfix\"><\/div><\/div><\/div><div class=\"fusion-layout-column fusion_builder_column fusion-builder-column-6 fusion_builder_column_1_3 1_3 fusion-one-third fusion-column-last\" style=\"--awb-bg-size:cover;width:33.333333333333%;width:calc(33.333333333333% - ( ( 4% ) * 0.33333333333333 ) );\"><div class=\"fusion-column-wrapper fusion-flex-column-wrapper-legacy\"><div class=\"fusion-sep-clear\"><\/div><div class=\"fusion-separator fusion-full-width-sep\" style=\"margin-left: auto;margin-right: auto;margin-top:65px;width:100%;\"><\/div><div class=\"fusion-sep-clear\"><\/div><div class=\"fusion-text fusion-text-7\"><h3>Ein moderner Maschinenpark, vollautomatische Montageanlagen, ausgekl\u00fcgelte Fertigungsverfahren und hochentwickelte Techniken der Qualit\u00e4tssicherung sorgen f\u00fcr die schnelle, pr\u00e4zise und extrem zuverl\u00e4ssige Fertigung Ihrer Teile.<\/h3>\n<\/div><div class=\"fusion-clearfix\"><\/div><\/div><\/div><div class=\"fusion-layout-column fusion_builder_column fusion-builder-column-7 fusion_builder_column_2_3 2_3 fusion-two-third fusion-column-first\" style=\"--awb-bg-size:cover;width:66.666666666667%;width:calc(66.666666666667% - ( ( 4% ) * 0.66666666666667 ) );margin-right: 4%;\"><div class=\"fusion-column-wrapper fusion-flex-column-wrapper-legacy\"><div class=\"fusion-text fusion-text-8\"><h1>Logistik<\/h1>\n<\/div><div class=\"fusion-image-element in-legacy-container\" style=\"--awb-caption-title-font-family:var(--h2_typography-font-family);--awb-caption-title-font-weight:var(--h2_typography-font-weight);--awb-caption-title-font-style:var(--h2_typography-font-style);--awb-caption-title-size:var(--h2_typography-font-size);--awb-caption-title-transform:var(--h2_typography-text-transform);--awb-caption-title-line-height:var(--h2_typography-line-height);--awb-caption-title-letter-spacing:var(--h2_typography-letter-spacing);\"><span class=\" fusion-imageframe imageframe-none imageframe-4 hover-type-none\" style=\"border:2px solid #f6f6f6;\"><img decoding=\"async\" width=\"800\" height=\"531\" title=\"Logistik_KLT\" src=\"https:\/\/itw-fasteners.com\/wp-content\/uploads\/2018\/12\/Logistik_KLT-800x531.jpg\" alt class=\"img-responsive wp-image-14927\" srcset=\"https:\/\/www.itw-fasteners.com\/wp-content\/uploads\/2018\/12\/Logistik_KLT-200x133.jpg 200w, https:\/\/www.itw-fasteners.com\/wp-content\/uploads\/2018\/12\/Logistik_KLT-400x266.jpg 400w, https:\/\/www.itw-fasteners.com\/wp-content\/uploads\/2018\/12\/Logistik_KLT-600x399.jpg 600w, https:\/\/www.itw-fasteners.com\/wp-content\/uploads\/2018\/12\/Logistik_KLT-800x531.jpg 800w, https:\/\/www.itw-fasteners.com\/wp-content\/uploads\/2018\/12\/Logistik_KLT-1200x797.jpg 1200w, https:\/\/www.itw-fasteners.com\/wp-content\/uploads\/2018\/12\/Logistik_KLT.jpg 4288w\" sizes=\"(max-width: 800px) 100vw, 800px\" \/><\/span><\/div><div class=\"fusion-sep-clear\"><\/div><div class=\"fusion-separator fusion-full-width-sep\" style=\"margin-left: auto;margin-right: auto;margin-top:40px;margin-bottom:40px;width:100%;\"><\/div><div class=\"fusion-sep-clear\"><\/div><div class=\"fusion-clearfix\"><\/div><\/div><\/div><div class=\"fusion-layout-column fusion_builder_column fusion-builder-column-8 fusion_builder_column_1_3 1_3 fusion-one-third fusion-column-last\" style=\"--awb-bg-size:cover;width:33.333333333333%;width:calc(33.333333333333% - ( ( 4% ) * 0.33333333333333 ) );\"><div class=\"fusion-column-wrapper fusion-flex-column-wrapper-legacy\"><div class=\"fusion-sep-clear\"><\/div><div class=\"fusion-separator fusion-full-width-sep\" style=\"margin-left: auto;margin-right: auto;margin-top:65px;width:100%;\"><\/div><div class=\"fusion-sep-clear\"><\/div><div class=\"fusion-text fusion-text-9\"><h3>Eine optimale Abstimmung auf die Prozesse unserer Kunden und absolute Verl\u00e4sslichkeit bei der Lieferung verstehen sich f\u00fcr uns von selbst.<\/h3>\n<\/div><div class=\"fusion-clearfix\"><\/div><\/div><\/div><div class=\"fusion-layout-column fusion_builder_column fusion-builder-column-9 fusion_builder_column_1_1 1_1 fusion-one-full fusion-column-first fusion-column-last\" style=\"--awb-bg-size:cover;\"><div class=\"fusion-column-wrapper fusion-flex-column-wrapper-legacy\"><div class=\"fusion-clearfix\"><\/div><\/div><\/div><\/div><\/div><div class=\"fusion-fullwidth fullwidth-box fusion-builder-row-3 nonhundred-percent-fullwidth non-hundred-percent-height-scrolling\" style=\"--awb-border-radius-top-left:0px;--awb-border-radius-top-right:0px;--awb-border-radius-bottom-right:0px;--awb-border-radius-bottom-left:0px;--awb-flex-wrap:wrap;\" ><div class=\"fusion-builder-row fusion-row\"><div class=\"fusion-layout-column fusion_builder_column fusion-builder-column-10 fusion_builder_column_1_1 1_1 fusion-one-full fusion-column-first fusion-column-last\" style=\"--awb-bg-size:cover;\"><div class=\"fusion-column-wrapper fusion-flex-column-wrapper-legacy\"><div class=\"fusion-sep-clear\"><\/div><div class=\"fusion-separator fusion-full-width-sep\" style=\"margin-left: auto;margin-right: auto;margin-top:25px;width:100%;\"><\/div><div class=\"fusion-sep-clear\"><\/div><div class=\"fusion-text fusion-text-10\"><h1>INNOVATION MADE BY ITW<\/h1>\n<\/div><div class=\"fusion-image-element in-legacy-container\" style=\"--awb-caption-title-font-family:var(--h2_typography-font-family);--awb-caption-title-font-weight:var(--h2_typography-font-weight);--awb-caption-title-font-style:var(--h2_typography-font-style);--awb-caption-title-size:var(--h2_typography-font-size);--awb-caption-title-transform:var(--h2_typography-text-transform);--awb-caption-title-line-height:var(--h2_typography-line-height);--awb-caption-title-letter-spacing:var(--h2_typography-letter-spacing);\"><span class=\" fusion-imageframe imageframe-none imageframe-5 hover-type-none\"><img decoding=\"async\" width=\"1200\" height=\"720\" title=\"Innovation\" src=\"https:\/\/itw-fasteners.com\/wp-content\/uploads\/2019\/01\/Innovation-1200x720.jpg\" alt class=\"img-responsive wp-image-15705\" srcset=\"https:\/\/www.itw-fasteners.com\/wp-content\/uploads\/2019\/01\/Innovation-200x120.jpg 200w, https:\/\/www.itw-fasteners.com\/wp-content\/uploads\/2019\/01\/Innovation-400x240.jpg 400w, https:\/\/www.itw-fasteners.com\/wp-content\/uploads\/2019\/01\/Innovation-600x360.jpg 600w, https:\/\/www.itw-fasteners.com\/wp-content\/uploads\/2019\/01\/Innovation-800x480.jpg 800w, https:\/\/www.itw-fasteners.com\/wp-content\/uploads\/2019\/01\/Innovation-1200x720.jpg 1200w, https:\/\/www.itw-fasteners.com\/wp-content\/uploads\/2019\/01\/Innovation.jpg 10417w\" sizes=\"(max-width: 800px) 100vw, 1200px\" \/><\/span><\/div><div class=\"fusion-sep-clear\"><\/div><div class=\"fusion-separator fusion-full-width-sep\" style=\"margin-left: auto;margin-right: auto;margin-top:25px;width:100%;\"><\/div><div class=\"fusion-sep-clear\"><\/div><div class=\"fusion-text fusion-text-11\"><h3><strong>INNOVATION<\/strong> ist eines der Kernelemente des differenzierten\u00a0ITW-Gesch\u00e4ftsmodells.<\/h3>\n<h3>Dabei stehen unsere Kunden stets im Mittelpunkt.<\/h3>\n<h3>Kreative Befestigungsl\u00f6sungen werden\u00a0erarbeitet, wo\u00a0bei unseren Kunden neue Probleme auftauchen oder bisher nur unbefriedigende L\u00f6sungen zur Verf\u00fcgung stehen.<\/h3>\n<h3>In vier Phasen kommen wir vom Aufdecken\u00a0des Problems bis zu einer serienreifen L\u00f6sung, welche unserem Kunden\u00a0einen signifikanten und erkennbaren Mehrwert\u00a0bietet.<\/h3>\n<h3>Genau das bedeutet f\u00fcr uns <strong>CUSTOMER BACK INNOVATION<\/strong>.<\/h3>\n<h3>Ebenso werden\u00a0aktuelle Trends im Automobilsektor beleuchtet\u00a0und hinsichtlich des Bedarfes an neuen L\u00f6sungsans\u00e4tzen bewertet.<br \/>\nBeispiele hierf\u00fcr sind u.a.\u00a0die Themen Leichtbau und Elektrifizierung.<\/h3>\n<h3>Durch unser tiefgreifendes Verst\u00e4ndnis f\u00fcr Montagevorg\u00e4nge in der Automobilindustrie, unsere hohe Ingenieurskompetenz und die F\u00e4higkeit zu kundenbezogenen Materialentwicklungen sind wir in der Lage f\u00fcr unsere Kunden stets die bestm\u00f6gliche L\u00f6sung zu finden.<\/h3>\n<\/div><div class=\"fusion-clearfix\"><\/div><\/div><\/div><\/div><\/div><\/p>\n","protected":false},"excerpt":{"rendered":"","protected":false},"author":3,"featured_media":0,"parent":0,"menu_order":0,"comment_status":"closed","ping_status":"closed","template":"100-width.php","meta":{"footnotes":""},"class_list":["post-14874","page","type-page","status-publish","hentry"],"yoast_head":"<!-- This site is optimized with the Yoast SEO plugin v27.3 - https:\/\/yoast.com\/product\/yoast-seo-wordpress\/ -->\n<title>Kompetenzen - ITW<\/title>\n<meta name=\"robots\" content=\"index, follow, max-snippet:-1, max-image-preview:large, max-video-preview:-1\" \/>\n<link rel=\"canonical\" href=\"https:\/\/www.itw-fasteners.com\/de\/kompetenzen\/\" \/>\n<meta property=\"og:locale\" content=\"de_DE\" \/>\n<meta property=\"og:type\" content=\"article\" \/>\n<meta property=\"og:title\" content=\"Kompetenzen - ITW\" \/>\n<meta property=\"og:url\" content=\"https:\/\/www.itw-fasteners.com\/de\/kompetenzen\/\" \/>\n<meta property=\"og:site_name\" content=\"ITW\" \/>\n<meta property=\"article:modified_time\" content=\"2022-04-20T13:04:35+00:00\" \/>\n<meta name=\"twitter:card\" content=\"summary_large_image\" \/>\n<meta name=\"twitter:label1\" content=\"Gesch\u00e4tzte Lesezeit\" \/>\n\t<meta name=\"twitter:data1\" content=\"13\u00a0Minuten\" \/>\n<script type=\"application\/ld+json\" class=\"yoast-schema-graph\">{\"@context\":\"https:\\\/\\\/schema.org\",\"@graph\":[{\"@type\":\"WebPage\",\"@id\":\"https:\\\/\\\/www.itw-fasteners.com\\\/de\\\/kompetenzen\\\/\",\"url\":\"https:\\\/\\\/www.itw-fasteners.com\\\/de\\\/kompetenzen\\\/\",\"name\":\"Kompetenzen - ITW\",\"isPartOf\":{\"@id\":\"https:\\\/\\\/www.itw-fasteners.com\\\/de\\\/#website\"},\"datePublished\":\"2018-12-19T09:43:49+00:00\",\"dateModified\":\"2022-04-20T13:04:35+00:00\",\"breadcrumb\":{\"@id\":\"https:\\\/\\\/www.itw-fasteners.com\\\/de\\\/kompetenzen\\\/#breadcrumb\"},\"inLanguage\":\"de\",\"potentialAction\":[{\"@type\":\"ReadAction\",\"target\":[\"https:\\\/\\\/www.itw-fasteners.com\\\/de\\\/kompetenzen\\\/\"]}]},{\"@type\":\"BreadcrumbList\",\"@id\":\"https:\\\/\\\/www.itw-fasteners.com\\\/de\\\/kompetenzen\\\/#breadcrumb\",\"itemListElement\":[{\"@type\":\"ListItem\",\"position\":1,\"name\":\"Home\",\"item\":\"https:\\\/\\\/www.itw-fasteners.com\\\/de\\\/\"},{\"@type\":\"ListItem\",\"position\":2,\"name\":\"Kompetenzen\"}]},{\"@type\":\"WebSite\",\"@id\":\"https:\\\/\\\/www.itw-fasteners.com\\\/de\\\/#website\",\"url\":\"https:\\\/\\\/www.itw-fasteners.com\\\/de\\\/\",\"name\":\"ITW Fasteners\",\"description\":\"\",\"publisher\":{\"@id\":\"https:\\\/\\\/www.itw-fasteners.com\\\/de\\\/#organization\"},\"potentialAction\":[{\"@type\":\"SearchAction\",\"target\":{\"@type\":\"EntryPoint\",\"urlTemplate\":\"https:\\\/\\\/www.itw-fasteners.com\\\/de\\\/?s={search_term_string}\"},\"query-input\":{\"@type\":\"PropertyValueSpecification\",\"valueRequired\":true,\"valueName\":\"search_term_string\"}}],\"inLanguage\":\"de\"},{\"@type\":\"Organization\",\"@id\":\"https:\\\/\\\/www.itw-fasteners.com\\\/de\\\/#organization\",\"name\":\"ITW Fasteners\",\"url\":\"https:\\\/\\\/www.itw-fasteners.com\\\/de\\\/\",\"logo\":{\"@type\":\"ImageObject\",\"inLanguage\":\"de\",\"@id\":\"https:\\\/\\\/www.itw-fasteners.com\\\/de\\\/#\\\/schema\\\/logo\\\/image\\\/\",\"url\":\"https:\\\/\\\/www.itw-fasteners.com\\\/wp-content\\\/uploads\\\/2022\\\/06\\\/ITW_Logo_GF_Maroon_CMYK.png\",\"contentUrl\":\"https:\\\/\\\/www.itw-fasteners.com\\\/wp-content\\\/uploads\\\/2022\\\/06\\\/ITW_Logo_GF_Maroon_CMYK.png\",\"width\":2132,\"height\":1057,\"caption\":\"ITW Fasteners\"},\"image\":{\"@id\":\"https:\\\/\\\/www.itw-fasteners.com\\\/de\\\/#\\\/schema\\\/logo\\\/image\\\/\"}}]}<\/script>\n<!-- \/ Yoast SEO plugin. -->","yoast_head_json":{"title":"Kompetenzen - ITW","robots":{"index":"index","follow":"follow","max-snippet":"max-snippet:-1","max-image-preview":"max-image-preview:large","max-video-preview":"max-video-preview:-1"},"canonical":"https:\/\/www.itw-fasteners.com\/de\/kompetenzen\/","og_locale":"de_DE","og_type":"article","og_title":"Kompetenzen - ITW","og_url":"https:\/\/www.itw-fasteners.com\/de\/kompetenzen\/","og_site_name":"ITW","article_modified_time":"2022-04-20T13:04:35+00:00","twitter_card":"summary_large_image","twitter_misc":{"Gesch\u00e4tzte Lesezeit":"13\u00a0Minuten"},"schema":{"@context":"https:\/\/schema.org","@graph":[{"@type":"WebPage","@id":"https:\/\/www.itw-fasteners.com\/de\/kompetenzen\/","url":"https:\/\/www.itw-fasteners.com\/de\/kompetenzen\/","name":"Kompetenzen - ITW","isPartOf":{"@id":"https:\/\/www.itw-fasteners.com\/de\/#website"},"datePublished":"2018-12-19T09:43:49+00:00","dateModified":"2022-04-20T13:04:35+00:00","breadcrumb":{"@id":"https:\/\/www.itw-fasteners.com\/de\/kompetenzen\/#breadcrumb"},"inLanguage":"de","potentialAction":[{"@type":"ReadAction","target":["https:\/\/www.itw-fasteners.com\/de\/kompetenzen\/"]}]},{"@type":"BreadcrumbList","@id":"https:\/\/www.itw-fasteners.com\/de\/kompetenzen\/#breadcrumb","itemListElement":[{"@type":"ListItem","position":1,"name":"Home","item":"https:\/\/www.itw-fasteners.com\/de\/"},{"@type":"ListItem","position":2,"name":"Kompetenzen"}]},{"@type":"WebSite","@id":"https:\/\/www.itw-fasteners.com\/de\/#website","url":"https:\/\/www.itw-fasteners.com\/de\/","name":"ITW Fasteners","description":"","publisher":{"@id":"https:\/\/www.itw-fasteners.com\/de\/#organization"},"potentialAction":[{"@type":"SearchAction","target":{"@type":"EntryPoint","urlTemplate":"https:\/\/www.itw-fasteners.com\/de\/?s={search_term_string}"},"query-input":{"@type":"PropertyValueSpecification","valueRequired":true,"valueName":"search_term_string"}}],"inLanguage":"de"},{"@type":"Organization","@id":"https:\/\/www.itw-fasteners.com\/de\/#organization","name":"ITW Fasteners","url":"https:\/\/www.itw-fasteners.com\/de\/","logo":{"@type":"ImageObject","inLanguage":"de","@id":"https:\/\/www.itw-fasteners.com\/de\/#\/schema\/logo\/image\/","url":"https:\/\/www.itw-fasteners.com\/wp-content\/uploads\/2022\/06\/ITW_Logo_GF_Maroon_CMYK.png","contentUrl":"https:\/\/www.itw-fasteners.com\/wp-content\/uploads\/2022\/06\/ITW_Logo_GF_Maroon_CMYK.png","width":2132,"height":1057,"caption":"ITW Fasteners"},"image":{"@id":"https:\/\/www.itw-fasteners.com\/de\/#\/schema\/logo\/image\/"}}]}},"_links":{"self":[{"href":"https:\/\/www.itw-fasteners.com\/de\/wp-json\/wp\/v2\/pages\/14874","targetHints":{"allow":["GET"]}}],"collection":[{"href":"https:\/\/www.itw-fasteners.com\/de\/wp-json\/wp\/v2\/pages"}],"about":[{"href":"https:\/\/www.itw-fasteners.com\/de\/wp-json\/wp\/v2\/types\/page"}],"author":[{"embeddable":true,"href":"https:\/\/www.itw-fasteners.com\/de\/wp-json\/wp\/v2\/users\/3"}],"replies":[{"embeddable":true,"href":"https:\/\/www.itw-fasteners.com\/de\/wp-json\/wp\/v2\/comments?post=14874"}],"version-history":[{"count":60,"href":"https:\/\/www.itw-fasteners.com\/de\/wp-json\/wp\/v2\/pages\/14874\/revisions"}],"predecessor-version":[{"id":17609,"href":"https:\/\/www.itw-fasteners.com\/de\/wp-json\/wp\/v2\/pages\/14874\/revisions\/17609"}],"wp:attachment":[{"href":"https:\/\/www.itw-fasteners.com\/de\/wp-json\/wp\/v2\/media?parent=14874"}],"curies":[{"name":"wp","href":"https:\/\/api.w.org\/{rel}","templated":true}]}}