{"id":16233,"date":"2019-03-18T12:15:59","date_gmt":"2019-03-18T11:15:59","guid":{"rendered":"https:\/\/www.itw-fasteners.com\/\/?page_id=16233"},"modified":"2019-03-18T12:18:09","modified_gmt":"2019-03-18T11:18:09","slug":"efre","status":"publish","type":"page","link":"https:\/\/www.itw-fasteners.com\/de\/efre\/","title":{"rendered":"EFRE_Europ_Fond_Regionale_Entwicklung"},"content":{"rendered":"<div class=\"fusion-fullwidth fullwidth-box fusion-builder-row-1 nonhundred-percent-fullwidth non-hundred-percent-height-scrolling\" style=\"--awb-border-radius-top-left:0px;--awb-border-radius-top-right:0px;--awb-border-radius-bottom-right:0px;--awb-border-radius-bottom-left:0px;--awb-flex-wrap:wrap;\" ><div class=\"fusion-builder-row fusion-row\"><div class=\"fusion-layout-column fusion_builder_column fusion-builder-column-0 fusion_builder_column_1_1 1_1 fusion-one-full fusion-column-first fusion-column-last\" style=\"--awb-bg-size:cover;\"><div class=\"fusion-column-wrapper fusion-flex-column-wrapper-legacy\"><div class=\"fusion-image-element in-legacy-container\" style=\"--awb-caption-title-font-family:var(--h2_typography-font-family);--awb-caption-title-font-weight:var(--h2_typography-font-weight);--awb-caption-title-font-style:var(--h2_typography-font-style);--awb-caption-title-size:var(--h2_typography-font-size);--awb-caption-title-transform:var(--h2_typography-text-transform);--awb-caption-title-line-height:var(--h2_typography-line-height);--awb-caption-title-letter-spacing:var(--h2_typography-letter-spacing);\"><span class=\" fusion-imageframe imageframe-none imageframe-1 hover-type-none\"><img decoding=\"async\" width=\"1005\" height=\"294\" title=\"EFRE_Logo\" src=\"https:\/\/www.itw-fasteners.com\/\/wp-content\/uploads\/2019\/03\/EFRE_Logo.jpg\" alt class=\"img-responsive wp-image-16237\" srcset=\"https:\/\/www.itw-fasteners.com\/wp-content\/uploads\/2019\/03\/EFRE_Logo-200x59.jpg 200w, https:\/\/www.itw-fasteners.com\/wp-content\/uploads\/2019\/03\/EFRE_Logo-400x117.jpg 400w, https:\/\/www.itw-fasteners.com\/wp-content\/uploads\/2019\/03\/EFRE_Logo-600x176.jpg 600w, https:\/\/www.itw-fasteners.com\/wp-content\/uploads\/2019\/03\/EFRE_Logo-800x234.jpg 800w, https:\/\/www.itw-fasteners.com\/wp-content\/uploads\/2019\/03\/EFRE_Logo.jpg 1005w\" sizes=\"(max-width: 800px) 100vw, 1005px\" \/><\/span><\/div><div class=\"fusion-text fusion-text-1\"><div class=\"span-13 prepend-1 append-1 inhaltmitte\">\n<div id=\"c712\">\n<div class=\"csc-text\">\n<h1 dir=\"LTR\" align=\"JUSTIFY\">Europ\u00e4ischer Fonds f\u00fcr Regionale Entwicklung:<br \/>\nProjekt im Werk Enkenbach erh\u00e4lt Subvention des EFRE<\/h1>\n<\/div>\n<\/div>\n<\/div>\n<div>\n<h3 dir=\"LTR\" align=\"JUSTIFY\">Das Werk Enkenbach investiert in eine 2-Kreis-Container-K\u00fchlwasseranlage zur W\u00e4rmeabfuhr aus Spritzgusswerkzeugen und der Maschinenhydraulik.<\/h3>\n<h3 dir=\"LTR\" align=\"JUSTIFY\">Die K\u00fchlanlage wird zudem durch die Installation eines Freik\u00fchlers unterst\u00fctzt.<\/h3>\n<h3 dir=\"LTR\" align=\"JUSTIFY\">Der bestehende K\u00fchlkreislauf wird durch 2 getrennte K\u00fchlkreisl\u00e4ufe (Hydraulik- und Werkzeugk\u00fchlkreislauf) ersetzt. Zu diesem Zweck wird eine komplett neue Verrohrung der Produktionshallen installiert.<\/h3>\n<h3 dir=\"LTR\" align=\"JUSTIFY\">Die Abw\u00e4rme aus den K\u00fchlkreisl\u00e4ufen wird mit Hilfe einer W\u00e4rmer\u00fcckgewinnungsanlage zur Erw\u00e4rmung von B\u00fcro- und Logistikfl\u00e4chen verwendet.<\/h3>\n<h3 dir=\"LTR\" align=\"JUSTIFY\">Aus dieser Investition resultiert eine signifikante Reduzierung des Energieverbrauchs.<\/h3>\n<h3>Das beschriebene Vorhaben wird mit Geldern aus dem <a href=\"https:\/\/ec.europa.eu\/regional_policy\/de\/funding\/erdf\/\"><b>Europ\u00e4ischen Fonds f\u00fcr Regionale Entwicklung (EFRE)<\/b> <\/a>subventioniert.<\/h3>\n<p dir=\"LTR\" align=\"JUSTIFY\">\n<\/div>\n<\/div><div class=\"fusion-clearfix\"><\/div><\/div><\/div><\/div><\/div>\n","protected":false},"excerpt":{"rendered":"","protected":false},"author":3,"featured_media":0,"parent":0,"menu_order":0,"comment_status":"closed","ping_status":"closed","template":"100-width.php","meta":{"footnotes":""},"class_list":["post-16233","page","type-page","status-publish","hentry"],"yoast_head":"<!-- This site is optimized with the Yoast SEO plugin v27.3 - https:\/\/yoast.com\/product\/yoast-seo-wordpress\/ -->\n<title>EFRE_Europ_Fond_Regionale_Entwicklung - ITW<\/title>\n<meta name=\"robots\" content=\"index, follow, max-snippet:-1, max-image-preview:large, max-video-preview:-1\" \/>\n<link rel=\"canonical\" href=\"https:\/\/www.itw-fasteners.com\/de\/efre\/\" \/>\n<meta property=\"og:locale\" content=\"de_DE\" \/>\n<meta property=\"og:type\" content=\"article\" \/>\n<meta property=\"og:title\" content=\"EFRE_Europ_Fond_Regionale_Entwicklung - ITW\" \/>\n<meta property=\"og:url\" content=\"https:\/\/www.itw-fasteners.com\/de\/efre\/\" \/>\n<meta property=\"og:site_name\" content=\"ITW\" \/>\n<meta property=\"article:modified_time\" content=\"2019-03-18T11:18:09+00:00\" \/>\n<meta name=\"twitter:card\" content=\"summary_large_image\" \/>\n<meta name=\"twitter:label1\" content=\"Gesch\u00e4tzte Lesezeit\" \/>\n\t<meta name=\"twitter:data1\" content=\"2\u00a0Minuten\" \/>\n<script type=\"application\/ld+json\" class=\"yoast-schema-graph\">{\"@context\":\"https:\\\/\\\/schema.org\",\"@graph\":[{\"@type\":\"WebPage\",\"@id\":\"https:\\\/\\\/www.itw-fasteners.com\\\/de\\\/efre\\\/\",\"url\":\"https:\\\/\\\/www.itw-fasteners.com\\\/de\\\/efre\\\/\",\"name\":\"EFRE_Europ_Fond_Regionale_Entwicklung - ITW\",\"isPartOf\":{\"@id\":\"https:\\\/\\\/www.itw-fasteners.com\\\/de\\\/#website\"},\"datePublished\":\"2019-03-18T11:15:59+00:00\",\"dateModified\":\"2019-03-18T11:18:09+00:00\",\"breadcrumb\":{\"@id\":\"https:\\\/\\\/www.itw-fasteners.com\\\/de\\\/efre\\\/#breadcrumb\"},\"inLanguage\":\"de\",\"potentialAction\":[{\"@type\":\"ReadAction\",\"target\":[\"https:\\\/\\\/www.itw-fasteners.com\\\/de\\\/efre\\\/\"]}]},{\"@type\":\"BreadcrumbList\",\"@id\":\"https:\\\/\\\/www.itw-fasteners.com\\\/de\\\/efre\\\/#breadcrumb\",\"itemListElement\":[{\"@type\":\"ListItem\",\"position\":1,\"name\":\"Home\",\"item\":\"https:\\\/\\\/www.itw-fasteners.com\\\/de\\\/\"},{\"@type\":\"ListItem\",\"position\":2,\"name\":\"EFRE_Europ_Fond_Regionale_Entwicklung\"}]},{\"@type\":\"WebSite\",\"@id\":\"https:\\\/\\\/www.itw-fasteners.com\\\/de\\\/#website\",\"url\":\"https:\\\/\\\/www.itw-fasteners.com\\\/de\\\/\",\"name\":\"ITW Fasteners\",\"description\":\"\",\"publisher\":{\"@id\":\"https:\\\/\\\/www.itw-fasteners.com\\\/de\\\/#organization\"},\"potentialAction\":[{\"@type\":\"SearchAction\",\"target\":{\"@type\":\"EntryPoint\",\"urlTemplate\":\"https:\\\/\\\/www.itw-fasteners.com\\\/de\\\/?s={search_term_string}\"},\"query-input\":{\"@type\":\"PropertyValueSpecification\",\"valueRequired\":true,\"valueName\":\"search_term_string\"}}],\"inLanguage\":\"de\"},{\"@type\":\"Organization\",\"@id\":\"https:\\\/\\\/www.itw-fasteners.com\\\/de\\\/#organization\",\"name\":\"ITW Fasteners\",\"url\":\"https:\\\/\\\/www.itw-fasteners.com\\\/de\\\/\",\"logo\":{\"@type\":\"ImageObject\",\"inLanguage\":\"de\",\"@id\":\"https:\\\/\\\/www.itw-fasteners.com\\\/de\\\/#\\\/schema\\\/logo\\\/image\\\/\",\"url\":\"https:\\\/\\\/www.itw-fasteners.com\\\/wp-content\\\/uploads\\\/2022\\\/06\\\/ITW_Logo_GF_Maroon_CMYK.png\",\"contentUrl\":\"https:\\\/\\\/www.itw-fasteners.com\\\/wp-content\\\/uploads\\\/2022\\\/06\\\/ITW_Logo_GF_Maroon_CMYK.png\",\"width\":2132,\"height\":1057,\"caption\":\"ITW Fasteners\"},\"image\":{\"@id\":\"https:\\\/\\\/www.itw-fasteners.com\\\/de\\\/#\\\/schema\\\/logo\\\/image\\\/\"}}]}<\/script>\n<!-- \/ Yoast SEO plugin. -->","yoast_head_json":{"title":"EFRE_Europ_Fond_Regionale_Entwicklung - ITW","robots":{"index":"index","follow":"follow","max-snippet":"max-snippet:-1","max-image-preview":"max-image-preview:large","max-video-preview":"max-video-preview:-1"},"canonical":"https:\/\/www.itw-fasteners.com\/de\/efre\/","og_locale":"de_DE","og_type":"article","og_title":"EFRE_Europ_Fond_Regionale_Entwicklung - ITW","og_url":"https:\/\/www.itw-fasteners.com\/de\/efre\/","og_site_name":"ITW","article_modified_time":"2019-03-18T11:18:09+00:00","twitter_card":"summary_large_image","twitter_misc":{"Gesch\u00e4tzte Lesezeit":"2\u00a0Minuten"},"schema":{"@context":"https:\/\/schema.org","@graph":[{"@type":"WebPage","@id":"https:\/\/www.itw-fasteners.com\/de\/efre\/","url":"https:\/\/www.itw-fasteners.com\/de\/efre\/","name":"EFRE_Europ_Fond_Regionale_Entwicklung - ITW","isPartOf":{"@id":"https:\/\/www.itw-fasteners.com\/de\/#website"},"datePublished":"2019-03-18T11:15:59+00:00","dateModified":"2019-03-18T11:18:09+00:00","breadcrumb":{"@id":"https:\/\/www.itw-fasteners.com\/de\/efre\/#breadcrumb"},"inLanguage":"de","potentialAction":[{"@type":"ReadAction","target":["https:\/\/www.itw-fasteners.com\/de\/efre\/"]}]},{"@type":"BreadcrumbList","@id":"https:\/\/www.itw-fasteners.com\/de\/efre\/#breadcrumb","itemListElement":[{"@type":"ListItem","position":1,"name":"Home","item":"https:\/\/www.itw-fasteners.com\/de\/"},{"@type":"ListItem","position":2,"name":"EFRE_Europ_Fond_Regionale_Entwicklung"}]},{"@type":"WebSite","@id":"https:\/\/www.itw-fasteners.com\/de\/#website","url":"https:\/\/www.itw-fasteners.com\/de\/","name":"ITW Fasteners","description":"","publisher":{"@id":"https:\/\/www.itw-fasteners.com\/de\/#organization"},"potentialAction":[{"@type":"SearchAction","target":{"@type":"EntryPoint","urlTemplate":"https:\/\/www.itw-fasteners.com\/de\/?s={search_term_string}"},"query-input":{"@type":"PropertyValueSpecification","valueRequired":true,"valueName":"search_term_string"}}],"inLanguage":"de"},{"@type":"Organization","@id":"https:\/\/www.itw-fasteners.com\/de\/#organization","name":"ITW Fasteners","url":"https:\/\/www.itw-fasteners.com\/de\/","logo":{"@type":"ImageObject","inLanguage":"de","@id":"https:\/\/www.itw-fasteners.com\/de\/#\/schema\/logo\/image\/","url":"https:\/\/www.itw-fasteners.com\/wp-content\/uploads\/2022\/06\/ITW_Logo_GF_Maroon_CMYK.png","contentUrl":"https:\/\/www.itw-fasteners.com\/wp-content\/uploads\/2022\/06\/ITW_Logo_GF_Maroon_CMYK.png","width":2132,"height":1057,"caption":"ITW Fasteners"},"image":{"@id":"https:\/\/www.itw-fasteners.com\/de\/#\/schema\/logo\/image\/"}}]}},"_links":{"self":[{"href":"https:\/\/www.itw-fasteners.com\/de\/wp-json\/wp\/v2\/pages\/16233","targetHints":{"allow":["GET"]}}],"collection":[{"href":"https:\/\/www.itw-fasteners.com\/de\/wp-json\/wp\/v2\/pages"}],"about":[{"href":"https:\/\/www.itw-fasteners.com\/de\/wp-json\/wp\/v2\/types\/page"}],"author":[{"embeddable":true,"href":"https:\/\/www.itw-fasteners.com\/de\/wp-json\/wp\/v2\/users\/3"}],"replies":[{"embeddable":true,"href":"https:\/\/www.itw-fasteners.com\/de\/wp-json\/wp\/v2\/comments?post=16233"}],"version-history":[{"count":3,"href":"https:\/\/www.itw-fasteners.com\/de\/wp-json\/wp\/v2\/pages\/16233\/revisions"}],"predecessor-version":[{"id":16241,"href":"https:\/\/www.itw-fasteners.com\/de\/wp-json\/wp\/v2\/pages\/16233\/revisions\/16241"}],"wp:attachment":[{"href":"https:\/\/www.itw-fasteners.com\/de\/wp-json\/wp\/v2\/media?parent=16233"}],"curies":[{"name":"wp","href":"https:\/\/api.w.org\/{rel}","templated":true}]}}