{"id":16850,"date":"2018-12-19T10:43:49","date_gmt":"2018-12-19T09:43:49","guid":{"rendered":"https:\/\/www.itw-fasteners.com\/kompetenzen\/"},"modified":"2022-05-17T12:14:41","modified_gmt":"2022-05-17T10:14:41","slug":"competencias","status":"publish","type":"page","link":"https:\/\/www.itw-fasteners.com\/es\/competencias\/","title":{"rendered":"Competencias"},"content":{"rendered":"<p><div class=\"fusion-fullwidth fullwidth-box fusion-builder-row-1 nonhundred-percent-fullwidth non-hundred-percent-height-scrolling\" style=\"--awb-border-radius-top-left:0px;--awb-border-radius-top-right:0px;--awb-border-radius-bottom-right:0px;--awb-border-radius-bottom-left:0px;--awb-flex-wrap:wrap;\" ><div class=\"fusion-builder-row fusion-row\"><div class=\"fusion-layout-column fusion_builder_column fusion-builder-column-0 fusion_builder_column_1_1 1_1 fusion-one-full fusion-column-first fusion-column-last\" style=\"--awb-bg-size:cover;\"><div class=\"fusion-column-wrapper fusion-flex-column-wrapper-legacy\"><div class=\"fusion-text fusion-text-1\"><h3>Ofrecemos una concepci\u00f3n continua y controlada en cuanto a las fechas desde el desarrollo de componentes, pasando por el suministro de prototipos y la planificaci\u00f3n de herramientas hasta el montaje manual o totalmente autom\u00e1tico.<\/h3>\n<h3>Nuestros ingenieros de proyecto desarrollan soluciones orientadas al futuro para la m\u00e1s amplia gama de aplicaciones en el sector de la automoci\u00f3n.<\/h3>\n<h3>Apenas hay un veh\u00edculo en la actualidad que no se beneficie de la ingenier\u00eda consistente y de la probada calidad de los productos de ITW.<\/h3>\n<\/div><div class=\"fusion-sep-clear\"><\/div><div class=\"fusion-separator fusion-full-width-sep\" style=\"margin-left: auto;margin-right: auto;margin-top:25px;width:100%;\"><\/div><div class=\"fusion-sep-clear\"><\/div><div class=\"fusion-clearfix\"><\/div><\/div><\/div><\/div><\/div><div class=\"fusion-fullwidth fullwidth-box fusion-builder-row-2 nonhundred-percent-fullwidth non-hundred-percent-height-scrolling\" style=\"--awb-border-radius-top-left:0px;--awb-border-radius-top-right:0px;--awb-border-radius-bottom-right:0px;--awb-border-radius-bottom-left:0px;--awb-background-color:#e2e2e2;--awb-flex-wrap:wrap;\" ><div class=\"fusion-builder-row fusion-row\"><div class=\"fusion-layout-column fusion_builder_column fusion-builder-column-1 fusion_builder_column_2_3 2_3 fusion-two-third fusion-column-first\" style=\"--awb-bg-size:cover;width:66.666666666667%;width:calc(66.666666666667% - ( ( 4% ) * 0.66666666666667 ) );margin-right: 4%;\"><div class=\"fusion-column-wrapper fusion-flex-column-wrapper-legacy\"><div class=\"fusion-sep-clear\"><\/div><div class=\"fusion-separator fusion-full-width-sep\" style=\"margin-left: auto;margin-right: auto;margin-top:40px;margin-bottom:40px;width:100%;\"><\/div><div class=\"fusion-sep-clear\"><\/div><div class=\"fusion-text fusion-text-2\"><h1>Desarrollo<\/h1>\n<\/div><div class=\"fusion-image-element in-legacy-container\" style=\"--awb-caption-title-font-family:var(--h2_typography-font-family);--awb-caption-title-font-weight:var(--h2_typography-font-weight);--awb-caption-title-font-style:var(--h2_typography-font-style);--awb-caption-title-size:var(--h2_typography-font-size);--awb-caption-title-transform:var(--h2_typography-text-transform);--awb-caption-title-line-height:var(--h2_typography-line-height);--awb-caption-title-letter-spacing:var(--h2_typography-letter-spacing);\"><span class=\" fusion-imageframe imageframe-none imageframe-1 hover-type-none\" style=\"border:2px solid #f6f6f6;\"><img decoding=\"async\" width=\"800\" height=\"533\" title=\"Engineering\" src=\"https:\/\/itw-fasteners.com\/wp-content\/uploads\/2018\/06\/Engineering-800x533.jpg\" alt class=\"img-responsive wp-image-19377\" srcset=\"https:\/\/www.itw-fasteners.com\/wp-content\/uploads\/2018\/06\/Engineering-200x133.jpg 200w, https:\/\/www.itw-fasteners.com\/wp-content\/uploads\/2018\/06\/Engineering-400x267.jpg 400w, https:\/\/www.itw-fasteners.com\/wp-content\/uploads\/2018\/06\/Engineering-600x400.jpg 600w, https:\/\/www.itw-fasteners.com\/wp-content\/uploads\/2018\/06\/Engineering-800x533.jpg 800w, https:\/\/www.itw-fasteners.com\/wp-content\/uploads\/2018\/06\/Engineering.jpg 1200w\" sizes=\"(max-width: 800px) 100vw, 800px\" \/><\/span><\/div><div class=\"fusion-sep-clear\"><\/div><div class=\"fusion-separator fusion-full-width-sep\" style=\"margin-left: auto;margin-right: auto;margin-top:40px;margin-bottom:40px;width:100%;\"><\/div><div class=\"fusion-sep-clear\"><\/div><div class=\"fusion-clearfix\"><\/div><\/div><\/div><div class=\"fusion-layout-column fusion_builder_column fusion-builder-column-2 fusion_builder_column_1_3 1_3 fusion-one-third fusion-column-last\" style=\"--awb-bg-size:cover;width:33.333333333333%;width:calc(33.333333333333% - ( ( 4% ) * 0.33333333333333 ) );\"><div class=\"fusion-column-wrapper fusion-flex-column-wrapper-legacy\"><div class=\"fusion-sep-clear\"><\/div><div class=\"fusion-separator fusion-full-width-sep\" style=\"margin-left: auto;margin-right: auto;margin-top:150px;width:100%;\"><\/div><div class=\"fusion-sep-clear\"><\/div><div class=\"fusion-text fusion-text-3\"><h3>Nuestro principio general:<br \/>\nRealizamos nuestros desarrollos junto con el cliente.<\/h3>\n<h3>Esto significa que mantenemos un intercambio abierto desde el principio, escuchamos, pensamos y nos consideramos como un socio creativo y asesor.<\/h3>\n<h3>Con nuestra amplia experiencia y conocimientos, encontraremos una soluci\u00f3n que se adapte de forma \u00f3ptima a sus necesidades. De esto puede estar seguro.<\/h3>\n<\/div><div class=\"fusion-clearfix\"><\/div><\/div><\/div><div class=\"fusion-layout-column fusion_builder_column fusion-builder-column-3 fusion_builder_column_2_3 2_3 fusion-two-third fusion-column-first\" style=\"--awb-bg-size:cover;width:66.666666666667%;width:calc(66.666666666667% - ( ( 4% ) * 0.66666666666667 ) );margin-right: 4%;\"><div class=\"fusion-column-wrapper fusion-flex-column-wrapper-legacy\"><div class=\"fusion-text fusion-text-4\"><h1>Construcci\u00f3n de herramientas<\/h1>\n<\/div><div class=\"fusion-image-element in-legacy-container\" style=\"--awb-caption-title-font-family:var(--h2_typography-font-family);--awb-caption-title-font-weight:var(--h2_typography-font-weight);--awb-caption-title-font-style:var(--h2_typography-font-style);--awb-caption-title-size:var(--h2_typography-font-size);--awb-caption-title-transform:var(--h2_typography-text-transform);--awb-caption-title-line-height:var(--h2_typography-line-height);--awb-caption-title-letter-spacing:var(--h2_typography-letter-spacing);\"><span class=\" fusion-imageframe imageframe-none imageframe-2 hover-type-none\" style=\"border:2px solid #f6f6f6;\"><img decoding=\"async\" width=\"800\" height=\"543\" title=\"Werkzeugbau\" src=\"https:\/\/itw-fasteners.com\/wp-content\/uploads\/2018\/07\/Werkzeugbau-800x543.jpg\" alt class=\"img-responsive wp-image-19488\" srcset=\"https:\/\/www.itw-fasteners.com\/wp-content\/uploads\/2018\/07\/Werkzeugbau-200x136.jpg 200w, https:\/\/www.itw-fasteners.com\/wp-content\/uploads\/2018\/07\/Werkzeugbau-400x272.jpg 400w, https:\/\/www.itw-fasteners.com\/wp-content\/uploads\/2018\/07\/Werkzeugbau-600x407.jpg 600w, https:\/\/www.itw-fasteners.com\/wp-content\/uploads\/2018\/07\/Werkzeugbau-800x543.jpg 800w, https:\/\/www.itw-fasteners.com\/wp-content\/uploads\/2018\/07\/Werkzeugbau-1200x815.jpg 1200w, https:\/\/www.itw-fasteners.com\/wp-content\/uploads\/2018\/07\/Werkzeugbau.jpg 1620w\" sizes=\"(max-width: 800px) 100vw, 800px\" \/><\/span><\/div><div class=\"fusion-sep-clear\"><\/div><div class=\"fusion-separator fusion-full-width-sep\" style=\"margin-left: auto;margin-right: auto;margin-top:40px;margin-bottom:40px;width:100%;\"><\/div><div class=\"fusion-sep-clear\"><\/div><div class=\"fusion-clearfix\"><\/div><\/div><\/div><div class=\"fusion-layout-column fusion_builder_column fusion-builder-column-4 fusion_builder_column_1_3 1_3 fusion-one-third fusion-column-last\" style=\"--awb-bg-size:cover;width:33.333333333333%;width:calc(33.333333333333% - ( ( 4% ) * 0.33333333333333 ) );\"><div class=\"fusion-column-wrapper fusion-flex-column-wrapper-legacy\"><div class=\"fusion-sep-clear\"><\/div><div class=\"fusion-separator fusion-full-width-sep\" style=\"margin-left: auto;margin-right: auto;margin-top:65px;width:100%;\"><\/div><div class=\"fusion-sep-clear\"><\/div><div class=\"fusion-text fusion-text-5\"><h3>Un material s\u00f3lo se puede procesar perfectamente con la herramienta adecuada.<\/h3>\n<h3>Bas\u00e1ndonos en la experiencia de muchos a\u00f1os de nuestros empleados cualificados, creamos construcciones apropiadas para el material sint\u00e9tico en 3D.<\/h3>\n<h3>El enfoque aqu\u00ed es siempre la calidad y la precisi\u00f3n.<\/h3>\n<\/div><div class=\"fusion-clearfix\"><\/div><\/div><\/div><div class=\"fusion-layout-column fusion_builder_column fusion-builder-column-5 fusion_builder_column_2_3 2_3 fusion-two-third fusion-column-first\" style=\"--awb-bg-size:cover;width:66.666666666667%;width:calc(66.666666666667% - ( ( 4% ) * 0.66666666666667 ) );margin-right: 4%;\"><div class=\"fusion-column-wrapper fusion-flex-column-wrapper-legacy\"><div class=\"fusion-text fusion-text-6\"><h1>Producci\u00f3n<\/h1>\n<\/div><div class=\"fusion-image-element in-legacy-container\" style=\"--awb-caption-title-font-family:var(--h2_typography-font-family);--awb-caption-title-font-weight:var(--h2_typography-font-weight);--awb-caption-title-font-style:var(--h2_typography-font-style);--awb-caption-title-size:var(--h2_typography-font-size);--awb-caption-title-transform:var(--h2_typography-text-transform);--awb-caption-title-line-height:var(--h2_typography-line-height);--awb-caption-title-letter-spacing:var(--h2_typography-letter-spacing);\"><span class=\" fusion-imageframe imageframe-none imageframe-3 hover-type-none\" style=\"border:2px solid #f6f6f6;\"><img decoding=\"async\" width=\"800\" height=\"508\" title=\"Produktion\" src=\"https:\/\/itw-fasteners.com\/wp-content\/uploads\/2018\/12\/Produktion-800x508.jpg\" alt class=\"img-responsive wp-image-14926\" srcset=\"https:\/\/www.itw-fasteners.com\/wp-content\/uploads\/2018\/12\/Produktion-200x127.jpg 200w, https:\/\/www.itw-fasteners.com\/wp-content\/uploads\/2018\/12\/Produktion-400x254.jpg 400w, https:\/\/www.itw-fasteners.com\/wp-content\/uploads\/2018\/12\/Produktion-600x381.jpg 600w, https:\/\/www.itw-fasteners.com\/wp-content\/uploads\/2018\/12\/Produktion-800x508.jpg 800w, https:\/\/www.itw-fasteners.com\/wp-content\/uploads\/2018\/12\/Produktion-1200x763.jpg 1200w, https:\/\/www.itw-fasteners.com\/wp-content\/uploads\/2018\/12\/Produktion.jpg 1567w\" sizes=\"(max-width: 800px) 100vw, 800px\" \/><\/span><\/div><div class=\"fusion-sep-clear\"><\/div><div class=\"fusion-separator fusion-full-width-sep\" style=\"margin-left: auto;margin-right: auto;margin-top:40px;margin-bottom:40px;width:100%;\"><\/div><div class=\"fusion-sep-clear\"><\/div><div class=\"fusion-clearfix\"><\/div><\/div><\/div><div class=\"fusion-layout-column fusion_builder_column fusion-builder-column-6 fusion_builder_column_1_3 1_3 fusion-one-third fusion-column-last\" style=\"--awb-bg-size:cover;width:33.333333333333%;width:calc(33.333333333333% - ( ( 4% ) * 0.33333333333333 ) );\"><div class=\"fusion-column-wrapper fusion-flex-column-wrapper-legacy\"><div class=\"fusion-sep-clear\"><\/div><div class=\"fusion-separator fusion-full-width-sep\" style=\"margin-left: auto;margin-right: auto;margin-top:65px;width:100%;\"><\/div><div class=\"fusion-sep-clear\"><\/div><div class=\"fusion-text fusion-text-7\"><h3>Maquinaria moderna, sistemas de montaje totalmente autom\u00e1ticos, procesos de fabricaci\u00f3n sofisticados y t\u00e9cnicas de aseguramiento de la calidad altamente desarrolladas garantizan una producci\u00f3n r\u00e1pida, precisa y extremadamente fiable de sus piezas.<\/h3>\n<\/div><div class=\"fusion-clearfix\"><\/div><\/div><\/div><div class=\"fusion-layout-column fusion_builder_column fusion-builder-column-7 fusion_builder_column_2_3 2_3 fusion-two-third fusion-column-first\" style=\"--awb-bg-size:cover;width:66.666666666667%;width:calc(66.666666666667% - ( ( 4% ) * 0.66666666666667 ) );margin-right: 4%;\"><div class=\"fusion-column-wrapper fusion-flex-column-wrapper-legacy\"><div class=\"fusion-text fusion-text-8\"><h1>Log\u00edstica<\/h1>\n<\/div><div class=\"fusion-image-element in-legacy-container\" style=\"--awb-caption-title-font-family:var(--h2_typography-font-family);--awb-caption-title-font-weight:var(--h2_typography-font-weight);--awb-caption-title-font-style:var(--h2_typography-font-style);--awb-caption-title-size:var(--h2_typography-font-size);--awb-caption-title-transform:var(--h2_typography-text-transform);--awb-caption-title-line-height:var(--h2_typography-line-height);--awb-caption-title-letter-spacing:var(--h2_typography-letter-spacing);\"><span class=\" fusion-imageframe imageframe-none imageframe-4 hover-type-none\" style=\"border:2px solid #f6f6f6;\"><img decoding=\"async\" width=\"800\" height=\"531\" title=\"Logistik_KLT\" src=\"https:\/\/itw-fasteners.com\/wp-content\/uploads\/2018\/12\/Logistik_KLT-800x531.jpg\" alt class=\"img-responsive wp-image-14930\" srcset=\"https:\/\/www.itw-fasteners.com\/wp-content\/uploads\/2018\/12\/Logistik_KLT-200x133.jpg 200w, https:\/\/www.itw-fasteners.com\/wp-content\/uploads\/2018\/12\/Logistik_KLT-400x266.jpg 400w, https:\/\/www.itw-fasteners.com\/wp-content\/uploads\/2018\/12\/Logistik_KLT-600x399.jpg 600w, https:\/\/www.itw-fasteners.com\/wp-content\/uploads\/2018\/12\/Logistik_KLT-800x531.jpg 800w, https:\/\/www.itw-fasteners.com\/wp-content\/uploads\/2018\/12\/Logistik_KLT-1200x797.jpg 1200w, https:\/\/www.itw-fasteners.com\/wp-content\/uploads\/2018\/12\/Logistik_KLT.jpg 4288w\" sizes=\"(max-width: 800px) 100vw, 800px\" \/><\/span><\/div><div class=\"fusion-sep-clear\"><\/div><div class=\"fusion-separator fusion-full-width-sep\" style=\"margin-left: auto;margin-right: auto;margin-top:40px;margin-bottom:40px;width:100%;\"><\/div><div class=\"fusion-sep-clear\"><\/div><div class=\"fusion-clearfix\"><\/div><\/div><\/div><div class=\"fusion-layout-column fusion_builder_column fusion-builder-column-8 fusion_builder_column_1_3 1_3 fusion-one-third fusion-column-last\" style=\"--awb-bg-size:cover;width:33.333333333333%;width:calc(33.333333333333% - ( ( 4% ) * 0.33333333333333 ) );\"><div class=\"fusion-column-wrapper fusion-flex-column-wrapper-legacy\"><div class=\"fusion-sep-clear\"><\/div><div class=\"fusion-separator fusion-full-width-sep\" style=\"margin-left: auto;margin-right: auto;margin-top:65px;width:100%;\"><\/div><div class=\"fusion-sep-clear\"><\/div><div class=\"fusion-text fusion-text-9\"><h3>La coordinaci\u00f3n \u00f3ptima con los procesos de nuestros clientes y la absoluta fiabilidad en la entrega son para nosotros algo natural.<\/h3>\n<\/div><div class=\"fusion-clearfix\"><\/div><\/div><\/div><div class=\"fusion-layout-column fusion_builder_column fusion-builder-column-9 fusion_builder_column_1_1 1_1 fusion-one-full fusion-column-first fusion-column-last\" style=\"--awb-bg-size:cover;\"><div class=\"fusion-column-wrapper fusion-flex-column-wrapper-legacy\"><div class=\"fusion-clearfix\"><\/div><\/div><\/div><\/div><\/div><div class=\"fusion-fullwidth fullwidth-box fusion-builder-row-3 nonhundred-percent-fullwidth non-hundred-percent-height-scrolling\" style=\"--awb-border-radius-top-left:0px;--awb-border-radius-top-right:0px;--awb-border-radius-bottom-right:0px;--awb-border-radius-bottom-left:0px;--awb-flex-wrap:wrap;\" ><div class=\"fusion-builder-row fusion-row\"><div class=\"fusion-layout-column fusion_builder_column fusion-builder-column-10 fusion_builder_column_1_1 1_1 fusion-one-full fusion-column-first fusion-column-last\" style=\"--awb-bg-size:cover;\"><div class=\"fusion-column-wrapper fusion-flex-column-wrapper-legacy\"><div class=\"fusion-sep-clear\"><\/div><div class=\"fusion-separator fusion-full-width-sep\" style=\"margin-left: auto;margin-right: auto;margin-top:25px;width:100%;\"><\/div><div class=\"fusion-sep-clear\"><\/div><div class=\"fusion-text fusion-text-10\"><h1>INNOVATION MADE BY ITW<\/h1>\n<\/div><div class=\"fusion-image-element in-legacy-container\" style=\"--awb-caption-title-font-family:var(--h2_typography-font-family);--awb-caption-title-font-weight:var(--h2_typography-font-weight);--awb-caption-title-font-style:var(--h2_typography-font-style);--awb-caption-title-size:var(--h2_typography-font-size);--awb-caption-title-transform:var(--h2_typography-text-transform);--awb-caption-title-line-height:var(--h2_typography-line-height);--awb-caption-title-letter-spacing:var(--h2_typography-letter-spacing);\"><span class=\" fusion-imageframe imageframe-none imageframe-5 hover-type-none\"><img decoding=\"async\" width=\"1200\" height=\"720\" title=\"Innovation\" src=\"https:\/\/itw-fasteners.com\/wp-content\/uploads\/2019\/01\/Innovation-1200x720.jpg\" alt class=\"img-responsive wp-image-16854\" srcset=\"https:\/\/www.itw-fasteners.com\/wp-content\/uploads\/2019\/01\/Innovation-200x120.jpg 200w, https:\/\/www.itw-fasteners.com\/wp-content\/uploads\/2019\/01\/Innovation-400x240.jpg 400w, https:\/\/www.itw-fasteners.com\/wp-content\/uploads\/2019\/01\/Innovation-600x360.jpg 600w, https:\/\/www.itw-fasteners.com\/wp-content\/uploads\/2019\/01\/Innovation-800x480.jpg 800w, https:\/\/www.itw-fasteners.com\/wp-content\/uploads\/2019\/01\/Innovation-1200x720.jpg 1200w, https:\/\/www.itw-fasteners.com\/wp-content\/uploads\/2019\/01\/Innovation.jpg 10417w\" sizes=\"(max-width: 800px) 100vw, 1200px\" \/><\/span><\/div><div class=\"fusion-sep-clear\"><\/div><div class=\"fusion-separator fusion-full-width-sep\" style=\"margin-left: auto;margin-right: auto;margin-top:25px;width:100%;\"><\/div><div class=\"fusion-sep-clear\"><\/div><div class=\"fusion-text fusion-text-11\"><h3>La INNOVACI\u00d3N es uno de los elementos centrales del modelo de negocio diferenciado de ITW.<\/h3>\n<h3>A este respecto nuestros clientes permanecen siempre en el centro de nuestra atenci\u00f3n.<\/h3>\n<h3>Las medidas creativas destinadas a afianzar la relaci\u00f3n se desarrollan all\u00ed donde nuestros clientes encuentran nuevos problemas o s\u00f3lo disponen de soluciones insatisfactorias.<\/h3>\n<h3>En cuatro fases pasamos de la concienciaci\u00f3n del problema a una soluci\u00f3n lista para la producci\u00f3n en serie y que ofrece a nuestros clientes un valor a\u00f1adido significativo y reconocible.<\/h3>\n<h3>Esto es exactamente lo que CUSTOMER BACK INNOVATION significa para nosotros.<\/h3>\n<h3>Tambi\u00e9n se destacar\u00e1n y evaluar\u00e1n las tendencias actuales en el sector de la automoci\u00f3n con respecto a la necesidad de nuevos enfoques de las soluciones.<\/h3>\n<h3>Algunos ejemplos al respecto son el modo ligero de construcci\u00f3n y la electromovilidad.<\/h3>\n<h3>Gracias a nuestro profundo conocimiento de los procesos de montaje en la industria del autom\u00f3vil, a nuestra alta competencia en ingenier\u00eda y a nuestra capacidad para desarrollar materiales espec\u00edficos para cada cliente, siempre podemos encontrar la mejor soluci\u00f3n posible para ellos.<\/h3>\n<\/div><div class=\"fusion-clearfix\"><\/div><\/div><\/div><\/div><\/div><\/p>\n","protected":false},"excerpt":{"rendered":"","protected":false},"author":3,"featured_media":0,"parent":0,"menu_order":0,"comment_status":"closed","ping_status":"closed","template":"100-width.php","meta":{"footnotes":""},"class_list":["post-16850","page","type-page","status-publish","hentry"],"yoast_head":"<!-- This site is optimized with the Yoast SEO plugin v27.3 - https:\/\/yoast.com\/product\/yoast-seo-wordpress\/ -->\n<title>Competencias - ITW<\/title>\n<meta name=\"robots\" content=\"index, follow, max-snippet:-1, max-image-preview:large, max-video-preview:-1\" \/>\n<link rel=\"canonical\" href=\"https:\/\/www.itw-fasteners.com\/es\/competencias\/\" \/>\n<meta property=\"og:locale\" content=\"es_ES\" \/>\n<meta property=\"og:type\" content=\"article\" \/>\n<meta property=\"og:title\" content=\"Competencias - ITW\" \/>\n<meta property=\"og:url\" content=\"https:\/\/www.itw-fasteners.com\/es\/competencias\/\" \/>\n<meta property=\"og:site_name\" content=\"ITW\" \/>\n<meta property=\"article:modified_time\" content=\"2022-05-17T10:14:41+00:00\" \/>\n<meta name=\"twitter:card\" content=\"summary_large_image\" \/>\n<meta name=\"twitter:label1\" content=\"Tiempo de lectura\" \/>\n\t<meta name=\"twitter:data1\" content=\"14 minutos\" \/>\n<script type=\"application\/ld+json\" class=\"yoast-schema-graph\">{\"@context\":\"https:\\\/\\\/schema.org\",\"@graph\":[{\"@type\":\"WebPage\",\"@id\":\"https:\\\/\\\/www.itw-fasteners.com\\\/es\\\/competencias\\\/\",\"url\":\"https:\\\/\\\/www.itw-fasteners.com\\\/es\\\/competencias\\\/\",\"name\":\"Competencias - ITW\",\"isPartOf\":{\"@id\":\"https:\\\/\\\/www.itw-fasteners.com\\\/de\\\/#website\"},\"datePublished\":\"2018-12-19T09:43:49+00:00\",\"dateModified\":\"2022-05-17T10:14:41+00:00\",\"breadcrumb\":{\"@id\":\"https:\\\/\\\/www.itw-fasteners.com\\\/es\\\/competencias\\\/#breadcrumb\"},\"inLanguage\":\"es\",\"potentialAction\":[{\"@type\":\"ReadAction\",\"target\":[\"https:\\\/\\\/www.itw-fasteners.com\\\/es\\\/competencias\\\/\"]}]},{\"@type\":\"BreadcrumbList\",\"@id\":\"https:\\\/\\\/www.itw-fasteners.com\\\/es\\\/competencias\\\/#breadcrumb\",\"itemListElement\":[{\"@type\":\"ListItem\",\"position\":1,\"name\":\"Home\",\"item\":\"https:\\\/\\\/www.itw-fasteners.com\\\/es\\\/\"},{\"@type\":\"ListItem\",\"position\":2,\"name\":\"Competencias\"}]},{\"@type\":\"WebSite\",\"@id\":\"https:\\\/\\\/www.itw-fasteners.com\\\/de\\\/#website\",\"url\":\"https:\\\/\\\/www.itw-fasteners.com\\\/de\\\/\",\"name\":\"ITW Fasteners\",\"description\":\"\",\"publisher\":{\"@id\":\"https:\\\/\\\/www.itw-fasteners.com\\\/de\\\/#organization\"},\"potentialAction\":[{\"@type\":\"SearchAction\",\"target\":{\"@type\":\"EntryPoint\",\"urlTemplate\":\"https:\\\/\\\/www.itw-fasteners.com\\\/de\\\/?s={search_term_string}\"},\"query-input\":{\"@type\":\"PropertyValueSpecification\",\"valueRequired\":true,\"valueName\":\"search_term_string\"}}],\"inLanguage\":\"es\"},{\"@type\":\"Organization\",\"@id\":\"https:\\\/\\\/www.itw-fasteners.com\\\/de\\\/#organization\",\"name\":\"ITW Fasteners\",\"url\":\"https:\\\/\\\/www.itw-fasteners.com\\\/de\\\/\",\"logo\":{\"@type\":\"ImageObject\",\"inLanguage\":\"es\",\"@id\":\"https:\\\/\\\/www.itw-fasteners.com\\\/de\\\/#\\\/schema\\\/logo\\\/image\\\/\",\"url\":\"https:\\\/\\\/www.itw-fasteners.com\\\/wp-content\\\/uploads\\\/2022\\\/06\\\/ITW_Logo_GF_Maroon_CMYK.png\",\"contentUrl\":\"https:\\\/\\\/www.itw-fasteners.com\\\/wp-content\\\/uploads\\\/2022\\\/06\\\/ITW_Logo_GF_Maroon_CMYK.png\",\"width\":2132,\"height\":1057,\"caption\":\"ITW Fasteners\"},\"image\":{\"@id\":\"https:\\\/\\\/www.itw-fasteners.com\\\/de\\\/#\\\/schema\\\/logo\\\/image\\\/\"}}]}<\/script>\n<!-- \/ Yoast SEO plugin. -->","yoast_head_json":{"title":"Competencias - ITW","robots":{"index":"index","follow":"follow","max-snippet":"max-snippet:-1","max-image-preview":"max-image-preview:large","max-video-preview":"max-video-preview:-1"},"canonical":"https:\/\/www.itw-fasteners.com\/es\/competencias\/","og_locale":"es_ES","og_type":"article","og_title":"Competencias - ITW","og_url":"https:\/\/www.itw-fasteners.com\/es\/competencias\/","og_site_name":"ITW","article_modified_time":"2022-05-17T10:14:41+00:00","twitter_card":"summary_large_image","twitter_misc":{"Tiempo de lectura":"14 minutos"},"schema":{"@context":"https:\/\/schema.org","@graph":[{"@type":"WebPage","@id":"https:\/\/www.itw-fasteners.com\/es\/competencias\/","url":"https:\/\/www.itw-fasteners.com\/es\/competencias\/","name":"Competencias - ITW","isPartOf":{"@id":"https:\/\/www.itw-fasteners.com\/de\/#website"},"datePublished":"2018-12-19T09:43:49+00:00","dateModified":"2022-05-17T10:14:41+00:00","breadcrumb":{"@id":"https:\/\/www.itw-fasteners.com\/es\/competencias\/#breadcrumb"},"inLanguage":"es","potentialAction":[{"@type":"ReadAction","target":["https:\/\/www.itw-fasteners.com\/es\/competencias\/"]}]},{"@type":"BreadcrumbList","@id":"https:\/\/www.itw-fasteners.com\/es\/competencias\/#breadcrumb","itemListElement":[{"@type":"ListItem","position":1,"name":"Home","item":"https:\/\/www.itw-fasteners.com\/es\/"},{"@type":"ListItem","position":2,"name":"Competencias"}]},{"@type":"WebSite","@id":"https:\/\/www.itw-fasteners.com\/de\/#website","url":"https:\/\/www.itw-fasteners.com\/de\/","name":"ITW Fasteners","description":"","publisher":{"@id":"https:\/\/www.itw-fasteners.com\/de\/#organization"},"potentialAction":[{"@type":"SearchAction","target":{"@type":"EntryPoint","urlTemplate":"https:\/\/www.itw-fasteners.com\/de\/?s={search_term_string}"},"query-input":{"@type":"PropertyValueSpecification","valueRequired":true,"valueName":"search_term_string"}}],"inLanguage":"es"},{"@type":"Organization","@id":"https:\/\/www.itw-fasteners.com\/de\/#organization","name":"ITW Fasteners","url":"https:\/\/www.itw-fasteners.com\/de\/","logo":{"@type":"ImageObject","inLanguage":"es","@id":"https:\/\/www.itw-fasteners.com\/de\/#\/schema\/logo\/image\/","url":"https:\/\/www.itw-fasteners.com\/wp-content\/uploads\/2022\/06\/ITW_Logo_GF_Maroon_CMYK.png","contentUrl":"https:\/\/www.itw-fasteners.com\/wp-content\/uploads\/2022\/06\/ITW_Logo_GF_Maroon_CMYK.png","width":2132,"height":1057,"caption":"ITW Fasteners"},"image":{"@id":"https:\/\/www.itw-fasteners.com\/de\/#\/schema\/logo\/image\/"}}]}},"_links":{"self":[{"href":"https:\/\/www.itw-fasteners.com\/es\/wp-json\/wp\/v2\/pages\/16850","targetHints":{"allow":["GET"]}}],"collection":[{"href":"https:\/\/www.itw-fasteners.com\/es\/wp-json\/wp\/v2\/pages"}],"about":[{"href":"https:\/\/www.itw-fasteners.com\/es\/wp-json\/wp\/v2\/types\/page"}],"author":[{"embeddable":true,"href":"https:\/\/www.itw-fasteners.com\/es\/wp-json\/wp\/v2\/users\/3"}],"replies":[{"embeddable":true,"href":"https:\/\/www.itw-fasteners.com\/es\/wp-json\/wp\/v2\/comments?post=16850"}],"version-history":[{"count":5,"href":"https:\/\/www.itw-fasteners.com\/es\/wp-json\/wp\/v2\/pages\/16850\/revisions"}],"predecessor-version":[{"id":18081,"href":"https:\/\/www.itw-fasteners.com\/es\/wp-json\/wp\/v2\/pages\/16850\/revisions\/18081"}],"wp:attachment":[{"href":"https:\/\/www.itw-fasteners.com\/es\/wp-json\/wp\/v2\/media?parent=16850"}],"curies":[{"name":"wp","href":"https:\/\/api.w.org\/{rel}","templated":true}]}}