{"id":16864,"date":"2018-01-12T13:51:08","date_gmt":"2018-01-12T12:51:08","guid":{"rendered":"https:\/\/www.itw-fasteners.com\/unsere_werte\/"},"modified":"2023-08-16T14:49:32","modified_gmt":"2023-08-16T12:49:32","slug":"nuestros_valores","status":"publish","type":"page","link":"https:\/\/www.itw-fasteners.com\/es\/nuestros_valores\/","title":{"rendered":"Nuestros valores"},"content":{"rendered":"<p><div class=\"fusion-fullwidth fullwidth-box fusion-builder-row-1 nonhundred-percent-fullwidth non-hundred-percent-height-scrolling\" style=\"--awb-border-radius-top-left:0px;--awb-border-radius-top-right:0px;--awb-border-radius-bottom-right:0px;--awb-border-radius-bottom-left:0px;--awb-flex-wrap:wrap;\" ><div class=\"fusion-builder-row fusion-row\"><div class=\"fusion-layout-column fusion_builder_column fusion-builder-column-0 fusion_builder_column_1_1 1_1 fusion-one-full fusion-column-first fusion-column-last\" style=\"--awb-bg-size:cover;\"><div class=\"fusion-column-wrapper fusion-flex-column-wrapper-legacy\"><div class=\"fusion-text fusion-text-1\"><h1>Nuestros valores<\/h1>\n<\/div><div class=\"fusion-clearfix\"><\/div><\/div><\/div><\/div><\/div><div class=\"fusion-fullwidth fullwidth-box fusion-builder-row-2 nonhundred-percent-fullwidth non-hundred-percent-height-scrolling\" style=\"--awb-border-radius-top-left:0px;--awb-border-radius-top-right:0px;--awb-border-radius-bottom-right:0px;--awb-border-radius-bottom-left:0px;--awb-flex-wrap:wrap;\" ><div class=\"fusion-builder-row fusion-row\"><div class=\"fusion-layout-column fusion_builder_column fusion-builder-column-1 fusion_builder_column_1_1 1_1 fusion-one-full fusion-column-first fusion-column-last\" style=\"--awb-bg-size:cover;\"><div class=\"fusion-column-wrapper fusion-flex-column-wrapper-legacy\"><div class=\"fusion-title title fusion-title-1 fusion-sep-none fusion-title-text fusion-title-size-three\" style=\"--awb-margin-bottom:10px;--awb-margin-top-small:0px;--awb-margin-right-small:0px;--awb-margin-bottom-small:20px;--awb-margin-left-small:0px;\"><h3 class=\"fusion-title-heading title-heading-left fusion-responsive-typography-calculated\" style=\"margin:0;--fontSize:18;--minFontSize:18;line-height:1.75;\"><h2 style=\"text-align: left;\"><b>&#8211; SIMPLICIDAD &#8211;<\/b><\/h2><\/h3><\/div><div class=\"fusion-text fusion-text-2\"><h3>Nos concentramos siempre en el n\u00facleo de cada oportunidad de negocio: con el lema \u00ab80\/20\u00bb como filosof\u00eda central, aportamos simplicidad a nuestro pensamiento, a nuestros procesos, sistemas y estructuras, que permanecen reducidos, centrados y flexibles.<\/h3>\n<\/div><div class=\"fusion-image-element in-legacy-container\" style=\"--awb-caption-title-font-family:var(--h2_typography-font-family);--awb-caption-title-font-weight:var(--h2_typography-font-weight);--awb-caption-title-font-style:var(--h2_typography-font-style);--awb-caption-title-size:var(--h2_typography-font-size);--awb-caption-title-transform:var(--h2_typography-text-transform);--awb-caption-title-line-height:var(--h2_typography-line-height);--awb-caption-title-letter-spacing:var(--h2_typography-letter-spacing);\"><span class=\" fusion-imageframe imageframe-none imageframe-1 hover-type-none\"><img decoding=\"async\" width=\"1024\" height=\"682\" title=\"Einfachheit\" src=\"https:\/\/www.itw-fasteners.com\/wp-content\/uploads\/2023\/08\/Einfachheit-1-1024x682.jpg\" alt class=\"img-responsive wp-image-24471\" srcset=\"https:\/\/www.itw-fasteners.com\/wp-content\/uploads\/2023\/08\/Einfachheit-1-200x133.jpg 200w, https:\/\/www.itw-fasteners.com\/wp-content\/uploads\/2023\/08\/Einfachheit-1-400x266.jpg 400w, https:\/\/www.itw-fasteners.com\/wp-content\/uploads\/2023\/08\/Einfachheit-1-600x400.jpg 600w, https:\/\/www.itw-fasteners.com\/wp-content\/uploads\/2023\/08\/Einfachheit-1-800x533.jpg 800w, https:\/\/www.itw-fasteners.com\/wp-content\/uploads\/2023\/08\/Einfachheit-1-1200x799.jpg 1200w\" sizes=\"(max-width: 800px) 100vw, 1200px\" \/><\/span><\/div><div class=\"fusion-sep-clear\"><\/div><div class=\"fusion-separator fusion-full-width-sep\" style=\"margin-left: auto;margin-right: auto;margin-top:30px;margin-bottom:30px;width:100%;\"><\/div><div class=\"fusion-sep-clear\"><\/div><div class=\"fusion-title title fusion-title-2 fusion-sep-none fusion-title-text fusion-title-size-three\" style=\"--awb-margin-bottom:10px;--awb-margin-top-small:0px;--awb-margin-right-small:0px;--awb-margin-bottom-small:20px;--awb-margin-left-small:0px;\"><h3 class=\"fusion-title-heading title-heading-left fusion-responsive-typography-calculated\" style=\"margin:0;--fontSize:18;--minFontSize:18;line-height:1.75;\"><h2 style=\"text-align: left;\"><b>&#8211; RIESGO COMPARTIDO <\/b><b>&#8211;<\/b><\/h2><\/h3><\/div><div class=\"fusion-text fusion-text-3\"><h3>Como empresa orientada a la innovaci\u00f3n sabemos que el ensayo y el error pueden hacernos m\u00e1s fuertes e incluso traernos a la siguiente gran idea, por eso trabajamos en equipo y compartimos los riesgos.<\/h3>\n<h3><\/h3>\n<\/div><div class=\"fusion-image-element in-legacy-container\" style=\"--awb-caption-title-font-family:var(--h2_typography-font-family);--awb-caption-title-font-weight:var(--h2_typography-font-weight);--awb-caption-title-font-style:var(--h2_typography-font-style);--awb-caption-title-size:var(--h2_typography-font-size);--awb-caption-title-transform:var(--h2_typography-text-transform);--awb-caption-title-line-height:var(--h2_typography-line-height);--awb-caption-title-letter-spacing:var(--h2_typography-letter-spacing);\"><span class=\" fusion-imageframe imageframe-none imageframe-2 hover-type-none\"><img decoding=\"async\" width=\"1024\" height=\"682\" title=\"Shared Risk\" src=\"https:\/\/www.itw-fasteners.com\/wp-content\/uploads\/2023\/08\/Shared-Risk-1024x682.jpg\" alt class=\"img-responsive wp-image-24466\" srcset=\"https:\/\/www.itw-fasteners.com\/wp-content\/uploads\/2023\/08\/Shared-Risk-200x133.jpg 200w, https:\/\/www.itw-fasteners.com\/wp-content\/uploads\/2023\/08\/Shared-Risk-400x266.jpg 400w, https:\/\/www.itw-fasteners.com\/wp-content\/uploads\/2023\/08\/Shared-Risk-600x400.jpg 600w, https:\/\/www.itw-fasteners.com\/wp-content\/uploads\/2023\/08\/Shared-Risk-800x533.jpg 800w, https:\/\/www.itw-fasteners.com\/wp-content\/uploads\/2023\/08\/Shared-Risk-1200x799.jpg 1200w\" sizes=\"(max-width: 800px) 100vw, 1200px\" \/><\/span><\/div><div class=\"fusion-sep-clear\"><\/div><div class=\"fusion-separator fusion-full-width-sep\" style=\"margin-left: auto;margin-right: auto;margin-top:30px;margin-bottom:30px;width:100%;\"><\/div><div class=\"fusion-sep-clear\"><\/div><div class=\"fusion-title title fusion-title-3 fusion-sep-none fusion-title-text fusion-title-size-three\" style=\"--awb-margin-bottom:10px;--awb-margin-top-small:0px;--awb-margin-right-small:0px;--awb-margin-bottom-small:20px;--awb-margin-left-small:0px;\"><h3 class=\"fusion-title-heading title-heading-left fusion-responsive-typography-calculated\" style=\"margin:0;--fontSize:18;--minFontSize:18;line-height:1.75;\"><h2 style=\"text-align: left;\"><b>&#8211; INTEGRIDAD &#8211;<\/b><\/h2><\/h3><\/div><div class=\"fusion-text fusion-text-4\"><h3 style=\"text-align: left;\">A pesar de las muchas marcas y ubicaciones, en ITW siempre servimos a nuestros proveedores y clientes de la misma manera honesta y transparente, como una compa\u00f1\u00eda que siempre se esfuerza por hacer lo correcto.<\/h3>\n<\/div><div class=\"fusion-image-element in-legacy-container\" style=\"--awb-caption-title-font-family:var(--h2_typography-font-family);--awb-caption-title-font-weight:var(--h2_typography-font-weight);--awb-caption-title-font-style:var(--h2_typography-font-style);--awb-caption-title-size:var(--h2_typography-font-size);--awb-caption-title-transform:var(--h2_typography-text-transform);--awb-caption-title-line-height:var(--h2_typography-line-height);--awb-caption-title-letter-spacing:var(--h2_typography-letter-spacing);\"><span class=\" fusion-imageframe imageframe-none imageframe-3 hover-type-none\"><img decoding=\"async\" width=\"1024\" height=\"682\" title=\"Integrity\" src=\"https:\/\/www.itw-fasteners.com\/wp-content\/uploads\/2023\/08\/Integrity-1024x682.jpg\" alt class=\"img-responsive wp-image-24451\" srcset=\"https:\/\/www.itw-fasteners.com\/wp-content\/uploads\/2023\/08\/Integrity-200x133.jpg 200w, https:\/\/www.itw-fasteners.com\/wp-content\/uploads\/2023\/08\/Integrity-400x266.jpg 400w, https:\/\/www.itw-fasteners.com\/wp-content\/uploads\/2023\/08\/Integrity-600x400.jpg 600w, https:\/\/www.itw-fasteners.com\/wp-content\/uploads\/2023\/08\/Integrity-800x533.jpg 800w, https:\/\/www.itw-fasteners.com\/wp-content\/uploads\/2023\/08\/Integrity-1200x799.jpg 1200w\" sizes=\"(max-width: 800px) 100vw, 1200px\" \/><\/span><\/div><div class=\"fusion-sep-clear\"><\/div><div class=\"fusion-separator fusion-full-width-sep\" style=\"margin-left: auto;margin-right: auto;margin-top:30px;margin-bottom:30px;width:100%;\"><\/div><div class=\"fusion-sep-clear\"><\/div><div class=\"fusion-title title fusion-title-4 fusion-sep-none fusion-title-text fusion-title-size-three\" style=\"--awb-margin-bottom:10px;--awb-margin-top-small:0px;--awb-margin-right-small:0px;--awb-margin-bottom-small:20px;--awb-margin-left-small:0px;\"><h3 class=\"fusion-title-heading title-heading-left fusion-responsive-typography-calculated\" style=\"margin:0;--fontSize:18;--minFontSize:18;line-height:1.75;\"><h2 style=\"text-align: left;\"><b>&#8211; RESPETO &#8211;<\/b><\/h2><\/h3><\/div><div class=\"fusion-text fusion-text-5\"><h3>Nuestros empleados cualificados provienen de una amplia variedad de culturas; ITW respeta esta diversidad en todos los niveles de la compa\u00f1\u00eda y promueve as\u00ed un clima abierto en el que se crea innovaci\u00f3n.<\/h3>\n<\/div><div class=\"fusion-image-element in-legacy-container\" style=\"--awb-caption-title-font-family:var(--h2_typography-font-family);--awb-caption-title-font-weight:var(--h2_typography-font-weight);--awb-caption-title-font-style:var(--h2_typography-font-style);--awb-caption-title-size:var(--h2_typography-font-size);--awb-caption-title-transform:var(--h2_typography-text-transform);--awb-caption-title-line-height:var(--h2_typography-line-height);--awb-caption-title-letter-spacing:var(--h2_typography-letter-spacing);\"><span class=\" fusion-imageframe imageframe-none imageframe-4 hover-type-none\"><img decoding=\"async\" width=\"1024\" height=\"682\" title=\"Respect\" src=\"https:\/\/www.itw-fasteners.com\/wp-content\/uploads\/2023\/08\/Respect-1024x682.jpg\" alt class=\"img-responsive wp-image-24456\" srcset=\"https:\/\/www.itw-fasteners.com\/wp-content\/uploads\/2023\/08\/Respect-200x133.jpg 200w, https:\/\/www.itw-fasteners.com\/wp-content\/uploads\/2023\/08\/Respect-400x266.jpg 400w, https:\/\/www.itw-fasteners.com\/wp-content\/uploads\/2023\/08\/Respect-600x400.jpg 600w, https:\/\/www.itw-fasteners.com\/wp-content\/uploads\/2023\/08\/Respect-800x533.jpg 800w, https:\/\/www.itw-fasteners.com\/wp-content\/uploads\/2023\/08\/Respect-1200x799.jpg 1200w\" sizes=\"(max-width: 800px) 100vw, 1200px\" \/><\/span><\/div><div class=\"fusion-sep-clear\"><\/div><div class=\"fusion-separator fusion-full-width-sep\" style=\"margin-left: auto;margin-right: auto;margin-top:30px;margin-bottom:30px;width:100%;\"><\/div><div class=\"fusion-sep-clear\"><\/div><div class=\"fusion-title title fusion-title-5 fusion-sep-none fusion-title-text fusion-title-size-three\" style=\"--awb-margin-bottom:10px;--awb-margin-top-small:0px;--awb-margin-right-small:0px;--awb-margin-bottom-small:20px;--awb-margin-left-small:0px;\"><h3 class=\"fusion-title-heading title-heading-left fusion-responsive-typography-calculated\" style=\"margin:0;--fontSize:18;--minFontSize:18;line-height:1.75;\"><h2 style=\"text-align: left;\"><b>&#8211; CONFIANZA &#8211;<\/b><\/h2><\/h3><\/div><div class=\"fusion-text fusion-text-6\"><h3 style=\"text-align: left;\">Podemos confiar en el hecho de que todos los empleados de ITW cumplen los m\u00e1s altos est\u00e1ndares profesionales y trabajan activamente y en todo momento con vistas al inter\u00e9s de la empresa.<\/h3>\n<\/div><div class=\"fusion-image-element in-legacy-container\" style=\"--awb-caption-title-font-family:var(--h2_typography-font-family);--awb-caption-title-font-weight:var(--h2_typography-font-weight);--awb-caption-title-font-style:var(--h2_typography-font-style);--awb-caption-title-size:var(--h2_typography-font-size);--awb-caption-title-transform:var(--h2_typography-text-transform);--awb-caption-title-line-height:var(--h2_typography-line-height);--awb-caption-title-letter-spacing:var(--h2_typography-letter-spacing);\"><span class=\" fusion-imageframe imageframe-none imageframe-5 hover-type-none\"><img decoding=\"async\" width=\"1024\" height=\"682\" title=\"Trust\" src=\"https:\/\/www.itw-fasteners.com\/wp-content\/uploads\/2023\/08\/Trust-1024x682.jpg\" alt class=\"img-responsive wp-image-24461\" srcset=\"https:\/\/www.itw-fasteners.com\/wp-content\/uploads\/2023\/08\/Trust-200x133.jpg 200w, https:\/\/www.itw-fasteners.com\/wp-content\/uploads\/2023\/08\/Trust-400x266.jpg 400w, https:\/\/www.itw-fasteners.com\/wp-content\/uploads\/2023\/08\/Trust-600x400.jpg 600w, https:\/\/www.itw-fasteners.com\/wp-content\/uploads\/2023\/08\/Trust-800x533.jpg 800w, https:\/\/www.itw-fasteners.com\/wp-content\/uploads\/2023\/08\/Trust-1200x799.jpg 1200w\" sizes=\"(max-width: 800px) 100vw, 1200px\" \/><\/span><\/div><div class=\"fusion-sep-clear\"><\/div><div class=\"fusion-separator fusion-full-width-sep\" style=\"margin-left: auto;margin-right: auto;margin-top:30px;margin-bottom:30px;width:100%;\"><\/div><div class=\"fusion-sep-clear\"><\/div><div class=\"fusion-clearfix\"><\/div><\/div><\/div><\/div><\/div><\/p>\n","protected":false},"excerpt":{"rendered":"","protected":false},"author":1,"featured_media":0,"parent":0,"menu_order":0,"comment_status":"closed","ping_status":"closed","template":"100-width.php","meta":{"footnotes":""},"class_list":["post-16864","page","type-page","status-publish","hentry"],"yoast_head":"<!-- This site is optimized with the Yoast SEO plugin v27.3 - https:\/\/yoast.com\/product\/yoast-seo-wordpress\/ -->\n<title>Nuestros valores - ITW<\/title>\n<meta name=\"robots\" content=\"index, follow, max-snippet:-1, max-image-preview:large, max-video-preview:-1\" \/>\n<link rel=\"canonical\" href=\"https:\/\/www.itw-fasteners.com\/es\/nuestros_valores\/\" \/>\n<meta property=\"og:locale\" content=\"es_ES\" \/>\n<meta property=\"og:type\" content=\"article\" \/>\n<meta property=\"og:title\" content=\"Nuestros valores - ITW\" \/>\n<meta property=\"og:url\" content=\"https:\/\/www.itw-fasteners.com\/es\/nuestros_valores\/\" \/>\n<meta property=\"og:site_name\" content=\"ITW\" \/>\n<meta property=\"article:modified_time\" content=\"2023-08-16T12:49:32+00:00\" \/>\n<meta name=\"twitter:card\" content=\"summary_large_image\" \/>\n<meta name=\"twitter:label1\" content=\"Tiempo de lectura\" \/>\n\t<meta name=\"twitter:data1\" content=\"15 minutos\" \/>\n<script type=\"application\/ld+json\" class=\"yoast-schema-graph\">{\"@context\":\"https:\\\/\\\/schema.org\",\"@graph\":[{\"@type\":\"WebPage\",\"@id\":\"https:\\\/\\\/www.itw-fasteners.com\\\/es\\\/nuestros_valores\\\/\",\"url\":\"https:\\\/\\\/www.itw-fasteners.com\\\/es\\\/nuestros_valores\\\/\",\"name\":\"Nuestros valores - ITW\",\"isPartOf\":{\"@id\":\"https:\\\/\\\/www.itw-fasteners.com\\\/de\\\/#website\"},\"datePublished\":\"2018-01-12T12:51:08+00:00\",\"dateModified\":\"2023-08-16T12:49:32+00:00\",\"breadcrumb\":{\"@id\":\"https:\\\/\\\/www.itw-fasteners.com\\\/es\\\/nuestros_valores\\\/#breadcrumb\"},\"inLanguage\":\"es\",\"potentialAction\":[{\"@type\":\"ReadAction\",\"target\":[\"https:\\\/\\\/www.itw-fasteners.com\\\/es\\\/nuestros_valores\\\/\"]}]},{\"@type\":\"BreadcrumbList\",\"@id\":\"https:\\\/\\\/www.itw-fasteners.com\\\/es\\\/nuestros_valores\\\/#breadcrumb\",\"itemListElement\":[{\"@type\":\"ListItem\",\"position\":1,\"name\":\"Home\",\"item\":\"https:\\\/\\\/www.itw-fasteners.com\\\/es\\\/\"},{\"@type\":\"ListItem\",\"position\":2,\"name\":\"Nuestros valores\"}]},{\"@type\":\"WebSite\",\"@id\":\"https:\\\/\\\/www.itw-fasteners.com\\\/de\\\/#website\",\"url\":\"https:\\\/\\\/www.itw-fasteners.com\\\/de\\\/\",\"name\":\"ITW Fasteners\",\"description\":\"\",\"publisher\":{\"@id\":\"https:\\\/\\\/www.itw-fasteners.com\\\/de\\\/#organization\"},\"potentialAction\":[{\"@type\":\"SearchAction\",\"target\":{\"@type\":\"EntryPoint\",\"urlTemplate\":\"https:\\\/\\\/www.itw-fasteners.com\\\/de\\\/?s={search_term_string}\"},\"query-input\":{\"@type\":\"PropertyValueSpecification\",\"valueRequired\":true,\"valueName\":\"search_term_string\"}}],\"inLanguage\":\"es\"},{\"@type\":\"Organization\",\"@id\":\"https:\\\/\\\/www.itw-fasteners.com\\\/de\\\/#organization\",\"name\":\"ITW Fasteners\",\"url\":\"https:\\\/\\\/www.itw-fasteners.com\\\/de\\\/\",\"logo\":{\"@type\":\"ImageObject\",\"inLanguage\":\"es\",\"@id\":\"https:\\\/\\\/www.itw-fasteners.com\\\/de\\\/#\\\/schema\\\/logo\\\/image\\\/\",\"url\":\"https:\\\/\\\/www.itw-fasteners.com\\\/wp-content\\\/uploads\\\/2022\\\/06\\\/ITW_Logo_GF_Maroon_CMYK.png\",\"contentUrl\":\"https:\\\/\\\/www.itw-fasteners.com\\\/wp-content\\\/uploads\\\/2022\\\/06\\\/ITW_Logo_GF_Maroon_CMYK.png\",\"width\":2132,\"height\":1057,\"caption\":\"ITW Fasteners\"},\"image\":{\"@id\":\"https:\\\/\\\/www.itw-fasteners.com\\\/de\\\/#\\\/schema\\\/logo\\\/image\\\/\"}}]}<\/script>\n<!-- \/ Yoast SEO plugin. -->","yoast_head_json":{"title":"Nuestros valores - ITW","robots":{"index":"index","follow":"follow","max-snippet":"max-snippet:-1","max-image-preview":"max-image-preview:large","max-video-preview":"max-video-preview:-1"},"canonical":"https:\/\/www.itw-fasteners.com\/es\/nuestros_valores\/","og_locale":"es_ES","og_type":"article","og_title":"Nuestros valores - ITW","og_url":"https:\/\/www.itw-fasteners.com\/es\/nuestros_valores\/","og_site_name":"ITW","article_modified_time":"2023-08-16T12:49:32+00:00","twitter_card":"summary_large_image","twitter_misc":{"Tiempo de lectura":"15 minutos"},"schema":{"@context":"https:\/\/schema.org","@graph":[{"@type":"WebPage","@id":"https:\/\/www.itw-fasteners.com\/es\/nuestros_valores\/","url":"https:\/\/www.itw-fasteners.com\/es\/nuestros_valores\/","name":"Nuestros valores - ITW","isPartOf":{"@id":"https:\/\/www.itw-fasteners.com\/de\/#website"},"datePublished":"2018-01-12T12:51:08+00:00","dateModified":"2023-08-16T12:49:32+00:00","breadcrumb":{"@id":"https:\/\/www.itw-fasteners.com\/es\/nuestros_valores\/#breadcrumb"},"inLanguage":"es","potentialAction":[{"@type":"ReadAction","target":["https:\/\/www.itw-fasteners.com\/es\/nuestros_valores\/"]}]},{"@type":"BreadcrumbList","@id":"https:\/\/www.itw-fasteners.com\/es\/nuestros_valores\/#breadcrumb","itemListElement":[{"@type":"ListItem","position":1,"name":"Home","item":"https:\/\/www.itw-fasteners.com\/es\/"},{"@type":"ListItem","position":2,"name":"Nuestros valores"}]},{"@type":"WebSite","@id":"https:\/\/www.itw-fasteners.com\/de\/#website","url":"https:\/\/www.itw-fasteners.com\/de\/","name":"ITW Fasteners","description":"","publisher":{"@id":"https:\/\/www.itw-fasteners.com\/de\/#organization"},"potentialAction":[{"@type":"SearchAction","target":{"@type":"EntryPoint","urlTemplate":"https:\/\/www.itw-fasteners.com\/de\/?s={search_term_string}"},"query-input":{"@type":"PropertyValueSpecification","valueRequired":true,"valueName":"search_term_string"}}],"inLanguage":"es"},{"@type":"Organization","@id":"https:\/\/www.itw-fasteners.com\/de\/#organization","name":"ITW Fasteners","url":"https:\/\/www.itw-fasteners.com\/de\/","logo":{"@type":"ImageObject","inLanguage":"es","@id":"https:\/\/www.itw-fasteners.com\/de\/#\/schema\/logo\/image\/","url":"https:\/\/www.itw-fasteners.com\/wp-content\/uploads\/2022\/06\/ITW_Logo_GF_Maroon_CMYK.png","contentUrl":"https:\/\/www.itw-fasteners.com\/wp-content\/uploads\/2022\/06\/ITW_Logo_GF_Maroon_CMYK.png","width":2132,"height":1057,"caption":"ITW Fasteners"},"image":{"@id":"https:\/\/www.itw-fasteners.com\/de\/#\/schema\/logo\/image\/"}}]}},"_links":{"self":[{"href":"https:\/\/www.itw-fasteners.com\/es\/wp-json\/wp\/v2\/pages\/16864","targetHints":{"allow":["GET"]}}],"collection":[{"href":"https:\/\/www.itw-fasteners.com\/es\/wp-json\/wp\/v2\/pages"}],"about":[{"href":"https:\/\/www.itw-fasteners.com\/es\/wp-json\/wp\/v2\/types\/page"}],"author":[{"embeddable":true,"href":"https:\/\/www.itw-fasteners.com\/es\/wp-json\/wp\/v2\/users\/1"}],"replies":[{"embeddable":true,"href":"https:\/\/www.itw-fasteners.com\/es\/wp-json\/wp\/v2\/comments?post=16864"}],"version-history":[{"count":5,"href":"https:\/\/www.itw-fasteners.com\/es\/wp-json\/wp\/v2\/pages\/16864\/revisions"}],"predecessor-version":[{"id":24710,"href":"https:\/\/www.itw-fasteners.com\/es\/wp-json\/wp\/v2\/pages\/16864\/revisions\/24710"}],"wp:attachment":[{"href":"https:\/\/www.itw-fasteners.com\/es\/wp-json\/wp\/v2\/media?parent=16864"}],"curies":[{"name":"wp","href":"https:\/\/api.w.org\/{rel}","templated":true}]}}