{"id":16867,"date":"2019-01-14T15:06:17","date_gmt":"2019-01-14T14:06:17","guid":{"rendered":"https:\/\/www.itw-fasteners.com\/certifications\/"},"modified":"2026-03-13T16:06:52","modified_gmt":"2026-03-13T15:06:52","slug":"calidad_certificada","status":"publish","type":"page","link":"https:\/\/www.itw-fasteners.com\/es\/calidad_certificada\/","title":{"rendered":"Calidad certificada"},"content":{"rendered":"<p><div class=\"fusion-fullwidth fullwidth-box fusion-builder-row-1 nonhundred-percent-fullwidth non-hundred-percent-height-scrolling\" style=\"--awb-border-radius-top-left:0px;--awb-border-radius-top-right:0px;--awb-border-radius-bottom-right:0px;--awb-border-radius-bottom-left:0px;--awb-flex-wrap:wrap;\" ><div class=\"fusion-builder-row fusion-row\"><div class=\"fusion-layout-column fusion_builder_column fusion-builder-column-0 fusion_builder_column_1_1 1_1 fusion-one-full fusion-column-first fusion-column-last\" style=\"--awb-bg-size:cover;\"><div class=\"fusion-column-wrapper fusion-flex-column-wrapper-legacy\"><div class=\"fusion-text fusion-text-1\" style=\"--awb-text-transform:none;\"><h1>La confianza es buena, la certificaci\u00f3n es mejor.<\/h1>\n<h3>La excelente calidad de nuestros productos es uno de los pilares m\u00e1s importantes de nuestro \u00e9xito. Esto mismo queda garantizado por nuestro sistema de gesti\u00f3n de calidad, que est\u00e1 certificado en todo el mundo.<\/h3>\n<h3>Nos referimos a certificaciones seg\u00fan:<\/h3>\n<p><span style=\"color: #ffffff;\">***<\/span><\/p>\n<h1>IATF 16949<\/h1>\n<h2>GESTION DE CALIDAD<\/h2>\n<h3>En aras de una colaboraci\u00f3n duradera con nuestros clientes, trabajamos siempre en la optimizaci\u00f3n continua de nuestros procesos empresariales. \u00c9ste es el requisito previo para que de nuestras instalaciones s\u00f3lo salgan productos de primera calidad.<\/h3>\n<h3><span style=\"color: #ffffff;\">***<\/span><\/h3>\n<h1>OHSAS 18001 \/ ISO 45001<\/h1>\n<h2>GESTION DE LA SEGURIDAD LABORAL Y DE LA PROTECCION SANITARIA<\/h2>\n<h3><\/h3>\n<p><span style=\"color: #ffffff;\">***<\/span><\/p>\n<h3><\/h3>\n<\/div><div class=\"fusion-text fusion-text-2\" style=\"--awb-text-transform:none;\"><h1>ISO 14001<\/h1>\n<h2>GESTION MEDIOAMBIENTAL<\/h2>\n<h2><\/h2>\n<h1>ISO 50001<\/h1>\n<h2>GESTION DE LA ENERGIA<\/h2>\n<h3><\/h3>\n<h3>Para nosotros, la sostenibilidad es un proceso din\u00e1mico cada vez m\u00e1s importante que comienza con el desarrollo de nuestros productos.<br \/>\nNos tomamos muy en serio nuestra responsabilidad y compromiso con el medio ambiente.<br \/>\nLa certificaci\u00f3n ISO 14001 y ISO 50001 confirman que vamos por buen camino.<\/h3>\n<h2><\/h2>\n<\/div><div class=\"fusion-image-element in-legacy-container\" style=\"--awb-caption-title-font-family:var(--h2_typography-font-family);--awb-caption-title-font-weight:var(--h2_typography-font-weight);--awb-caption-title-font-style:var(--h2_typography-font-style);--awb-caption-title-size:var(--h2_typography-font-size);--awb-caption-title-transform:var(--h2_typography-text-transform);--awb-caption-title-line-height:var(--h2_typography-line-height);--awb-caption-title-letter-spacing:var(--h2_typography-letter-spacing);\"><span class=\" fusion-imageframe imageframe-none imageframe-1 hover-type-none\"><img decoding=\"async\" width=\"800\" height=\"572\" title=\"panthermedia_Nachhaltigkeit\" src=\"https:\/\/itw-fasteners.com\/wp-content\/uploads\/2018\/07\/panthermedia_Nachhaltigkeit-800x572.jpg\" alt class=\"img-responsive wp-image-16868\" srcset=\"https:\/\/www.itw-fasteners.com\/wp-content\/uploads\/2018\/07\/panthermedia_Nachhaltigkeit-200x143.jpg 200w, https:\/\/www.itw-fasteners.com\/wp-content\/uploads\/2018\/07\/panthermedia_Nachhaltigkeit-400x286.jpg 400w, https:\/\/www.itw-fasteners.com\/wp-content\/uploads\/2018\/07\/panthermedia_Nachhaltigkeit-600x429.jpg 600w, https:\/\/www.itw-fasteners.com\/wp-content\/uploads\/2018\/07\/panthermedia_Nachhaltigkeit-800x572.jpg 800w, https:\/\/www.itw-fasteners.com\/wp-content\/uploads\/2018\/07\/panthermedia_Nachhaltigkeit-1200x858.jpg 1200w, https:\/\/www.itw-fasteners.com\/wp-content\/uploads\/2018\/07\/panthermedia_Nachhaltigkeit.jpg 3508w\" sizes=\"(max-width: 800px) 100vw, 1200px\" \/><\/span><\/div><div class=\"fusion-clearfix\"><\/div><\/div><\/div><\/div><\/div><div class=\"fusion-fullwidth fullwidth-box fusion-builder-row-2 nonhundred-percent-fullwidth non-hundred-percent-height-scrolling\" style=\"--awb-border-radius-top-left:0px;--awb-border-radius-top-right:0px;--awb-border-radius-bottom-right:0px;--awb-border-radius-bottom-left:0px;--awb-background-color:#e0e0e0;--awb-flex-wrap:wrap;\" ><div class=\"fusion-builder-row fusion-row\"><div class=\"fusion-layout-column fusion_builder_column fusion-builder-column-1 fusion_builder_column_1_2 1_2 fusion-one-half fusion-column-first\" style=\"--awb-bg-size:cover;width:50%;width:calc(50% - ( ( 4% ) * 0.5 ) );margin-right: 4%;\"><div class=\"fusion-column-wrapper fusion-flex-column-wrapper-legacy\"><div class=\"fusion-sep-clear\"><\/div><div class=\"fusion-separator fusion-full-width-sep\" style=\"margin-left: auto;margin-right: auto;margin-top:40px;margin-bottom:40px;width:100%;\"><\/div><div class=\"fusion-sep-clear\"><\/div><div class=\"fusion-text fusion-text-3\"><h2>ARCHIVO DE DESCARGA<\/h2>\n<\/div><div class=\"fusion-text fusion-text-4\"><h3><a href=\"https:\/\/www.itw-fasteners.com\/\/wp-content\/uploads\/2019\/02\/HSE-Policy-ENK-2019.pdf\" target=\"_blank\" rel=\"noopener noreferrer\">&gt; HS&amp;E Policy ITW Enkenbach (PDF)<\/a><\/h3>\n<h3><a href=\"https:\/\/www.itw-fasteners.com\/wp-content\/uploads\/2026\/03\/MC03_ENG_Politica-de-Gestion-Integrada_rev8.pdf\" target=\"_blank\" rel=\"noopener noreferrer\">&gt; Integrated Management Policy &#8211; ITW Spain (PDF)<\/a><\/h3>\n<\/div><div class=\"fusion-sep-clear\"><\/div><div class=\"fusion-separator fusion-full-width-sep\" style=\"margin-left: auto;margin-right: auto;margin-top:40px;margin-bottom:40px;width:100%;\"><\/div><div class=\"fusion-sep-clear\"><\/div><div class=\"fusion-clearfix\"><\/div><\/div><\/div><div class=\"fusion-layout-column fusion_builder_column fusion-builder-column-2 fusion_builder_column_1_2 1_2 fusion-one-half fusion-column-last\" style=\"--awb-bg-size:cover;width:50%;width:calc(50% - ( ( 4% ) * 0.5 ) );\"><div class=\"fusion-column-wrapper fusion-flex-column-wrapper-legacy\"><div class=\"fusion-sep-clear\"><\/div><div class=\"fusion-separator fusion-full-width-sep\" style=\"margin-left: auto;margin-right: auto;margin-top:40px;margin-bottom:40px;width:100%;\"><\/div><div class=\"fusion-sep-clear\"><\/div><div class=\"fusion-text fusion-text-5\"><p>&#8230;<\/p>\n<\/div><div class=\"fusion-text fusion-text-6\"><h3><a href=\"https:\/\/www.itw-fasteners.com\/wp-content\/uploads\/2019\/10\/Safety-Policy.pdf\" target=\"_blank\" rel=\"noopener noreferrer\">&gt; Safety Policy ITW (PDF)<\/a><\/h3>\n<h3><a href=\"https:\/\/www.itw-fasteners.com\/wp-content\/uploads\/2019\/10\/Environment_Sustainability-Policy.pdf\" target=\"_blank\" rel=\"noopener noreferrer\">&gt; Environmental &amp; Sustainability Policy ITW (PDF)<\/a><\/h3>\n<\/div><div class=\"fusion-sep-clear\"><\/div><div class=\"fusion-separator fusion-full-width-sep\" style=\"margin-left: auto;margin-right: auto;margin-top:40px;margin-bottom:40px;width:100%;\"><\/div><div class=\"fusion-sep-clear\"><\/div><div class=\"fusion-clearfix\"><\/div><\/div><\/div><\/div><\/div><\/p>\n","protected":false},"excerpt":{"rendered":"","protected":false},"author":3,"featured_media":0,"parent":0,"menu_order":0,"comment_status":"closed","ping_status":"closed","template":"100-width.php","meta":{"footnotes":""},"class_list":["post-16867","page","type-page","status-publish","hentry"],"yoast_head":"<!-- This site is optimized with the Yoast SEO plugin v27.3 - https:\/\/yoast.com\/product\/yoast-seo-wordpress\/ -->\n<title>Calidad certificada - ITW<\/title>\n<meta name=\"robots\" content=\"index, follow, max-snippet:-1, max-image-preview:large, max-video-preview:-1\" \/>\n<link rel=\"canonical\" href=\"https:\/\/www.itw-fasteners.com\/es\/calidad_certificada\/\" \/>\n<meta property=\"og:locale\" content=\"es_ES\" \/>\n<meta property=\"og:type\" content=\"article\" \/>\n<meta property=\"og:title\" content=\"Calidad certificada - ITW\" \/>\n<meta property=\"og:url\" content=\"https:\/\/www.itw-fasteners.com\/es\/calidad_certificada\/\" \/>\n<meta property=\"og:site_name\" content=\"ITW\" \/>\n<meta property=\"article:modified_time\" content=\"2026-03-13T15:06:52+00:00\" \/>\n<meta name=\"twitter:card\" content=\"summary_large_image\" \/>\n<meta name=\"twitter:label1\" content=\"Tiempo de lectura\" \/>\n\t<meta name=\"twitter:data1\" content=\"2 minutos\" \/>\n<script type=\"application\/ld+json\" class=\"yoast-schema-graph\">{\"@context\":\"https:\\\/\\\/schema.org\",\"@graph\":[{\"@type\":\"WebPage\",\"@id\":\"https:\\\/\\\/www.itw-fasteners.com\\\/es\\\/calidad_certificada\\\/\",\"url\":\"https:\\\/\\\/www.itw-fasteners.com\\\/es\\\/calidad_certificada\\\/\",\"name\":\"Calidad certificada - ITW\",\"isPartOf\":{\"@id\":\"https:\\\/\\\/www.itw-fasteners.com\\\/de\\\/#website\"},\"datePublished\":\"2019-01-14T14:06:17+00:00\",\"dateModified\":\"2026-03-13T15:06:52+00:00\",\"breadcrumb\":{\"@id\":\"https:\\\/\\\/www.itw-fasteners.com\\\/es\\\/calidad_certificada\\\/#breadcrumb\"},\"inLanguage\":\"es\",\"potentialAction\":[{\"@type\":\"ReadAction\",\"target\":[\"https:\\\/\\\/www.itw-fasteners.com\\\/es\\\/calidad_certificada\\\/\"]}]},{\"@type\":\"BreadcrumbList\",\"@id\":\"https:\\\/\\\/www.itw-fasteners.com\\\/es\\\/calidad_certificada\\\/#breadcrumb\",\"itemListElement\":[{\"@type\":\"ListItem\",\"position\":1,\"name\":\"Home\",\"item\":\"https:\\\/\\\/www.itw-fasteners.com\\\/es\\\/\"},{\"@type\":\"ListItem\",\"position\":2,\"name\":\"Calidad certificada\"}]},{\"@type\":\"WebSite\",\"@id\":\"https:\\\/\\\/www.itw-fasteners.com\\\/de\\\/#website\",\"url\":\"https:\\\/\\\/www.itw-fasteners.com\\\/de\\\/\",\"name\":\"ITW Fasteners\",\"description\":\"\",\"publisher\":{\"@id\":\"https:\\\/\\\/www.itw-fasteners.com\\\/de\\\/#organization\"},\"potentialAction\":[{\"@type\":\"SearchAction\",\"target\":{\"@type\":\"EntryPoint\",\"urlTemplate\":\"https:\\\/\\\/www.itw-fasteners.com\\\/de\\\/?s={search_term_string}\"},\"query-input\":{\"@type\":\"PropertyValueSpecification\",\"valueRequired\":true,\"valueName\":\"search_term_string\"}}],\"inLanguage\":\"es\"},{\"@type\":\"Organization\",\"@id\":\"https:\\\/\\\/www.itw-fasteners.com\\\/de\\\/#organization\",\"name\":\"ITW Fasteners\",\"url\":\"https:\\\/\\\/www.itw-fasteners.com\\\/de\\\/\",\"logo\":{\"@type\":\"ImageObject\",\"inLanguage\":\"es\",\"@id\":\"https:\\\/\\\/www.itw-fasteners.com\\\/de\\\/#\\\/schema\\\/logo\\\/image\\\/\",\"url\":\"https:\\\/\\\/www.itw-fasteners.com\\\/wp-content\\\/uploads\\\/2022\\\/06\\\/ITW_Logo_GF_Maroon_CMYK.png\",\"contentUrl\":\"https:\\\/\\\/www.itw-fasteners.com\\\/wp-content\\\/uploads\\\/2022\\\/06\\\/ITW_Logo_GF_Maroon_CMYK.png\",\"width\":2132,\"height\":1057,\"caption\":\"ITW Fasteners\"},\"image\":{\"@id\":\"https:\\\/\\\/www.itw-fasteners.com\\\/de\\\/#\\\/schema\\\/logo\\\/image\\\/\"}}]}<\/script>\n<!-- \/ Yoast SEO plugin. -->","yoast_head_json":{"title":"Calidad certificada - ITW","robots":{"index":"index","follow":"follow","max-snippet":"max-snippet:-1","max-image-preview":"max-image-preview:large","max-video-preview":"max-video-preview:-1"},"canonical":"https:\/\/www.itw-fasteners.com\/es\/calidad_certificada\/","og_locale":"es_ES","og_type":"article","og_title":"Calidad certificada - ITW","og_url":"https:\/\/www.itw-fasteners.com\/es\/calidad_certificada\/","og_site_name":"ITW","article_modified_time":"2026-03-13T15:06:52+00:00","twitter_card":"summary_large_image","twitter_misc":{"Tiempo de lectura":"2 minutos"},"schema":{"@context":"https:\/\/schema.org","@graph":[{"@type":"WebPage","@id":"https:\/\/www.itw-fasteners.com\/es\/calidad_certificada\/","url":"https:\/\/www.itw-fasteners.com\/es\/calidad_certificada\/","name":"Calidad certificada - ITW","isPartOf":{"@id":"https:\/\/www.itw-fasteners.com\/de\/#website"},"datePublished":"2019-01-14T14:06:17+00:00","dateModified":"2026-03-13T15:06:52+00:00","breadcrumb":{"@id":"https:\/\/www.itw-fasteners.com\/es\/calidad_certificada\/#breadcrumb"},"inLanguage":"es","potentialAction":[{"@type":"ReadAction","target":["https:\/\/www.itw-fasteners.com\/es\/calidad_certificada\/"]}]},{"@type":"BreadcrumbList","@id":"https:\/\/www.itw-fasteners.com\/es\/calidad_certificada\/#breadcrumb","itemListElement":[{"@type":"ListItem","position":1,"name":"Home","item":"https:\/\/www.itw-fasteners.com\/es\/"},{"@type":"ListItem","position":2,"name":"Calidad certificada"}]},{"@type":"WebSite","@id":"https:\/\/www.itw-fasteners.com\/de\/#website","url":"https:\/\/www.itw-fasteners.com\/de\/","name":"ITW Fasteners","description":"","publisher":{"@id":"https:\/\/www.itw-fasteners.com\/de\/#organization"},"potentialAction":[{"@type":"SearchAction","target":{"@type":"EntryPoint","urlTemplate":"https:\/\/www.itw-fasteners.com\/de\/?s={search_term_string}"},"query-input":{"@type":"PropertyValueSpecification","valueRequired":true,"valueName":"search_term_string"}}],"inLanguage":"es"},{"@type":"Organization","@id":"https:\/\/www.itw-fasteners.com\/de\/#organization","name":"ITW Fasteners","url":"https:\/\/www.itw-fasteners.com\/de\/","logo":{"@type":"ImageObject","inLanguage":"es","@id":"https:\/\/www.itw-fasteners.com\/de\/#\/schema\/logo\/image\/","url":"https:\/\/www.itw-fasteners.com\/wp-content\/uploads\/2022\/06\/ITW_Logo_GF_Maroon_CMYK.png","contentUrl":"https:\/\/www.itw-fasteners.com\/wp-content\/uploads\/2022\/06\/ITW_Logo_GF_Maroon_CMYK.png","width":2132,"height":1057,"caption":"ITW Fasteners"},"image":{"@id":"https:\/\/www.itw-fasteners.com\/de\/#\/schema\/logo\/image\/"}}]}},"_links":{"self":[{"href":"https:\/\/www.itw-fasteners.com\/es\/wp-json\/wp\/v2\/pages\/16867","targetHints":{"allow":["GET"]}}],"collection":[{"href":"https:\/\/www.itw-fasteners.com\/es\/wp-json\/wp\/v2\/pages"}],"about":[{"href":"https:\/\/www.itw-fasteners.com\/es\/wp-json\/wp\/v2\/types\/page"}],"author":[{"embeddable":true,"href":"https:\/\/www.itw-fasteners.com\/es\/wp-json\/wp\/v2\/users\/3"}],"replies":[{"embeddable":true,"href":"https:\/\/www.itw-fasteners.com\/es\/wp-json\/wp\/v2\/comments?post=16867"}],"version-history":[{"count":13,"href":"https:\/\/www.itw-fasteners.com\/es\/wp-json\/wp\/v2\/pages\/16867\/revisions"}],"predecessor-version":[{"id":27579,"href":"https:\/\/www.itw-fasteners.com\/es\/wp-json\/wp\/v2\/pages\/16867\/revisions\/27579"}],"wp:attachment":[{"href":"https:\/\/www.itw-fasteners.com\/es\/wp-json\/wp\/v2\/media?parent=16867"}],"curies":[{"name":"wp","href":"https:\/\/api.w.org\/{rel}","templated":true}]}}