{"id":16876,"date":"2018-02-12T14:34:42","date_gmt":"2018-02-12T13:34:42","guid":{"rendered":"https:\/\/www.itw-fasteners.com\/kabel-leitungsmanagement\/"},"modified":"2020-07-09T16:20:03","modified_gmt":"2020-07-09T14:20:03","slug":"gestion_cables_lineas","status":"publish","type":"page","link":"https:\/\/www.itw-fasteners.com\/es\/gestion_cables_lineas\/","title":{"rendered":"Gestion de cables y lineas"},"content":{"rendered":"<p><div class=\"fusion-fullwidth fullwidth-box fusion-builder-row-1 nonhundred-percent-fullwidth non-hundred-percent-height-scrolling\" style=\"--awb-border-radius-top-left:0px;--awb-border-radius-top-right:0px;--awb-border-radius-bottom-right:0px;--awb-border-radius-bottom-left:0px;--awb-flex-wrap:wrap;\" ><div class=\"fusion-builder-row fusion-row\"><div class=\"fusion-layout-column fusion_builder_column fusion-builder-column-0 fusion_builder_column_1_1 1_1 fusion-one-full fusion-column-first fusion-column-last\" style=\"--awb-bg-size:cover;--awb-margin-bottom:0px;\"><div class=\"fusion-column-wrapper fusion-flex-column-wrapper-legacy\"><div class=\"fusion-text fusion-text-1\"><h1>Gesti\u00f3n de cables y l\u00edneas<\/h1>\n<\/div><div class=\"fusion-clearfix\"><\/div><\/div><\/div><\/div><\/div><div class=\"fusion-fullwidth fullwidth-box fusion-builder-row-2 nonhundred-percent-fullwidth non-hundred-percent-height-scrolling\" style=\"--awb-border-radius-top-left:0px;--awb-border-radius-top-right:0px;--awb-border-radius-bottom-right:0px;--awb-border-radius-bottom-left:0px;--awb-flex-wrap:wrap;\" ><div class=\"fusion-builder-row fusion-row\"><div class=\"fusion-layout-column fusion_builder_column fusion-builder-column-1 fusion_builder_column_1_1 1_1 fusion-one-full fusion-column-first fusion-column-last\" style=\"--awb-bg-size:cover;--awb-margin-bottom:0px;\"><div class=\"fusion-column-wrapper fusion-flex-column-wrapper-legacy\"><div class=\"fusion-text fusion-text-2\"><h3>M\u00e1s alta tecnolog\u00eda en el veh\u00edculo significa tambi\u00e9n m\u00e1s l\u00edneas de cables.<\/h3>\n<h3>El guiado preciso y la fijaci\u00f3n de los cables y l\u00edneas ofrecen una mayor seguridad y comodidad.<\/h3>\n<h3>Gracias a soluciones innovadoras y a la utilizaci\u00f3n de la m\u00e1s moderna tecnolog\u00eda multicomponente, las vibraciones y el ruido generados en el veh\u00edculo pueden reducirse al m\u00ednimo.<\/h3>\n<h3>En caso necesario, las bridas de obturaci\u00f3n y las tapas protegen contra las influencias externas extremas. Las juntas montadas o moldeadas ofrecen una protecci\u00f3n adicional contra la suciedad y el agua.<\/h3>\n<h3>Bas\u00e1ndonos en los requisitos y deseos de nuestros clientes, desarrollamos fijaciones para una amplia variedad de aplicaciones y \u00e1reas de aplicaci\u00f3n.<\/h3>\n<\/div><div class=\"fusion-sep-clear\"><\/div><div class=\"fusion-separator fusion-full-width-sep\" style=\"margin-left: auto;margin-right: auto;margin-bottom:45px;width:100%;\"><\/div><div class=\"fusion-sep-clear\"><\/div><div class=\"fusion-text fusion-text-3\"><h2>SUJETACABLES<\/h2>\n<\/div><div class=\"fusion-image-element in-legacy-container\" style=\"--awb-caption-title-font-family:var(--h2_typography-font-family);--awb-caption-title-font-weight:var(--h2_typography-font-weight);--awb-caption-title-font-style:var(--h2_typography-font-style);--awb-caption-title-size:var(--h2_typography-font-size);--awb-caption-title-transform:var(--h2_typography-text-transform);--awb-caption-title-line-height:var(--h2_typography-line-height);--awb-caption-title-letter-spacing:var(--h2_typography-letter-spacing);\"><span class=\" fusion-imageframe imageframe-none imageframe-1 hover-type-none\" style=\"border:1px solid #a0a0a0;\"><img decoding=\"async\" width=\"1200\" height=\"436\" title=\"Leit_halter\" src=\"https:\/\/itw-fasteners.com\/wp-content\/uploads\/2018\/12\/Leit_halter-1200x436.jpg\" alt class=\"img-responsive wp-image-15198\" srcset=\"https:\/\/www.itw-fasteners.com\/wp-content\/uploads\/2018\/12\/Leit_halter-200x73.jpg 200w, https:\/\/www.itw-fasteners.com\/wp-content\/uploads\/2018\/12\/Leit_halter-400x145.jpg 400w, https:\/\/www.itw-fasteners.com\/wp-content\/uploads\/2018\/12\/Leit_halter-600x218.jpg 600w, https:\/\/www.itw-fasteners.com\/wp-content\/uploads\/2018\/12\/Leit_halter-800x291.jpg 800w, https:\/\/www.itw-fasteners.com\/wp-content\/uploads\/2018\/12\/Leit_halter-1200x436.jpg 1200w, https:\/\/www.itw-fasteners.com\/wp-content\/uploads\/2018\/12\/Leit_halter.jpg 2800w\" sizes=\"(max-width: 800px) 100vw, 1200px\" \/><\/span><\/div><div class=\"fusion-sep-clear\"><\/div><div class=\"fusion-separator fusion-full-width-sep\" style=\"margin-left: auto;margin-right: auto;margin-bottom:45px;width:100%;\"><\/div><div class=\"fusion-sep-clear\"><\/div><div class=\"fusion-image-element in-legacy-container\" style=\"--awb-caption-title-font-family:var(--h2_typography-font-family);--awb-caption-title-font-weight:var(--h2_typography-font-weight);--awb-caption-title-font-style:var(--h2_typography-font-style);--awb-caption-title-size:var(--h2_typography-font-size);--awb-caption-title-transform:var(--h2_typography-text-transform);--awb-caption-title-line-height:var(--h2_typography-line-height);--awb-caption-title-letter-spacing:var(--h2_typography-letter-spacing);\"><span class=\" fusion-imageframe imageframe-none imageframe-2 hover-type-none\" style=\"border:1px solid #a0a0a0;\"><img decoding=\"async\" width=\"1200\" height=\"436\" title=\"Leit_halter2\" src=\"https:\/\/itw-fasteners.com\/wp-content\/uploads\/2018\/12\/Leit_halter2-1200x436.jpg\" alt class=\"img-responsive wp-image-15203\" srcset=\"https:\/\/www.itw-fasteners.com\/wp-content\/uploads\/2018\/12\/Leit_halter2-200x73.jpg 200w, https:\/\/www.itw-fasteners.com\/wp-content\/uploads\/2018\/12\/Leit_halter2-400x145.jpg 400w, https:\/\/www.itw-fasteners.com\/wp-content\/uploads\/2018\/12\/Leit_halter2-600x218.jpg 600w, https:\/\/www.itw-fasteners.com\/wp-content\/uploads\/2018\/12\/Leit_halter2-800x291.jpg 800w, https:\/\/www.itw-fasteners.com\/wp-content\/uploads\/2018\/12\/Leit_halter2-1200x436.jpg 1200w, https:\/\/www.itw-fasteners.com\/wp-content\/uploads\/2018\/12\/Leit_halter2.jpg 2800w\" sizes=\"(max-width: 800px) 100vw, 1200px\" \/><\/span><\/div><div class=\"fusion-sep-clear\"><\/div><div class=\"fusion-separator fusion-full-width-sep\" style=\"margin-left: auto;margin-right: auto;margin-bottom:75px;width:100%;\"><\/div><div class=\"fusion-sep-clear\"><\/div><div class=\"fusion-text fusion-text-4\"><h2>CINTAS DE\u00a0 CABLES<\/h2>\n<\/div><div class=\"fusion-image-element in-legacy-container\" style=\"--awb-caption-title-font-family:var(--h2_typography-font-family);--awb-caption-title-font-weight:var(--h2_typography-font-weight);--awb-caption-title-font-style:var(--h2_typography-font-style);--awb-caption-title-size:var(--h2_typography-font-size);--awb-caption-title-transform:var(--h2_typography-text-transform);--awb-caption-title-line-height:var(--h2_typography-line-height);--awb-caption-title-letter-spacing:var(--h2_typography-letter-spacing);\"><span class=\" fusion-imageframe imageframe-none imageframe-3 hover-type-none\" style=\"border:1px solid #a0a0a0;\"><img decoding=\"async\" width=\"1200\" height=\"436\" title=\"Kabelband 2\" src=\"https:\/\/itw-fasteners.com\/wp-content\/uploads\/2018\/12\/Kabelband-2-1200x436.jpg\" alt class=\"img-responsive wp-image-15192\" srcset=\"https:\/\/www.itw-fasteners.com\/wp-content\/uploads\/2018\/12\/Kabelband-2-200x73.jpg 200w, https:\/\/www.itw-fasteners.com\/wp-content\/uploads\/2018\/12\/Kabelband-2-400x145.jpg 400w, https:\/\/www.itw-fasteners.com\/wp-content\/uploads\/2018\/12\/Kabelband-2-600x218.jpg 600w, https:\/\/www.itw-fasteners.com\/wp-content\/uploads\/2018\/12\/Kabelband-2-800x291.jpg 800w, https:\/\/www.itw-fasteners.com\/wp-content\/uploads\/2018\/12\/Kabelband-2-1200x436.jpg 1200w, https:\/\/www.itw-fasteners.com\/wp-content\/uploads\/2018\/12\/Kabelband-2.jpg 1400w\" sizes=\"(max-width: 800px) 100vw, 1200px\" \/><\/span><\/div><div class=\"fusion-sep-clear\"><\/div><div class=\"fusion-separator fusion-full-width-sep\" style=\"margin-left: auto;margin-right: auto;margin-bottom:75px;width:100%;\"><\/div><div class=\"fusion-sep-clear\"><\/div><div class=\"fusion-text fusion-text-5\"><h2>LOCALIZADORES<\/h2>\n<\/div><div class=\"fusion-image-element in-legacy-container\" style=\"--awb-caption-title-font-family:var(--h2_typography-font-family);--awb-caption-title-font-weight:var(--h2_typography-font-weight);--awb-caption-title-font-style:var(--h2_typography-font-style);--awb-caption-title-size:var(--h2_typography-font-size);--awb-caption-title-transform:var(--h2_typography-text-transform);--awb-caption-title-line-height:var(--h2_typography-line-height);--awb-caption-title-letter-spacing:var(--h2_typography-letter-spacing);\"><span class=\" fusion-imageframe imageframe-none imageframe-4 hover-type-none\" style=\"border:1px solid #7c7c7c;\"><img decoding=\"async\" width=\"1200\" height=\"436\" title=\"Locator_verb2\" src=\"https:\/\/itw-fasteners.com\/wp-content\/uploads\/2018\/12\/Locator_verb2-1200x436.jpg\" alt class=\"img-responsive wp-image-15208\" srcset=\"https:\/\/www.itw-fasteners.com\/wp-content\/uploads\/2018\/12\/Locator_verb2-200x73.jpg 200w, https:\/\/www.itw-fasteners.com\/wp-content\/uploads\/2018\/12\/Locator_verb2-400x145.jpg 400w, https:\/\/www.itw-fasteners.com\/wp-content\/uploads\/2018\/12\/Locator_verb2-600x218.jpg 600w, https:\/\/www.itw-fasteners.com\/wp-content\/uploads\/2018\/12\/Locator_verb2-800x291.jpg 800w, https:\/\/www.itw-fasteners.com\/wp-content\/uploads\/2018\/12\/Locator_verb2-1200x436.jpg 1200w, https:\/\/www.itw-fasteners.com\/wp-content\/uploads\/2018\/12\/Locator_verb2.jpg 1400w\" sizes=\"(max-width: 800px) 100vw, 1200px\" \/><\/span><\/div><div class=\"fusion-sep-clear\"><\/div><div class=\"fusion-separator fusion-full-width-sep\" style=\"margin-left: auto;margin-right: auto;margin-bottom:45px;width:100%;\"><\/div><div class=\"fusion-sep-clear\"><\/div><div class=\"fusion-image-element in-legacy-container\" style=\"--awb-caption-title-font-family:var(--h2_typography-font-family);--awb-caption-title-font-weight:var(--h2_typography-font-weight);--awb-caption-title-font-style:var(--h2_typography-font-style);--awb-caption-title-size:var(--h2_typography-font-size);--awb-caption-title-transform:var(--h2_typography-text-transform);--awb-caption-title-line-height:var(--h2_typography-line-height);--awb-caption-title-letter-spacing:var(--h2_typography-letter-spacing);\"><span class=\" fusion-imageframe imageframe-none imageframe-5 hover-type-none\" style=\"border:1px solid #a0a0a0;\"><img decoding=\"async\" width=\"1200\" height=\"436\" title=\"Locator\" src=\"https:\/\/itw-fasteners.com\/wp-content\/uploads\/2018\/12\/Locator-1200x436.jpg\" alt class=\"img-responsive wp-image-15212\" srcset=\"https:\/\/www.itw-fasteners.com\/wp-content\/uploads\/2018\/12\/Locator-200x73.jpg 200w, https:\/\/www.itw-fasteners.com\/wp-content\/uploads\/2018\/12\/Locator-400x145.jpg 400w, https:\/\/www.itw-fasteners.com\/wp-content\/uploads\/2018\/12\/Locator-600x218.jpg 600w, https:\/\/www.itw-fasteners.com\/wp-content\/uploads\/2018\/12\/Locator-800x291.jpg 800w, https:\/\/www.itw-fasteners.com\/wp-content\/uploads\/2018\/12\/Locator-1200x436.jpg 1200w, https:\/\/www.itw-fasteners.com\/wp-content\/uploads\/2018\/12\/Locator.jpg 2800w\" sizes=\"(max-width: 800px) 100vw, 1200px\" \/><\/span><\/div><div class=\"fusion-clearfix\"><\/div><\/div><\/div><\/div><\/div><div class=\"fusion-fullwidth fullwidth-box fusion-builder-row-3 nonhundred-percent-fullwidth non-hundred-percent-height-scrolling\" style=\"--awb-border-radius-top-left:0px;--awb-border-radius-top-right:0px;--awb-border-radius-bottom-right:0px;--awb-border-radius-bottom-left:0px;--awb-flex-wrap:wrap;\" ><div class=\"fusion-builder-row fusion-row\"><div class=\"fusion-layout-column fusion_builder_column fusion-builder-column-2 fusion_builder_column_1_1 1_1 fusion-one-full fusion-column-first fusion-column-last\" style=\"--awb-bg-size:cover;\"><div class=\"fusion-column-wrapper fusion-flex-column-wrapper-legacy\"><div class=\"fusion-clearfix\"><\/div><\/div><\/div><\/div><\/div><\/p>\n","protected":false},"excerpt":{"rendered":"","protected":false},"author":1,"featured_media":15531,"parent":0,"menu_order":0,"comment_status":"closed","ping_status":"closed","template":"","meta":{"footnotes":""},"class_list":["post-16876","page","type-page","status-publish","has-post-thumbnail","hentry"],"yoast_head":"<!-- This site is optimized with the Yoast SEO plugin v27.3 - https:\/\/yoast.com\/product\/yoast-seo-wordpress\/ -->\n<title>Gestion de cables y lineas - ITW<\/title>\n<meta name=\"robots\" content=\"index, follow, max-snippet:-1, max-image-preview:large, max-video-preview:-1\" \/>\n<link rel=\"canonical\" href=\"https:\/\/www.itw-fasteners.com\/es\/gestion_cables_lineas\/\" \/>\n<meta property=\"og:locale\" content=\"es_ES\" \/>\n<meta property=\"og:type\" content=\"article\" \/>\n<meta property=\"og:title\" content=\"Gestion de cables y lineas - ITW\" \/>\n<meta property=\"og:url\" content=\"https:\/\/www.itw-fasteners.com\/es\/gestion_cables_lineas\/\" \/>\n<meta property=\"og:site_name\" content=\"ITW\" \/>\n<meta property=\"article:modified_time\" content=\"2020-07-09T14:20:03+00:00\" \/>\n<meta property=\"og:image\" content=\"https:\/\/www.itw-fasteners.com\/wp-content\/uploads\/2018\/02\/csm_Routing_Wiring_Uebersicht_01_bf51bfd4b0.jpg\" \/>\n\t<meta property=\"og:image:width\" content=\"200\" \/>\n\t<meta property=\"og:image:height\" content=\"126\" \/>\n\t<meta property=\"og:image:type\" content=\"image\/jpeg\" \/>\n<meta name=\"twitter:card\" content=\"summary_large_image\" \/>\n<meta name=\"twitter:label1\" content=\"Tiempo de lectura\" \/>\n\t<meta name=\"twitter:data1\" content=\"6 minutos\" \/>\n<script type=\"application\/ld+json\" class=\"yoast-schema-graph\">{\"@context\":\"https:\\\/\\\/schema.org\",\"@graph\":[{\"@type\":\"WebPage\",\"@id\":\"https:\\\/\\\/www.itw-fasteners.com\\\/es\\\/gestion_cables_lineas\\\/\",\"url\":\"https:\\\/\\\/www.itw-fasteners.com\\\/es\\\/gestion_cables_lineas\\\/\",\"name\":\"Gestion de cables y lineas - ITW\",\"isPartOf\":{\"@id\":\"https:\\\/\\\/www.itw-fasteners.com\\\/de\\\/#website\"},\"primaryImageOfPage\":{\"@id\":\"https:\\\/\\\/www.itw-fasteners.com\\\/es\\\/gestion_cables_lineas\\\/#primaryimage\"},\"image\":{\"@id\":\"https:\\\/\\\/www.itw-fasteners.com\\\/es\\\/gestion_cables_lineas\\\/#primaryimage\"},\"thumbnailUrl\":\"https:\\\/\\\/www.itw-fasteners.com\\\/wp-content\\\/uploads\\\/2018\\\/02\\\/csm_Routing_Wiring_Uebersicht_01_bf51bfd4b0.jpg\",\"datePublished\":\"2018-02-12T13:34:42+00:00\",\"dateModified\":\"2020-07-09T14:20:03+00:00\",\"breadcrumb\":{\"@id\":\"https:\\\/\\\/www.itw-fasteners.com\\\/es\\\/gestion_cables_lineas\\\/#breadcrumb\"},\"inLanguage\":\"es\",\"potentialAction\":[{\"@type\":\"ReadAction\",\"target\":[\"https:\\\/\\\/www.itw-fasteners.com\\\/es\\\/gestion_cables_lineas\\\/\"]}]},{\"@type\":\"ImageObject\",\"inLanguage\":\"es\",\"@id\":\"https:\\\/\\\/www.itw-fasteners.com\\\/es\\\/gestion_cables_lineas\\\/#primaryimage\",\"url\":\"https:\\\/\\\/www.itw-fasteners.com\\\/wp-content\\\/uploads\\\/2018\\\/02\\\/csm_Routing_Wiring_Uebersicht_01_bf51bfd4b0.jpg\",\"contentUrl\":\"https:\\\/\\\/www.itw-fasteners.com\\\/wp-content\\\/uploads\\\/2018\\\/02\\\/csm_Routing_Wiring_Uebersicht_01_bf51bfd4b0.jpg\",\"width\":200,\"height\":126,\"caption\":\"KABELMANAGEMENT\"},{\"@type\":\"BreadcrumbList\",\"@id\":\"https:\\\/\\\/www.itw-fasteners.com\\\/es\\\/gestion_cables_lineas\\\/#breadcrumb\",\"itemListElement\":[{\"@type\":\"ListItem\",\"position\":1,\"name\":\"Home\",\"item\":\"https:\\\/\\\/www.itw-fasteners.com\\\/es\\\/\"},{\"@type\":\"ListItem\",\"position\":2,\"name\":\"Gestion de cables y lineas\"}]},{\"@type\":\"WebSite\",\"@id\":\"https:\\\/\\\/www.itw-fasteners.com\\\/de\\\/#website\",\"url\":\"https:\\\/\\\/www.itw-fasteners.com\\\/de\\\/\",\"name\":\"ITW Fasteners\",\"description\":\"\",\"publisher\":{\"@id\":\"https:\\\/\\\/www.itw-fasteners.com\\\/de\\\/#organization\"},\"potentialAction\":[{\"@type\":\"SearchAction\",\"target\":{\"@type\":\"EntryPoint\",\"urlTemplate\":\"https:\\\/\\\/www.itw-fasteners.com\\\/de\\\/?s={search_term_string}\"},\"query-input\":{\"@type\":\"PropertyValueSpecification\",\"valueRequired\":true,\"valueName\":\"search_term_string\"}}],\"inLanguage\":\"es\"},{\"@type\":\"Organization\",\"@id\":\"https:\\\/\\\/www.itw-fasteners.com\\\/de\\\/#organization\",\"name\":\"ITW Fasteners\",\"url\":\"https:\\\/\\\/www.itw-fasteners.com\\\/de\\\/\",\"logo\":{\"@type\":\"ImageObject\",\"inLanguage\":\"es\",\"@id\":\"https:\\\/\\\/www.itw-fasteners.com\\\/de\\\/#\\\/schema\\\/logo\\\/image\\\/\",\"url\":\"https:\\\/\\\/www.itw-fasteners.com\\\/wp-content\\\/uploads\\\/2022\\\/06\\\/ITW_Logo_GF_Maroon_CMYK.png\",\"contentUrl\":\"https:\\\/\\\/www.itw-fasteners.com\\\/wp-content\\\/uploads\\\/2022\\\/06\\\/ITW_Logo_GF_Maroon_CMYK.png\",\"width\":2132,\"height\":1057,\"caption\":\"ITW Fasteners\"},\"image\":{\"@id\":\"https:\\\/\\\/www.itw-fasteners.com\\\/de\\\/#\\\/schema\\\/logo\\\/image\\\/\"}}]}<\/script>\n<!-- \/ Yoast SEO plugin. -->","yoast_head_json":{"title":"Gestion de cables y lineas - ITW","robots":{"index":"index","follow":"follow","max-snippet":"max-snippet:-1","max-image-preview":"max-image-preview:large","max-video-preview":"max-video-preview:-1"},"canonical":"https:\/\/www.itw-fasteners.com\/es\/gestion_cables_lineas\/","og_locale":"es_ES","og_type":"article","og_title":"Gestion de cables y lineas - ITW","og_url":"https:\/\/www.itw-fasteners.com\/es\/gestion_cables_lineas\/","og_site_name":"ITW","article_modified_time":"2020-07-09T14:20:03+00:00","og_image":[{"width":200,"height":126,"url":"https:\/\/www.itw-fasteners.com\/wp-content\/uploads\/2018\/02\/csm_Routing_Wiring_Uebersicht_01_bf51bfd4b0.jpg","type":"image\/jpeg"}],"twitter_card":"summary_large_image","twitter_misc":{"Tiempo de lectura":"6 minutos"},"schema":{"@context":"https:\/\/schema.org","@graph":[{"@type":"WebPage","@id":"https:\/\/www.itw-fasteners.com\/es\/gestion_cables_lineas\/","url":"https:\/\/www.itw-fasteners.com\/es\/gestion_cables_lineas\/","name":"Gestion de cables y lineas - ITW","isPartOf":{"@id":"https:\/\/www.itw-fasteners.com\/de\/#website"},"primaryImageOfPage":{"@id":"https:\/\/www.itw-fasteners.com\/es\/gestion_cables_lineas\/#primaryimage"},"image":{"@id":"https:\/\/www.itw-fasteners.com\/es\/gestion_cables_lineas\/#primaryimage"},"thumbnailUrl":"https:\/\/www.itw-fasteners.com\/wp-content\/uploads\/2018\/02\/csm_Routing_Wiring_Uebersicht_01_bf51bfd4b0.jpg","datePublished":"2018-02-12T13:34:42+00:00","dateModified":"2020-07-09T14:20:03+00:00","breadcrumb":{"@id":"https:\/\/www.itw-fasteners.com\/es\/gestion_cables_lineas\/#breadcrumb"},"inLanguage":"es","potentialAction":[{"@type":"ReadAction","target":["https:\/\/www.itw-fasteners.com\/es\/gestion_cables_lineas\/"]}]},{"@type":"ImageObject","inLanguage":"es","@id":"https:\/\/www.itw-fasteners.com\/es\/gestion_cables_lineas\/#primaryimage","url":"https:\/\/www.itw-fasteners.com\/wp-content\/uploads\/2018\/02\/csm_Routing_Wiring_Uebersicht_01_bf51bfd4b0.jpg","contentUrl":"https:\/\/www.itw-fasteners.com\/wp-content\/uploads\/2018\/02\/csm_Routing_Wiring_Uebersicht_01_bf51bfd4b0.jpg","width":200,"height":126,"caption":"KABELMANAGEMENT"},{"@type":"BreadcrumbList","@id":"https:\/\/www.itw-fasteners.com\/es\/gestion_cables_lineas\/#breadcrumb","itemListElement":[{"@type":"ListItem","position":1,"name":"Home","item":"https:\/\/www.itw-fasteners.com\/es\/"},{"@type":"ListItem","position":2,"name":"Gestion de cables y lineas"}]},{"@type":"WebSite","@id":"https:\/\/www.itw-fasteners.com\/de\/#website","url":"https:\/\/www.itw-fasteners.com\/de\/","name":"ITW Fasteners","description":"","publisher":{"@id":"https:\/\/www.itw-fasteners.com\/de\/#organization"},"potentialAction":[{"@type":"SearchAction","target":{"@type":"EntryPoint","urlTemplate":"https:\/\/www.itw-fasteners.com\/de\/?s={search_term_string}"},"query-input":{"@type":"PropertyValueSpecification","valueRequired":true,"valueName":"search_term_string"}}],"inLanguage":"es"},{"@type":"Organization","@id":"https:\/\/www.itw-fasteners.com\/de\/#organization","name":"ITW Fasteners","url":"https:\/\/www.itw-fasteners.com\/de\/","logo":{"@type":"ImageObject","inLanguage":"es","@id":"https:\/\/www.itw-fasteners.com\/de\/#\/schema\/logo\/image\/","url":"https:\/\/www.itw-fasteners.com\/wp-content\/uploads\/2022\/06\/ITW_Logo_GF_Maroon_CMYK.png","contentUrl":"https:\/\/www.itw-fasteners.com\/wp-content\/uploads\/2022\/06\/ITW_Logo_GF_Maroon_CMYK.png","width":2132,"height":1057,"caption":"ITW Fasteners"},"image":{"@id":"https:\/\/www.itw-fasteners.com\/de\/#\/schema\/logo\/image\/"}}]}},"_links":{"self":[{"href":"https:\/\/www.itw-fasteners.com\/es\/wp-json\/wp\/v2\/pages\/16876","targetHints":{"allow":["GET"]}}],"collection":[{"href":"https:\/\/www.itw-fasteners.com\/es\/wp-json\/wp\/v2\/pages"}],"about":[{"href":"https:\/\/www.itw-fasteners.com\/es\/wp-json\/wp\/v2\/types\/page"}],"author":[{"embeddable":true,"href":"https:\/\/www.itw-fasteners.com\/es\/wp-json\/wp\/v2\/users\/1"}],"replies":[{"embeddable":true,"href":"https:\/\/www.itw-fasteners.com\/es\/wp-json\/wp\/v2\/comments?post=16876"}],"version-history":[{"count":3,"href":"https:\/\/www.itw-fasteners.com\/es\/wp-json\/wp\/v2\/pages\/16876\/revisions"}],"predecessor-version":[{"id":18166,"href":"https:\/\/www.itw-fasteners.com\/es\/wp-json\/wp\/v2\/pages\/16876\/revisions\/18166"}],"wp:featuredmedia":[{"embeddable":true,"href":"https:\/\/www.itw-fasteners.com\/es\/wp-json\/wp\/v2\/media\/15531"}],"wp:attachment":[{"href":"https:\/\/www.itw-fasteners.com\/es\/wp-json\/wp\/v2\/media?parent=16876"}],"curies":[{"name":"wp","href":"https:\/\/api.w.org\/{rel}","templated":true}]}}