{"id":16943,"date":"2018-11-29T16:18:57","date_gmt":"2018-11-29T15:18:57","guid":{"rendered":"https:\/\/www.itw-fasteners.com\/bewerbung\/"},"modified":"2026-03-04T15:24:25","modified_gmt":"2026-03-04T14:24:25","slug":"solicitud","status":"publish","type":"page","link":"https:\/\/www.itw-fasteners.com\/es\/solicitud\/","title":{"rendered":"Proceso de solicitud"},"content":{"rendered":"<p><div class=\"fusion-fullwidth fullwidth-box fusion-builder-row-1 nonhundred-percent-fullwidth non-hundred-percent-height-scrolling\" style=\"--awb-border-radius-top-left:0px;--awb-border-radius-top-right:0px;--awb-border-radius-bottom-right:0px;--awb-border-radius-bottom-left:0px;--awb-flex-wrap:wrap;\" ><div class=\"fusion-builder-row fusion-row\"><div class=\"fusion-layout-column fusion_builder_column fusion-builder-column-0 fusion_builder_column_1_1 1_1 fusion-one-full fusion-column-first fusion-column-last\" style=\"--awb-bg-size:cover;\"><div class=\"fusion-column-wrapper fusion-flex-column-wrapper-legacy\"><div class=\"fusion-text fusion-text-1\"><h1 style=\"color: #790f38;\"><strong>Da el siguiente paso en tu carrera profesional con nosotros<\/strong><\/h1>\n<h3>Como una empresa de alcance global, siempre estamos en la b\u00fasqueda de talentos de excelencia. Nuestro objetivo en conjunto ser\u00e1 el ofrecer a nuestros clientes productos y servicios del m\u00e1s alto nivel. \u00bfTe gustar\u00eda aportar tus perspectivas, experiencia e ideas \u00fanicas a una de nuestras \u00e1reas de negocio? Entonces, \u00a1est\u00e1s en el lugar correcto! Descubre en aqu\u00ed c\u00f3mo puedes formar parte de nuestro equipo global.<\/h3>\n<\/div><div class=\"fusion-text fusion-text-2\"><h2 style=\"color: #790f38;\"><strong>El proceso de candidatura en ITW Global Fasteners<\/strong><\/h2>\n<h3>No importa si lo que buscas es tu primer reto profesional despu\u00e9s de tu estudios o formaci\u00f3n acad\u00e9mica, o si ya cuentas con varios a\u00f1os de experiencia profesional: Cada solicitante pasa por un proceso de solicitud de varias fases. As\u00ed nos aseguramos de encontrar las mejores oportunidades para cada partido. Para los puestos de producci\u00f3n, por ejemplo, suele haber una entrevista seguida de una jornada laboral de prueba. Descubre aqu\u00ed c\u00f3mo funciona un proceso de solicitud exitoso en ITW Global Fasteners:<\/h3>\n<ol>\n<li>Recibimos tu solicitud.<\/li>\n<li>Nos pondremos en contacto contigo en un plazo de dos semanas.<\/li>\n<li>Llevamos a cabo una entrevista, ya sea en persona o por videoconferencia.<\/li>\n<li>Realizaremos una segunda entrevista personalmente, -in situ-, o bien una jornada laboral de prueba.<\/li>\n<li>Finalmente, te daremos la bienvenida al equipo internacional de ITW Global Fasteners.<\/li>\n<\/ol>\n<h3>\u00bfHemos despertado tu inter\u00e9s? \u00a1Manda ahora tu solicitud! Nos complacer\u00e1 saber de ti y recibir tu solicitud a una de nuestras filiales de tu preferencia. Por supuesto, tambi\u00e9n estamos a tu disposici\u00f3n en caso de que a\u00fan tengas preguntas. O simplemente, solicita una de nuestras vacantes.<\/h3>\n<\/div><div class=\"fusion-clearfix\"><\/div><\/div><\/div><div class=\"fusion-layout-column fusion_builder_column fusion-builder-column-1 fusion_builder_column_1_1 1_1 fusion-one-full fusion-column-first fusion-column-last\" style=\"--awb-bg-size:cover;\"><div class=\"fusion-column-wrapper fusion-flex-column-wrapper-legacy\"><div class=\"fusion-sep-clear\"><\/div><div class=\"fusion-separator fusion-full-width-sep\" style=\"margin-left: auto;margin-right: auto;margin-top:20px;margin-bottom:20px;width:100%;\"><div class=\"fusion-separator-border sep-double\" style=\"--awb-height:20px;--awb-amount:20px;--awb-sep-color:#ffffff;border-color:#ffffff;border-top-width:1px;border-bottom-width:1px;\"><\/div><\/div><div class=\"fusion-sep-clear\"><\/div><div class=\"fusion-text fusion-text-3\"><h2 style=\"color: #790f38;\"><strong>Localidades y personas de contacto<\/strong><\/h2>\n<\/div><div class=\"fusion-clearfix\"><\/div><\/div><\/div><div class=\"fusion-layout-column fusion_builder_column fusion-builder-column-2 fusion_builder_column_1_2 1_2 fusion-one-half fusion-column-first\" style=\"--awb-bg-size:cover;width:50%;width:calc(50% - ( ( 4% ) * 0.5 ) );margin-right: 4%;\"><div class=\"fusion-column-wrapper fusion-flex-column-wrapper-legacy\"><div class=\"fusion-text fusion-text-4\"><h3><strong>Ubicaci\u00f3n Enkenbach-Alsenborn:<\/strong><\/h3>\n<h3>ITW Fastener Products GmbH<br \/>\nThomas Hahn \/ HR<br \/>\nAm Pulverh\u00e4uschen 7<br \/>\n67677 Enkenbach-Alsenborn<\/h3>\n<h3>Tel.: +49 (0) 6303\/805-308<\/h3>\n<h3>Email: <a>ENK.bewerbungen@itwautomotive.com<\/a><\/h3>\n<\/div><div class=\"fusion-sep-clear\"><\/div><div class=\"fusion-separator fusion-full-width-sep\" style=\"margin-left: auto;margin-right: auto;margin-top:30px;margin-bottom:30px;width:100%;\"><div class=\"fusion-separator-border sep-double\" style=\"--awb-height:20px;--awb-amount:20px;border-color:#e0dede;border-top-width:1px;border-bottom-width:1px;\"><\/div><\/div><div class=\"fusion-sep-clear\"><\/div><div class=\"fusion-text fusion-text-5\"><h3><strong>Ubicaci\u00f3n Creglingen:<\/strong><\/h3>\n<h3>ITW Fastener Products GmbH<br \/>\nBettina Schuster \/ HR<br \/>\nH\u00f6rle 5<br \/>\n97993 Creglingen<br \/>\nGermany<\/h3>\n<h3>Tel.: +49 (0) 7933\/977-117<\/h3>\n<h3>Email: EUGA.bewerber@itwautomotive.com<\/h3>\n<\/div><div class=\"fusion-sep-clear\"><\/div><div class=\"fusion-separator fusion-full-width-sep\" style=\"margin-left: auto;margin-right: auto;margin-top:30px;margin-bottom:30px;width:100%;\"><div class=\"fusion-separator-border sep-double\" style=\"--awb-height:20px;--awb-amount:20px;border-color:#e0dede;border-top-width:1px;border-bottom-width:1px;\"><\/div><\/div><div class=\"fusion-sep-clear\"><\/div><div class=\"fusion-text fusion-text-6\" style=\"--awb-text-transform:none;\"><h3><strong>Ubicaci\u00f3n Les Franqueses:<\/strong><\/h3>\n<h3>ITW Espa\u00f1a S.L.U.<br \/>\nCristina Arango Restrepo \/ HR<br \/>\nCtra. de Ribes Km 31.7<br \/>\n08520 Les Franqueses del Vall\u00e8s (BCN)<br \/>\nSpain<\/h3>\n<h3>Email: cristina.arango<a>@itwautomotive.com<\/a><\/h3>\n<\/div><div class=\"fusion-clearfix\"><\/div><\/div><\/div><div class=\"fusion-layout-column fusion_builder_column fusion-builder-column-3 fusion_builder_column_1_2 1_2 fusion-one-half fusion-column-last\" style=\"--awb-bg-size:cover;width:50%;width:calc(50% - ( ( 4% ) * 0.5 ) );\"><div class=\"fusion-column-wrapper fusion-flex-column-wrapper-legacy\"><div class=\"fusion-sep-clear\"><\/div><div class=\"fusion-separator fusion-full-width-sep\" style=\"margin-left: auto;margin-right: auto;margin-top:10px;margin-bottom:30px;width:100%;\"><\/div><div class=\"fusion-sep-clear\"><\/div><div class=\"fusion-text fusion-text-7\"><p><img decoding=\"async\" class=\"aligncenter size-full wp-image-13615\" src=\"https:\/\/itw-fasteners.com\/wp-content\/uploads\/2018\/06\/ENKENBACH.jpg\" alt=\"\" width=\"900\" height=\"450\" srcset=\"https:\/\/www.itw-fasteners.com\/wp-content\/uploads\/2018\/06\/ENKENBACH-200x100.jpg 200w, https:\/\/www.itw-fasteners.com\/wp-content\/uploads\/2018\/06\/ENKENBACH-300x150.jpg 300w, https:\/\/www.itw-fasteners.com\/wp-content\/uploads\/2018\/06\/ENKENBACH-400x200.jpg 400w, https:\/\/www.itw-fasteners.com\/wp-content\/uploads\/2018\/06\/ENKENBACH-600x300.jpg 600w, https:\/\/www.itw-fasteners.com\/wp-content\/uploads\/2018\/06\/ENKENBACH-768x384.jpg 768w, https:\/\/www.itw-fasteners.com\/wp-content\/uploads\/2018\/06\/ENKENBACH-800x400.jpg 800w, https:\/\/www.itw-fasteners.com\/wp-content\/uploads\/2018\/06\/ENKENBACH.jpg 900w\" sizes=\"(max-width: 900px) 100vw, 900px\" \/><\/p>\n<\/div><div class=\"fusion-sep-clear\"><\/div><div class=\"fusion-separator fusion-full-width-sep\" style=\"margin-left: auto;margin-right: auto;margin-top:40px;margin-bottom:30px;width:100%;\"><\/div><div class=\"fusion-sep-clear\"><\/div><div class=\"fusion-text fusion-text-8\"><p><img decoding=\"async\" class=\"aligncenter size-full wp-image-13591\" src=\"https:\/\/itw-fasteners.com\/wp-content\/uploads\/2018\/06\/Creglingen1.jpg\" alt=\"\" width=\"900\" height=\"450\" srcset=\"https:\/\/www.itw-fasteners.com\/wp-content\/uploads\/2018\/06\/Creglingen1-200x100.jpg 200w, https:\/\/www.itw-fasteners.com\/wp-content\/uploads\/2018\/06\/Creglingen1-300x150.jpg 300w, https:\/\/www.itw-fasteners.com\/wp-content\/uploads\/2018\/06\/Creglingen1-400x200.jpg 400w, https:\/\/www.itw-fasteners.com\/wp-content\/uploads\/2018\/06\/Creglingen1-600x300.jpg 600w, https:\/\/www.itw-fasteners.com\/wp-content\/uploads\/2018\/06\/Creglingen1-768x384.jpg 768w, https:\/\/www.itw-fasteners.com\/wp-content\/uploads\/2018\/06\/Creglingen1-800x400.jpg 800w, https:\/\/www.itw-fasteners.com\/wp-content\/uploads\/2018\/06\/Creglingen1.jpg 900w\" sizes=\"(max-width: 900px) 100vw, 900px\" \/><\/p>\n<\/div><div class=\"fusion-sep-clear\"><\/div><div class=\"fusion-separator fusion-full-width-sep\" style=\"margin-left: auto;margin-right: auto;margin-top:80px;margin-bottom:30px;width:100%;\"><\/div><div class=\"fusion-sep-clear\"><\/div><div class=\"fusion-text fusion-text-9\" style=\"--awb-text-transform:none;\"><p><img decoding=\"async\" class=\"alignnone wp-image-13664 size-full\" src=\"https:\/\/www.itw-fasteners.com\/wp-content\/uploads\/2018\/06\/Les-Franqueses.jpg\" alt=\"\" width=\"900\" height=\"450\" srcset=\"https:\/\/www.itw-fasteners.com\/wp-content\/uploads\/2018\/06\/Les-Franqueses-200x100.jpg 200w, https:\/\/www.itw-fasteners.com\/wp-content\/uploads\/2018\/06\/Les-Franqueses-300x150.jpg 300w, https:\/\/www.itw-fasteners.com\/wp-content\/uploads\/2018\/06\/Les-Franqueses.jpg 381w\" sizes=\"(max-width: 900px) 100vw, 900px\" \/><\/p>\n<\/div><div class=\"fusion-clearfix\"><\/div><\/div><\/div><div class=\"fusion-layout-column fusion_builder_column fusion-builder-column-4 fusion_builder_column_1_1 1_1 fusion-one-full fusion-column-first fusion-column-last\" style=\"--awb-bg-size:cover;\"><div class=\"fusion-column-wrapper fusion-flex-column-wrapper-legacy\"><div class=\"fusion-sep-clear\"><\/div><div class=\"fusion-separator fusion-full-width-sep\" style=\"margin-left: auto;margin-right: auto;margin-top:20px;margin-bottom:20px;width:100%;\"><div class=\"fusion-separator-border sep-double\" style=\"--awb-height:20px;--awb-amount:20px;border-color:#e0dede;border-top-width:1px;border-bottom-width:1px;\"><\/div><\/div><div class=\"fusion-sep-clear\"><\/div><div class=\"fusion-text fusion-text-10\"><h4>Tenga en cuenta nuestra informaci\u00f3n sobre <span style=\"color: #333333;\"><strong><em><a class=\"internal-link\" style=\"color: #333333;\" title=\"Opens internal link in current window\" href=\"https:\/\/www.itw-fasteners.com\/es\/privacy-statement-for-job-applicants-2\/\" target=\"_blank\" rel=\"noopener\">protecci\u00f3n de datos para los solicitantes<\/a>!<\/em><\/strong><\/span><\/h4>\n<\/div><div class=\"fusion-clearfix\"><\/div><\/div><\/div><\/div><\/div><div class=\"fusion-fullwidth fullwidth-box fusion-builder-row-2 nonhundred-percent-fullwidth non-hundred-percent-height-scrolling\" style=\"--awb-border-radius-top-left:0px;--awb-border-radius-top-right:0px;--awb-border-radius-bottom-right:0px;--awb-border-radius-bottom-left:0px;--awb-background-color:#e2e2e2;--awb-flex-wrap:wrap;\" ><div class=\"fusion-builder-row fusion-row\"><\/div><\/div><\/p>\n","protected":false},"excerpt":{"rendered":"","protected":false},"author":3,"featured_media":0,"parent":0,"menu_order":0,"comment_status":"closed","ping_status":"closed","template":"100-width.php","meta":{"footnotes":""},"class_list":["post-16943","page","type-page","status-publish","hentry"],"yoast_head":"<!-- This site is optimized with the Yoast SEO plugin v27.3 - https:\/\/yoast.com\/product\/yoast-seo-wordpress\/ -->\n<title>Proceso de solicitud - ITW<\/title>\n<meta name=\"robots\" content=\"index, follow, max-snippet:-1, max-image-preview:large, max-video-preview:-1\" \/>\n<link rel=\"canonical\" href=\"https:\/\/www.itw-fasteners.com\/es\/solicitud\/\" \/>\n<meta property=\"og:locale\" content=\"es_ES\" \/>\n<meta property=\"og:type\" content=\"article\" \/>\n<meta property=\"og:title\" content=\"Proceso de solicitud - ITW\" \/>\n<meta property=\"og:url\" content=\"https:\/\/www.itw-fasteners.com\/es\/solicitud\/\" \/>\n<meta property=\"og:site_name\" content=\"ITW\" \/>\n<meta property=\"article:modified_time\" content=\"2026-03-04T14:24:25+00:00\" \/>\n<meta property=\"og:image\" content=\"https:\/\/www.itw-fasteners.com\/wp-content\/uploads\/2018\/06\/ENKENBACH.jpg\" \/>\n\t<meta property=\"og:image:width\" content=\"900\" \/>\n\t<meta property=\"og:image:height\" content=\"450\" \/>\n\t<meta property=\"og:image:type\" content=\"image\/jpeg\" \/>\n<meta name=\"twitter:card\" content=\"summary_large_image\" \/>\n<meta name=\"twitter:label1\" content=\"Tiempo de lectura\" \/>\n\t<meta name=\"twitter:data1\" content=\"3 minutos\" \/>\n<script type=\"application\/ld+json\" class=\"yoast-schema-graph\">{\"@context\":\"https:\\\/\\\/schema.org\",\"@graph\":[{\"@type\":\"WebPage\",\"@id\":\"https:\\\/\\\/www.itw-fasteners.com\\\/es\\\/solicitud\\\/\",\"url\":\"https:\\\/\\\/www.itw-fasteners.com\\\/es\\\/solicitud\\\/\",\"name\":\"Proceso de solicitud - ITW\",\"isPartOf\":{\"@id\":\"https:\\\/\\\/www.itw-fasteners.com\\\/de\\\/#website\"},\"primaryImageOfPage\":{\"@id\":\"https:\\\/\\\/www.itw-fasteners.com\\\/es\\\/solicitud\\\/#primaryimage\"},\"image\":{\"@id\":\"https:\\\/\\\/www.itw-fasteners.com\\\/es\\\/solicitud\\\/#primaryimage\"},\"thumbnailUrl\":\"https:\\\/\\\/itw-fasteners.com\\\/wp-content\\\/uploads\\\/2018\\\/06\\\/ENKENBACH.jpg\",\"datePublished\":\"2018-11-29T15:18:57+00:00\",\"dateModified\":\"2026-03-04T14:24:25+00:00\",\"breadcrumb\":{\"@id\":\"https:\\\/\\\/www.itw-fasteners.com\\\/es\\\/solicitud\\\/#breadcrumb\"},\"inLanguage\":\"es\",\"potentialAction\":[{\"@type\":\"ReadAction\",\"target\":[\"https:\\\/\\\/www.itw-fasteners.com\\\/es\\\/solicitud\\\/\"]}]},{\"@type\":\"ImageObject\",\"inLanguage\":\"es\",\"@id\":\"https:\\\/\\\/www.itw-fasteners.com\\\/es\\\/solicitud\\\/#primaryimage\",\"url\":\"https:\\\/\\\/itw-fasteners.com\\\/wp-content\\\/uploads\\\/2018\\\/06\\\/ENKENBACH.jpg\",\"contentUrl\":\"https:\\\/\\\/itw-fasteners.com\\\/wp-content\\\/uploads\\\/2018\\\/06\\\/ENKENBACH.jpg\"},{\"@type\":\"BreadcrumbList\",\"@id\":\"https:\\\/\\\/www.itw-fasteners.com\\\/es\\\/solicitud\\\/#breadcrumb\",\"itemListElement\":[{\"@type\":\"ListItem\",\"position\":1,\"name\":\"Home\",\"item\":\"https:\\\/\\\/www.itw-fasteners.com\\\/es\\\/\"},{\"@type\":\"ListItem\",\"position\":2,\"name\":\"Proceso de solicitud\"}]},{\"@type\":\"WebSite\",\"@id\":\"https:\\\/\\\/www.itw-fasteners.com\\\/de\\\/#website\",\"url\":\"https:\\\/\\\/www.itw-fasteners.com\\\/de\\\/\",\"name\":\"ITW Fasteners\",\"description\":\"\",\"publisher\":{\"@id\":\"https:\\\/\\\/www.itw-fasteners.com\\\/de\\\/#organization\"},\"potentialAction\":[{\"@type\":\"SearchAction\",\"target\":{\"@type\":\"EntryPoint\",\"urlTemplate\":\"https:\\\/\\\/www.itw-fasteners.com\\\/de\\\/?s={search_term_string}\"},\"query-input\":{\"@type\":\"PropertyValueSpecification\",\"valueRequired\":true,\"valueName\":\"search_term_string\"}}],\"inLanguage\":\"es\"},{\"@type\":\"Organization\",\"@id\":\"https:\\\/\\\/www.itw-fasteners.com\\\/de\\\/#organization\",\"name\":\"ITW Fasteners\",\"url\":\"https:\\\/\\\/www.itw-fasteners.com\\\/de\\\/\",\"logo\":{\"@type\":\"ImageObject\",\"inLanguage\":\"es\",\"@id\":\"https:\\\/\\\/www.itw-fasteners.com\\\/de\\\/#\\\/schema\\\/logo\\\/image\\\/\",\"url\":\"https:\\\/\\\/www.itw-fasteners.com\\\/wp-content\\\/uploads\\\/2022\\\/06\\\/ITW_Logo_GF_Maroon_CMYK.png\",\"contentUrl\":\"https:\\\/\\\/www.itw-fasteners.com\\\/wp-content\\\/uploads\\\/2022\\\/06\\\/ITW_Logo_GF_Maroon_CMYK.png\",\"width\":2132,\"height\":1057,\"caption\":\"ITW Fasteners\"},\"image\":{\"@id\":\"https:\\\/\\\/www.itw-fasteners.com\\\/de\\\/#\\\/schema\\\/logo\\\/image\\\/\"}}]}<\/script>\n<!-- \/ Yoast SEO plugin. -->","yoast_head_json":{"title":"Proceso de solicitud - ITW","robots":{"index":"index","follow":"follow","max-snippet":"max-snippet:-1","max-image-preview":"max-image-preview:large","max-video-preview":"max-video-preview:-1"},"canonical":"https:\/\/www.itw-fasteners.com\/es\/solicitud\/","og_locale":"es_ES","og_type":"article","og_title":"Proceso de solicitud - ITW","og_url":"https:\/\/www.itw-fasteners.com\/es\/solicitud\/","og_site_name":"ITW","article_modified_time":"2026-03-04T14:24:25+00:00","og_image":[{"width":900,"height":450,"url":"https:\/\/www.itw-fasteners.com\/wp-content\/uploads\/2018\/06\/ENKENBACH.jpg","type":"image\/jpeg"}],"twitter_card":"summary_large_image","twitter_misc":{"Tiempo de lectura":"3 minutos"},"schema":{"@context":"https:\/\/schema.org","@graph":[{"@type":"WebPage","@id":"https:\/\/www.itw-fasteners.com\/es\/solicitud\/","url":"https:\/\/www.itw-fasteners.com\/es\/solicitud\/","name":"Proceso de solicitud - ITW","isPartOf":{"@id":"https:\/\/www.itw-fasteners.com\/de\/#website"},"primaryImageOfPage":{"@id":"https:\/\/www.itw-fasteners.com\/es\/solicitud\/#primaryimage"},"image":{"@id":"https:\/\/www.itw-fasteners.com\/es\/solicitud\/#primaryimage"},"thumbnailUrl":"https:\/\/itw-fasteners.com\/wp-content\/uploads\/2018\/06\/ENKENBACH.jpg","datePublished":"2018-11-29T15:18:57+00:00","dateModified":"2026-03-04T14:24:25+00:00","breadcrumb":{"@id":"https:\/\/www.itw-fasteners.com\/es\/solicitud\/#breadcrumb"},"inLanguage":"es","potentialAction":[{"@type":"ReadAction","target":["https:\/\/www.itw-fasteners.com\/es\/solicitud\/"]}]},{"@type":"ImageObject","inLanguage":"es","@id":"https:\/\/www.itw-fasteners.com\/es\/solicitud\/#primaryimage","url":"https:\/\/itw-fasteners.com\/wp-content\/uploads\/2018\/06\/ENKENBACH.jpg","contentUrl":"https:\/\/itw-fasteners.com\/wp-content\/uploads\/2018\/06\/ENKENBACH.jpg"},{"@type":"BreadcrumbList","@id":"https:\/\/www.itw-fasteners.com\/es\/solicitud\/#breadcrumb","itemListElement":[{"@type":"ListItem","position":1,"name":"Home","item":"https:\/\/www.itw-fasteners.com\/es\/"},{"@type":"ListItem","position":2,"name":"Proceso de solicitud"}]},{"@type":"WebSite","@id":"https:\/\/www.itw-fasteners.com\/de\/#website","url":"https:\/\/www.itw-fasteners.com\/de\/","name":"ITW Fasteners","description":"","publisher":{"@id":"https:\/\/www.itw-fasteners.com\/de\/#organization"},"potentialAction":[{"@type":"SearchAction","target":{"@type":"EntryPoint","urlTemplate":"https:\/\/www.itw-fasteners.com\/de\/?s={search_term_string}"},"query-input":{"@type":"PropertyValueSpecification","valueRequired":true,"valueName":"search_term_string"}}],"inLanguage":"es"},{"@type":"Organization","@id":"https:\/\/www.itw-fasteners.com\/de\/#organization","name":"ITW Fasteners","url":"https:\/\/www.itw-fasteners.com\/de\/","logo":{"@type":"ImageObject","inLanguage":"es","@id":"https:\/\/www.itw-fasteners.com\/de\/#\/schema\/logo\/image\/","url":"https:\/\/www.itw-fasteners.com\/wp-content\/uploads\/2022\/06\/ITW_Logo_GF_Maroon_CMYK.png","contentUrl":"https:\/\/www.itw-fasteners.com\/wp-content\/uploads\/2022\/06\/ITW_Logo_GF_Maroon_CMYK.png","width":2132,"height":1057,"caption":"ITW Fasteners"},"image":{"@id":"https:\/\/www.itw-fasteners.com\/de\/#\/schema\/logo\/image\/"}}]}},"_links":{"self":[{"href":"https:\/\/www.itw-fasteners.com\/es\/wp-json\/wp\/v2\/pages\/16943","targetHints":{"allow":["GET"]}}],"collection":[{"href":"https:\/\/www.itw-fasteners.com\/es\/wp-json\/wp\/v2\/pages"}],"about":[{"href":"https:\/\/www.itw-fasteners.com\/es\/wp-json\/wp\/v2\/types\/page"}],"author":[{"embeddable":true,"href":"https:\/\/www.itw-fasteners.com\/es\/wp-json\/wp\/v2\/users\/3"}],"replies":[{"embeddable":true,"href":"https:\/\/www.itw-fasteners.com\/es\/wp-json\/wp\/v2\/comments?post=16943"}],"version-history":[{"count":17,"href":"https:\/\/www.itw-fasteners.com\/es\/wp-json\/wp\/v2\/pages\/16943\/revisions"}],"predecessor-version":[{"id":27550,"href":"https:\/\/www.itw-fasteners.com\/es\/wp-json\/wp\/v2\/pages\/16943\/revisions\/27550"}],"wp:attachment":[{"href":"https:\/\/www.itw-fasteners.com\/es\/wp-json\/wp\/v2\/media?parent=16943"}],"curies":[{"name":"wp","href":"https:\/\/api.w.org\/{rel}","templated":true}]}}