{"id":18161,"date":"2019-01-22T13:47:20","date_gmt":"2019-01-22T12:47:20","guid":{"rendered":"https:\/\/www.itw-fasteners.com\/home-3\/"},"modified":"2022-05-20T14:49:51","modified_gmt":"2022-05-20T12:49:51","slug":"home-3","status":"publish","type":"page","link":"https:\/\/www.itw-fasteners.com\/fr\/","title":{"rendered":"Accueil"},"content":{"rendered":"<p><div class=\"fusion-fullwidth fullwidth-box fusion-builder-row-1 fusion-flex-container nonhundred-percent-fullwidth non-hundred-percent-height-scrolling\" style=\"--awb-border-radius-top-left:0px;--awb-border-radius-top-right:0px;--awb-border-radius-bottom-right:0px;--awb-border-radius-bottom-left:0px;--awb-background-color:#e2e2e2;--awb-flex-wrap:wrap;\" ><div class=\"fusion-builder-row fusion-row fusion-flex-align-items-flex-start fusion-flex-content-wrap\" style=\"max-width:1144px;margin-left: calc(-4% \/ 2 );margin-right: calc(-4% \/ 2 );\"><div class=\"fusion-layout-column fusion_builder_column fusion-builder-column-0 fusion_builder_column_1_1 1_1 fusion-flex-column\" style=\"--awb-bg-size:cover;--awb-width-large:100%;--awb-margin-top-large:5%;--awb-spacing-right-large:1.92%;--awb-margin-bottom-large:20px;--awb-spacing-left-large:1.92%;--awb-width-medium:100%;--awb-spacing-right-medium:1.92%;--awb-spacing-left-medium:1.92%;--awb-width-small:100%;--awb-spacing-right-small:1.92%;--awb-spacing-left-small:1.92%;\"><div class=\"fusion-column-wrapper fusion-column-has-shadow fusion-flex-justify-content-center fusion-content-layout-column\"><div class=\"fusion-flip-boxes flip-boxes row fusion-columns-2 flip-effect-3d equal-heights home-flip-box\" style=\"--awb-flip-duration:0.6s;\"><div class=\"fusion-flip-box-wrapper fusion-column col-lg-6 col-md-6 col-sm-6\"><div class=\"fusion-flip-box flip-right\" tabindex=\"0\"><div class=\"flip-box-inner-wrapper\"><div class=\"flip-box-front\" style=\"--awb-icon-color:#8a1538;--awb-title-front-color:#ffffff;--awb-text-front-color:#ffffff;--awb-background-image-front:url(&#039;https:\/\/www.itw-fasteners.com\/wp-content\/uploads\/2018\/06\/Gebaeude_Logo-e1528202275563.jpg&#039;);\"><div class=\"flip-box-front-inner\"><h2 class=\"flip-box-heading without-text\">Qui sommes-nous ?<\/h2><\/div><\/div><div class=\"flip-box-back\" style=\"--awb-icon-color:#8a1538;--awb-background-color-back:#8a1538;--awb-title-back-color:#ffffff;\"><div class=\"flip-box-back-inner\">\n<p>Avec les produits ITW sur les routes du monde entier.<\/p>\n<p>Nous sommes le partenaire mondial des principaux constructeurs automobiles ainsi que de leurs fournisseurs.<\/p>\n<div ><a class=\"fusion-button button-flat fusion-button-default-size button-custom fusion-button-default button-1 fusion-button-default-span fusion-button-default-type\" style=\"--button_accent_color:rgba(255,255,255,0.8);--button_accent_hover_color:rgba(255,255,255,0.9);--button_border_hover_color:rgba(255,255,255,0.9);--button_gradient_top_color:#443c3c;--button_gradient_bottom_color:#443c3c;--button_gradient_top_color_hover:#443030;--button_gradient_bottom_color_hover:#443030;\" target=\"_self\" href=\"\/fr\/qui-sommes-nous\/\"><span class=\"fusion-button-text awb-button__text awb-button__text--default\">En savoir plus<\/span><\/a><\/div>\n<\/div><\/div><\/div><\/div><\/div><div class=\"fusion-flip-box-wrapper fusion-column col-lg-6 col-md-6 col-sm-6\"><div class=\"fusion-flip-box flip-right\" tabindex=\"0\"><div class=\"flip-box-inner-wrapper\"><div class=\"flip-box-front\" style=\"--awb-icon-color:#8a1538;--awb-title-front-color:#ffffff;--awb-text-front-color:#ffffff;--awb-background-image-front:url(&#039;https:\/\/www.itw-fasteners.com\/wp-content\/uploads\/2020\/04\/Home_Produkte.jpg&#039;);\"><div class=\"flip-box-front-inner\"><h2 class=\"flip-box-heading without-text\">Produits<\/h2><\/div><\/div><div class=\"flip-box-back\" style=\"--awb-icon-color:#8a1538;--awb-background-color-back:#8a1538;--awb-title-back-color:#ffffff;\"><div class=\"flip-box-back-inner\">\n<p>Les produits de fixation d&rsquo;ITW pour les v\u00e9hicules<br \/>\nd&rsquo;aujourd&rsquo;hui et de demain.<\/p>\n<p>Nos produits font la diff\u00e9rence !<\/p>\n<div ><a class=\"fusion-button button-flat fusion-button-default-size button-custom fusion-button-default button-2 fusion-button-default-span fusion-button-default-type\" style=\"--button_accent_color:rgba(255,255,255,0.8);--button_accent_hover_color:rgba(255,255,255,0.9);--button_border_hover_color:rgba(255,255,255,0.9);--button_gradient_top_color:#443c3c;--button_gradient_bottom_color:#443c3c;--button_gradient_top_color_hover:#443030;--button_gradient_bottom_color_hover:#443030;\" target=\"_self\" href=\"\/fr\/produits\/\"><span class=\"fusion-button-text awb-button__text awb-button__text--default\">En savoir plus<\/span><\/a><\/div>\n<\/div><\/div><\/div><\/div><\/div><div class=\"fusion-flip-box-wrapper fusion-column col-lg-6 col-md-6 col-sm-6\"><div class=\"fusion-flip-box flip-right\" tabindex=\"0\"><div class=\"flip-box-inner-wrapper\"><div class=\"flip-box-front\" style=\"--awb-icon-color:#8a1538;--awb-title-front-color:#ffffff;--awb-text-front-color:#ffffff;--awb-background-image-front:url(&#039;https:\/\/www.itw-fasteners.com\/wp-content\/uploads\/2020\/04\/Kompetenzen.jpg&#039;);\"><div class=\"flip-box-front-inner\"><h2 class=\"flip-box-heading without-text\">Expertise<\/h2><\/div><\/div><div class=\"flip-box-back\" style=\"--awb-icon-color:#8a1538;--awb-background-color-back:#8a1538;--awb-title-back-color:#ffffff;\"><div class=\"flip-box-back-inner\">\n<p>ITW Global Fasteners<\/p>\n<p>De l&rsquo;id\u00e9e au produit pr\u00eat \u00e0 \u00eatre install\u00e9 :<br \/>\nUn seul fournisseur !<\/p>\n<div ><a class=\"fusion-button button-flat fusion-button-default-size button-custom fusion-button-default button-3 fusion-button-default-span fusion-button-default-type\" style=\"--button_accent_color:rgba(255,255,255,0.8);--button_accent_hover_color:rgba(255,255,255,0.9);--button_border_hover_color:rgba(255,255,255,0.9);--button_gradient_top_color:#443c3c;--button_gradient_bottom_color:#443c3c;--button_gradient_top_color_hover:#443030;--button_gradient_bottom_color_hover:#443030;\" target=\"_self\" href=\"\/fr\/expertise\/\"><span class=\"fusion-button-text awb-button__text awb-button__text--default\">En savoir plus<\/span><\/a><\/div>\n<\/div><\/div><\/div><\/div><\/div><div class=\"fusion-flip-box-wrapper fusion-column col-lg-6 col-md-6 col-sm-6\"><div class=\"fusion-flip-box flip-right\" tabindex=\"0\"><div class=\"flip-box-inner-wrapper\"><div class=\"flip-box-front\" style=\"--awb-icon-color:#8a1538;--awb-title-front-color:#ffffff;--awb-text-front-color:#ffffff;--awb-background-image-front:url(&#039;https:\/\/www.itw-fasteners.com\/wp-content\/uploads\/2018\/04\/Career-ITW.jpg&#039;);\"><div class=\"flip-box-front-inner\"><h2 class=\"flip-box-heading without-text\">Carri\u00e8res<\/h2><\/div><\/div><div class=\"flip-box-back\" style=\"--awb-icon-color:#8a1538;--awb-background-color-back:#8a1538;--awb-title-back-color:#ffffff;\"><div class=\"flip-box-back-inner\">\n<p>Nos collaborateurs constituent la base de notre succ\u00e8s.<\/p>\n<p>Rejoignez notre \u00e9quipe !<\/p>\n<div ><a class=\"fusion-button button-flat fusion-button-default-size button-custom fusion-button-default button-4 fusion-button-default-span fusion-button-default-type\" style=\"--button_accent_color:rgba(255,255,255,0.8);--button_accent_hover_color:rgba(255,255,255,0.9);--button_border_hover_color:rgba(255,255,255,0.9);--button_gradient_top_color:#443c3c;--button_gradient_bottom_color:#443c3c;--button_gradient_top_color_hover:#443030;--button_gradient_bottom_color_hover:#443030;\" target=\"_self\" href=\"\/fr\/carrieres\/\"><span class=\"fusion-button-text awb-button__text awb-button__text--default\">En savoir plus<\/span><\/a><\/div>\n<\/div><\/div><\/div><\/div><\/div><\/div><\/div><\/div><\/div><\/div><div class=\"fusion-fullwidth fullwidth-box fusion-builder-row-2 fusion-flex-container nonhundred-percent-fullwidth non-hundred-percent-height-scrolling\" style=\"--awb-border-radius-top-left:0px;--awb-border-radius-top-right:0px;--awb-border-radius-bottom-right:0px;--awb-border-radius-bottom-left:0px;--awb-flex-wrap:wrap;\" ><div class=\"fusion-builder-row fusion-row fusion-flex-align-items-flex-start fusion-flex-content-wrap\" style=\"max-width:1144px;margin-left: calc(-4% \/ 2 );margin-right: calc(-4% \/ 2 );\"><div class=\"fusion-layout-column fusion_builder_column fusion-builder-column-1 fusion_builder_column_1_1 1_1 fusion-flex-column\" style=\"--awb-bg-size:cover;--awb-width-large:100%;--awb-margin-top-large:0px;--awb-spacing-right-large:1.92%;--awb-margin-bottom-large:20px;--awb-spacing-left-large:1.92%;--awb-width-medium:100%;--awb-spacing-right-medium:1.92%;--awb-spacing-left-medium:1.92%;--awb-width-small:100%;--awb-spacing-right-small:1.92%;--awb-spacing-left-small:1.92%;\"><div class=\"fusion-column-wrapper fusion-flex-justify-content-flex-start fusion-content-layout-column\"><div class=\"fusion-separator fusion-full-width-sep\" style=\"align-self: center;margin-left: auto;margin-right: auto;margin-top:50px;margin-bottom:50px;width:100%;\"><\/div><div class=\"fusion-text fusion-text-1\" style=\"--awb-text-transform:none;\"><h1>L&rsquo;INNOVATION PAR ITW<\/h1>\n<\/div><div class=\"fusion-image-element \" style=\"--awb-caption-title-font-family:var(--h2_typography-font-family);--awb-caption-title-font-weight:var(--h2_typography-font-weight);--awb-caption-title-font-style:var(--h2_typography-font-style);--awb-caption-title-size:var(--h2_typography-font-size);--awb-caption-title-transform:var(--h2_typography-text-transform);--awb-caption-title-line-height:var(--h2_typography-line-height);--awb-caption-title-letter-spacing:var(--h2_typography-letter-spacing);\"><span class=\" fusion-imageframe imageframe-none imageframe-1 hover-type-none\"><img decoding=\"async\" width=\"1200\" height=\"720\" title=\"Innovation\" src=\"https:\/\/itw-fasteners.com\/wp-content\/uploads\/2019\/01\/Innovation-1200x720.jpg\" alt class=\"img-responsive wp-image-18329\" srcset=\"https:\/\/www.itw-fasteners.com\/wp-content\/uploads\/2019\/01\/Innovation-200x120.jpg 200w, https:\/\/www.itw-fasteners.com\/wp-content\/uploads\/2019\/01\/Innovation-400x240.jpg 400w, https:\/\/www.itw-fasteners.com\/wp-content\/uploads\/2019\/01\/Innovation-600x360.jpg 600w, https:\/\/www.itw-fasteners.com\/wp-content\/uploads\/2019\/01\/Innovation-800x480.jpg 800w, https:\/\/www.itw-fasteners.com\/wp-content\/uploads\/2019\/01\/Innovation-1200x720.jpg 1200w, https:\/\/www.itw-fasteners.com\/wp-content\/uploads\/2019\/01\/Innovation.jpg 10417w\" sizes=\"(max-width: 1024px) 100vw, (max-width: 640px) 100vw, 1200px\" \/><\/span><\/div><div class=\"fusion-text fusion-text-2\" style=\"--awb-text-transform:none;\"><h3>L\u2019innovation est l\u2019un des \u00e9l\u00e9ments cl\u00e9s du mod\u00e8le d\u2019entreprise diff\u00e9renci\u00e9 d\u2019ITW.<\/h3>\n<h3>Nous pla\u00e7ons toujours le client au centre de notre activit\u00e9.<\/h3>\n<h3>Nous d\u00e9veloppons des solutions de fixation innovantes lorsque de nouveaux probl\u00e8mes apparaissent chez nos clients ou lorsqu\u2019une solution existante insatisfaisante doit \u00eatre remplac\u00e9e.<\/h3>\n<h3>Quatre phases d\u00e9crivent notre processus d\u2019innovation : de la d\u00e9tection du probl\u00e8me \u00e0 la fabrication en s\u00e9rie d\u2019une nouvelle pi\u00e8ce offrant une valeur visible et importante \u00e0 notre client.<\/h3>\n<h3>C\u2019est ce que nous appelons : l\u2019innovation au service du client.<\/h3>\n<h3>Nous suivons de pr\u00e8s l\u2019\u00e9volution des tendances du secteur de l\u2019automobile afin de fournir \u00e0 nos clients des solutions cr\u00e9atrices de valeur, notamment sur les th\u00e9matiques de l\u2019\u00e9lectrification ou encore des conceptions l\u00e9g\u00e8res.<\/h3>\n<h3>Notre compr\u00e9hension approfondie des processus de montage dans l\u2019industrie automobile, notre solide expertise en ing\u00e9nierie et notre capacit\u00e9 \u00e0 d\u00e9velopper des mat\u00e9riaux adapt\u00e9s au besoin des clients nous permettent de toujours trouver la meilleure solution pour nos clients.<\/h3>\n<\/div><\/div><\/div><\/div><\/div><\/p>\n","protected":false},"excerpt":{"rendered":"","protected":false},"author":3,"featured_media":0,"parent":0,"menu_order":0,"comment_status":"closed","ping_status":"closed","template":"100-width.php","meta":{"footnotes":""},"class_list":["post-18161","page","type-page","status-publish","hentry"],"yoast_head":"<!-- This site is optimized with the Yoast SEO plugin v27.3 - https:\/\/yoast.com\/product\/yoast-seo-wordpress\/ -->\n<title>Accueil - ITW<\/title>\n<meta name=\"robots\" content=\"index, follow, max-snippet:-1, max-image-preview:large, max-video-preview:-1\" \/>\n<link rel=\"canonical\" href=\"https:\/\/www.itw-fasteners.com\/fr\/\" \/>\n<meta property=\"og:locale\" content=\"fr_FR\" \/>\n<meta property=\"og:type\" content=\"article\" \/>\n<meta property=\"og:title\" content=\"Accueil - ITW\" \/>\n<meta property=\"og:url\" content=\"https:\/\/www.itw-fasteners.com\/fr\/\" \/>\n<meta property=\"og:site_name\" content=\"ITW\" \/>\n<meta property=\"article:modified_time\" content=\"2022-05-20T12:49:51+00:00\" \/>\n<meta name=\"twitter:card\" content=\"summary_large_image\" \/>\n<meta name=\"twitter:label1\" content=\"Dur\u00e9e de lecture estim\u00e9e\" \/>\n\t<meta name=\"twitter:data1\" content=\"9 minutes\" \/>\n<script type=\"application\/ld+json\" class=\"yoast-schema-graph\">{\"@context\":\"https:\\\/\\\/schema.org\",\"@graph\":[{\"@type\":\"WebPage\",\"@id\":\"https:\\\/\\\/www.itw-fasteners.com\\\/fr\\\/\",\"url\":\"https:\\\/\\\/www.itw-fasteners.com\\\/fr\\\/\",\"name\":\"Accueil - ITW\",\"isPartOf\":{\"@id\":\"https:\\\/\\\/www.itw-fasteners.com\\\/de\\\/#website\"},\"datePublished\":\"2019-01-22T12:47:20+00:00\",\"dateModified\":\"2022-05-20T12:49:51+00:00\",\"breadcrumb\":{\"@id\":\"https:\\\/\\\/www.itw-fasteners.com\\\/fr\\\/#breadcrumb\"},\"inLanguage\":\"fr-FR\",\"potentialAction\":[{\"@type\":\"ReadAction\",\"target\":[\"https:\\\/\\\/www.itw-fasteners.com\\\/fr\\\/\"]}]},{\"@type\":\"BreadcrumbList\",\"@id\":\"https:\\\/\\\/www.itw-fasteners.com\\\/fr\\\/#breadcrumb\",\"itemListElement\":[{\"@type\":\"ListItem\",\"position\":1,\"name\":\"Home\",\"item\":\"https:\\\/\\\/www.itw-fasteners.com\\\/fr\\\/\"},{\"@type\":\"ListItem\",\"position\":2,\"name\":\"Accueil\"}]},{\"@type\":\"WebSite\",\"@id\":\"https:\\\/\\\/www.itw-fasteners.com\\\/de\\\/#website\",\"url\":\"https:\\\/\\\/www.itw-fasteners.com\\\/de\\\/\",\"name\":\"ITW Fasteners\",\"description\":\"\",\"publisher\":{\"@id\":\"https:\\\/\\\/www.itw-fasteners.com\\\/de\\\/#organization\"},\"potentialAction\":[{\"@type\":\"SearchAction\",\"target\":{\"@type\":\"EntryPoint\",\"urlTemplate\":\"https:\\\/\\\/www.itw-fasteners.com\\\/de\\\/?s={search_term_string}\"},\"query-input\":{\"@type\":\"PropertyValueSpecification\",\"valueRequired\":true,\"valueName\":\"search_term_string\"}}],\"inLanguage\":\"fr-FR\"},{\"@type\":\"Organization\",\"@id\":\"https:\\\/\\\/www.itw-fasteners.com\\\/de\\\/#organization\",\"name\":\"ITW Fasteners\",\"url\":\"https:\\\/\\\/www.itw-fasteners.com\\\/de\\\/\",\"logo\":{\"@type\":\"ImageObject\",\"inLanguage\":\"fr-FR\",\"@id\":\"https:\\\/\\\/www.itw-fasteners.com\\\/de\\\/#\\\/schema\\\/logo\\\/image\\\/\",\"url\":\"https:\\\/\\\/www.itw-fasteners.com\\\/wp-content\\\/uploads\\\/2022\\\/06\\\/ITW_Logo_GF_Maroon_CMYK.png\",\"contentUrl\":\"https:\\\/\\\/www.itw-fasteners.com\\\/wp-content\\\/uploads\\\/2022\\\/06\\\/ITW_Logo_GF_Maroon_CMYK.png\",\"width\":2132,\"height\":1057,\"caption\":\"ITW Fasteners\"},\"image\":{\"@id\":\"https:\\\/\\\/www.itw-fasteners.com\\\/de\\\/#\\\/schema\\\/logo\\\/image\\\/\"}}]}<\/script>\n<!-- \/ Yoast SEO plugin. -->","yoast_head_json":{"title":"Accueil - ITW","robots":{"index":"index","follow":"follow","max-snippet":"max-snippet:-1","max-image-preview":"max-image-preview:large","max-video-preview":"max-video-preview:-1"},"canonical":"https:\/\/www.itw-fasteners.com\/fr\/","og_locale":"fr_FR","og_type":"article","og_title":"Accueil - ITW","og_url":"https:\/\/www.itw-fasteners.com\/fr\/","og_site_name":"ITW","article_modified_time":"2022-05-20T12:49:51+00:00","twitter_card":"summary_large_image","twitter_misc":{"Dur\u00e9e de lecture estim\u00e9e":"9 minutes"},"schema":{"@context":"https:\/\/schema.org","@graph":[{"@type":"WebPage","@id":"https:\/\/www.itw-fasteners.com\/fr\/","url":"https:\/\/www.itw-fasteners.com\/fr\/","name":"Accueil - ITW","isPartOf":{"@id":"https:\/\/www.itw-fasteners.com\/de\/#website"},"datePublished":"2019-01-22T12:47:20+00:00","dateModified":"2022-05-20T12:49:51+00:00","breadcrumb":{"@id":"https:\/\/www.itw-fasteners.com\/fr\/#breadcrumb"},"inLanguage":"fr-FR","potentialAction":[{"@type":"ReadAction","target":["https:\/\/www.itw-fasteners.com\/fr\/"]}]},{"@type":"BreadcrumbList","@id":"https:\/\/www.itw-fasteners.com\/fr\/#breadcrumb","itemListElement":[{"@type":"ListItem","position":1,"name":"Home","item":"https:\/\/www.itw-fasteners.com\/fr\/"},{"@type":"ListItem","position":2,"name":"Accueil"}]},{"@type":"WebSite","@id":"https:\/\/www.itw-fasteners.com\/de\/#website","url":"https:\/\/www.itw-fasteners.com\/de\/","name":"ITW Fasteners","description":"","publisher":{"@id":"https:\/\/www.itw-fasteners.com\/de\/#organization"},"potentialAction":[{"@type":"SearchAction","target":{"@type":"EntryPoint","urlTemplate":"https:\/\/www.itw-fasteners.com\/de\/?s={search_term_string}"},"query-input":{"@type":"PropertyValueSpecification","valueRequired":true,"valueName":"search_term_string"}}],"inLanguage":"fr-FR"},{"@type":"Organization","@id":"https:\/\/www.itw-fasteners.com\/de\/#organization","name":"ITW Fasteners","url":"https:\/\/www.itw-fasteners.com\/de\/","logo":{"@type":"ImageObject","inLanguage":"fr-FR","@id":"https:\/\/www.itw-fasteners.com\/de\/#\/schema\/logo\/image\/","url":"https:\/\/www.itw-fasteners.com\/wp-content\/uploads\/2022\/06\/ITW_Logo_GF_Maroon_CMYK.png","contentUrl":"https:\/\/www.itw-fasteners.com\/wp-content\/uploads\/2022\/06\/ITW_Logo_GF_Maroon_CMYK.png","width":2132,"height":1057,"caption":"ITW Fasteners"},"image":{"@id":"https:\/\/www.itw-fasteners.com\/de\/#\/schema\/logo\/image\/"}}]}},"_links":{"self":[{"href":"https:\/\/www.itw-fasteners.com\/fr\/wp-json\/wp\/v2\/pages\/18161","targetHints":{"allow":["GET"]}}],"collection":[{"href":"https:\/\/www.itw-fasteners.com\/fr\/wp-json\/wp\/v2\/pages"}],"about":[{"href":"https:\/\/www.itw-fasteners.com\/fr\/wp-json\/wp\/v2\/types\/page"}],"author":[{"embeddable":true,"href":"https:\/\/www.itw-fasteners.com\/fr\/wp-json\/wp\/v2\/users\/3"}],"replies":[{"embeddable":true,"href":"https:\/\/www.itw-fasteners.com\/fr\/wp-json\/wp\/v2\/comments?post=18161"}],"version-history":[{"count":7,"href":"https:\/\/www.itw-fasteners.com\/fr\/wp-json\/wp\/v2\/pages\/18161\/revisions"}],"predecessor-version":[{"id":18489,"href":"https:\/\/www.itw-fasteners.com\/fr\/wp-json\/wp\/v2\/pages\/18161\/revisions\/18489"}],"wp:attachment":[{"href":"https:\/\/www.itw-fasteners.com\/fr\/wp-json\/wp\/v2\/media?parent=18161"}],"curies":[{"name":"wp","href":"https:\/\/api.w.org\/{rel}","templated":true}]}}