{"id":18192,"date":"2019-01-14T15:04:03","date_gmt":"2019-01-14T14:04:03","guid":{"rendered":"https:\/\/www.itw-fasteners.com\/our_values\/"},"modified":"2022-05-20T10:38:15","modified_gmt":"2022-05-20T08:38:15","slug":"nos-valeurs","status":"publish","type":"page","link":"https:\/\/www.itw-fasteners.com\/fr\/nos-valeurs\/","title":{"rendered":"Nos Valeurs"},"content":{"rendered":"<p><div class=\"fusion-fullwidth fullwidth-box fusion-builder-row-1 nonhundred-percent-fullwidth non-hundred-percent-height-scrolling\" style=\"--awb-border-radius-top-left:0px;--awb-border-radius-top-right:0px;--awb-border-radius-bottom-right:0px;--awb-border-radius-bottom-left:0px;--awb-flex-wrap:wrap;\" ><div class=\"fusion-builder-row fusion-row\"><div class=\"fusion-layout-column fusion_builder_column fusion-builder-column-0 fusion_builder_column_1_1 1_1 fusion-one-full fusion-column-first fusion-column-last\" style=\"--awb-bg-size:cover;\"><div class=\"fusion-column-wrapper fusion-flex-column-wrapper-legacy\"><div class=\"fusion-text fusion-text-1\"><h1>Nos Valeurs<\/h1>\n<\/div><div class=\"fusion-clearfix\"><\/div><\/div><\/div><\/div><\/div><div class=\"fusion-fullwidth fullwidth-box fusion-builder-row-2 nonhundred-percent-fullwidth non-hundred-percent-height-scrolling\" style=\"--awb-border-radius-top-left:0px;--awb-border-radius-top-right:0px;--awb-border-radius-bottom-right:0px;--awb-border-radius-bottom-left:0px;--awb-flex-wrap:wrap;\" ><div class=\"fusion-builder-row fusion-row\"><div class=\"fusion-layout-column fusion_builder_column fusion-builder-column-1 fusion_builder_column_1_1 1_1 fusion-one-full fusion-column-first fusion-column-last\" style=\"--awb-bg-size:cover;\"><div class=\"fusion-column-wrapper fusion-flex-column-wrapper-legacy\"><div class=\"fusion-title title fusion-title-1 fusion-sep-none fusion-title-text fusion-title-size-three\" style=\"--awb-margin-bottom:10px;--awb-margin-top-small:0px;--awb-margin-right-small:0px;--awb-margin-bottom-small:20px;--awb-margin-left-small:0px;\"><h3 class=\"fusion-title-heading title-heading-left fusion-responsive-typography-calculated\" style=\"margin:0;--fontSize:18;--minFontSize:18;line-height:1.75;\"><h2 style=\"text-align: left;\"><b>&#8211; SIMPLICIT\u00c9 &#8211;<\/b><\/h2><\/h3><\/div><div class=\"fusion-text fusion-text-2\"><h3>Nous nous concentrons en permanence sur l&rsquo;essentiel de chaque opportunit\u00e9 commerciale. La r\u00e8gle des \u00ab\u00a080\/20\u00a0\u00bb \u00e9tant notre philosophie centrale, nous encourageons la simplicit\u00e9 dans notre fa\u00e7on de penser et dans nos processus, syst\u00e8mes et structures &#8211; r\u00e9duits, cibl\u00e9s, flexibles.<\/h3>\n<\/div><div class=\"fusion-image-element in-legacy-container\" style=\"--awb-caption-title-font-family:var(--h2_typography-font-family);--awb-caption-title-font-weight:var(--h2_typography-font-weight);--awb-caption-title-font-style:var(--h2_typography-font-style);--awb-caption-title-size:var(--h2_typography-font-size);--awb-caption-title-transform:var(--h2_typography-text-transform);--awb-caption-title-line-height:var(--h2_typography-line-height);--awb-caption-title-letter-spacing:var(--h2_typography-letter-spacing);\"><span class=\" fusion-imageframe imageframe-none imageframe-1 hover-type-none\"><img decoding=\"async\" width=\"1200\" height=\"720\" title=\"PantherMedia B21355057\" src=\"https:\/\/itw-fasteners.com\/wp-content\/uploads\/2019\/01\/Simplicity_Web-1200x720.jpg\" alt class=\"img-responsive wp-image-19783\" srcset=\"https:\/\/www.itw-fasteners.com\/wp-content\/uploads\/2019\/01\/Simplicity_Web-200x120.jpg 200w, https:\/\/www.itw-fasteners.com\/wp-content\/uploads\/2019\/01\/Simplicity_Web-400x240.jpg 400w, https:\/\/www.itw-fasteners.com\/wp-content\/uploads\/2019\/01\/Simplicity_Web-600x360.jpg 600w, https:\/\/www.itw-fasteners.com\/wp-content\/uploads\/2019\/01\/Simplicity_Web-800x480.jpg 800w, https:\/\/www.itw-fasteners.com\/wp-content\/uploads\/2019\/01\/Simplicity_Web-1200x720.jpg 1200w, https:\/\/www.itw-fasteners.com\/wp-content\/uploads\/2019\/01\/Simplicity_Web.jpg 2500w\" sizes=\"(max-width: 800px) 100vw, 1200px\" \/><\/span><\/div><div class=\"fusion-sep-clear\"><\/div><div class=\"fusion-separator fusion-full-width-sep\" style=\"margin-left: auto;margin-right: auto;margin-top:30px;margin-bottom:30px;width:100%;\"><\/div><div class=\"fusion-sep-clear\"><\/div><div class=\"fusion-title title fusion-title-2 fusion-sep-none fusion-title-text fusion-title-size-three\" style=\"--awb-margin-bottom:10px;--awb-margin-top-small:0px;--awb-margin-right-small:0px;--awb-margin-bottom-small:20px;--awb-margin-left-small:0px;\"><h3 class=\"fusion-title-heading title-heading-left fusion-responsive-typography-calculated\" style=\"margin:0;--fontSize:18;--minFontSize:18;line-height:1.75;\"><h2 style=\"text-align: left;\"><b>&#8211; RISQUE PARTAG\u00c9 &#8211;<\/b><\/h2><\/h3><\/div><div class=\"fusion-text fusion-text-3\"><h3>En tant qu\u2019entreprise innovante, nous savons que nous pouvons nous renforcer par des essais et des erreurs &#8211; et peut-\u00eatre m\u00eame tomber sur la prochaine grande id\u00e9e. C&rsquo;est pourquoi nous travaillons en \u00e9quipe et assumons ensemble les risques.<\/h3>\n<\/div><div class=\"fusion-image-element in-legacy-container\" style=\"--awb-caption-title-font-family:var(--h2_typography-font-family);--awb-caption-title-font-weight:var(--h2_typography-font-weight);--awb-caption-title-font-style:var(--h2_typography-font-style);--awb-caption-title-size:var(--h2_typography-font-size);--awb-caption-title-transform:var(--h2_typography-text-transform);--awb-caption-title-line-height:var(--h2_typography-line-height);--awb-caption-title-letter-spacing:var(--h2_typography-letter-spacing);\"><span class=\" fusion-imageframe imageframe-none imageframe-2 hover-type-none\"><img decoding=\"async\" width=\"1200\" height=\"720\" title=\"Hilfe beim Aufstieg &#8211; Bergsteiger auf einem Gipfel im Hochgebirg\" src=\"https:\/\/itw-fasteners.com\/wp-content\/uploads\/2019\/01\/Geteiltes-Risiko_Web-1200x720.jpg\" alt class=\"img-responsive wp-image-19786\" srcset=\"https:\/\/www.itw-fasteners.com\/wp-content\/uploads\/2019\/01\/Geteiltes-Risiko_Web-200x120.jpg 200w, https:\/\/www.itw-fasteners.com\/wp-content\/uploads\/2019\/01\/Geteiltes-Risiko_Web-400x240.jpg 400w, https:\/\/www.itw-fasteners.com\/wp-content\/uploads\/2019\/01\/Geteiltes-Risiko_Web-600x360.jpg 600w, https:\/\/www.itw-fasteners.com\/wp-content\/uploads\/2019\/01\/Geteiltes-Risiko_Web-800x480.jpg 800w, https:\/\/www.itw-fasteners.com\/wp-content\/uploads\/2019\/01\/Geteiltes-Risiko_Web-1200x720.jpg 1200w, https:\/\/www.itw-fasteners.com\/wp-content\/uploads\/2019\/01\/Geteiltes-Risiko_Web.jpg 2500w\" sizes=\"(max-width: 800px) 100vw, 1200px\" \/><\/span><\/div><div class=\"fusion-sep-clear\"><\/div><div class=\"fusion-separator fusion-full-width-sep\" style=\"margin-left: auto;margin-right: auto;margin-top:30px;margin-bottom:30px;width:100%;\"><\/div><div class=\"fusion-sep-clear\"><\/div><div class=\"fusion-title title fusion-title-3 fusion-sep-none fusion-title-text fusion-title-size-three\" style=\"--awb-margin-bottom:10px;--awb-margin-top-small:0px;--awb-margin-right-small:0px;--awb-margin-bottom-small:20px;--awb-margin-left-small:0px;\"><h3 class=\"fusion-title-heading title-heading-left fusion-responsive-typography-calculated\" style=\"margin:0;--fontSize:18;--minFontSize:18;line-height:1.75;\"><h2 style=\"text-align: left;\"><b>&#8211; INT\u00c9GRIT\u00c9 &#8211;<\/b><\/h2><\/h3><\/div><div class=\"fusion-text fusion-text-4\"><h3>Quelles que soient les marques et les diff\u00e9rents sites, nos fournisseurs et nos clients sont toujours servis de la m\u00eame mani\u00e8re par ITW, avec honn\u00eatet\u00e9 et transparence, par une entreprise qui s\u2019efforce constamment de faire ce qui est juste.<\/h3>\n<\/div><div class=\"fusion-image-element in-legacy-container\" style=\"--awb-caption-title-font-family:var(--h2_typography-font-family);--awb-caption-title-font-weight:var(--h2_typography-font-weight);--awb-caption-title-font-style:var(--h2_typography-font-style);--awb-caption-title-size:var(--h2_typography-font-size);--awb-caption-title-transform:var(--h2_typography-text-transform);--awb-caption-title-line-height:var(--h2_typography-line-height);--awb-caption-title-letter-spacing:var(--h2_typography-letter-spacing);\"><span class=\" fusion-imageframe imageframe-none imageframe-3 hover-type-none\"><img decoding=\"async\" width=\"1200\" height=\"720\" title=\"business team discussing important issues.\" src=\"https:\/\/itw-fasteners.com\/wp-content\/uploads\/2019\/01\/Integrity_Web-1200x720.jpg\" alt class=\"img-responsive wp-image-19780\" srcset=\"https:\/\/www.itw-fasteners.com\/wp-content\/uploads\/2019\/01\/Integrity_Web-200x120.jpg 200w, https:\/\/www.itw-fasteners.com\/wp-content\/uploads\/2019\/01\/Integrity_Web-400x240.jpg 400w, https:\/\/www.itw-fasteners.com\/wp-content\/uploads\/2019\/01\/Integrity_Web-600x360.jpg 600w, https:\/\/www.itw-fasteners.com\/wp-content\/uploads\/2019\/01\/Integrity_Web-800x480.jpg 800w, https:\/\/www.itw-fasteners.com\/wp-content\/uploads\/2019\/01\/Integrity_Web-1200x720.jpg 1200w, https:\/\/www.itw-fasteners.com\/wp-content\/uploads\/2019\/01\/Integrity_Web.jpg 2500w\" sizes=\"(max-width: 800px) 100vw, 1200px\" \/><\/span><\/div><div class=\"fusion-sep-clear\"><\/div><div class=\"fusion-separator fusion-full-width-sep\" style=\"margin-left: auto;margin-right: auto;margin-top:30px;margin-bottom:30px;width:100%;\"><\/div><div class=\"fusion-sep-clear\"><\/div><div class=\"fusion-title title fusion-title-4 fusion-sep-none fusion-title-text fusion-title-size-three\" style=\"--awb-margin-bottom:10px;--awb-margin-top-small:0px;--awb-margin-right-small:0px;--awb-margin-bottom-small:20px;--awb-margin-left-small:0px;\"><h3 class=\"fusion-title-heading title-heading-left fusion-responsive-typography-calculated\" style=\"margin:0;--fontSize:18;--minFontSize:18;line-height:1.75;\"><h2 style=\"text-align: left;\"><b>&#8211; RESPECT &#8211;<\/b><\/h2><\/h3><\/div><div class=\"fusion-text fusion-text-5\"><h3>Nos collaborateurs qualifi\u00e9s ont des cultures diff\u00e9rentes. ITW respecte cette diversit\u00e9 \u00e0 tous les niveaux de l\u2019entreprise et favorise ainsi un environnement ouvert dans lequel les innovations peuvent \u00e9merger.<\/h3>\n<\/div><div class=\"fusion-image-element in-legacy-container\" style=\"--awb-caption-title-font-family:var(--h2_typography-font-family);--awb-caption-title-font-weight:var(--h2_typography-font-weight);--awb-caption-title-font-style:var(--h2_typography-font-style);--awb-caption-title-size:var(--h2_typography-font-size);--awb-caption-title-transform:var(--h2_typography-text-transform);--awb-caption-title-line-height:var(--h2_typography-line-height);--awb-caption-title-letter-spacing:var(--h2_typography-letter-spacing);\"><span class=\" fusion-imageframe imageframe-none imageframe-4 hover-type-none\"><img decoding=\"async\" width=\"1200\" height=\"720\" title=\"Close-Up of hands business team showing unity with putting their hands together\" src=\"https:\/\/itw-fasteners.com\/wp-content\/uploads\/2019\/01\/Respekt_Web-1200x720.jpg\" alt class=\"img-responsive wp-image-19774\" srcset=\"https:\/\/www.itw-fasteners.com\/wp-content\/uploads\/2019\/01\/Respekt_Web-200x120.jpg 200w, https:\/\/www.itw-fasteners.com\/wp-content\/uploads\/2019\/01\/Respekt_Web-400x240.jpg 400w, https:\/\/www.itw-fasteners.com\/wp-content\/uploads\/2019\/01\/Respekt_Web-600x360.jpg 600w, https:\/\/www.itw-fasteners.com\/wp-content\/uploads\/2019\/01\/Respekt_Web-800x480.jpg 800w, https:\/\/www.itw-fasteners.com\/wp-content\/uploads\/2019\/01\/Respekt_Web-1200x720.jpg 1200w, https:\/\/www.itw-fasteners.com\/wp-content\/uploads\/2019\/01\/Respekt_Web.jpg 2500w\" sizes=\"(max-width: 800px) 100vw, 1200px\" \/><\/span><\/div><div class=\"fusion-sep-clear\"><\/div><div class=\"fusion-separator fusion-full-width-sep\" style=\"margin-left: auto;margin-right: auto;margin-top:30px;margin-bottom:30px;width:100%;\"><\/div><div class=\"fusion-sep-clear\"><\/div><div class=\"fusion-title title fusion-title-5 fusion-sep-none fusion-title-text fusion-title-size-three\" style=\"--awb-margin-bottom:10px;--awb-margin-top-small:0px;--awb-margin-right-small:0px;--awb-margin-bottom-small:20px;--awb-margin-left-small:0px;\"><h3 class=\"fusion-title-heading title-heading-left fusion-responsive-typography-calculated\" style=\"margin:0;--fontSize:18;--minFontSize:18;line-height:1.75;\"><h2 style=\"text-align: left;\"><b>&#8211; CONFIANCE &#8211;<\/b><\/h2><\/h3><\/div><div class=\"fusion-text fusion-text-6\"><h3>Nous sommes convaincus que tous les collaborateurs d\u2019ITW agissent conform\u00e9ment aux normes professionnelles les plus \u00e9lev\u00e9es et toujours au mieux pour l\u2019entreprise.<\/h3>\n<\/div><div class=\"fusion-image-element in-legacy-container\" style=\"--awb-caption-title-font-family:var(--h2_typography-font-family);--awb-caption-title-font-weight:var(--h2_typography-font-weight);--awb-caption-title-font-style:var(--h2_typography-font-style);--awb-caption-title-size:var(--h2_typography-font-size);--awb-caption-title-transform:var(--h2_typography-text-transform);--awb-caption-title-line-height:var(--h2_typography-line-height);--awb-caption-title-letter-spacing:var(--h2_typography-letter-spacing);\"><span class=\" fusion-imageframe imageframe-none imageframe-5 hover-type-none\"><img decoding=\"async\" width=\"1200\" height=\"720\" title=\"top view.business team throws up their leader\" src=\"https:\/\/itw-fasteners.com\/wp-content\/uploads\/2019\/01\/Trust_Web-1200x720.jpg\" alt class=\"img-responsive wp-image-19777\" srcset=\"https:\/\/www.itw-fasteners.com\/wp-content\/uploads\/2019\/01\/Trust_Web-200x120.jpg 200w, https:\/\/www.itw-fasteners.com\/wp-content\/uploads\/2019\/01\/Trust_Web-400x240.jpg 400w, https:\/\/www.itw-fasteners.com\/wp-content\/uploads\/2019\/01\/Trust_Web-600x360.jpg 600w, https:\/\/www.itw-fasteners.com\/wp-content\/uploads\/2019\/01\/Trust_Web-800x480.jpg 800w, https:\/\/www.itw-fasteners.com\/wp-content\/uploads\/2019\/01\/Trust_Web-1200x720.jpg 1200w, https:\/\/www.itw-fasteners.com\/wp-content\/uploads\/2019\/01\/Trust_Web.jpg 2500w\" sizes=\"(max-width: 800px) 100vw, 1200px\" \/><\/span><\/div><div class=\"fusion-sep-clear\"><\/div><div class=\"fusion-separator fusion-full-width-sep\" style=\"margin-left: auto;margin-right: auto;margin-top:30px;margin-bottom:30px;width:100%;\"><\/div><div class=\"fusion-sep-clear\"><\/div><div class=\"fusion-clearfix\"><\/div><\/div><\/div><\/div><\/div><\/p>\n","protected":false},"excerpt":{"rendered":"","protected":false},"author":3,"featured_media":0,"parent":0,"menu_order":0,"comment_status":"closed","ping_status":"closed","template":"100-width.php","meta":{"footnotes":""},"class_list":["post-18192","page","type-page","status-publish","hentry"],"yoast_head":"<!-- This site is optimized with the Yoast SEO plugin v27.3 - https:\/\/yoast.com\/product\/yoast-seo-wordpress\/ -->\n<title>Nos Valeurs - ITW<\/title>\n<meta name=\"robots\" content=\"index, follow, max-snippet:-1, max-image-preview:large, max-video-preview:-1\" \/>\n<link rel=\"canonical\" href=\"https:\/\/www.itw-fasteners.com\/fr\/nos-valeurs\/\" \/>\n<meta property=\"og:locale\" content=\"fr_FR\" \/>\n<meta property=\"og:type\" content=\"article\" \/>\n<meta property=\"og:title\" content=\"Nos Valeurs - ITW\" \/>\n<meta property=\"og:url\" content=\"https:\/\/www.itw-fasteners.com\/fr\/nos-valeurs\/\" \/>\n<meta property=\"og:site_name\" content=\"ITW\" \/>\n<meta property=\"article:modified_time\" content=\"2022-05-20T08:38:15+00:00\" \/>\n<meta name=\"twitter:card\" content=\"summary_large_image\" \/>\n<meta name=\"twitter:label1\" content=\"Dur\u00e9e de lecture estim\u00e9e\" \/>\n\t<meta name=\"twitter:data1\" content=\"6 minutes\" \/>\n<script type=\"application\/ld+json\" class=\"yoast-schema-graph\">{\"@context\":\"https:\\\/\\\/schema.org\",\"@graph\":[{\"@type\":\"WebPage\",\"@id\":\"https:\\\/\\\/www.itw-fasteners.com\\\/fr\\\/nos-valeurs\\\/\",\"url\":\"https:\\\/\\\/www.itw-fasteners.com\\\/fr\\\/nos-valeurs\\\/\",\"name\":\"Nos Valeurs - ITW\",\"isPartOf\":{\"@id\":\"https:\\\/\\\/www.itw-fasteners.com\\\/de\\\/#website\"},\"datePublished\":\"2019-01-14T14:04:03+00:00\",\"dateModified\":\"2022-05-20T08:38:15+00:00\",\"breadcrumb\":{\"@id\":\"https:\\\/\\\/www.itw-fasteners.com\\\/fr\\\/nos-valeurs\\\/#breadcrumb\"},\"inLanguage\":\"fr-FR\",\"potentialAction\":[{\"@type\":\"ReadAction\",\"target\":[\"https:\\\/\\\/www.itw-fasteners.com\\\/fr\\\/nos-valeurs\\\/\"]}]},{\"@type\":\"BreadcrumbList\",\"@id\":\"https:\\\/\\\/www.itw-fasteners.com\\\/fr\\\/nos-valeurs\\\/#breadcrumb\",\"itemListElement\":[{\"@type\":\"ListItem\",\"position\":1,\"name\":\"Home\",\"item\":\"https:\\\/\\\/www.itw-fasteners.com\\\/fr\\\/\"},{\"@type\":\"ListItem\",\"position\":2,\"name\":\"Nos Valeurs\"}]},{\"@type\":\"WebSite\",\"@id\":\"https:\\\/\\\/www.itw-fasteners.com\\\/de\\\/#website\",\"url\":\"https:\\\/\\\/www.itw-fasteners.com\\\/de\\\/\",\"name\":\"ITW Fasteners\",\"description\":\"\",\"publisher\":{\"@id\":\"https:\\\/\\\/www.itw-fasteners.com\\\/de\\\/#organization\"},\"potentialAction\":[{\"@type\":\"SearchAction\",\"target\":{\"@type\":\"EntryPoint\",\"urlTemplate\":\"https:\\\/\\\/www.itw-fasteners.com\\\/de\\\/?s={search_term_string}\"},\"query-input\":{\"@type\":\"PropertyValueSpecification\",\"valueRequired\":true,\"valueName\":\"search_term_string\"}}],\"inLanguage\":\"fr-FR\"},{\"@type\":\"Organization\",\"@id\":\"https:\\\/\\\/www.itw-fasteners.com\\\/de\\\/#organization\",\"name\":\"ITW Fasteners\",\"url\":\"https:\\\/\\\/www.itw-fasteners.com\\\/de\\\/\",\"logo\":{\"@type\":\"ImageObject\",\"inLanguage\":\"fr-FR\",\"@id\":\"https:\\\/\\\/www.itw-fasteners.com\\\/de\\\/#\\\/schema\\\/logo\\\/image\\\/\",\"url\":\"https:\\\/\\\/www.itw-fasteners.com\\\/wp-content\\\/uploads\\\/2022\\\/06\\\/ITW_Logo_GF_Maroon_CMYK.png\",\"contentUrl\":\"https:\\\/\\\/www.itw-fasteners.com\\\/wp-content\\\/uploads\\\/2022\\\/06\\\/ITW_Logo_GF_Maroon_CMYK.png\",\"width\":2132,\"height\":1057,\"caption\":\"ITW Fasteners\"},\"image\":{\"@id\":\"https:\\\/\\\/www.itw-fasteners.com\\\/de\\\/#\\\/schema\\\/logo\\\/image\\\/\"}}]}<\/script>\n<!-- \/ Yoast SEO plugin. -->","yoast_head_json":{"title":"Nos Valeurs - ITW","robots":{"index":"index","follow":"follow","max-snippet":"max-snippet:-1","max-image-preview":"max-image-preview:large","max-video-preview":"max-video-preview:-1"},"canonical":"https:\/\/www.itw-fasteners.com\/fr\/nos-valeurs\/","og_locale":"fr_FR","og_type":"article","og_title":"Nos Valeurs - ITW","og_url":"https:\/\/www.itw-fasteners.com\/fr\/nos-valeurs\/","og_site_name":"ITW","article_modified_time":"2022-05-20T08:38:15+00:00","twitter_card":"summary_large_image","twitter_misc":{"Dur\u00e9e de lecture estim\u00e9e":"6 minutes"},"schema":{"@context":"https:\/\/schema.org","@graph":[{"@type":"WebPage","@id":"https:\/\/www.itw-fasteners.com\/fr\/nos-valeurs\/","url":"https:\/\/www.itw-fasteners.com\/fr\/nos-valeurs\/","name":"Nos Valeurs - ITW","isPartOf":{"@id":"https:\/\/www.itw-fasteners.com\/de\/#website"},"datePublished":"2019-01-14T14:04:03+00:00","dateModified":"2022-05-20T08:38:15+00:00","breadcrumb":{"@id":"https:\/\/www.itw-fasteners.com\/fr\/nos-valeurs\/#breadcrumb"},"inLanguage":"fr-FR","potentialAction":[{"@type":"ReadAction","target":["https:\/\/www.itw-fasteners.com\/fr\/nos-valeurs\/"]}]},{"@type":"BreadcrumbList","@id":"https:\/\/www.itw-fasteners.com\/fr\/nos-valeurs\/#breadcrumb","itemListElement":[{"@type":"ListItem","position":1,"name":"Home","item":"https:\/\/www.itw-fasteners.com\/fr\/"},{"@type":"ListItem","position":2,"name":"Nos Valeurs"}]},{"@type":"WebSite","@id":"https:\/\/www.itw-fasteners.com\/de\/#website","url":"https:\/\/www.itw-fasteners.com\/de\/","name":"ITW Fasteners","description":"","publisher":{"@id":"https:\/\/www.itw-fasteners.com\/de\/#organization"},"potentialAction":[{"@type":"SearchAction","target":{"@type":"EntryPoint","urlTemplate":"https:\/\/www.itw-fasteners.com\/de\/?s={search_term_string}"},"query-input":{"@type":"PropertyValueSpecification","valueRequired":true,"valueName":"search_term_string"}}],"inLanguage":"fr-FR"},{"@type":"Organization","@id":"https:\/\/www.itw-fasteners.com\/de\/#organization","name":"ITW Fasteners","url":"https:\/\/www.itw-fasteners.com\/de\/","logo":{"@type":"ImageObject","inLanguage":"fr-FR","@id":"https:\/\/www.itw-fasteners.com\/de\/#\/schema\/logo\/image\/","url":"https:\/\/www.itw-fasteners.com\/wp-content\/uploads\/2022\/06\/ITW_Logo_GF_Maroon_CMYK.png","contentUrl":"https:\/\/www.itw-fasteners.com\/wp-content\/uploads\/2022\/06\/ITW_Logo_GF_Maroon_CMYK.png","width":2132,"height":1057,"caption":"ITW Fasteners"},"image":{"@id":"https:\/\/www.itw-fasteners.com\/de\/#\/schema\/logo\/image\/"}}]}},"_links":{"self":[{"href":"https:\/\/www.itw-fasteners.com\/fr\/wp-json\/wp\/v2\/pages\/18192","targetHints":{"allow":["GET"]}}],"collection":[{"href":"https:\/\/www.itw-fasteners.com\/fr\/wp-json\/wp\/v2\/pages"}],"about":[{"href":"https:\/\/www.itw-fasteners.com\/fr\/wp-json\/wp\/v2\/types\/page"}],"author":[{"embeddable":true,"href":"https:\/\/www.itw-fasteners.com\/fr\/wp-json\/wp\/v2\/users\/3"}],"replies":[{"embeddable":true,"href":"https:\/\/www.itw-fasteners.com\/fr\/wp-json\/wp\/v2\/comments?post=18192"}],"version-history":[{"count":3,"href":"https:\/\/www.itw-fasteners.com\/fr\/wp-json\/wp\/v2\/pages\/18192\/revisions"}],"predecessor-version":[{"id":18195,"href":"https:\/\/www.itw-fasteners.com\/fr\/wp-json\/wp\/v2\/pages\/18192\/revisions\/18195"}],"wp:attachment":[{"href":"https:\/\/www.itw-fasteners.com\/fr\/wp-json\/wp\/v2\/media?parent=18192"}],"curies":[{"name":"wp","href":"https:\/\/api.w.org\/{rel}","templated":true}]}}