{"id":18198,"date":"2019-01-14T15:06:17","date_gmt":"2019-01-14T14:06:17","guid":{"rendered":"https:\/\/www.itw-fasteners.com\/certifications\/"},"modified":"2026-01-05T17:20:30","modified_gmt":"2026-01-05T16:20:30","slug":"certifications","status":"publish","type":"page","link":"https:\/\/www.itw-fasteners.com\/fr\/certifications\/","title":{"rendered":"Certifications"},"content":{"rendered":"<p><div class=\"fusion-fullwidth fullwidth-box fusion-builder-row-1 fusion-flex-container nonhundred-percent-fullwidth non-hundred-percent-height-scrolling\" style=\"--awb-border-radius-top-left:0px;--awb-border-radius-top-right:0px;--awb-border-radius-bottom-right:0px;--awb-border-radius-bottom-left:0px;--awb-flex-wrap:wrap;\" ><div class=\"fusion-builder-row fusion-row fusion-flex-align-items-flex-start fusion-flex-content-wrap\" style=\"max-width:1144px;margin-left: calc(-4% \/ 2 );margin-right: calc(-4% \/ 2 );\"><div class=\"fusion-layout-column fusion_builder_column fusion-builder-column-0 fusion_builder_column_1_1 1_1 fusion-flex-column\" style=\"--awb-bg-size:cover;--awb-width-large:100%;--awb-margin-top-large:0px;--awb-spacing-right-large:1.92%;--awb-margin-bottom-large:20px;--awb-spacing-left-large:1.92%;--awb-width-medium:100%;--awb-spacing-right-medium:1.92%;--awb-spacing-left-medium:1.92%;--awb-width-small:100%;--awb-spacing-right-small:1.92%;--awb-spacing-left-small:1.92%;\"><div class=\"fusion-column-wrapper fusion-flex-justify-content-flex-start fusion-content-layout-column\"><div class=\"fusion-text fusion-text-1\" style=\"--awb-text-transform:none;\"><h1>La confiance est une bonne chose. La certification, c\u2019est mieux.<\/h1>\n<h3>La grande qualit\u00e9 de nos produits est l\u2019un des principaux piliers de notre succ\u00e8s. Celle-ci est garantie par notre syst\u00e8me de gestion qualit\u00e9, certifi\u00e9 dans le monde entier.<\/h3>\n<h3>Avec entres autres, les certifications conformes aux normes :<\/h3>\n<p><span style=\"color: #ffffff;\">***<\/span><\/p>\n<h1>IATF 16949<\/h1>\n<h2>GESTION DE LA QUALIT\u00c9<\/h2>\n<h3>Dans l\u2019int\u00e9r\u00eat d\u2019un partenariat durable avec nos clients, nous travaillons sur l\u2019optimisation continue de nos processus.<br \/>\nC\u2019est la condition pr\u00e9alable pour que seuls les produits de premi\u00e8re qualit\u00e9 quittent nos usines.<\/h3>\n<h3><a href=\"https:\/\/www.itw-fasteners.com\/wp-content\/uploads\/2024\/11\/IATF-16949-Beauchamp.pdf\" target=\"_blank\" rel=\"noopener noreferrer\">&gt; Certification IATF 16949 &#8211; Beauchamp (PDF)<\/a><\/h3>\n<h3><a href=\"https:\/\/www.itw-fasteners.com\/wp-content\/uploads\/2024\/12\/Certificat-ITW-EFC-France-SAS-0557178-IATF16949_2027.pdf\" target=\"_blank\" rel=\"noopener noreferrer\">&gt; Certification IATF 16949 &#8211; Ingwiller (PDF)<\/a><\/h3>\n<h3><span style=\"color: #ffffff;\">***<\/span><\/h3>\n<h1>OHSAS 18001 \/ ISO 45001<\/h1>\n<h2>GESTION DE LA SANT\u00c9 ET DE LA S\u00c9CURIT\u00c9 AU TRAVAIL<\/h2>\n<h3>ITW accorde une grande importance \u00e0 des conditions de travail s\u00fbres et saines pour ses employ\u00e9s. Les syst\u00e8mes de gestion certifi\u00e9s selon OHSAS 18001 ou ISO 45001 en constituent la base.<\/h3>\n<h3><a href=\"https:\/\/www.itw-fasteners.com\/wp-content\/uploads\/2026\/01\/25403589-ITW-DE-FRANCE-45001-V1-1.pdf\" target=\"_blank\" rel=\"noopener noreferrer\">&gt; Certification ISO 45001 &#8211; Beauchamp (PDF)<\/a><\/h3>\n<h3><a href=\"https:\/\/www.itw-fasteners.com\/wp-content\/uploads\/2024\/03\/ISO-45001-Ingwiller.pdf\" target=\"_blank\" rel=\"noopener noreferrer\">&gt; Certification ISO 45001 &#8211; Ingwiller (PDF)<\/a><\/h3>\n<p><span style=\"color: #ffffff;\">***<\/span><\/p>\n<h3><\/h3>\n<\/div><div class=\"fusion-text fusion-text-2\" style=\"--awb-text-transform:none;\"><h1>ISO 14001<\/h1>\n<h2>GESTION DE L\u2019ENVIRONNEMENT<\/h2>\n<h3><a href=\"https:\/\/www.itw-fasteners.com\/wp-content\/uploads\/2026\/01\/25403589-ITW-DE-FRANCE-14001-V1-1.pdf\" target=\"_blank\" rel=\"noopener noreferrer\">&gt; Certification ISO 14001 &#8211; Beauchamp (PDF)<\/a><\/h3>\n<h3><a href=\"https:\/\/www.itw-fasteners.com\/wp-content\/uploads\/2023\/01\/Attestation-conformite-decret-DPI-n\u00b02021-461-Beauchamp.pdf\" target=\"_blank\" rel=\"noopener noreferrer\">&gt; D\u00e9cret n\u00b02021-461 du 16 avril 2021 relatif \u00e0 la pr\u00e9vention des pertes de granul\u00e9s de plastiques industriels dans l\u2019environnement &#8211; Beauchamp (PDF)<\/a><\/h3>\n<h3><a href=\"https:\/\/www.itw-fasteners.com\/wp-content\/uploads\/2024\/03\/ISO-14001-Ingwiller.pdf\" target=\"_blank\" rel=\"noopener noreferrer\">&gt; Certification ISO 14001 &#8211; Ingwiller (PDF)<\/a><\/h3>\n<h3><a href=\"https:\/\/www.itw-fasteners.com\/wp-content\/uploads\/2024\/03\/GPI-Ingwiller.pdf\" target=\"_blank\" rel=\"noopener noreferrer\">&gt; D\u00e9cret n\u00b02021-461 du 16 avril 2021 relatif \u00e0 la pr\u00e9vention des pertes de granul\u00e9s de plastiques industriels dans l\u2019environnement &#8211; Ingwiller (PDF)<\/a><\/h3>\n<h1><\/h1>\n<h1>ISO 50001<\/h1>\n<h2>GESTION DE L\u2019\u00c9NERGIE<\/h2>\n<h3><a href=\"https:\/\/www.itw-fasteners.com\/wp-content\/uploads\/2026\/01\/25403589-ITW-DE-FRANCE-50001-V1-1.pdf\" target=\"_blank\" rel=\"noopener noreferrer\">&gt; Certification ISO 50001 &#8211; Beauchamp (PDF)<\/a><\/h3>\n<h3><a href=\"https:\/\/www.itw-fasteners.com\/wp-content\/uploads\/2024\/03\/ISO-50001-Ingwiller.pdf\" target=\"_blank\" rel=\"noopener noreferrer\">&gt; Certification ISO 50001 &#8211; Ingwiller (PDF)<\/a><\/h3>\n<h3>La durabilit\u00e9 est pour nous un processus dynamique toujours plus important qui s\u2019applique d\u00e8s le d\u00e9veloppement de nos produits.<br \/>\nNous prenons au s\u00e9rieux notre responsabilit\u00e9 et notre engagement pour l\u2019environnement.<br \/>\nLes certifications ISO 14001 et ISO 50001 nous confirment que nous sommes sur la bonne voie.<\/h3>\n<h1>TISAX (Trusted Information Security Assessment Exchange)<\/h1>\n<h2>S\u00c9CURIT\u00c9 DE L&rsquo;INFORMATION<\/h2>\n<h3>TISAX est une norme reconnue internationalement dans l&rsquo;industrie automobile, garantissant la s\u00e9curit\u00e9 de l&rsquo;information et la protection des donn\u00e9es sensibles. Cette certification t\u00e9moigne de notre engagement envers les standards les plus \u00e9lev\u00e9s en mati\u00e8re de s\u00e9curit\u00e9 et de confidentialit\u00e9.\u00a0Gr\u00e2ce \u00e0 TISAX, nous assurons \u00e0 nos partenaires et clients que nos processus de gestion de l&rsquo;information respectent les exigences strictes de l&rsquo;industrie. Cette certification renforce notre position en tant que leader fiable et innovant, d\u00e9di\u00e9 \u00e0 la s\u00e9curit\u00e9 et \u00e0 l&rsquo;excellence op\u00e9rationnelle.<\/h3>\n<h3><a href=\"https:\/\/www.itw-fasteners.com\/wp-content\/uploads\/2025\/09\/ING_Scope-S3LVLW-decorative-assessment-document.pdf\" target=\"_blank\" rel=\"noopener\"><span lang=\"EN-GB\" data-olk-copy-source=\"MessageBody\">&gt; ITW EF&amp;C, Ingwiller : Level AL3 &#8211; Very High Availability (PDF)<\/span><\/a><\/h3>\n<h3><a href=\"https:\/\/www.itw-fasteners.com\/wp-content\/uploads\/2025\/08\/Tisax-Certificate-Scope-SX07C9-Beauchamp-ITW-public.pdf\" target=\"_blank\" rel=\"noopener\"><span lang=\"EN-GB\">&gt; ITW de France, Beauchamp : Level AL3 &#8211; Very High Availability (PDF)<\/span><\/a><\/h3>\n<h1><\/h1>\n<h2><\/h2>\n<\/div><div class=\"fusion-image-element \" style=\"--awb-caption-title-font-family:var(--h2_typography-font-family);--awb-caption-title-font-weight:var(--h2_typography-font-weight);--awb-caption-title-font-style:var(--h2_typography-font-style);--awb-caption-title-size:var(--h2_typography-font-size);--awb-caption-title-transform:var(--h2_typography-text-transform);--awb-caption-title-line-height:var(--h2_typography-line-height);--awb-caption-title-letter-spacing:var(--h2_typography-letter-spacing);\"><span class=\" fusion-imageframe imageframe-none imageframe-1 hover-type-none\"><img decoding=\"async\" width=\"800\" height=\"572\" title=\"panthermedia_Nachhaltigkeit\" src=\"https:\/\/itw-fasteners.com\/wp-content\/uploads\/2018\/07\/panthermedia_Nachhaltigkeit-800x572.jpg\" alt class=\"img-responsive wp-image-18199\" srcset=\"https:\/\/www.itw-fasteners.com\/wp-content\/uploads\/2018\/07\/panthermedia_Nachhaltigkeit-200x143.jpg 200w, https:\/\/www.itw-fasteners.com\/wp-content\/uploads\/2018\/07\/panthermedia_Nachhaltigkeit-400x286.jpg 400w, https:\/\/www.itw-fasteners.com\/wp-content\/uploads\/2018\/07\/panthermedia_Nachhaltigkeit-600x429.jpg 600w, https:\/\/www.itw-fasteners.com\/wp-content\/uploads\/2018\/07\/panthermedia_Nachhaltigkeit-800x572.jpg 800w, https:\/\/www.itw-fasteners.com\/wp-content\/uploads\/2018\/07\/panthermedia_Nachhaltigkeit-1200x858.jpg 1200w, https:\/\/www.itw-fasteners.com\/wp-content\/uploads\/2018\/07\/panthermedia_Nachhaltigkeit.jpg 3508w\" sizes=\"(max-width: 1024px) 100vw, (max-width: 640px) 100vw, 1200px\" \/><\/span><\/div><\/div><\/div><\/div><\/div><div class=\"fusion-fullwidth fullwidth-box fusion-builder-row-2 fusion-flex-container nonhundred-percent-fullwidth non-hundred-percent-height-scrolling\" style=\"--awb-border-radius-top-left:0px;--awb-border-radius-top-right:0px;--awb-border-radius-bottom-right:0px;--awb-border-radius-bottom-left:0px;--awb-background-color:#e0e0e0;--awb-flex-wrap:wrap;\" ><div class=\"fusion-builder-row fusion-row fusion-flex-align-items-flex-start fusion-flex-content-wrap\" style=\"max-width:1144px;margin-left: calc(-4% \/ 2 );margin-right: calc(-4% \/ 2 );\"><div class=\"fusion-layout-column fusion_builder_column fusion-builder-column-1 fusion_builder_column_1_2 1_2 fusion-flex-column\" style=\"--awb-bg-size:cover;--awb-width-large:50%;--awb-margin-top-large:0px;--awb-spacing-right-large:3.84%;--awb-margin-bottom-large:20px;--awb-spacing-left-large:3.84%;--awb-width-medium:100%;--awb-spacing-right-medium:1.92%;--awb-spacing-left-medium:1.92%;--awb-width-small:100%;--awb-spacing-right-small:1.92%;--awb-spacing-left-small:1.92%;\"><div class=\"fusion-column-wrapper fusion-flex-justify-content-flex-start fusion-content-layout-column\"><div class=\"fusion-separator fusion-full-width-sep\" style=\"align-self: center;margin-left: auto;margin-right: auto;margin-top:40px;margin-bottom:40px;width:100%;\"><\/div><div class=\"fusion-text fusion-text-3\"><h2>AUTRES TELECHARGEMENTS<\/h2>\n<\/div><div class=\"fusion-text fusion-text-4\"><h3><a href=\"https:\/\/www.itw-fasteners.com\/\/wp-content\/uploads\/2021\/04\/HSSE_Policy_ENK_EN_2020.pdf\" target=\"_blank\" rel=\"noopener noreferrer\">&gt; HSSE Policy ITW Enkenbach (PDF)<\/a><\/h3>\n<h3><a href=\"https:\/\/www.itw-fasteners.com\/\/wp-content\/uploads\/2023\/07\/MC03_ENG_Politica-de-Gestion-Integrada_LFR.pdf\" target=\"_blank\" rel=\"noopener noreferrer\">&gt; Integrated Management Policy &#8211; ITW Spain (PDF)<\/a><\/h3>\n<\/div><div class=\"fusion-separator fusion-full-width-sep\" style=\"align-self: center;margin-left: auto;margin-right: auto;margin-top:40px;margin-bottom:40px;width:100%;\"><\/div><\/div><\/div><div class=\"fusion-layout-column fusion_builder_column fusion-builder-column-2 fusion_builder_column_1_2 1_2 fusion-flex-column\" style=\"--awb-bg-size:cover;--awb-width-large:50%;--awb-margin-top-large:0px;--awb-spacing-right-large:3.84%;--awb-margin-bottom-large:20px;--awb-spacing-left-large:3.84%;--awb-width-medium:100%;--awb-spacing-right-medium:1.92%;--awb-spacing-left-medium:1.92%;--awb-width-small:100%;--awb-spacing-right-small:1.92%;--awb-spacing-left-small:1.92%;\"><div class=\"fusion-column-wrapper fusion-flex-justify-content-flex-start fusion-content-layout-column\"><div class=\"fusion-separator fusion-full-width-sep\" style=\"align-self: center;margin-left: auto;margin-right: auto;margin-top:40px;margin-bottom:40px;width:100%;\"><\/div><div class=\"fusion-text fusion-text-5\"><p>&#8230;<\/p>\n<\/div><div class=\"fusion-text fusion-text-6\"><h3><a href=\"https:\/\/www.itw-fasteners.com\/wp-content\/uploads\/2019\/10\/Safety-Policy.pdf\" target=\"_blank\" rel=\"noopener noreferrer\">&gt; Safety Policy ITW (PDF)<\/a><\/h3>\n<h3><a href=\"https:\/\/www.itw-fasteners.com\/wp-content\/uploads\/2019\/10\/Environment_Sustainability-Policy.pdf\" target=\"_blank\" rel=\"noopener noreferrer\">&gt; Environmental &amp; Sustainability Policy ITW (PDF)<\/a><\/h3>\n<\/div><div class=\"fusion-separator fusion-full-width-sep\" style=\"align-self: center;margin-left: auto;margin-right: auto;margin-top:40px;margin-bottom:40px;width:100%;\"><\/div><\/div><\/div><\/div><\/div><\/p>\n","protected":false},"excerpt":{"rendered":"","protected":false},"author":3,"featured_media":0,"parent":0,"menu_order":0,"comment_status":"closed","ping_status":"closed","template":"100-width.php","meta":{"footnotes":""},"class_list":["post-18198","page","type-page","status-publish","hentry"],"yoast_head":"<!-- This site is optimized with the Yoast SEO plugin v27.3 - https:\/\/yoast.com\/product\/yoast-seo-wordpress\/ -->\n<title>Certifications - ITW<\/title>\n<meta name=\"robots\" content=\"index, follow, max-snippet:-1, max-image-preview:large, max-video-preview:-1\" \/>\n<link rel=\"canonical\" href=\"https:\/\/www.itw-fasteners.com\/fr\/certifications\/\" \/>\n<meta property=\"og:locale\" content=\"fr_FR\" \/>\n<meta property=\"og:type\" content=\"article\" \/>\n<meta property=\"og:title\" content=\"Certifications - ITW\" \/>\n<meta property=\"og:url\" content=\"https:\/\/www.itw-fasteners.com\/fr\/certifications\/\" \/>\n<meta property=\"og:site_name\" content=\"ITW\" \/>\n<meta property=\"article:modified_time\" content=\"2026-01-05T16:20:30+00:00\" \/>\n<meta name=\"twitter:card\" content=\"summary_large_image\" \/>\n<meta name=\"twitter:label1\" content=\"Dur\u00e9e de lecture estim\u00e9e\" \/>\n\t<meta name=\"twitter:data1\" content=\"2 minutes\" \/>\n<script type=\"application\/ld+json\" class=\"yoast-schema-graph\">{\"@context\":\"https:\\\/\\\/schema.org\",\"@graph\":[{\"@type\":\"WebPage\",\"@id\":\"https:\\\/\\\/www.itw-fasteners.com\\\/fr\\\/certifications\\\/\",\"url\":\"https:\\\/\\\/www.itw-fasteners.com\\\/fr\\\/certifications\\\/\",\"name\":\"Certifications - ITW\",\"isPartOf\":{\"@id\":\"https:\\\/\\\/www.itw-fasteners.com\\\/de\\\/#website\"},\"datePublished\":\"2019-01-14T14:06:17+00:00\",\"dateModified\":\"2026-01-05T16:20:30+00:00\",\"breadcrumb\":{\"@id\":\"https:\\\/\\\/www.itw-fasteners.com\\\/fr\\\/certifications\\\/#breadcrumb\"},\"inLanguage\":\"fr-FR\",\"potentialAction\":[{\"@type\":\"ReadAction\",\"target\":[\"https:\\\/\\\/www.itw-fasteners.com\\\/fr\\\/certifications\\\/\"]}]},{\"@type\":\"BreadcrumbList\",\"@id\":\"https:\\\/\\\/www.itw-fasteners.com\\\/fr\\\/certifications\\\/#breadcrumb\",\"itemListElement\":[{\"@type\":\"ListItem\",\"position\":1,\"name\":\"Home\",\"item\":\"https:\\\/\\\/www.itw-fasteners.com\\\/fr\\\/\"},{\"@type\":\"ListItem\",\"position\":2,\"name\":\"Certifications\"}]},{\"@type\":\"WebSite\",\"@id\":\"https:\\\/\\\/www.itw-fasteners.com\\\/de\\\/#website\",\"url\":\"https:\\\/\\\/www.itw-fasteners.com\\\/de\\\/\",\"name\":\"ITW Fasteners\",\"description\":\"\",\"publisher\":{\"@id\":\"https:\\\/\\\/www.itw-fasteners.com\\\/de\\\/#organization\"},\"potentialAction\":[{\"@type\":\"SearchAction\",\"target\":{\"@type\":\"EntryPoint\",\"urlTemplate\":\"https:\\\/\\\/www.itw-fasteners.com\\\/de\\\/?s={search_term_string}\"},\"query-input\":{\"@type\":\"PropertyValueSpecification\",\"valueRequired\":true,\"valueName\":\"search_term_string\"}}],\"inLanguage\":\"fr-FR\"},{\"@type\":\"Organization\",\"@id\":\"https:\\\/\\\/www.itw-fasteners.com\\\/de\\\/#organization\",\"name\":\"ITW Fasteners\",\"url\":\"https:\\\/\\\/www.itw-fasteners.com\\\/de\\\/\",\"logo\":{\"@type\":\"ImageObject\",\"inLanguage\":\"fr-FR\",\"@id\":\"https:\\\/\\\/www.itw-fasteners.com\\\/de\\\/#\\\/schema\\\/logo\\\/image\\\/\",\"url\":\"https:\\\/\\\/www.itw-fasteners.com\\\/wp-content\\\/uploads\\\/2022\\\/06\\\/ITW_Logo_GF_Maroon_CMYK.png\",\"contentUrl\":\"https:\\\/\\\/www.itw-fasteners.com\\\/wp-content\\\/uploads\\\/2022\\\/06\\\/ITW_Logo_GF_Maroon_CMYK.png\",\"width\":2132,\"height\":1057,\"caption\":\"ITW Fasteners\"},\"image\":{\"@id\":\"https:\\\/\\\/www.itw-fasteners.com\\\/de\\\/#\\\/schema\\\/logo\\\/image\\\/\"}}]}<\/script>\n<!-- \/ Yoast SEO plugin. -->","yoast_head_json":{"title":"Certifications - ITW","robots":{"index":"index","follow":"follow","max-snippet":"max-snippet:-1","max-image-preview":"max-image-preview:large","max-video-preview":"max-video-preview:-1"},"canonical":"https:\/\/www.itw-fasteners.com\/fr\/certifications\/","og_locale":"fr_FR","og_type":"article","og_title":"Certifications - ITW","og_url":"https:\/\/www.itw-fasteners.com\/fr\/certifications\/","og_site_name":"ITW","article_modified_time":"2026-01-05T16:20:30+00:00","twitter_card":"summary_large_image","twitter_misc":{"Dur\u00e9e de lecture estim\u00e9e":"2 minutes"},"schema":{"@context":"https:\/\/schema.org","@graph":[{"@type":"WebPage","@id":"https:\/\/www.itw-fasteners.com\/fr\/certifications\/","url":"https:\/\/www.itw-fasteners.com\/fr\/certifications\/","name":"Certifications - ITW","isPartOf":{"@id":"https:\/\/www.itw-fasteners.com\/de\/#website"},"datePublished":"2019-01-14T14:06:17+00:00","dateModified":"2026-01-05T16:20:30+00:00","breadcrumb":{"@id":"https:\/\/www.itw-fasteners.com\/fr\/certifications\/#breadcrumb"},"inLanguage":"fr-FR","potentialAction":[{"@type":"ReadAction","target":["https:\/\/www.itw-fasteners.com\/fr\/certifications\/"]}]},{"@type":"BreadcrumbList","@id":"https:\/\/www.itw-fasteners.com\/fr\/certifications\/#breadcrumb","itemListElement":[{"@type":"ListItem","position":1,"name":"Home","item":"https:\/\/www.itw-fasteners.com\/fr\/"},{"@type":"ListItem","position":2,"name":"Certifications"}]},{"@type":"WebSite","@id":"https:\/\/www.itw-fasteners.com\/de\/#website","url":"https:\/\/www.itw-fasteners.com\/de\/","name":"ITW Fasteners","description":"","publisher":{"@id":"https:\/\/www.itw-fasteners.com\/de\/#organization"},"potentialAction":[{"@type":"SearchAction","target":{"@type":"EntryPoint","urlTemplate":"https:\/\/www.itw-fasteners.com\/de\/?s={search_term_string}"},"query-input":{"@type":"PropertyValueSpecification","valueRequired":true,"valueName":"search_term_string"}}],"inLanguage":"fr-FR"},{"@type":"Organization","@id":"https:\/\/www.itw-fasteners.com\/de\/#organization","name":"ITW Fasteners","url":"https:\/\/www.itw-fasteners.com\/de\/","logo":{"@type":"ImageObject","inLanguage":"fr-FR","@id":"https:\/\/www.itw-fasteners.com\/de\/#\/schema\/logo\/image\/","url":"https:\/\/www.itw-fasteners.com\/wp-content\/uploads\/2022\/06\/ITW_Logo_GF_Maroon_CMYK.png","contentUrl":"https:\/\/www.itw-fasteners.com\/wp-content\/uploads\/2022\/06\/ITW_Logo_GF_Maroon_CMYK.png","width":2132,"height":1057,"caption":"ITW Fasteners"},"image":{"@id":"https:\/\/www.itw-fasteners.com\/de\/#\/schema\/logo\/image\/"}}]}},"_links":{"self":[{"href":"https:\/\/www.itw-fasteners.com\/fr\/wp-json\/wp\/v2\/pages\/18198","targetHints":{"allow":["GET"]}}],"collection":[{"href":"https:\/\/www.itw-fasteners.com\/fr\/wp-json\/wp\/v2\/pages"}],"about":[{"href":"https:\/\/www.itw-fasteners.com\/fr\/wp-json\/wp\/v2\/types\/page"}],"author":[{"embeddable":true,"href":"https:\/\/www.itw-fasteners.com\/fr\/wp-json\/wp\/v2\/users\/3"}],"replies":[{"embeddable":true,"href":"https:\/\/www.itw-fasteners.com\/fr\/wp-json\/wp\/v2\/comments?post=18198"}],"version-history":[{"count":22,"href":"https:\/\/www.itw-fasteners.com\/fr\/wp-json\/wp\/v2\/pages\/18198\/revisions"}],"predecessor-version":[{"id":27475,"href":"https:\/\/www.itw-fasteners.com\/fr\/wp-json\/wp\/v2\/pages\/18198\/revisions\/27475"}],"wp:attachment":[{"href":"https:\/\/www.itw-fasteners.com\/fr\/wp-json\/wp\/v2\/media?parent=18198"}],"curies":[{"name":"wp","href":"https:\/\/api.w.org\/{rel}","templated":true}]}}