{"id":18258,"date":"2019-01-14T15:43:34","date_gmt":"2019-01-14T14:43:34","guid":{"rendered":"https:\/\/www.itw-fasteners.com\/wire-pipe-management\/"},"modified":"2026-02-17T11:37:52","modified_gmt":"2026-02-17T10:37:52","slug":"gestion-cablages-tubes","status":"publish","type":"page","link":"https:\/\/www.itw-fasteners.com\/fr\/gestion-cablages-tubes\/","title":{"rendered":"Gestion des c\u00e2blages et des tubes"},"content":{"rendered":"<p><div class=\"fusion-fullwidth fullwidth-box fusion-builder-row-1 fusion-flex-container nonhundred-percent-fullwidth non-hundred-percent-height-scrolling\" style=\"--awb-border-radius-top-left:0px;--awb-border-radius-top-right:0px;--awb-border-radius-bottom-right:0px;--awb-border-radius-bottom-left:0px;--awb-flex-wrap:wrap;\" ><div class=\"fusion-builder-row fusion-row fusion-flex-align-items-flex-start fusion-flex-content-wrap\" style=\"max-width:1144px;margin-left: calc(-4% \/ 2 );margin-right: calc(-4% \/ 2 );\"><div class=\"fusion-layout-column fusion_builder_column fusion-builder-column-0 fusion_builder_column_1_1 1_1 fusion-flex-column\" style=\"--awb-bg-size:cover;--awb-width-large:100%;--awb-margin-top-large:0px;--awb-spacing-right-large:1.92%;--awb-margin-bottom-large:0px;--awb-spacing-left-large:1.92%;--awb-width-medium:100%;--awb-spacing-right-medium:1.92%;--awb-spacing-left-medium:1.92%;--awb-width-small:100%;--awb-spacing-right-small:1.92%;--awb-spacing-left-small:1.92%;\"><div class=\"fusion-column-wrapper fusion-flex-justify-content-flex-start fusion-content-layout-column\"><div class=\"fusion-text fusion-text-1\" style=\"--awb-text-transform:none;\"><h1>Gestion des c\u00e2blages et des tubes<\/h1>\n<\/div><\/div><\/div><\/div><\/div><div class=\"fusion-fullwidth fullwidth-box fusion-builder-row-2 fusion-flex-container nonhundred-percent-fullwidth non-hundred-percent-height-scrolling\" style=\"--awb-border-radius-top-left:0px;--awb-border-radius-top-right:0px;--awb-border-radius-bottom-right:0px;--awb-border-radius-bottom-left:0px;--awb-flex-wrap:wrap;\" ><div class=\"fusion-builder-row fusion-row fusion-flex-align-items-flex-start fusion-flex-content-wrap\" style=\"max-width:1144px;margin-left: calc(-4% \/ 2 );margin-right: calc(-4% \/ 2 );\"><div class=\"fusion-layout-column fusion_builder_column fusion-builder-column-1 fusion_builder_column_1_1 1_1 fusion-flex-column\" style=\"--awb-bg-size:cover;--awb-width-large:100%;--awb-margin-top-large:0px;--awb-spacing-right-large:1.92%;--awb-margin-bottom-large:0px;--awb-spacing-left-large:1.92%;--awb-width-medium:100%;--awb-spacing-right-medium:1.92%;--awb-spacing-left-medium:1.92%;--awb-width-small:100%;--awb-spacing-right-small:1.92%;--awb-spacing-left-small:1.92%;\"><div class=\"fusion-column-wrapper fusion-flex-justify-content-flex-start fusion-content-layout-column\"><div class=\"fusion-text fusion-text-2\" style=\"--awb-text-transform:none;\"><h3>Plus de haute technologie dans le v\u00e9hicule signifie aussi plus de c\u00e2bles.<\/h3>\n<h3>Un guidage et une fixation pr\u00e9cis des c\u00e2bles et des tubes fournissent plus de s\u00e9curit\u00e9 et de confort.<\/h3>\n<h3>Par des solutions innovantes et l\u2019utilisation de la technologie multi-composants les plus modernes, les vibrations et le bruit qui en d\u00e9coulent peuvent \u00eatre r\u00e9duits au minimum dans le v\u00e9hicule.<\/h3>\n<h3>L\u00e0 o\u00f9 c\u2019est n\u00e9cessaire, des montures-fermoirs et des caches prot\u00e8gent des influences ext\u00e9rieures extr\u00eames. Les joints mont\u00e9s ou moul\u00e9s par injection offrent une protection suppl\u00e9mentaire contre l\u2019eau et la salet\u00e9.<\/h3>\n<h3>Sur la base des exigences et des souhaits de nos clients, nous d\u00e9veloppons des fixations pour les applications les plus diverses.<\/h3>\n<h3><a style=\"color: #8a1538;\" href=\"https:\/\/www.itw-fasteners.com\/wp-content\/uploads\/2026\/02\/2026-02_Electrical-Routing-Catalog.pdf\" target=\"_blank\" rel=\"noopener\">Voir le catalogue.<\/a><\/h3>\n<\/div><div class=\"fusion-separator fusion-full-width-sep\" style=\"align-self: center;margin-left: auto;margin-right: auto;margin-bottom:45px;width:100%;\"><\/div><div class=\"fusion-text fusion-text-3\" style=\"--awb-text-transform:none;\"><h2>FIXATIONS POUR TUBES :<\/h2>\n<\/div><div class=\"fusion-image-element \" style=\"--awb-caption-title-font-family:var(--h2_typography-font-family);--awb-caption-title-font-weight:var(--h2_typography-font-weight);--awb-caption-title-font-style:var(--h2_typography-font-style);--awb-caption-title-size:var(--h2_typography-font-size);--awb-caption-title-transform:var(--h2_typography-text-transform);--awb-caption-title-line-height:var(--h2_typography-line-height);--awb-caption-title-letter-spacing:var(--h2_typography-letter-spacing);\"><span class=\" fusion-imageframe imageframe-none imageframe-1 hover-type-none\" style=\"border:1px solid #a0a0a0;\"><img decoding=\"async\" width=\"1200\" height=\"436\" title=\"Leit_halter\" src=\"https:\/\/itw-fasteners.com\/wp-content\/uploads\/2018\/12\/Leit_halter-1200x436.jpg\" alt class=\"img-responsive wp-image-15197\" srcset=\"https:\/\/www.itw-fasteners.com\/wp-content\/uploads\/2018\/12\/Leit_halter-200x73.jpg 200w, https:\/\/www.itw-fasteners.com\/wp-content\/uploads\/2018\/12\/Leit_halter-400x145.jpg 400w, https:\/\/www.itw-fasteners.com\/wp-content\/uploads\/2018\/12\/Leit_halter-600x218.jpg 600w, https:\/\/www.itw-fasteners.com\/wp-content\/uploads\/2018\/12\/Leit_halter-800x291.jpg 800w, https:\/\/www.itw-fasteners.com\/wp-content\/uploads\/2018\/12\/Leit_halter-1200x436.jpg 1200w, https:\/\/www.itw-fasteners.com\/wp-content\/uploads\/2018\/12\/Leit_halter.jpg 2800w\" sizes=\"(max-width: 1024px) 100vw, (max-width: 640px) 100vw, 1200px\" \/><\/span><\/div><div class=\"fusion-separator fusion-full-width-sep\" style=\"align-self: center;margin-left: auto;margin-right: auto;margin-bottom:45px;width:100%;\"><\/div><div class=\"fusion-image-element \" style=\"--awb-caption-title-font-family:var(--h2_typography-font-family);--awb-caption-title-font-weight:var(--h2_typography-font-weight);--awb-caption-title-font-style:var(--h2_typography-font-style);--awb-caption-title-size:var(--h2_typography-font-size);--awb-caption-title-transform:var(--h2_typography-text-transform);--awb-caption-title-line-height:var(--h2_typography-line-height);--awb-caption-title-letter-spacing:var(--h2_typography-letter-spacing);\"><span class=\" fusion-imageframe imageframe-none imageframe-2 hover-type-none\" style=\"border:1px solid #a0a0a0;\"><img decoding=\"async\" width=\"1200\" height=\"436\" title=\"Leit_halter2\" src=\"https:\/\/itw-fasteners.com\/wp-content\/uploads\/2018\/12\/Leit_halter2-1200x436.jpg\" alt class=\"img-responsive wp-image-15202\" srcset=\"https:\/\/www.itw-fasteners.com\/wp-content\/uploads\/2018\/12\/Leit_halter2-200x73.jpg 200w, https:\/\/www.itw-fasteners.com\/wp-content\/uploads\/2018\/12\/Leit_halter2-400x145.jpg 400w, https:\/\/www.itw-fasteners.com\/wp-content\/uploads\/2018\/12\/Leit_halter2-600x218.jpg 600w, https:\/\/www.itw-fasteners.com\/wp-content\/uploads\/2018\/12\/Leit_halter2-800x291.jpg 800w, https:\/\/www.itw-fasteners.com\/wp-content\/uploads\/2018\/12\/Leit_halter2-1200x436.jpg 1200w, https:\/\/www.itw-fasteners.com\/wp-content\/uploads\/2018\/12\/Leit_halter2.jpg 2800w\" sizes=\"(max-width: 1024px) 100vw, (max-width: 640px) 100vw, 1200px\" \/><\/span><\/div><div class=\"fusion-separator fusion-full-width-sep\" style=\"align-self: center;margin-left: auto;margin-right: auto;margin-bottom:75px;width:100%;\"><\/div><div class=\"fusion-text fusion-text-4\" style=\"--awb-text-transform:none;\"><h2>LANIERES :<\/h2>\n<\/div><div class=\"fusion-image-element \" style=\"--awb-caption-title-font-family:var(--h2_typography-font-family);--awb-caption-title-font-weight:var(--h2_typography-font-weight);--awb-caption-title-font-style:var(--h2_typography-font-style);--awb-caption-title-size:var(--h2_typography-font-size);--awb-caption-title-transform:var(--h2_typography-text-transform);--awb-caption-title-line-height:var(--h2_typography-line-height);--awb-caption-title-letter-spacing:var(--h2_typography-letter-spacing);\"><span class=\" fusion-imageframe imageframe-none imageframe-3 hover-type-none\" style=\"border:1px solid #a0a0a0;\"><img decoding=\"async\" width=\"1200\" height=\"436\" title=\"Kabelband 2\" src=\"https:\/\/itw-fasteners.com\/wp-content\/uploads\/2018\/12\/Kabelband-2-1200x436.jpg\" alt class=\"img-responsive wp-image-15191\" srcset=\"https:\/\/www.itw-fasteners.com\/wp-content\/uploads\/2018\/12\/Kabelband-2-200x73.jpg 200w, https:\/\/www.itw-fasteners.com\/wp-content\/uploads\/2018\/12\/Kabelband-2-400x145.jpg 400w, https:\/\/www.itw-fasteners.com\/wp-content\/uploads\/2018\/12\/Kabelband-2-600x218.jpg 600w, https:\/\/www.itw-fasteners.com\/wp-content\/uploads\/2018\/12\/Kabelband-2-800x291.jpg 800w, https:\/\/www.itw-fasteners.com\/wp-content\/uploads\/2018\/12\/Kabelband-2-1200x436.jpg 1200w, https:\/\/www.itw-fasteners.com\/wp-content\/uploads\/2018\/12\/Kabelband-2.jpg 1400w\" sizes=\"(max-width: 1024px) 100vw, (max-width: 640px) 100vw, 1200px\" \/><\/span><\/div><div class=\"fusion-separator fusion-full-width-sep\" style=\"align-self: center;margin-left: auto;margin-right: auto;margin-bottom:75px;width:100%;\"><\/div><div class=\"fusion-text fusion-text-5\" style=\"--awb-text-transform:none;\"><h2>PATTES D\u2019INDEXAGE POUR C\u00c2BLAGE\u00a0 :<\/h2>\n<\/div><div class=\"fusion-image-element \" style=\"--awb-caption-title-font-family:var(--h2_typography-font-family);--awb-caption-title-font-weight:var(--h2_typography-font-weight);--awb-caption-title-font-style:var(--h2_typography-font-style);--awb-caption-title-size:var(--h2_typography-font-size);--awb-caption-title-transform:var(--h2_typography-text-transform);--awb-caption-title-line-height:var(--h2_typography-line-height);--awb-caption-title-letter-spacing:var(--h2_typography-letter-spacing);\"><span class=\" fusion-imageframe imageframe-none imageframe-4 hover-type-none\" style=\"border:1px solid #727272;\"><img decoding=\"async\" width=\"1200\" height=\"436\" title=\"Locator_verb2\" src=\"https:\/\/itw-fasteners.com\/wp-content\/uploads\/2018\/12\/Locator_verb2-1200x436.jpg\" alt class=\"img-responsive wp-image-15207\" srcset=\"https:\/\/www.itw-fasteners.com\/wp-content\/uploads\/2018\/12\/Locator_verb2-200x73.jpg 200w, https:\/\/www.itw-fasteners.com\/wp-content\/uploads\/2018\/12\/Locator_verb2-400x145.jpg 400w, https:\/\/www.itw-fasteners.com\/wp-content\/uploads\/2018\/12\/Locator_verb2-600x218.jpg 600w, https:\/\/www.itw-fasteners.com\/wp-content\/uploads\/2018\/12\/Locator_verb2-800x291.jpg 800w, https:\/\/www.itw-fasteners.com\/wp-content\/uploads\/2018\/12\/Locator_verb2-1200x436.jpg 1200w, https:\/\/www.itw-fasteners.com\/wp-content\/uploads\/2018\/12\/Locator_verb2.jpg 1400w\" sizes=\"(max-width: 1024px) 100vw, (max-width: 640px) 100vw, 1200px\" \/><\/span><\/div><div class=\"fusion-separator fusion-full-width-sep\" style=\"align-self: center;margin-left: auto;margin-right: auto;margin-bottom:45px;width:100%;\"><\/div><div class=\"fusion-image-element \" style=\"--awb-caption-title-font-family:var(--h2_typography-font-family);--awb-caption-title-font-weight:var(--h2_typography-font-weight);--awb-caption-title-font-style:var(--h2_typography-font-style);--awb-caption-title-size:var(--h2_typography-font-size);--awb-caption-title-transform:var(--h2_typography-text-transform);--awb-caption-title-line-height:var(--h2_typography-line-height);--awb-caption-title-letter-spacing:var(--h2_typography-letter-spacing);\"><span class=\" fusion-imageframe imageframe-none imageframe-5 hover-type-none\" style=\"border:1px solid #a0a0a0;\"><img decoding=\"async\" width=\"1200\" height=\"436\" title=\"Locator\" src=\"https:\/\/itw-fasteners.com\/wp-content\/uploads\/2018\/12\/Locator-1200x436.jpg\" alt class=\"img-responsive wp-image-15211\" srcset=\"https:\/\/www.itw-fasteners.com\/wp-content\/uploads\/2018\/12\/Locator-200x73.jpg 200w, https:\/\/www.itw-fasteners.com\/wp-content\/uploads\/2018\/12\/Locator-400x145.jpg 400w, https:\/\/www.itw-fasteners.com\/wp-content\/uploads\/2018\/12\/Locator-600x218.jpg 600w, https:\/\/www.itw-fasteners.com\/wp-content\/uploads\/2018\/12\/Locator-800x291.jpg 800w, https:\/\/www.itw-fasteners.com\/wp-content\/uploads\/2018\/12\/Locator-1200x436.jpg 1200w, https:\/\/www.itw-fasteners.com\/wp-content\/uploads\/2018\/12\/Locator.jpg 2800w\" sizes=\"(max-width: 1024px) 100vw, (max-width: 640px) 100vw, 1200px\" \/><\/span><\/div><\/div><\/div><\/div><\/div><div class=\"fusion-fullwidth fullwidth-box fusion-builder-row-3 fusion-flex-container nonhundred-percent-fullwidth non-hundred-percent-height-scrolling\" style=\"--awb-border-radius-top-left:0px;--awb-border-radius-top-right:0px;--awb-border-radius-bottom-right:0px;--awb-border-radius-bottom-left:0px;--awb-flex-wrap:wrap;\" ><div class=\"fusion-builder-row fusion-row fusion-flex-align-items-flex-start fusion-flex-content-wrap\" style=\"max-width:1144px;margin-left: calc(-4% \/ 2 );margin-right: calc(-4% \/ 2 );\"><div class=\"fusion-layout-column fusion_builder_column fusion-builder-column-2 fusion_builder_column_1_1 1_1 fusion-flex-column\" style=\"--awb-bg-size:cover;--awb-width-large:100%;--awb-margin-top-large:0px;--awb-spacing-right-large:1.92%;--awb-margin-bottom-large:20px;--awb-spacing-left-large:1.92%;--awb-width-medium:100%;--awb-spacing-right-medium:1.92%;--awb-spacing-left-medium:1.92%;--awb-width-small:100%;--awb-spacing-right-small:1.92%;--awb-spacing-left-small:1.92%;\"><div class=\"fusion-column-wrapper fusion-flex-justify-content-flex-start fusion-content-layout-column\"><\/div><\/div><\/div><\/div><\/p>\n","protected":false},"excerpt":{"rendered":"","protected":false},"author":3,"featured_media":15532,"parent":0,"menu_order":0,"comment_status":"closed","ping_status":"closed","template":"","meta":{"footnotes":""},"class_list":["post-18258","page","type-page","status-publish","has-post-thumbnail","hentry"],"yoast_head":"<!-- This site is optimized with the Yoast SEO plugin v27.3 - https:\/\/yoast.com\/product\/yoast-seo-wordpress\/ -->\n<title>Gestion des c\u00e2blages et des tubes - ITW<\/title>\n<meta name=\"robots\" content=\"index, follow, max-snippet:-1, max-image-preview:large, max-video-preview:-1\" \/>\n<link rel=\"canonical\" href=\"https:\/\/www.itw-fasteners.com\/fr\/gestion-cablages-tubes\/\" \/>\n<meta property=\"og:locale\" content=\"fr_FR\" \/>\n<meta property=\"og:type\" content=\"article\" \/>\n<meta property=\"og:title\" content=\"Gestion des c\u00e2blages et des tubes - ITW\" \/>\n<meta property=\"og:url\" content=\"https:\/\/www.itw-fasteners.com\/fr\/gestion-cablages-tubes\/\" \/>\n<meta property=\"og:site_name\" content=\"ITW\" \/>\n<meta property=\"article:modified_time\" content=\"2026-02-17T10:37:52+00:00\" \/>\n<meta property=\"og:image\" content=\"https:\/\/www.itw-fasteners.com\/wp-content\/uploads\/2018\/02\/csm_Routing_Wiring_Uebersicht_01_bf51bfd4b0.jpg\" \/>\n\t<meta property=\"og:image:width\" content=\"200\" \/>\n\t<meta property=\"og:image:height\" content=\"126\" \/>\n\t<meta property=\"og:image:type\" content=\"image\/jpeg\" \/>\n<meta name=\"twitter:card\" content=\"summary_large_image\" \/>\n<meta name=\"twitter:label1\" content=\"Dur\u00e9e de lecture estim\u00e9e\" \/>\n\t<meta name=\"twitter:data1\" content=\"2 minutes\" \/>\n<script type=\"application\/ld+json\" class=\"yoast-schema-graph\">{\"@context\":\"https:\\\/\\\/schema.org\",\"@graph\":[{\"@type\":\"WebPage\",\"@id\":\"https:\\\/\\\/www.itw-fasteners.com\\\/fr\\\/gestion-cablages-tubes\\\/\",\"url\":\"https:\\\/\\\/www.itw-fasteners.com\\\/fr\\\/gestion-cablages-tubes\\\/\",\"name\":\"Gestion des c\u00e2blages et des tubes - ITW\",\"isPartOf\":{\"@id\":\"https:\\\/\\\/www.itw-fasteners.com\\\/de\\\/#website\"},\"primaryImageOfPage\":{\"@id\":\"https:\\\/\\\/www.itw-fasteners.com\\\/fr\\\/gestion-cablages-tubes\\\/#primaryimage\"},\"image\":{\"@id\":\"https:\\\/\\\/www.itw-fasteners.com\\\/fr\\\/gestion-cablages-tubes\\\/#primaryimage\"},\"thumbnailUrl\":\"https:\\\/\\\/www.itw-fasteners.com\\\/wp-content\\\/uploads\\\/2018\\\/02\\\/csm_Routing_Wiring_Uebersicht_01_bf51bfd4b0.jpg\",\"datePublished\":\"2019-01-14T14:43:34+00:00\",\"dateModified\":\"2026-02-17T10:37:52+00:00\",\"breadcrumb\":{\"@id\":\"https:\\\/\\\/www.itw-fasteners.com\\\/fr\\\/gestion-cablages-tubes\\\/#breadcrumb\"},\"inLanguage\":\"fr-FR\",\"potentialAction\":[{\"@type\":\"ReadAction\",\"target\":[\"https:\\\/\\\/www.itw-fasteners.com\\\/fr\\\/gestion-cablages-tubes\\\/\"]}]},{\"@type\":\"ImageObject\",\"inLanguage\":\"fr-FR\",\"@id\":\"https:\\\/\\\/www.itw-fasteners.com\\\/fr\\\/gestion-cablages-tubes\\\/#primaryimage\",\"url\":\"https:\\\/\\\/www.itw-fasteners.com\\\/wp-content\\\/uploads\\\/2018\\\/02\\\/csm_Routing_Wiring_Uebersicht_01_bf51bfd4b0.jpg\",\"contentUrl\":\"https:\\\/\\\/www.itw-fasteners.com\\\/wp-content\\\/uploads\\\/2018\\\/02\\\/csm_Routing_Wiring_Uebersicht_01_bf51bfd4b0.jpg\",\"width\":200,\"height\":126,\"caption\":\"KABELMANAGEMENT\"},{\"@type\":\"BreadcrumbList\",\"@id\":\"https:\\\/\\\/www.itw-fasteners.com\\\/fr\\\/gestion-cablages-tubes\\\/#breadcrumb\",\"itemListElement\":[{\"@type\":\"ListItem\",\"position\":1,\"name\":\"Home\",\"item\":\"https:\\\/\\\/www.itw-fasteners.com\\\/fr\\\/\"},{\"@type\":\"ListItem\",\"position\":2,\"name\":\"Gestion des c\u00e2blages et des tubes\"}]},{\"@type\":\"WebSite\",\"@id\":\"https:\\\/\\\/www.itw-fasteners.com\\\/de\\\/#website\",\"url\":\"https:\\\/\\\/www.itw-fasteners.com\\\/de\\\/\",\"name\":\"ITW Fasteners\",\"description\":\"\",\"publisher\":{\"@id\":\"https:\\\/\\\/www.itw-fasteners.com\\\/de\\\/#organization\"},\"potentialAction\":[{\"@type\":\"SearchAction\",\"target\":{\"@type\":\"EntryPoint\",\"urlTemplate\":\"https:\\\/\\\/www.itw-fasteners.com\\\/de\\\/?s={search_term_string}\"},\"query-input\":{\"@type\":\"PropertyValueSpecification\",\"valueRequired\":true,\"valueName\":\"search_term_string\"}}],\"inLanguage\":\"fr-FR\"},{\"@type\":\"Organization\",\"@id\":\"https:\\\/\\\/www.itw-fasteners.com\\\/de\\\/#organization\",\"name\":\"ITW Fasteners\",\"url\":\"https:\\\/\\\/www.itw-fasteners.com\\\/de\\\/\",\"logo\":{\"@type\":\"ImageObject\",\"inLanguage\":\"fr-FR\",\"@id\":\"https:\\\/\\\/www.itw-fasteners.com\\\/de\\\/#\\\/schema\\\/logo\\\/image\\\/\",\"url\":\"https:\\\/\\\/www.itw-fasteners.com\\\/wp-content\\\/uploads\\\/2022\\\/06\\\/ITW_Logo_GF_Maroon_CMYK.png\",\"contentUrl\":\"https:\\\/\\\/www.itw-fasteners.com\\\/wp-content\\\/uploads\\\/2022\\\/06\\\/ITW_Logo_GF_Maroon_CMYK.png\",\"width\":2132,\"height\":1057,\"caption\":\"ITW Fasteners\"},\"image\":{\"@id\":\"https:\\\/\\\/www.itw-fasteners.com\\\/de\\\/#\\\/schema\\\/logo\\\/image\\\/\"}}]}<\/script>\n<!-- \/ Yoast SEO plugin. -->","yoast_head_json":{"title":"Gestion des c\u00e2blages et des tubes - ITW","robots":{"index":"index","follow":"follow","max-snippet":"max-snippet:-1","max-image-preview":"max-image-preview:large","max-video-preview":"max-video-preview:-1"},"canonical":"https:\/\/www.itw-fasteners.com\/fr\/gestion-cablages-tubes\/","og_locale":"fr_FR","og_type":"article","og_title":"Gestion des c\u00e2blages et des tubes - ITW","og_url":"https:\/\/www.itw-fasteners.com\/fr\/gestion-cablages-tubes\/","og_site_name":"ITW","article_modified_time":"2026-02-17T10:37:52+00:00","og_image":[{"width":200,"height":126,"url":"https:\/\/www.itw-fasteners.com\/wp-content\/uploads\/2018\/02\/csm_Routing_Wiring_Uebersicht_01_bf51bfd4b0.jpg","type":"image\/jpeg"}],"twitter_card":"summary_large_image","twitter_misc":{"Dur\u00e9e de lecture estim\u00e9e":"2 minutes"},"schema":{"@context":"https:\/\/schema.org","@graph":[{"@type":"WebPage","@id":"https:\/\/www.itw-fasteners.com\/fr\/gestion-cablages-tubes\/","url":"https:\/\/www.itw-fasteners.com\/fr\/gestion-cablages-tubes\/","name":"Gestion des c\u00e2blages et des tubes - ITW","isPartOf":{"@id":"https:\/\/www.itw-fasteners.com\/de\/#website"},"primaryImageOfPage":{"@id":"https:\/\/www.itw-fasteners.com\/fr\/gestion-cablages-tubes\/#primaryimage"},"image":{"@id":"https:\/\/www.itw-fasteners.com\/fr\/gestion-cablages-tubes\/#primaryimage"},"thumbnailUrl":"https:\/\/www.itw-fasteners.com\/wp-content\/uploads\/2018\/02\/csm_Routing_Wiring_Uebersicht_01_bf51bfd4b0.jpg","datePublished":"2019-01-14T14:43:34+00:00","dateModified":"2026-02-17T10:37:52+00:00","breadcrumb":{"@id":"https:\/\/www.itw-fasteners.com\/fr\/gestion-cablages-tubes\/#breadcrumb"},"inLanguage":"fr-FR","potentialAction":[{"@type":"ReadAction","target":["https:\/\/www.itw-fasteners.com\/fr\/gestion-cablages-tubes\/"]}]},{"@type":"ImageObject","inLanguage":"fr-FR","@id":"https:\/\/www.itw-fasteners.com\/fr\/gestion-cablages-tubes\/#primaryimage","url":"https:\/\/www.itw-fasteners.com\/wp-content\/uploads\/2018\/02\/csm_Routing_Wiring_Uebersicht_01_bf51bfd4b0.jpg","contentUrl":"https:\/\/www.itw-fasteners.com\/wp-content\/uploads\/2018\/02\/csm_Routing_Wiring_Uebersicht_01_bf51bfd4b0.jpg","width":200,"height":126,"caption":"KABELMANAGEMENT"},{"@type":"BreadcrumbList","@id":"https:\/\/www.itw-fasteners.com\/fr\/gestion-cablages-tubes\/#breadcrumb","itemListElement":[{"@type":"ListItem","position":1,"name":"Home","item":"https:\/\/www.itw-fasteners.com\/fr\/"},{"@type":"ListItem","position":2,"name":"Gestion des c\u00e2blages et des tubes"}]},{"@type":"WebSite","@id":"https:\/\/www.itw-fasteners.com\/de\/#website","url":"https:\/\/www.itw-fasteners.com\/de\/","name":"ITW Fasteners","description":"","publisher":{"@id":"https:\/\/www.itw-fasteners.com\/de\/#organization"},"potentialAction":[{"@type":"SearchAction","target":{"@type":"EntryPoint","urlTemplate":"https:\/\/www.itw-fasteners.com\/de\/?s={search_term_string}"},"query-input":{"@type":"PropertyValueSpecification","valueRequired":true,"valueName":"search_term_string"}}],"inLanguage":"fr-FR"},{"@type":"Organization","@id":"https:\/\/www.itw-fasteners.com\/de\/#organization","name":"ITW Fasteners","url":"https:\/\/www.itw-fasteners.com\/de\/","logo":{"@type":"ImageObject","inLanguage":"fr-FR","@id":"https:\/\/www.itw-fasteners.com\/de\/#\/schema\/logo\/image\/","url":"https:\/\/www.itw-fasteners.com\/wp-content\/uploads\/2022\/06\/ITW_Logo_GF_Maroon_CMYK.png","contentUrl":"https:\/\/www.itw-fasteners.com\/wp-content\/uploads\/2022\/06\/ITW_Logo_GF_Maroon_CMYK.png","width":2132,"height":1057,"caption":"ITW Fasteners"},"image":{"@id":"https:\/\/www.itw-fasteners.com\/de\/#\/schema\/logo\/image\/"}}]}},"_links":{"self":[{"href":"https:\/\/www.itw-fasteners.com\/fr\/wp-json\/wp\/v2\/pages\/18258","targetHints":{"allow":["GET"]}}],"collection":[{"href":"https:\/\/www.itw-fasteners.com\/fr\/wp-json\/wp\/v2\/pages"}],"about":[{"href":"https:\/\/www.itw-fasteners.com\/fr\/wp-json\/wp\/v2\/types\/page"}],"author":[{"embeddable":true,"href":"https:\/\/www.itw-fasteners.com\/fr\/wp-json\/wp\/v2\/users\/3"}],"replies":[{"embeddable":true,"href":"https:\/\/www.itw-fasteners.com\/fr\/wp-json\/wp\/v2\/comments?post=18258"}],"version-history":[{"count":5,"href":"https:\/\/www.itw-fasteners.com\/fr\/wp-json\/wp\/v2\/pages\/18258\/revisions"}],"predecessor-version":[{"id":27528,"href":"https:\/\/www.itw-fasteners.com\/fr\/wp-json\/wp\/v2\/pages\/18258\/revisions\/27528"}],"wp:featuredmedia":[{"embeddable":true,"href":"https:\/\/www.itw-fasteners.com\/fr\/wp-json\/wp\/v2\/media\/15532"}],"wp:attachment":[{"href":"https:\/\/www.itw-fasteners.com\/fr\/wp-json\/wp\/v2\/media?parent=18258"}],"curies":[{"name":"wp","href":"https:\/\/api.w.org\/{rel}","templated":true}]}}