{"id":18261,"date":"2019-01-14T15:46:42","date_gmt":"2019-01-14T14:46:42","guid":{"rendered":"https:\/\/www.itw-fasteners.com\/interior\/"},"modified":"2022-12-21T16:15:27","modified_gmt":"2022-12-21T15:15:27","slug":"interieur","status":"publish","type":"page","link":"https:\/\/www.itw-fasteners.com\/fr\/interieur\/","title":{"rendered":"Int\u00e9rieur"},"content":{"rendered":"<p><div class=\"fusion-fullwidth fullwidth-box fusion-builder-row-1 fusion-flex-container nonhundred-percent-fullwidth non-hundred-percent-height-scrolling\" style=\"--awb-border-radius-top-left:0px;--awb-border-radius-top-right:0px;--awb-border-radius-bottom-right:0px;--awb-border-radius-bottom-left:0px;--awb-flex-wrap:wrap;\" ><div class=\"fusion-builder-row fusion-row fusion-flex-align-items-flex-start fusion-flex-content-wrap\" style=\"max-width:1144px;margin-left: calc(-4% \/ 2 );margin-right: calc(-4% \/ 2 );\"><div class=\"fusion-layout-column fusion_builder_column fusion-builder-column-0 fusion_builder_column_1_1 1_1 fusion-flex-column\" style=\"--awb-bg-size:cover;--awb-width-large:100%;--awb-margin-top-large:0px;--awb-spacing-right-large:1.92%;--awb-margin-bottom-large:0px;--awb-spacing-left-large:1.92%;--awb-width-medium:100%;--awb-spacing-right-medium:1.92%;--awb-spacing-left-medium:1.92%;--awb-width-small:100%;--awb-spacing-right-small:1.92%;--awb-spacing-left-small:1.92%;\"><div class=\"fusion-column-wrapper fusion-flex-justify-content-flex-start fusion-content-layout-column\"><div class=\"fusion-text fusion-text-1\" style=\"--awb-text-transform:none;\"><h1>Solutions de fixation pour l&rsquo;int\u00e9rieur<\/h1>\n<\/div><\/div><\/div><\/div><\/div><div class=\"fusion-fullwidth fullwidth-box fusion-builder-row-2 fusion-flex-container nonhundred-percent-fullwidth non-hundred-percent-height-scrolling\" style=\"--awb-border-radius-top-left:0px;--awb-border-radius-top-right:0px;--awb-border-radius-bottom-right:0px;--awb-border-radius-bottom-left:0px;--awb-flex-wrap:wrap;\" ><div class=\"fusion-builder-row fusion-row fusion-flex-align-items-flex-start fusion-flex-content-wrap\" style=\"max-width:1144px;margin-left: calc(-4% \/ 2 );margin-right: calc(-4% \/ 2 );\"><div class=\"fusion-layout-column fusion_builder_column fusion-builder-column-1 fusion_builder_column_1_1 1_1 fusion-flex-column\" style=\"--awb-bg-size:cover;--awb-width-large:100%;--awb-margin-top-large:0px;--awb-spacing-right-large:1.92%;--awb-margin-bottom-large:0px;--awb-spacing-left-large:1.92%;--awb-width-medium:100%;--awb-spacing-right-medium:1.92%;--awb-spacing-left-medium:1.92%;--awb-width-small:100%;--awb-spacing-right-small:1.92%;--awb-spacing-left-small:1.92%;\"><div class=\"fusion-column-wrapper fusion-flex-justify-content-flex-start fusion-content-layout-column\"><div class=\"fusion-text fusion-text-2\" style=\"--awb-text-transform:none;\"><h3>Les fixations de garniture ITW r\u00e9pondent \u00e0 de nombreuses exigences et se retrouvent sur diverses applications dans l&rsquo;habitacle du v\u00e9hicule.<\/h3>\n<h3>Il s&rsquo;agit, entre autres, de fixations de panneaux, d&rsquo;anneaux de bagage, de fixations dans la zone des si\u00e8ges de voiture ou de fixations d&rsquo;airbags.<\/h3>\n<h3>Nos syst\u00e8mes de fixation ont des forces de r\u00e9tention \u00e9lev\u00e9es et contribuent de mani\u00e8re significative \u00e0 la s\u00e9curit\u00e9 et au confort de l&rsquo;habitacle du v\u00e9hicule.<\/h3>\n<\/div><div class=\"fusion-separator fusion-full-width-sep\" style=\"align-self: center;margin-left: auto;margin-right: auto;margin-bottom:45px;width:100%;\"><\/div><div class=\"fusion-text fusion-text-3\" style=\"--awb-text-transform:none;\"><h2>TORSION CLIP LEVER : une solution sans vis pour le bas de panneau de porte<\/h2>\n<\/div><div class=\"fusion-video fusion-youtube\" style=\"--awb-max-width:600px;--awb-max-height:360px;\"><div class=\"video-shortcode\"><div class=\"fluid-width-video-wrapper\" style=\"padding-top:60%;\" > <div class=\"brlbs-cmpnt-container brlbs-cmpnt-content-blocker brlbs-cmpnt-with-individual-styles\" data-borlabs-cookie-content-blocker-id=\"youtube-content-blocker\" data-borlabs-cookie-content=\"PGlmcmFtZSB0aXRsZT0iWW91VHViZSB2aWRlbyBwbGF5ZXIgMSIgc3JjPSJodHRwczovL3d3dy55b3V0dWJlLW5vY29va2llLmNvbS9lbWJlZC9IQUVzYjdyV1NTZz93bW9kZT10cmFuc3BhcmVudCZhdXRvcGxheT0wIiB3aWR0aD0iNjAwIiBoZWlnaHQ9IjM2MCIgYWxsb3dmdWxsc2NyZWVuIGFsbG93PSJhdXRvcGxheTsgY2xpcGJvYXJkLXdyaXRlOyBlbmNyeXB0ZWQtbWVkaWE7IGd5cm9zY29wZTsgcGljdHVyZS1pbi1waWN0dXJlOyI+PC9pZnJhbWU+\"><div class=\"brlbs-cmpnt-cb-preset-c brlbs-cmpnt-cb-youtube\"> <div class=\"brlbs-cmpnt-cb-thumbnail\" style=\"background-image: url('https:\/\/www.itw-fasteners.com\/wp-content\/uploads\/borlabs-cookie\/1\/yt_HAEsb7rWSSg_hqdefault.jpg')\"><\/div> <div class=\"brlbs-cmpnt-cb-main\"> <div class=\"brlbs-cmpnt-cb-play-button\"><\/div> <div class=\"brlbs-cmpnt-cb-content\"> <p class=\"brlbs-cmpnt-cb-description\">Vous \u00eates actuellement en train de consulter le contenu d'un espace r\u00e9serv\u00e9 de <strong>YouTube<\/strong>. Pour acc\u00e9der au contenu r\u00e9el, cliquez sur le bouton ci-dessous. Veuillez noter que ce faisant, des donn\u00e9es seront partag\u00e9es avec des providers tiers.<\/p> <a class=\"brlbs-cmpnt-cb-provider-toggle\" href=\"#\" data-borlabs-cookie-show-provider-information role=\"button\">Plus d'informations<\/a> <\/div> <div class=\"brlbs-cmpnt-cb-buttons\"> <a class=\"brlbs-cmpnt-cb-btn\" href=\"#\" data-borlabs-cookie-unblock role=\"button\">D\u00e9bloquer le contenu<\/a> <a class=\"brlbs-cmpnt-cb-btn\" href=\"#\" data-borlabs-cookie-accept-service role=\"button\" style=\"display: inherit\">Accepter le service requis et d\u00e9bloquer les contenus<\/a> <\/div> <\/div> <\/div><\/div><\/div><\/div><\/div><div class=\"fusion-separator\" style=\"align-self: center;margin-left: auto;margin-right: auto;width:100%;max-width:45px;\"><\/div><div class=\"fusion-text fusion-text-4\" style=\"--awb-text-transform:none;\"><h2>1 daN = 10 N<\/h2>\n<\/div><div class=\"fusion-text fusion-text-5\" style=\"--awb-text-transform:none;\"><h2><strong><a href=\"https:\/\/www.itw-fasteners.com\/wp-content\/uploads\/2022\/12\/2022-12-Torsion-clip-Brochure-Final.pdf\" target=\"_blank\" rel=\"noopener\">T\u00e9l\u00e9chargez la brochure &gt;&gt;<\/a><\/strong><\/h2>\n<\/div><div class=\"fusion-separator fusion-full-width-sep\" style=\"align-self: center;margin-left: auto;margin-right: auto;margin-bottom:45px;width:100%;\"><\/div><div class=\"fusion-separator\" style=\"align-self: center;margin-left: auto;margin-right: auto;width:100%;max-width:45px;\"><\/div><div class=\"fusion-separator\" style=\"align-self: center;margin-left: auto;margin-right: auto;width:100%;max-width:45px;\"><\/div><div class=\"fusion-text fusion-text-6\" style=\"--awb-text-transform:none;\"><h2>ATTACHES DE GARNITURE :<\/h2>\n<\/div><div class=\"fusion-image-element \" style=\"--awb-caption-title-font-family:var(--h2_typography-font-family);--awb-caption-title-font-weight:var(--h2_typography-font-weight);--awb-caption-title-font-style:var(--h2_typography-font-style);--awb-caption-title-size:var(--h2_typography-font-size);--awb-caption-title-transform:var(--h2_typography-text-transform);--awb-caption-title-line-height:var(--h2_typography-line-height);--awb-caption-title-letter-spacing:var(--h2_typography-letter-spacing);\"><span class=\" fusion-imageframe imageframe-none imageframe-1 hover-type-none\" style=\"border:1px solid #a0a0a0;\"><img decoding=\"async\" width=\"1200\" height=\"436\" title=\"Trim\" src=\"https:\/\/itw-fasteners.com\/wp-content\/uploads\/2018\/12\/Trim-1200x436.jpg\" alt class=\"img-responsive wp-image-15225\" srcset=\"https:\/\/www.itw-fasteners.com\/wp-content\/uploads\/2018\/12\/Trim-200x73.jpg 200w, https:\/\/www.itw-fasteners.com\/wp-content\/uploads\/2018\/12\/Trim-400x145.jpg 400w, https:\/\/www.itw-fasteners.com\/wp-content\/uploads\/2018\/12\/Trim-600x218.jpg 600w, https:\/\/www.itw-fasteners.com\/wp-content\/uploads\/2018\/12\/Trim-800x291.jpg 800w, https:\/\/www.itw-fasteners.com\/wp-content\/uploads\/2018\/12\/Trim-1200x436.jpg 1200w, https:\/\/www.itw-fasteners.com\/wp-content\/uploads\/2018\/12\/Trim.jpg 2800w\" sizes=\"(max-width: 1024px) 100vw, (max-width: 640px) 100vw, 1200px\" \/><\/span><\/div><div class=\"fusion-separator fusion-full-width-sep\" style=\"align-self: center;margin-left: auto;margin-right: auto;margin-bottom:45px;width:100%;\"><\/div><div class=\"fusion-image-element \" style=\"--awb-caption-title-font-family:var(--h2_typography-font-family);--awb-caption-title-font-weight:var(--h2_typography-font-weight);--awb-caption-title-font-style:var(--h2_typography-font-style);--awb-caption-title-size:var(--h2_typography-font-size);--awb-caption-title-transform:var(--h2_typography-text-transform);--awb-caption-title-line-height:var(--h2_typography-line-height);--awb-caption-title-letter-spacing:var(--h2_typography-letter-spacing);\"><span class=\" fusion-imageframe imageframe-none imageframe-2 hover-type-none\" style=\"border:1px solid #a0a0a0;\"><img decoding=\"async\" width=\"1200\" height=\"440\" title=\"Trim4_new\" src=\"https:\/\/itw-fasteners.com\/wp-content\/uploads\/2019\/01\/Trim4_new-1200x440.jpg\" alt class=\"img-responsive wp-image-15348\" srcset=\"https:\/\/www.itw-fasteners.com\/wp-content\/uploads\/2019\/01\/Trim4_new-200x73.jpg 200w, https:\/\/www.itw-fasteners.com\/wp-content\/uploads\/2019\/01\/Trim4_new-400x147.jpg 400w, https:\/\/www.itw-fasteners.com\/wp-content\/uploads\/2019\/01\/Trim4_new-600x220.jpg 600w, https:\/\/www.itw-fasteners.com\/wp-content\/uploads\/2019\/01\/Trim4_new-800x293.jpg 800w, https:\/\/www.itw-fasteners.com\/wp-content\/uploads\/2019\/01\/Trim4_new.jpg 1200w\" sizes=\"(max-width: 1024px) 100vw, (max-width: 640px) 100vw, 1200px\" \/><\/span><\/div><div class=\"fusion-separator fusion-full-width-sep\" style=\"align-self: center;margin-left: auto;margin-right: auto;margin-bottom:45px;width:100%;\"><\/div><div class=\"fusion-image-element \" style=\"--awb-caption-title-font-family:var(--h2_typography-font-family);--awb-caption-title-font-weight:var(--h2_typography-font-weight);--awb-caption-title-font-style:var(--h2_typography-font-style);--awb-caption-title-size:var(--h2_typography-font-size);--awb-caption-title-transform:var(--h2_typography-text-transform);--awb-caption-title-line-height:var(--h2_typography-line-height);--awb-caption-title-letter-spacing:var(--h2_typography-letter-spacing);\"><span class=\" fusion-imageframe imageframe-none imageframe-3 hover-type-none\" style=\"border:1px solid #a0a0a0;\"><img decoding=\"async\" width=\"1200\" height=\"436\" title=\"Trim1\" src=\"https:\/\/itw-fasteners.com\/wp-content\/uploads\/2018\/12\/Trim1-1200x436.jpg\" alt class=\"img-responsive wp-image-15216\" srcset=\"https:\/\/www.itw-fasteners.com\/wp-content\/uploads\/2018\/12\/Trim1-200x73.jpg 200w, https:\/\/www.itw-fasteners.com\/wp-content\/uploads\/2018\/12\/Trim1-400x145.jpg 400w, https:\/\/www.itw-fasteners.com\/wp-content\/uploads\/2018\/12\/Trim1-600x218.jpg 600w, https:\/\/www.itw-fasteners.com\/wp-content\/uploads\/2018\/12\/Trim1-800x291.jpg 800w, https:\/\/www.itw-fasteners.com\/wp-content\/uploads\/2018\/12\/Trim1-1200x436.jpg 1200w, https:\/\/www.itw-fasteners.com\/wp-content\/uploads\/2018\/12\/Trim1.jpg 2800w\" sizes=\"(max-width: 1024px) 100vw, (max-width: 640px) 100vw, 1200px\" \/><\/span><\/div><div class=\"fusion-separator fusion-full-width-sep\" style=\"align-self: center;margin-left: auto;margin-right: auto;margin-bottom:45px;width:100%;\"><\/div><div class=\"fusion-image-element \" style=\"--awb-caption-title-font-family:var(--h2_typography-font-family);--awb-caption-title-font-weight:var(--h2_typography-font-weight);--awb-caption-title-font-style:var(--h2_typography-font-style);--awb-caption-title-size:var(--h2_typography-font-size);--awb-caption-title-transform:var(--h2_typography-text-transform);--awb-caption-title-line-height:var(--h2_typography-line-height);--awb-caption-title-letter-spacing:var(--h2_typography-letter-spacing);\"><span class=\" fusion-imageframe imageframe-none imageframe-4 hover-type-none\" style=\"border:1px solid #a0a0a0;\"><img decoding=\"async\" width=\"1200\" height=\"436\" title=\"Trim_Montage\" src=\"https:\/\/www.itw-fasteners.com\/\/wp-content\/uploads\/2019\/03\/Trim_Montage-1200x436.jpg\" alt class=\"img-responsive wp-image-18305\" srcset=\"https:\/\/www.itw-fasteners.com\/wp-content\/uploads\/2019\/03\/Trim_Montage-200x73.jpg 200w, https:\/\/www.itw-fasteners.com\/wp-content\/uploads\/2019\/03\/Trim_Montage-400x145.jpg 400w, https:\/\/www.itw-fasteners.com\/wp-content\/uploads\/2019\/03\/Trim_Montage-600x218.jpg 600w, https:\/\/www.itw-fasteners.com\/wp-content\/uploads\/2019\/03\/Trim_Montage-800x291.jpg 800w, https:\/\/www.itw-fasteners.com\/wp-content\/uploads\/2019\/03\/Trim_Montage-1200x436.jpg 1200w, https:\/\/www.itw-fasteners.com\/wp-content\/uploads\/2019\/03\/Trim_Montage.jpg 2800w\" sizes=\"(max-width: 1024px) 100vw, (max-width: 640px) 100vw, 1200px\" \/><\/span><\/div><div class=\"fusion-separator fusion-full-width-sep\" style=\"align-self: center;margin-left: auto;margin-right: auto;margin-bottom:75px;width:100%;\"><\/div><div class=\"fusion-text fusion-text-7\"><h2>RIVETS:<\/h2>\n<\/div><div class=\"fusion-image-element \" style=\"--awb-caption-title-font-family:var(--h2_typography-font-family);--awb-caption-title-font-weight:var(--h2_typography-font-weight);--awb-caption-title-font-style:var(--h2_typography-font-style);--awb-caption-title-size:var(--h2_typography-font-size);--awb-caption-title-transform:var(--h2_typography-text-transform);--awb-caption-title-line-height:var(--h2_typography-line-height);--awb-caption-title-letter-spacing:var(--h2_typography-letter-spacing);\"><span class=\" fusion-imageframe imageframe-none imageframe-5 hover-type-none\" style=\"border:1px solid #a0a0a0;\"><img decoding=\"async\" width=\"1200\" height=\"436\" title=\"Spreizniete\" src=\"https:\/\/itw-fasteners.com\/wp-content\/uploads\/2018\/12\/Spreizniete-1200x436.jpg\" alt class=\"img-responsive wp-image-15287\" srcset=\"https:\/\/www.itw-fasteners.com\/wp-content\/uploads\/2018\/12\/Spreizniete-200x73.jpg 200w, https:\/\/www.itw-fasteners.com\/wp-content\/uploads\/2018\/12\/Spreizniete-400x145.jpg 400w, https:\/\/www.itw-fasteners.com\/wp-content\/uploads\/2018\/12\/Spreizniete-600x218.jpg 600w, https:\/\/www.itw-fasteners.com\/wp-content\/uploads\/2018\/12\/Spreizniete-800x291.jpg 800w, https:\/\/www.itw-fasteners.com\/wp-content\/uploads\/2018\/12\/Spreizniete-1200x436.jpg 1200w, https:\/\/www.itw-fasteners.com\/wp-content\/uploads\/2018\/12\/Spreizniete.jpg 2800w\" sizes=\"(max-width: 1024px) 100vw, (max-width: 640px) 100vw, 1200px\" \/><\/span><\/div><div class=\"fusion-separator fusion-full-width-sep\" style=\"align-self: center;margin-left: auto;margin-right: auto;margin-bottom:75px;width:100%;\"><\/div><div class=\"fusion-text fusion-text-8\" style=\"--awb-text-transform:none;\"><h2>CLIPS D&rsquo;AIRBAG :<\/h2>\n<\/div><div class=\"fusion-image-element \" style=\"--awb-caption-title-font-family:var(--h2_typography-font-family);--awb-caption-title-font-weight:var(--h2_typography-font-weight);--awb-caption-title-font-style:var(--h2_typography-font-style);--awb-caption-title-size:var(--h2_typography-font-size);--awb-caption-title-transform:var(--h2_typography-text-transform);--awb-caption-title-line-height:var(--h2_typography-line-height);--awb-caption-title-letter-spacing:var(--h2_typography-letter-spacing);\"><span class=\" fusion-imageframe imageframe-none imageframe-6 hover-type-none\" style=\"border:1px solid #a0a0a0;\"><img decoding=\"async\" width=\"1200\" height=\"436\" title=\"Airbagclip\" src=\"https:\/\/itw-fasteners.com\/wp-content\/uploads\/2018\/12\/Airbagclip-1200x436.jpg\" alt class=\"img-responsive wp-image-15230\" srcset=\"https:\/\/www.itw-fasteners.com\/wp-content\/uploads\/2018\/12\/Airbagclip-200x73.jpg 200w, https:\/\/www.itw-fasteners.com\/wp-content\/uploads\/2018\/12\/Airbagclip-400x145.jpg 400w, https:\/\/www.itw-fasteners.com\/wp-content\/uploads\/2018\/12\/Airbagclip-600x218.jpg 600w, https:\/\/www.itw-fasteners.com\/wp-content\/uploads\/2018\/12\/Airbagclip-800x291.jpg 800w, https:\/\/www.itw-fasteners.com\/wp-content\/uploads\/2018\/12\/Airbagclip-1200x436.jpg 1200w, https:\/\/www.itw-fasteners.com\/wp-content\/uploads\/2018\/12\/Airbagclip.jpg 2800w\" sizes=\"(max-width: 1024px) 100vw, (max-width: 640px) 100vw, 1200px\" \/><\/span><\/div><div class=\"fusion-separator fusion-full-width-sep\" style=\"align-self: center;margin-left: auto;margin-right: auto;margin-bottom:75px;width:100%;\"><\/div><div class=\"fusion-text fusion-text-9\" style=\"--awb-text-transform:none;\"><h2>ANNEAUX DE BAGAGE :<\/h2>\n<\/div><div class=\"fusion-image-element \" style=\"--awb-caption-title-font-family:var(--h2_typography-font-family);--awb-caption-title-font-weight:var(--h2_typography-font-weight);--awb-caption-title-font-style:var(--h2_typography-font-style);--awb-caption-title-size:var(--h2_typography-font-size);--awb-caption-title-transform:var(--h2_typography-text-transform);--awb-caption-title-line-height:var(--h2_typography-line-height);--awb-caption-title-letter-spacing:var(--h2_typography-letter-spacing);\"><span class=\" fusion-imageframe imageframe-none imageframe-7 hover-type-none\" style=\"border:1px solid #a0a0a0;\"><img decoding=\"async\" width=\"1200\" height=\"439\" title=\"Luggage Ring\" src=\"https:\/\/itw-fasteners.com\/wp-content\/uploads\/2019\/02\/Luggage-Ring-1200x439.jpg\" alt class=\"img-responsive wp-image-18304\" srcset=\"https:\/\/www.itw-fasteners.com\/wp-content\/uploads\/2019\/02\/Luggage-Ring-200x73.jpg 200w, https:\/\/www.itw-fasteners.com\/wp-content\/uploads\/2019\/02\/Luggage-Ring-400x146.jpg 400w, https:\/\/www.itw-fasteners.com\/wp-content\/uploads\/2019\/02\/Luggage-Ring-600x220.jpg 600w, https:\/\/www.itw-fasteners.com\/wp-content\/uploads\/2019\/02\/Luggage-Ring-800x293.jpg 800w, https:\/\/www.itw-fasteners.com\/wp-content\/uploads\/2019\/02\/Luggage-Ring-1200x439.jpg 1200w, https:\/\/www.itw-fasteners.com\/wp-content\/uploads\/2019\/02\/Luggage-Ring.jpg 4964w\" sizes=\"(max-width: 1024px) 100vw, (max-width: 640px) 100vw, 1200px\" \/><\/span><\/div><\/div><\/div><\/div><\/div><div class=\"fusion-fullwidth fullwidth-box fusion-builder-row-3 fusion-flex-container nonhundred-percent-fullwidth non-hundred-percent-height-scrolling\" style=\"--awb-border-radius-top-left:0px;--awb-border-radius-top-right:0px;--awb-border-radius-bottom-right:0px;--awb-border-radius-bottom-left:0px;--awb-flex-wrap:wrap;\" ><div class=\"fusion-builder-row fusion-row fusion-flex-align-items-flex-start fusion-flex-content-wrap\" style=\"max-width:1144px;margin-left: calc(-4% \/ 2 );margin-right: calc(-4% \/ 2 );\"><div class=\"fusion-layout-column fusion_builder_column fusion-builder-column-2 fusion_builder_column_1_1 1_1 fusion-flex-column\" style=\"--awb-bg-size:cover;--awb-width-large:100%;--awb-margin-top-large:0px;--awb-spacing-right-large:1.92%;--awb-margin-bottom-large:20px;--awb-spacing-left-large:1.92%;--awb-width-medium:100%;--awb-spacing-right-medium:1.92%;--awb-spacing-left-medium:1.92%;--awb-width-small:100%;--awb-spacing-right-small:1.92%;--awb-spacing-left-small:1.92%;\"><div class=\"fusion-column-wrapper fusion-flex-justify-content-flex-start fusion-content-layout-column\"><\/div><\/div><\/div><\/div><\/p>\n","protected":false},"excerpt":{"rendered":"","protected":false},"author":3,"featured_media":0,"parent":0,"menu_order":0,"comment_status":"closed","ping_status":"closed","template":"","meta":{"footnotes":""},"class_list":["post-18261","page","type-page","status-publish","hentry"],"yoast_head":"<!-- This site is optimized with the Yoast SEO plugin v27.3 - https:\/\/yoast.com\/product\/yoast-seo-wordpress\/ -->\n<title>Int\u00e9rieur - ITW<\/title>\n<meta name=\"robots\" content=\"index, follow, max-snippet:-1, max-image-preview:large, max-video-preview:-1\" \/>\n<link rel=\"canonical\" href=\"https:\/\/www.itw-fasteners.com\/fr\/interieur\/\" \/>\n<meta property=\"og:locale\" content=\"fr_FR\" \/>\n<meta property=\"og:type\" content=\"article\" \/>\n<meta property=\"og:title\" content=\"Int\u00e9rieur - ITW\" \/>\n<meta property=\"og:url\" content=\"https:\/\/www.itw-fasteners.com\/fr\/interieur\/\" \/>\n<meta property=\"og:site_name\" content=\"ITW\" \/>\n<meta property=\"article:modified_time\" content=\"2022-12-21T15:15:27+00:00\" \/>\n<meta name=\"twitter:card\" content=\"summary_large_image\" \/>\n<meta name=\"twitter:label1\" content=\"Dur\u00e9e de lecture estim\u00e9e\" \/>\n\t<meta name=\"twitter:data1\" content=\"6 minutes\" \/>\n<script type=\"application\/ld+json\" class=\"yoast-schema-graph\">{\"@context\":\"https:\\\/\\\/schema.org\",\"@graph\":[{\"@type\":\"WebPage\",\"@id\":\"https:\\\/\\\/www.itw-fasteners.com\\\/fr\\\/interieur\\\/\",\"url\":\"https:\\\/\\\/www.itw-fasteners.com\\\/fr\\\/interieur\\\/\",\"name\":\"Int\u00e9rieur - ITW\",\"isPartOf\":{\"@id\":\"https:\\\/\\\/www.itw-fasteners.com\\\/de\\\/#website\"},\"datePublished\":\"2019-01-14T14:46:42+00:00\",\"dateModified\":\"2022-12-21T15:15:27+00:00\",\"breadcrumb\":{\"@id\":\"https:\\\/\\\/www.itw-fasteners.com\\\/fr\\\/interieur\\\/#breadcrumb\"},\"inLanguage\":\"fr-FR\",\"potentialAction\":[{\"@type\":\"ReadAction\",\"target\":[\"https:\\\/\\\/www.itw-fasteners.com\\\/fr\\\/interieur\\\/\"]}]},{\"@type\":\"BreadcrumbList\",\"@id\":\"https:\\\/\\\/www.itw-fasteners.com\\\/fr\\\/interieur\\\/#breadcrumb\",\"itemListElement\":[{\"@type\":\"ListItem\",\"position\":1,\"name\":\"Home\",\"item\":\"https:\\\/\\\/www.itw-fasteners.com\\\/fr\\\/\"},{\"@type\":\"ListItem\",\"position\":2,\"name\":\"Int\u00e9rieur\"}]},{\"@type\":\"WebSite\",\"@id\":\"https:\\\/\\\/www.itw-fasteners.com\\\/de\\\/#website\",\"url\":\"https:\\\/\\\/www.itw-fasteners.com\\\/de\\\/\",\"name\":\"ITW Fasteners\",\"description\":\"\",\"publisher\":{\"@id\":\"https:\\\/\\\/www.itw-fasteners.com\\\/de\\\/#organization\"},\"potentialAction\":[{\"@type\":\"SearchAction\",\"target\":{\"@type\":\"EntryPoint\",\"urlTemplate\":\"https:\\\/\\\/www.itw-fasteners.com\\\/de\\\/?s={search_term_string}\"},\"query-input\":{\"@type\":\"PropertyValueSpecification\",\"valueRequired\":true,\"valueName\":\"search_term_string\"}}],\"inLanguage\":\"fr-FR\"},{\"@type\":\"Organization\",\"@id\":\"https:\\\/\\\/www.itw-fasteners.com\\\/de\\\/#organization\",\"name\":\"ITW Fasteners\",\"url\":\"https:\\\/\\\/www.itw-fasteners.com\\\/de\\\/\",\"logo\":{\"@type\":\"ImageObject\",\"inLanguage\":\"fr-FR\",\"@id\":\"https:\\\/\\\/www.itw-fasteners.com\\\/de\\\/#\\\/schema\\\/logo\\\/image\\\/\",\"url\":\"https:\\\/\\\/www.itw-fasteners.com\\\/wp-content\\\/uploads\\\/2022\\\/06\\\/ITW_Logo_GF_Maroon_CMYK.png\",\"contentUrl\":\"https:\\\/\\\/www.itw-fasteners.com\\\/wp-content\\\/uploads\\\/2022\\\/06\\\/ITW_Logo_GF_Maroon_CMYK.png\",\"width\":2132,\"height\":1057,\"caption\":\"ITW Fasteners\"},\"image\":{\"@id\":\"https:\\\/\\\/www.itw-fasteners.com\\\/de\\\/#\\\/schema\\\/logo\\\/image\\\/\"}}]}<\/script>\n<!-- \/ Yoast SEO plugin. -->","yoast_head_json":{"title":"Int\u00e9rieur - ITW","robots":{"index":"index","follow":"follow","max-snippet":"max-snippet:-1","max-image-preview":"max-image-preview:large","max-video-preview":"max-video-preview:-1"},"canonical":"https:\/\/www.itw-fasteners.com\/fr\/interieur\/","og_locale":"fr_FR","og_type":"article","og_title":"Int\u00e9rieur - ITW","og_url":"https:\/\/www.itw-fasteners.com\/fr\/interieur\/","og_site_name":"ITW","article_modified_time":"2022-12-21T15:15:27+00:00","twitter_card":"summary_large_image","twitter_misc":{"Dur\u00e9e de lecture estim\u00e9e":"6 minutes"},"schema":{"@context":"https:\/\/schema.org","@graph":[{"@type":"WebPage","@id":"https:\/\/www.itw-fasteners.com\/fr\/interieur\/","url":"https:\/\/www.itw-fasteners.com\/fr\/interieur\/","name":"Int\u00e9rieur - ITW","isPartOf":{"@id":"https:\/\/www.itw-fasteners.com\/de\/#website"},"datePublished":"2019-01-14T14:46:42+00:00","dateModified":"2022-12-21T15:15:27+00:00","breadcrumb":{"@id":"https:\/\/www.itw-fasteners.com\/fr\/interieur\/#breadcrumb"},"inLanguage":"fr-FR","potentialAction":[{"@type":"ReadAction","target":["https:\/\/www.itw-fasteners.com\/fr\/interieur\/"]}]},{"@type":"BreadcrumbList","@id":"https:\/\/www.itw-fasteners.com\/fr\/interieur\/#breadcrumb","itemListElement":[{"@type":"ListItem","position":1,"name":"Home","item":"https:\/\/www.itw-fasteners.com\/fr\/"},{"@type":"ListItem","position":2,"name":"Int\u00e9rieur"}]},{"@type":"WebSite","@id":"https:\/\/www.itw-fasteners.com\/de\/#website","url":"https:\/\/www.itw-fasteners.com\/de\/","name":"ITW Fasteners","description":"","publisher":{"@id":"https:\/\/www.itw-fasteners.com\/de\/#organization"},"potentialAction":[{"@type":"SearchAction","target":{"@type":"EntryPoint","urlTemplate":"https:\/\/www.itw-fasteners.com\/de\/?s={search_term_string}"},"query-input":{"@type":"PropertyValueSpecification","valueRequired":true,"valueName":"search_term_string"}}],"inLanguage":"fr-FR"},{"@type":"Organization","@id":"https:\/\/www.itw-fasteners.com\/de\/#organization","name":"ITW Fasteners","url":"https:\/\/www.itw-fasteners.com\/de\/","logo":{"@type":"ImageObject","inLanguage":"fr-FR","@id":"https:\/\/www.itw-fasteners.com\/de\/#\/schema\/logo\/image\/","url":"https:\/\/www.itw-fasteners.com\/wp-content\/uploads\/2022\/06\/ITW_Logo_GF_Maroon_CMYK.png","contentUrl":"https:\/\/www.itw-fasteners.com\/wp-content\/uploads\/2022\/06\/ITW_Logo_GF_Maroon_CMYK.png","width":2132,"height":1057,"caption":"ITW Fasteners"},"image":{"@id":"https:\/\/www.itw-fasteners.com\/de\/#\/schema\/logo\/image\/"}}]}},"_links":{"self":[{"href":"https:\/\/www.itw-fasteners.com\/fr\/wp-json\/wp\/v2\/pages\/18261","targetHints":{"allow":["GET"]}}],"collection":[{"href":"https:\/\/www.itw-fasteners.com\/fr\/wp-json\/wp\/v2\/pages"}],"about":[{"href":"https:\/\/www.itw-fasteners.com\/fr\/wp-json\/wp\/v2\/types\/page"}],"author":[{"embeddable":true,"href":"https:\/\/www.itw-fasteners.com\/fr\/wp-json\/wp\/v2\/users\/3"}],"replies":[{"embeddable":true,"href":"https:\/\/www.itw-fasteners.com\/fr\/wp-json\/wp\/v2\/comments?post=18261"}],"version-history":[{"count":7,"href":"https:\/\/www.itw-fasteners.com\/fr\/wp-json\/wp\/v2\/pages\/18261\/revisions"}],"predecessor-version":[{"id":22423,"href":"https:\/\/www.itw-fasteners.com\/fr\/wp-json\/wp\/v2\/pages\/18261\/revisions\/22423"}],"wp:attachment":[{"href":"https:\/\/www.itw-fasteners.com\/fr\/wp-json\/wp\/v2\/media?parent=18261"}],"curies":[{"name":"wp","href":"https:\/\/api.w.org\/{rel}","templated":true}]}}