{"id":18336,"date":"2019-01-14T14:08:00","date_gmt":"2019-01-14T13:08:00","guid":{"rendered":"https:\/\/www.itw-fasteners.com\/jobapplication\/"},"modified":"2026-03-04T15:24:51","modified_gmt":"2026-03-04T14:24:51","slug":"nous-rejoindre","status":"publish","type":"page","link":"https:\/\/www.itw-fasteners.com\/fr\/nous-rejoindre\/","title":{"rendered":"Nous rejoindre"},"content":{"rendered":"<p><div class=\"fusion-fullwidth fullwidth-box fusion-builder-row-1 fusion-flex-container nonhundred-percent-fullwidth non-hundred-percent-height-scrolling\" style=\"--awb-border-radius-top-left:0px;--awb-border-radius-top-right:0px;--awb-border-radius-bottom-right:0px;--awb-border-radius-bottom-left:0px;--awb-flex-wrap:wrap;\" ><div class=\"fusion-builder-row fusion-row fusion-flex-align-items-flex-start fusion-flex-content-wrap\" style=\"max-width:1144px;margin-left: calc(-4% \/ 2 );margin-right: calc(-4% \/ 2 );\"><div class=\"fusion-layout-column fusion_builder_column fusion-builder-column-0 fusion_builder_column_1_2 1_2 fusion-flex-column\" style=\"--awb-bg-size:cover;--awb-width-large:50%;--awb-margin-top-large:0px;--awb-spacing-right-large:3.84%;--awb-margin-bottom-large:20px;--awb-spacing-left-large:3.84%;--awb-width-medium:100%;--awb-spacing-right-medium:1.92%;--awb-spacing-left-medium:1.92%;--awb-width-small:100%;--awb-spacing-right-small:1.92%;--awb-spacing-left-small:1.92%;\"><div class=\"fusion-column-wrapper fusion-flex-justify-content-flex-start fusion-content-layout-column\"><\/div><\/div><div class=\"fusion-layout-column fusion_builder_column fusion-builder-column-1 fusion_builder_column_1_1 1_1 fusion-flex-column\" style=\"--awb-bg-size:cover;--awb-width-large:100%;--awb-margin-top-large:0px;--awb-spacing-right-large:1.92%;--awb-margin-bottom-large:20px;--awb-spacing-left-large:1.92%;--awb-width-medium:100%;--awb-spacing-right-medium:1.92%;--awb-spacing-left-medium:1.92%;--awb-width-small:100%;--awb-spacing-right-small:1.92%;--awb-spacing-left-small:1.92%;\"><div class=\"fusion-column-wrapper fusion-flex-justify-content-flex-start fusion-content-layout-column\"><div class=\"fusion-text fusion-text-1\" style=\"--awb-text-transform:none;\"><h1>Avons-nous \u00e9veill\u00e9 votre int\u00e9r\u00eat\u00a0?<\/h1>\n<h3>Alors envoyez-nous votre candidature (CV, lettre de motivation, derniers dipl\u00f4mes) \u00e0 l\u2019adresse\u00a0:<\/h3>\n<div id=\"c163\">\n<div class=\"csc-text\">\n<h3><\/h3>\n<\/div>\n<\/div>\n<div id=\"c237\">\n<div class=\"csc-text\">\n<h4><\/h4>\n<\/div>\n<\/div>\n<\/div><div class=\"fusion-separator fusion-full-width-sep\" style=\"align-self: center;margin-left: auto;margin-right: auto;margin-top:20px;margin-bottom:20px;width:100%;\"><div class=\"fusion-separator-border sep-double\" style=\"--awb-height:20px;--awb-amount:20px;--awb-sep-color:#ffffff;border-color:#ffffff;border-top-width:1px;border-bottom-width:1px;\"><\/div><\/div><\/div><\/div><div class=\"fusion-layout-column fusion_builder_column fusion-builder-column-2 fusion_builder_column_1_2 1_2 fusion-flex-column\" style=\"--awb-bg-size:cover;--awb-width-large:50%;--awb-margin-top-large:0px;--awb-spacing-right-large:3.84%;--awb-margin-bottom-large:20px;--awb-spacing-left-large:3.84%;--awb-width-medium:100%;--awb-spacing-right-medium:1.92%;--awb-spacing-left-medium:1.92%;--awb-width-small:100%;--awb-spacing-right-small:1.92%;--awb-spacing-left-small:1.92%;\"><div class=\"fusion-column-wrapper fusion-flex-justify-content-flex-start fusion-content-layout-column\"><div class=\"fusion-text fusion-text-2\"><h3><strong>Location Enkenbach-Alsenborn:<\/strong><\/h3>\n<h3>ITW Fastener Products GmbH<br \/>\nThomas Hahn \/ HR<br \/>\nAm Pulverh\u00e4uschen 7<br \/>\n67677 Enkenbach-Alsenborn<\/h3>\n<h3>Tel.: +49 (0) 6303\/805-308<\/h3>\n<h3>Email: ENK.bewerbungen@itwautomotive.com<\/h3>\n<\/div><div class=\"fusion-separator fusion-full-width-sep\" style=\"align-self: center;margin-left: auto;margin-right: auto;margin-top:30px;margin-bottom:30px;width:100%;\"><div class=\"fusion-separator-border sep-double\" style=\"--awb-height:20px;--awb-amount:20px;border-color:#e0dede;border-top-width:1px;border-bottom-width:1px;\"><\/div><\/div><div class=\"fusion-text fusion-text-3\"><h3><strong>Location Creglingen:<\/strong><\/h3>\n<h3>ITW Fastener Products GmbH<br \/>\nBettina Schuster \/ HR<br \/>\nH\u00f6rle 5<br \/>\n97993 Creglingen<br \/>\nGermany<\/h3>\n<h3>Tel.: +49 (0) 7933\/977-117<\/h3>\n<h3>Email: EUGA.bewerber@itwautomotive.com<\/h3>\n<\/div><div class=\"fusion-separator fusion-full-width-sep\" style=\"align-self: center;margin-left: auto;margin-right: auto;margin-top:30px;margin-bottom:30px;width:100%;\"><div class=\"fusion-separator-border sep-double\" style=\"--awb-height:20px;--awb-amount:20px;border-color:#e0dede;border-top-width:1px;border-bottom-width:1px;\"><\/div><\/div><div class=\"fusion-text fusion-text-4\" style=\"--awb-text-transform:none;\"><h3><strong>Location Les Franqueses:<\/strong><\/h3>\n<h3>ITW Espa\u00f1a S.L.U.<br \/>\nGloria Cuadro \/ HR<br \/>\nCtra. de Ribes Km 31.7<br \/>\n08520 Les Franqueses del Vall\u00e8s (BCN)<br \/>\nSpain<\/h3>\n<h3>Email: gloria.cuadro<span data-teams=\"true\">@itwautomotive.com<\/span><\/h3>\n<\/div><\/div><\/div><div class=\"fusion-layout-column fusion_builder_column fusion-builder-column-3 fusion_builder_column_1_2 1_2 fusion-flex-column\" style=\"--awb-bg-size:cover;--awb-width-large:50%;--awb-margin-top-large:0px;--awb-spacing-right-large:3.84%;--awb-margin-bottom-large:20px;--awb-spacing-left-large:3.84%;--awb-width-medium:100%;--awb-spacing-right-medium:1.92%;--awb-spacing-left-medium:1.92%;--awb-width-small:100%;--awb-spacing-right-small:1.92%;--awb-spacing-left-small:1.92%;\"><div class=\"fusion-column-wrapper fusion-flex-justify-content-flex-start fusion-content-layout-column\"><div class=\"fusion-separator fusion-full-width-sep\" style=\"align-self: center;margin-left: auto;margin-right: auto;margin-top:10px;margin-bottom:30px;width:100%;\"><\/div><div class=\"fusion-text fusion-text-5\"><p><img decoding=\"async\" class=\"aligncenter size-full wp-image-13615\" src=\"https:\/\/itw-fasteners.com\/wp-content\/uploads\/2018\/06\/ENKENBACH.jpg\" alt=\"\" width=\"900\" height=\"450\" srcset=\"https:\/\/www.itw-fasteners.com\/wp-content\/uploads\/2018\/06\/ENKENBACH-200x100.jpg 200w, https:\/\/www.itw-fasteners.com\/wp-content\/uploads\/2018\/06\/ENKENBACH-300x150.jpg 300w, https:\/\/www.itw-fasteners.com\/wp-content\/uploads\/2018\/06\/ENKENBACH-400x200.jpg 400w, https:\/\/www.itw-fasteners.com\/wp-content\/uploads\/2018\/06\/ENKENBACH-600x300.jpg 600w, https:\/\/www.itw-fasteners.com\/wp-content\/uploads\/2018\/06\/ENKENBACH-768x384.jpg 768w, https:\/\/www.itw-fasteners.com\/wp-content\/uploads\/2018\/06\/ENKENBACH-800x400.jpg 800w, https:\/\/www.itw-fasteners.com\/wp-content\/uploads\/2018\/06\/ENKENBACH.jpg 900w\" sizes=\"(max-width: 900px) 100vw, 900px\" \/><\/p>\n<\/div><div class=\"fusion-separator fusion-full-width-sep\" style=\"align-self: center;margin-left: auto;margin-right: auto;margin-top:60px;margin-bottom:30px;width:100%;\"><\/div><div class=\"fusion-text fusion-text-6\"><p><img decoding=\"async\" class=\"aligncenter size-full wp-image-13591\" src=\"https:\/\/itw-fasteners.com\/wp-content\/uploads\/2018\/06\/Creglingen1.jpg\" alt=\"\" width=\"900\" height=\"450\" srcset=\"https:\/\/www.itw-fasteners.com\/wp-content\/uploads\/2018\/06\/Creglingen1-200x100.jpg 200w, https:\/\/www.itw-fasteners.com\/wp-content\/uploads\/2018\/06\/Creglingen1-300x150.jpg 300w, https:\/\/www.itw-fasteners.com\/wp-content\/uploads\/2018\/06\/Creglingen1-400x200.jpg 400w, https:\/\/www.itw-fasteners.com\/wp-content\/uploads\/2018\/06\/Creglingen1-600x300.jpg 600w, https:\/\/www.itw-fasteners.com\/wp-content\/uploads\/2018\/06\/Creglingen1-768x384.jpg 768w, https:\/\/www.itw-fasteners.com\/wp-content\/uploads\/2018\/06\/Creglingen1-800x400.jpg 800w, https:\/\/www.itw-fasteners.com\/wp-content\/uploads\/2018\/06\/Creglingen1.jpg 900w\" sizes=\"(max-width: 900px) 100vw, 900px\" \/><\/p>\n<\/div><div class=\"fusion-separator fusion-full-width-sep\" style=\"align-self: center;margin-left: auto;margin-right: auto;margin-top:75px;margin-bottom:30px;width:100%;\"><\/div><div class=\"fusion-text fusion-text-7\" style=\"--awb-text-transform:none;\"><p><img decoding=\"async\" class=\"alignnone wp-image-13664 size-full\" src=\"https:\/\/www.itw-fasteners.com\/wp-content\/uploads\/2018\/06\/Les-Franqueses.jpg\" alt=\"\" width=\"900\" height=\"450\" srcset=\"https:\/\/www.itw-fasteners.com\/wp-content\/uploads\/2018\/06\/Les-Franqueses-200x100.jpg 200w, https:\/\/www.itw-fasteners.com\/wp-content\/uploads\/2018\/06\/Les-Franqueses-300x150.jpg 300w, https:\/\/www.itw-fasteners.com\/wp-content\/uploads\/2018\/06\/Les-Franqueses.jpg 381w\" sizes=\"(max-width: 900px) 100vw, 900px\" \/><\/p>\n<\/div><\/div><\/div><div class=\"fusion-layout-column fusion_builder_column fusion-builder-column-4 fusion_builder_column_1_1 1_1 fusion-flex-column\" style=\"--awb-bg-size:cover;--awb-width-large:100%;--awb-margin-top-large:0px;--awb-spacing-right-large:1.92%;--awb-margin-bottom-large:20px;--awb-spacing-left-large:1.92%;--awb-width-medium:100%;--awb-spacing-right-medium:1.92%;--awb-spacing-left-medium:1.92%;--awb-width-small:100%;--awb-spacing-right-small:1.92%;--awb-spacing-left-small:1.92%;\"><div class=\"fusion-column-wrapper fusion-flex-justify-content-flex-start fusion-content-layout-column\"><div class=\"fusion-separator fusion-full-width-sep\" style=\"align-self: center;margin-left: auto;margin-right: auto;margin-top:20px;margin-bottom:20px;width:100%;\"><div class=\"fusion-separator-border sep-double\" style=\"--awb-height:20px;--awb-amount:20px;border-color:#e0dede;border-top-width:1px;border-bottom-width:1px;\"><\/div><\/div><div class=\"fusion-text fusion-text-8\"><h4>Please note <a class=\"internal-link\" title=\"Opens internal link in current window\" href=\"https:\/\/www.itw-fasteners.com\/fr\/privacy-statement-for-job-applicants\/\" target=\"_blank\" rel=\"noopener\">&#8211;&gt;Privacy statement for job applicants<\/a>!<\/h4>\n<\/div><\/div><\/div><\/div><\/div><div class=\"fusion-fullwidth fullwidth-box fusion-builder-row-2 fusion-flex-container nonhundred-percent-fullwidth non-hundred-percent-height-scrolling\" style=\"--awb-border-radius-top-left:0px;--awb-border-radius-top-right:0px;--awb-border-radius-bottom-right:0px;--awb-border-radius-bottom-left:0px;--awb-background-color:#e2e2e2;--awb-flex-wrap:wrap;\" ><div class=\"fusion-builder-row fusion-row fusion-flex-align-items-flex-start fusion-flex-content-wrap\" style=\"max-width:1144px;margin-left: calc(-4% \/ 2 );margin-right: calc(-4% \/ 2 );\"><div class=\"fusion-layout-column fusion_builder_column fusion-builder-column-5 fusion_builder_column_1_1 1_1 fusion-flex-column\" style=\"--awb-bg-size:cover;--awb-width-large:100%;--awb-margin-top-large:0px;--awb-spacing-right-large:1.92%;--awb-margin-bottom-large:20px;--awb-spacing-left-large:1.92%;--awb-width-medium:100%;--awb-spacing-right-medium:1.92%;--awb-spacing-left-medium:1.92%;--awb-width-small:100%;--awb-spacing-right-small:1.92%;--awb-spacing-left-small:1.92%;\"><div class=\"fusion-column-wrapper fusion-flex-justify-content-flex-start fusion-content-layout-column\"><div class=\"fusion-separator fusion-full-width-sep\" style=\"align-self: center;margin-left: auto;margin-right: auto;margin-top:40px;width:100%;\"><div class=\"fusion-separator-border sep-double\" style=\"--awb-height:20px;--awb-amount:20px;border-color:#e0dede;border-top-width:1px;border-bottom-width:1px;\"><\/div><\/div><div class=\"fusion-text fusion-text-9\"><p><img decoding=\"async\" class=\"size-1200 wp-image-14664\" src=\"https:\/\/itw-fasteners.com\/wp-content\/uploads\/2018\/11\/panthermedia_B21186915_4200x2800-1200x800.jpg\" alt=\"\" width=\"1200\" height=\"800\" srcset=\"https:\/\/www.itw-fasteners.com\/wp-content\/uploads\/2018\/11\/panthermedia_B21186915_4200x2800-200x133.jpg 200w, https:\/\/www.itw-fasteners.com\/wp-content\/uploads\/2018\/11\/panthermedia_B21186915_4200x2800-300x200.jpg 300w, https:\/\/www.itw-fasteners.com\/wp-content\/uploads\/2018\/11\/panthermedia_B21186915_4200x2800-400x267.jpg 400w, https:\/\/www.itw-fasteners.com\/wp-content\/uploads\/2018\/11\/panthermedia_B21186915_4200x2800-600x400.jpg 600w, https:\/\/www.itw-fasteners.com\/wp-content\/uploads\/2018\/11\/panthermedia_B21186915_4200x2800-768x512.jpg 768w, https:\/\/www.itw-fasteners.com\/wp-content\/uploads\/2018\/11\/panthermedia_B21186915_4200x2800-800x533.jpg 800w, https:\/\/www.itw-fasteners.com\/wp-content\/uploads\/2018\/11\/panthermedia_B21186915_4200x2800-1024x683.jpg 1024w, https:\/\/www.itw-fasteners.com\/wp-content\/uploads\/2018\/11\/panthermedia_B21186915_4200x2800-1200x800.jpg 1200w, https:\/\/www.itw-fasteners.com\/wp-content\/uploads\/2018\/11\/panthermedia_B21186915_4200x2800.jpg 4200w\" sizes=\"(max-width: 1200px) 100vw, 1200px\" \/><\/p>\n<\/div><\/div><\/div><\/div><\/div><\/p>\n","protected":false},"excerpt":{"rendered":"","protected":false},"author":1,"featured_media":0,"parent":0,"menu_order":0,"comment_status":"closed","ping_status":"closed","template":"100-width.php","meta":{"footnotes":""},"class_list":["post-18336","page","type-page","status-publish","hentry"],"yoast_head":"<!-- This site is optimized with the Yoast SEO plugin v27.3 - https:\/\/yoast.com\/product\/yoast-seo-wordpress\/ -->\n<title>Nous rejoindre - ITW<\/title>\n<meta name=\"robots\" content=\"index, follow, max-snippet:-1, max-image-preview:large, max-video-preview:-1\" \/>\n<link rel=\"canonical\" href=\"https:\/\/www.itw-fasteners.com\/fr\/nous-rejoindre\/\" \/>\n<meta property=\"og:locale\" content=\"fr_FR\" \/>\n<meta property=\"og:type\" content=\"article\" \/>\n<meta property=\"og:title\" content=\"Nous rejoindre - ITW\" \/>\n<meta property=\"og:url\" content=\"https:\/\/www.itw-fasteners.com\/fr\/nous-rejoindre\/\" \/>\n<meta property=\"og:site_name\" content=\"ITW\" \/>\n<meta property=\"article:modified_time\" content=\"2026-03-04T14:24:51+00:00\" \/>\n<meta property=\"og:image\" content=\"https:\/\/www.itw-fasteners.com\/wp-content\/uploads\/2018\/06\/ENKENBACH.jpg\" \/>\n\t<meta property=\"og:image:width\" content=\"900\" \/>\n\t<meta property=\"og:image:height\" content=\"450\" \/>\n\t<meta property=\"og:image:type\" content=\"image\/jpeg\" \/>\n<meta name=\"twitter:card\" content=\"summary_large_image\" \/>\n<meta name=\"twitter:label1\" content=\"Dur\u00e9e de lecture estim\u00e9e\" \/>\n\t<meta name=\"twitter:data1\" content=\"2 minutes\" \/>\n<script type=\"application\/ld+json\" class=\"yoast-schema-graph\">{\"@context\":\"https:\\\/\\\/schema.org\",\"@graph\":[{\"@type\":\"WebPage\",\"@id\":\"https:\\\/\\\/www.itw-fasteners.com\\\/fr\\\/nous-rejoindre\\\/\",\"url\":\"https:\\\/\\\/www.itw-fasteners.com\\\/fr\\\/nous-rejoindre\\\/\",\"name\":\"Nous rejoindre - ITW\",\"isPartOf\":{\"@id\":\"https:\\\/\\\/www.itw-fasteners.com\\\/de\\\/#website\"},\"primaryImageOfPage\":{\"@id\":\"https:\\\/\\\/www.itw-fasteners.com\\\/fr\\\/nous-rejoindre\\\/#primaryimage\"},\"image\":{\"@id\":\"https:\\\/\\\/www.itw-fasteners.com\\\/fr\\\/nous-rejoindre\\\/#primaryimage\"},\"thumbnailUrl\":\"https:\\\/\\\/itw-fasteners.com\\\/wp-content\\\/uploads\\\/2018\\\/06\\\/ENKENBACH.jpg\",\"datePublished\":\"2019-01-14T13:08:00+00:00\",\"dateModified\":\"2026-03-04T14:24:51+00:00\",\"breadcrumb\":{\"@id\":\"https:\\\/\\\/www.itw-fasteners.com\\\/fr\\\/nous-rejoindre\\\/#breadcrumb\"},\"inLanguage\":\"fr-FR\",\"potentialAction\":[{\"@type\":\"ReadAction\",\"target\":[\"https:\\\/\\\/www.itw-fasteners.com\\\/fr\\\/nous-rejoindre\\\/\"]}]},{\"@type\":\"ImageObject\",\"inLanguage\":\"fr-FR\",\"@id\":\"https:\\\/\\\/www.itw-fasteners.com\\\/fr\\\/nous-rejoindre\\\/#primaryimage\",\"url\":\"https:\\\/\\\/itw-fasteners.com\\\/wp-content\\\/uploads\\\/2018\\\/06\\\/ENKENBACH.jpg\",\"contentUrl\":\"https:\\\/\\\/itw-fasteners.com\\\/wp-content\\\/uploads\\\/2018\\\/06\\\/ENKENBACH.jpg\"},{\"@type\":\"BreadcrumbList\",\"@id\":\"https:\\\/\\\/www.itw-fasteners.com\\\/fr\\\/nous-rejoindre\\\/#breadcrumb\",\"itemListElement\":[{\"@type\":\"ListItem\",\"position\":1,\"name\":\"Home\",\"item\":\"https:\\\/\\\/www.itw-fasteners.com\\\/fr\\\/\"},{\"@type\":\"ListItem\",\"position\":2,\"name\":\"Nous rejoindre\"}]},{\"@type\":\"WebSite\",\"@id\":\"https:\\\/\\\/www.itw-fasteners.com\\\/de\\\/#website\",\"url\":\"https:\\\/\\\/www.itw-fasteners.com\\\/de\\\/\",\"name\":\"ITW Fasteners\",\"description\":\"\",\"publisher\":{\"@id\":\"https:\\\/\\\/www.itw-fasteners.com\\\/de\\\/#organization\"},\"potentialAction\":[{\"@type\":\"SearchAction\",\"target\":{\"@type\":\"EntryPoint\",\"urlTemplate\":\"https:\\\/\\\/www.itw-fasteners.com\\\/de\\\/?s={search_term_string}\"},\"query-input\":{\"@type\":\"PropertyValueSpecification\",\"valueRequired\":true,\"valueName\":\"search_term_string\"}}],\"inLanguage\":\"fr-FR\"},{\"@type\":\"Organization\",\"@id\":\"https:\\\/\\\/www.itw-fasteners.com\\\/de\\\/#organization\",\"name\":\"ITW Fasteners\",\"url\":\"https:\\\/\\\/www.itw-fasteners.com\\\/de\\\/\",\"logo\":{\"@type\":\"ImageObject\",\"inLanguage\":\"fr-FR\",\"@id\":\"https:\\\/\\\/www.itw-fasteners.com\\\/de\\\/#\\\/schema\\\/logo\\\/image\\\/\",\"url\":\"https:\\\/\\\/www.itw-fasteners.com\\\/wp-content\\\/uploads\\\/2022\\\/06\\\/ITW_Logo_GF_Maroon_CMYK.png\",\"contentUrl\":\"https:\\\/\\\/www.itw-fasteners.com\\\/wp-content\\\/uploads\\\/2022\\\/06\\\/ITW_Logo_GF_Maroon_CMYK.png\",\"width\":2132,\"height\":1057,\"caption\":\"ITW Fasteners\"},\"image\":{\"@id\":\"https:\\\/\\\/www.itw-fasteners.com\\\/de\\\/#\\\/schema\\\/logo\\\/image\\\/\"}}]}<\/script>\n<!-- \/ Yoast SEO plugin. -->","yoast_head_json":{"title":"Nous rejoindre - ITW","robots":{"index":"index","follow":"follow","max-snippet":"max-snippet:-1","max-image-preview":"max-image-preview:large","max-video-preview":"max-video-preview:-1"},"canonical":"https:\/\/www.itw-fasteners.com\/fr\/nous-rejoindre\/","og_locale":"fr_FR","og_type":"article","og_title":"Nous rejoindre - ITW","og_url":"https:\/\/www.itw-fasteners.com\/fr\/nous-rejoindre\/","og_site_name":"ITW","article_modified_time":"2026-03-04T14:24:51+00:00","og_image":[{"width":900,"height":450,"url":"https:\/\/www.itw-fasteners.com\/wp-content\/uploads\/2018\/06\/ENKENBACH.jpg","type":"image\/jpeg"}],"twitter_card":"summary_large_image","twitter_misc":{"Dur\u00e9e de lecture estim\u00e9e":"2 minutes"},"schema":{"@context":"https:\/\/schema.org","@graph":[{"@type":"WebPage","@id":"https:\/\/www.itw-fasteners.com\/fr\/nous-rejoindre\/","url":"https:\/\/www.itw-fasteners.com\/fr\/nous-rejoindre\/","name":"Nous rejoindre - ITW","isPartOf":{"@id":"https:\/\/www.itw-fasteners.com\/de\/#website"},"primaryImageOfPage":{"@id":"https:\/\/www.itw-fasteners.com\/fr\/nous-rejoindre\/#primaryimage"},"image":{"@id":"https:\/\/www.itw-fasteners.com\/fr\/nous-rejoindre\/#primaryimage"},"thumbnailUrl":"https:\/\/itw-fasteners.com\/wp-content\/uploads\/2018\/06\/ENKENBACH.jpg","datePublished":"2019-01-14T13:08:00+00:00","dateModified":"2026-03-04T14:24:51+00:00","breadcrumb":{"@id":"https:\/\/www.itw-fasteners.com\/fr\/nous-rejoindre\/#breadcrumb"},"inLanguage":"fr-FR","potentialAction":[{"@type":"ReadAction","target":["https:\/\/www.itw-fasteners.com\/fr\/nous-rejoindre\/"]}]},{"@type":"ImageObject","inLanguage":"fr-FR","@id":"https:\/\/www.itw-fasteners.com\/fr\/nous-rejoindre\/#primaryimage","url":"https:\/\/itw-fasteners.com\/wp-content\/uploads\/2018\/06\/ENKENBACH.jpg","contentUrl":"https:\/\/itw-fasteners.com\/wp-content\/uploads\/2018\/06\/ENKENBACH.jpg"},{"@type":"BreadcrumbList","@id":"https:\/\/www.itw-fasteners.com\/fr\/nous-rejoindre\/#breadcrumb","itemListElement":[{"@type":"ListItem","position":1,"name":"Home","item":"https:\/\/www.itw-fasteners.com\/fr\/"},{"@type":"ListItem","position":2,"name":"Nous rejoindre"}]},{"@type":"WebSite","@id":"https:\/\/www.itw-fasteners.com\/de\/#website","url":"https:\/\/www.itw-fasteners.com\/de\/","name":"ITW Fasteners","description":"","publisher":{"@id":"https:\/\/www.itw-fasteners.com\/de\/#organization"},"potentialAction":[{"@type":"SearchAction","target":{"@type":"EntryPoint","urlTemplate":"https:\/\/www.itw-fasteners.com\/de\/?s={search_term_string}"},"query-input":{"@type":"PropertyValueSpecification","valueRequired":true,"valueName":"search_term_string"}}],"inLanguage":"fr-FR"},{"@type":"Organization","@id":"https:\/\/www.itw-fasteners.com\/de\/#organization","name":"ITW Fasteners","url":"https:\/\/www.itw-fasteners.com\/de\/","logo":{"@type":"ImageObject","inLanguage":"fr-FR","@id":"https:\/\/www.itw-fasteners.com\/de\/#\/schema\/logo\/image\/","url":"https:\/\/www.itw-fasteners.com\/wp-content\/uploads\/2022\/06\/ITW_Logo_GF_Maroon_CMYK.png","contentUrl":"https:\/\/www.itw-fasteners.com\/wp-content\/uploads\/2022\/06\/ITW_Logo_GF_Maroon_CMYK.png","width":2132,"height":1057,"caption":"ITW Fasteners"},"image":{"@id":"https:\/\/www.itw-fasteners.com\/de\/#\/schema\/logo\/image\/"}}]}},"_links":{"self":[{"href":"https:\/\/www.itw-fasteners.com\/fr\/wp-json\/wp\/v2\/pages\/18336","targetHints":{"allow":["GET"]}}],"collection":[{"href":"https:\/\/www.itw-fasteners.com\/fr\/wp-json\/wp\/v2\/pages"}],"about":[{"href":"https:\/\/www.itw-fasteners.com\/fr\/wp-json\/wp\/v2\/types\/page"}],"author":[{"embeddable":true,"href":"https:\/\/www.itw-fasteners.com\/fr\/wp-json\/wp\/v2\/users\/1"}],"replies":[{"embeddable":true,"href":"https:\/\/www.itw-fasteners.com\/fr\/wp-json\/wp\/v2\/comments?post=18336"}],"version-history":[{"count":9,"href":"https:\/\/www.itw-fasteners.com\/fr\/wp-json\/wp\/v2\/pages\/18336\/revisions"}],"predecessor-version":[{"id":27551,"href":"https:\/\/www.itw-fasteners.com\/fr\/wp-json\/wp\/v2\/pages\/18336\/revisions\/27551"}],"wp:attachment":[{"href":"https:\/\/www.itw-fasteners.com\/fr\/wp-json\/wp\/v2\/media?parent=18336"}],"curies":[{"name":"wp","href":"https:\/\/api.w.org\/{rel}","templated":true}]}}