{"id":20696,"date":"2019-01-14T15:06:17","date_gmt":"2019-01-14T14:06:17","guid":{"rendered":"https:\/\/www.itw-fasteners.com\/certifications\/"},"modified":"2025-05-06T08:13:27","modified_gmt":"2025-05-06T06:13:27","slug":"certifications","status":"publish","type":"page","link":"https:\/\/www.itw-fasteners.com\/it\/certifications\/","title":{"rendered":"Certificazioni"},"content":{"rendered":"<p><div class=\"fusion-fullwidth fullwidth-box fusion-builder-row-1 nonhundred-percent-fullwidth non-hundred-percent-height-scrolling\" style=\"--awb-border-radius-top-left:0px;--awb-border-radius-top-right:0px;--awb-border-radius-bottom-right:0px;--awb-border-radius-bottom-left:0px;--awb-flex-wrap:wrap;\" ><div class=\"fusion-builder-row fusion-row\"><div class=\"fusion-layout-column fusion_builder_column fusion-builder-column-0 fusion_builder_column_1_1 1_1 fusion-one-full fusion-column-first fusion-column-last\" style=\"--awb-bg-size:cover;\"><div class=\"fusion-column-wrapper fusion-flex-column-wrapper-legacy\"><div class=\"fusion-text fusion-text-1\" style=\"--awb-text-transform:none;\"><h1>La fiducia \u00e8 una buona cosa. La certificazione \u00e8 meglio.<\/h1>\n<h3>L&#8217;eccellente qualit\u00e0 dei nostri prodotti \u00e8 uno dei pilastri pi\u00f9 importanti del nostro successo. Ci\u00f2 \u00e8 garantito dal nostro sistema di gestione della qualit\u00e0 che \u00e8 costantemente certificato in tutto il mondo.<\/h3>\n<h3><a href=\"https:\/\/www.itw-fasteners.com\/wp-content\/uploads\/2025\/04\/Politica-qualita-ambiente-energia-e-sicurezza-2024.pdf\" target=\"_blank\" rel=\"noopener noreferrer\">&gt; Politica qualit\u00e0, ambiente, energia e sicurezza &#8211; Hone (PDF)<\/a><\/h3>\n<p><span style=\"color: #ffffff;\">***<\/span><\/p>\n<h1>IATF 16949<\/h1>\n<h2>GESTIONE DELLA QUALIT\u00c0<\/h2>\n<h3>Nell&#8217;interesse di una partnership continua con i nostri clienti, lavoriamo all&#8217;ottimizzazione continua dei nostri processi. Questo fa s\u00ec che dalla nostra azienda escano solo soluzioni e prodotti di prima classe.<\/h3>\n<h3><a href=\"https:\/\/www.itw-fasteners.com\/wp-content\/uploads\/2025\/02\/CERT-IATF-7710-ENG-2024-03-27.pdf\" target=\"_blank\" rel=\"noopener noreferrer\">&gt; Certificazione IATF 16949 &#8211; Hone (PDF)<\/a><\/h3>\n<h3><a href=\"https:\/\/www.itw-fasteners.com\/wp-content\/uploads\/2025\/02\/CERT-ISO9001-7710-ENG-2024-03-27.pdf\" target=\"_blank\" rel=\"noopener noreferrer\">&gt; Certificazione ISO 9001 &#8211; Hone (PDF)<\/a><span style=\"color: #ffffff;\">**<\/span><\/h3>\n<h3><span style=\"color: #ffffff;\">***<\/span><\/h3>\n<h1>ISO 45001<\/h1>\n<h2>GESTIONE DELLA SALUTE E DELLA SICUREZZA SUL LAVORO<\/h2>\n<h3>Condizioni di lavoro sicure e sane per i nostri dipendenti sono di grande importanza alla ITW.<br \/>\nI sistemi di gestione certificati secondo ISO 45001 ne costituiscono la base.<\/h3>\n<h3><a href=\"https:\/\/www.itw-fasteners.com\/wp-content\/uploads\/2025\/05\/CERT_ohsas-45001nr_1081_scade_20280515.pdf\" target=\"_blank\" rel=\"noopener noreferrer\">&gt; Certificazione ISO 45001 &#8211; Hone (PDF)<\/a><\/h3>\n<\/div><div class=\"fusion-text fusion-text-2\" style=\"--awb-text-transform:none;\"><h1>ISO 14001<\/h1>\n<h2>GESTIONE AMBIENTALE<\/h2>\n<h3><a href=\"https:\/\/www.itw-fasteners.com\/wp-content\/uploads\/2025\/05\/CERT_ISO14001_nr_2581__scade_20280515.pdf\" target=\"_blank\" rel=\"noopener noreferrer\">&gt; Certificazione ISO 14001 &#8211; Hone (PDF)<\/a><\/h3>\n<h1>ISO 50001<\/h1>\n<h2>GESTIONE DELL&#8217;ENERGIA<\/h2>\n<h1><\/h1>\n<h3>La sostenibilit\u00e0 \u00e8 un processo dinamico sempre pi\u00f9 importante che inizia con lo sviluppo dei nostri prodotti.<br \/>\nPrendiamo molto sul serio la nostra responsabilit\u00e0 nei confronti dell&#8217;ambiente.<br \/>\nLe certificazioni ISO 14001 e ISO 50001 ci dimostrano che siamo sulla strada giusta.<\/h3>\n<h3><a href=\"https:\/\/www.itw-fasteners.com\/wp-content\/uploads\/2025\/04\/certificato-50001-scade-feb-2028.pdf\" target=\"_blank\" rel=\"noopener noreferrer\">&gt; Certificazione ISO 50001 &#8211; Hone (PDF)<\/a><\/h3>\n<h2><\/h2>\n<\/div><div class=\"fusion-image-element in-legacy-container\" style=\"--awb-caption-title-font-family:var(--h2_typography-font-family);--awb-caption-title-font-weight:var(--h2_typography-font-weight);--awb-caption-title-font-style:var(--h2_typography-font-style);--awb-caption-title-size:var(--h2_typography-font-size);--awb-caption-title-transform:var(--h2_typography-text-transform);--awb-caption-title-line-height:var(--h2_typography-line-height);--awb-caption-title-letter-spacing:var(--h2_typography-letter-spacing);\"><span class=\" fusion-imageframe imageframe-none imageframe-1 hover-type-none\"><img decoding=\"async\" width=\"800\" height=\"572\" title=\"panthermedia_Nachhaltigkeit\" src=\"https:\/\/itw-fasteners.com\/wp-content\/uploads\/2018\/07\/panthermedia_Nachhaltigkeit-800x572.jpg\" alt class=\"img-responsive wp-image-19454\" srcset=\"https:\/\/www.itw-fasteners.com\/wp-content\/uploads\/2018\/07\/panthermedia_Nachhaltigkeit-200x143.jpg 200w, https:\/\/www.itw-fasteners.com\/wp-content\/uploads\/2018\/07\/panthermedia_Nachhaltigkeit-400x286.jpg 400w, https:\/\/www.itw-fasteners.com\/wp-content\/uploads\/2018\/07\/panthermedia_Nachhaltigkeit-600x429.jpg 600w, https:\/\/www.itw-fasteners.com\/wp-content\/uploads\/2018\/07\/panthermedia_Nachhaltigkeit-800x572.jpg 800w, https:\/\/www.itw-fasteners.com\/wp-content\/uploads\/2018\/07\/panthermedia_Nachhaltigkeit-1200x858.jpg 1200w, https:\/\/www.itw-fasteners.com\/wp-content\/uploads\/2018\/07\/panthermedia_Nachhaltigkeit.jpg 3508w\" sizes=\"(max-width: 800px) 100vw, 1200px\" \/><\/span><\/div><div class=\"fusion-clearfix\"><\/div><\/div><\/div><\/div><\/div><div class=\"fusion-fullwidth fullwidth-box fusion-builder-row-2 nonhundred-percent-fullwidth non-hundred-percent-height-scrolling\" style=\"--awb-border-radius-top-left:0px;--awb-border-radius-top-right:0px;--awb-border-radius-bottom-right:0px;--awb-border-radius-bottom-left:0px;--awb-background-color:#e0e0e0;--awb-flex-wrap:wrap;\" ><div class=\"fusion-builder-row fusion-row\"><div class=\"fusion-layout-column fusion_builder_column fusion-builder-column-1 fusion_builder_column_1_2 1_2 fusion-one-half fusion-column-first\" style=\"--awb-bg-size:cover;width:50%;width:calc(50% - ( ( 4% ) * 0.5 ) );margin-right: 4%;\"><div class=\"fusion-column-wrapper fusion-flex-column-wrapper-legacy\"><div class=\"fusion-sep-clear\"><\/div><div class=\"fusion-separator fusion-full-width-sep\" style=\"margin-left: auto;margin-right: auto;margin-top:40px;margin-bottom:40px;width:100%;\"><\/div><div class=\"fusion-sep-clear\"><\/div><div class=\"fusion-text fusion-text-3\" style=\"--awb-text-transform:none;\"><h2>SCARICA<\/h2>\n<\/div><div class=\"fusion-text fusion-text-4\"><h3><a href=\"https:\/\/www.itw-fasteners.com\/\/wp-content\/uploads\/2021\/04\/HSSE_Policy_ENK_EN_2020.pdf\" target=\"_blank\" rel=\"noopener noreferrer\">&gt; HSSE Policy ITW Enkenbach (PDF)<\/a><\/h3>\n<h3><a href=\"https:\/\/www.itw-fasteners.com\/\/wp-content\/uploads\/2023\/07\/MC03_ENG_Politica-de-Gestion-Integrada_LFR.pdf\" target=\"_blank\" rel=\"noopener noreferrer\">&gt; Integrated Management Policy &#8211; ITW Spain (PDF)<\/a><\/h3>\n<\/div><div class=\"fusion-sep-clear\"><\/div><div class=\"fusion-separator fusion-full-width-sep\" style=\"margin-left: auto;margin-right: auto;margin-top:40px;margin-bottom:40px;width:100%;\"><\/div><div class=\"fusion-sep-clear\"><\/div><div class=\"fusion-clearfix\"><\/div><\/div><\/div><div class=\"fusion-layout-column fusion_builder_column fusion-builder-column-2 fusion_builder_column_1_2 1_2 fusion-one-half fusion-column-last\" style=\"--awb-bg-size:cover;width:50%;width:calc(50% - ( ( 4% ) * 0.5 ) );\"><div class=\"fusion-column-wrapper fusion-flex-column-wrapper-legacy\"><div class=\"fusion-sep-clear\"><\/div><div class=\"fusion-separator fusion-full-width-sep\" style=\"margin-left: auto;margin-right: auto;margin-top:40px;margin-bottom:40px;width:100%;\"><\/div><div class=\"fusion-sep-clear\"><\/div><div class=\"fusion-text fusion-text-5\"><p>&#8230;<\/p>\n<\/div><div class=\"fusion-text fusion-text-6\"><h3><a href=\"https:\/\/www.itw-fasteners.com\/wp-content\/uploads\/2019\/10\/Safety-Policy.pdf\" target=\"_blank\" rel=\"noopener noreferrer\">&gt; Safety Policy ITW (PDF)<\/a><\/h3>\n<h3><a href=\"https:\/\/www.itw-fasteners.com\/wp-content\/uploads\/2019\/10\/Environment_Sustainability-Policy.pdf\" target=\"_blank\" rel=\"noopener noreferrer\">&gt; Environmental &amp; Sustainability Policy ITW (PDF)<\/a><\/h3>\n<\/div><div class=\"fusion-sep-clear\"><\/div><div class=\"fusion-separator fusion-full-width-sep\" style=\"margin-left: auto;margin-right: auto;margin-top:40px;margin-bottom:40px;width:100%;\"><\/div><div class=\"fusion-sep-clear\"><\/div><div class=\"fusion-clearfix\"><\/div><\/div><\/div><\/div><\/div><\/p>\n","protected":false},"excerpt":{"rendered":"","protected":false},"author":3,"featured_media":0,"parent":0,"menu_order":0,"comment_status":"closed","ping_status":"closed","template":"100-width.php","meta":{"footnotes":""},"class_list":["post-20696","page","type-page","status-publish","hentry"],"yoast_head":"<!-- This site is optimized with the Yoast SEO plugin v27.3 - https:\/\/yoast.com\/product\/yoast-seo-wordpress\/ -->\n<title>Certificazioni - ITW<\/title>\n<meta name=\"robots\" content=\"index, follow, max-snippet:-1, max-image-preview:large, max-video-preview:-1\" \/>\n<link rel=\"canonical\" href=\"https:\/\/www.itw-fasteners.com\/it\/certifications\/\" \/>\n<meta property=\"og:locale\" content=\"it_IT\" \/>\n<meta property=\"og:type\" content=\"article\" \/>\n<meta property=\"og:title\" content=\"Certificazioni - ITW\" \/>\n<meta property=\"og:url\" content=\"https:\/\/www.itw-fasteners.com\/it\/certifications\/\" \/>\n<meta property=\"og:site_name\" content=\"ITW\" \/>\n<meta property=\"article:modified_time\" content=\"2025-05-06T06:13:27+00:00\" \/>\n<meta name=\"twitter:card\" content=\"summary_large_image\" \/>\n<meta name=\"twitter:label1\" content=\"Tempo di lettura stimato\" \/>\n\t<meta name=\"twitter:data1\" content=\"2 minuti\" \/>\n<script type=\"application\/ld+json\" class=\"yoast-schema-graph\">{\"@context\":\"https:\\\/\\\/schema.org\",\"@graph\":[{\"@type\":\"WebPage\",\"@id\":\"https:\\\/\\\/www.itw-fasteners.com\\\/it\\\/certifications\\\/\",\"url\":\"https:\\\/\\\/www.itw-fasteners.com\\\/it\\\/certifications\\\/\",\"name\":\"Certificazioni - ITW\",\"isPartOf\":{\"@id\":\"https:\\\/\\\/www.itw-fasteners.com\\\/de\\\/#website\"},\"datePublished\":\"2019-01-14T14:06:17+00:00\",\"dateModified\":\"2025-05-06T06:13:27+00:00\",\"breadcrumb\":{\"@id\":\"https:\\\/\\\/www.itw-fasteners.com\\\/it\\\/certifications\\\/#breadcrumb\"},\"inLanguage\":\"it-IT\",\"potentialAction\":[{\"@type\":\"ReadAction\",\"target\":[\"https:\\\/\\\/www.itw-fasteners.com\\\/it\\\/certifications\\\/\"]}]},{\"@type\":\"BreadcrumbList\",\"@id\":\"https:\\\/\\\/www.itw-fasteners.com\\\/it\\\/certifications\\\/#breadcrumb\",\"itemListElement\":[{\"@type\":\"ListItem\",\"position\":1,\"name\":\"Home\",\"item\":\"https:\\\/\\\/www.itw-fasteners.com\\\/it\\\/\"},{\"@type\":\"ListItem\",\"position\":2,\"name\":\"Certificazioni\"}]},{\"@type\":\"WebSite\",\"@id\":\"https:\\\/\\\/www.itw-fasteners.com\\\/de\\\/#website\",\"url\":\"https:\\\/\\\/www.itw-fasteners.com\\\/de\\\/\",\"name\":\"ITW Fasteners\",\"description\":\"\",\"publisher\":{\"@id\":\"https:\\\/\\\/www.itw-fasteners.com\\\/de\\\/#organization\"},\"potentialAction\":[{\"@type\":\"SearchAction\",\"target\":{\"@type\":\"EntryPoint\",\"urlTemplate\":\"https:\\\/\\\/www.itw-fasteners.com\\\/de\\\/?s={search_term_string}\"},\"query-input\":{\"@type\":\"PropertyValueSpecification\",\"valueRequired\":true,\"valueName\":\"search_term_string\"}}],\"inLanguage\":\"it-IT\"},{\"@type\":\"Organization\",\"@id\":\"https:\\\/\\\/www.itw-fasteners.com\\\/de\\\/#organization\",\"name\":\"ITW Fasteners\",\"url\":\"https:\\\/\\\/www.itw-fasteners.com\\\/de\\\/\",\"logo\":{\"@type\":\"ImageObject\",\"inLanguage\":\"it-IT\",\"@id\":\"https:\\\/\\\/www.itw-fasteners.com\\\/de\\\/#\\\/schema\\\/logo\\\/image\\\/\",\"url\":\"https:\\\/\\\/www.itw-fasteners.com\\\/wp-content\\\/uploads\\\/2022\\\/06\\\/ITW_Logo_GF_Maroon_CMYK.png\",\"contentUrl\":\"https:\\\/\\\/www.itw-fasteners.com\\\/wp-content\\\/uploads\\\/2022\\\/06\\\/ITW_Logo_GF_Maroon_CMYK.png\",\"width\":2132,\"height\":1057,\"caption\":\"ITW Fasteners\"},\"image\":{\"@id\":\"https:\\\/\\\/www.itw-fasteners.com\\\/de\\\/#\\\/schema\\\/logo\\\/image\\\/\"}}]}<\/script>\n<!-- \/ Yoast SEO plugin. -->","yoast_head_json":{"title":"Certificazioni - ITW","robots":{"index":"index","follow":"follow","max-snippet":"max-snippet:-1","max-image-preview":"max-image-preview:large","max-video-preview":"max-video-preview:-1"},"canonical":"https:\/\/www.itw-fasteners.com\/it\/certifications\/","og_locale":"it_IT","og_type":"article","og_title":"Certificazioni - ITW","og_url":"https:\/\/www.itw-fasteners.com\/it\/certifications\/","og_site_name":"ITW","article_modified_time":"2025-05-06T06:13:27+00:00","twitter_card":"summary_large_image","twitter_misc":{"Tempo di lettura stimato":"2 minuti"},"schema":{"@context":"https:\/\/schema.org","@graph":[{"@type":"WebPage","@id":"https:\/\/www.itw-fasteners.com\/it\/certifications\/","url":"https:\/\/www.itw-fasteners.com\/it\/certifications\/","name":"Certificazioni - ITW","isPartOf":{"@id":"https:\/\/www.itw-fasteners.com\/de\/#website"},"datePublished":"2019-01-14T14:06:17+00:00","dateModified":"2025-05-06T06:13:27+00:00","breadcrumb":{"@id":"https:\/\/www.itw-fasteners.com\/it\/certifications\/#breadcrumb"},"inLanguage":"it-IT","potentialAction":[{"@type":"ReadAction","target":["https:\/\/www.itw-fasteners.com\/it\/certifications\/"]}]},{"@type":"BreadcrumbList","@id":"https:\/\/www.itw-fasteners.com\/it\/certifications\/#breadcrumb","itemListElement":[{"@type":"ListItem","position":1,"name":"Home","item":"https:\/\/www.itw-fasteners.com\/it\/"},{"@type":"ListItem","position":2,"name":"Certificazioni"}]},{"@type":"WebSite","@id":"https:\/\/www.itw-fasteners.com\/de\/#website","url":"https:\/\/www.itw-fasteners.com\/de\/","name":"ITW Fasteners","description":"","publisher":{"@id":"https:\/\/www.itw-fasteners.com\/de\/#organization"},"potentialAction":[{"@type":"SearchAction","target":{"@type":"EntryPoint","urlTemplate":"https:\/\/www.itw-fasteners.com\/de\/?s={search_term_string}"},"query-input":{"@type":"PropertyValueSpecification","valueRequired":true,"valueName":"search_term_string"}}],"inLanguage":"it-IT"},{"@type":"Organization","@id":"https:\/\/www.itw-fasteners.com\/de\/#organization","name":"ITW Fasteners","url":"https:\/\/www.itw-fasteners.com\/de\/","logo":{"@type":"ImageObject","inLanguage":"it-IT","@id":"https:\/\/www.itw-fasteners.com\/de\/#\/schema\/logo\/image\/","url":"https:\/\/www.itw-fasteners.com\/wp-content\/uploads\/2022\/06\/ITW_Logo_GF_Maroon_CMYK.png","contentUrl":"https:\/\/www.itw-fasteners.com\/wp-content\/uploads\/2022\/06\/ITW_Logo_GF_Maroon_CMYK.png","width":2132,"height":1057,"caption":"ITW Fasteners"},"image":{"@id":"https:\/\/www.itw-fasteners.com\/de\/#\/schema\/logo\/image\/"}}]}},"_links":{"self":[{"href":"https:\/\/www.itw-fasteners.com\/it\/wp-json\/wp\/v2\/pages\/20696","targetHints":{"allow":["GET"]}}],"collection":[{"href":"https:\/\/www.itw-fasteners.com\/it\/wp-json\/wp\/v2\/pages"}],"about":[{"href":"https:\/\/www.itw-fasteners.com\/it\/wp-json\/wp\/v2\/types\/page"}],"author":[{"embeddable":true,"href":"https:\/\/www.itw-fasteners.com\/it\/wp-json\/wp\/v2\/users\/3"}],"replies":[{"embeddable":true,"href":"https:\/\/www.itw-fasteners.com\/it\/wp-json\/wp\/v2\/comments?post=20696"}],"version-history":[{"count":15,"href":"https:\/\/www.itw-fasteners.com\/it\/wp-json\/wp\/v2\/pages\/20696\/revisions"}],"predecessor-version":[{"id":27194,"href":"https:\/\/www.itw-fasteners.com\/it\/wp-json\/wp\/v2\/pages\/20696\/revisions\/27194"}],"wp:attachment":[{"href":"https:\/\/www.itw-fasteners.com\/it\/wp-json\/wp\/v2\/media?parent=20696"}],"curies":[{"name":"wp","href":"https:\/\/api.w.org\/{rel}","templated":true}]}}